{"id":13658,"date":"2024-07-05T14:07:34","date_gmt":"2024-07-05T17:07:34","guid":{"rendered":"https:\/\/ponteseditores.com.br\/loja3\/?post_type=product&#038;p=13658"},"modified":"2024-07-05T14:07:34","modified_gmt":"2024-07-05T17:07:34","slug":"discurso-sociedade-reflexoes-emergentes-em-tempos-de-crise","status":"publish","type":"product","link":"https:\/\/ponteseditores.com.br\/loja3\/pontes-editores-home-2__trashed\/linguistica\/discurso-sociedade-reflexoes-emergentes-em-tempos-de-crise\/","title":{"rendered":"Discurso &#038; sociedade: reflex\u00f5es emergentes em tempos de crise"},"content":{"rendered":"<p>[&#8230;] quando o sujeito pol\u00edtico \u00e9 governado por um ambicioso c\u00ednico, o que ocorre com sua obedi\u00eancia? A partir do momento em que a condi\u00e7\u00e3o da rela\u00e7\u00e3o de subordina\u00e7\u00e3o (uma suposta superioridade moral, espiritual, intelectual reconhecida do dirigente pol\u00edtico) vai para os ares, estaria ele autorizado enfim a desobedecer e a se revoltar, a se tornar um insubordinado? A primeira rea\u00e7\u00e3o seria dizer: \u201cClaro que sim, um povo que se v\u00ea dirigido por um rei tir\u00e2nico, uma na\u00e7\u00e3o que \u00e9 presa de um governo corrupto, sujeitos pol\u00edticos representados por incompetentes que s\u00f3 calculam sua carreira, evidentemente veem-se justificados a desobedecer\u201d. Em sua <em>Suma teol\u00f3gic<\/em>a, Tom\u00e1s de Aquino escreve que [&#8230;] uma lei, quando \u00e9 injusta, perde o poder de nos obrigar [&#8230;].<\/p>\n<p>\u00c9 dessa maneira que se articula o <strong>direito de resist\u00eancia <\/strong>\u00e0s autoridades pol\u00edticas, reconhecido aos povos, quando as leis ignoram sua finalidade primeira: trabalhar para a utilidade de todos e construir a conc\u00f3rdia (Gros, 2018, p. 71-72, grifo nosso).<\/p>\n","protected":false},"excerpt":{"rendered":"<p>[&#8230;] quando o sujeito pol\u00edtico \u00e9 governado por um ambicioso c\u00ednico, o que ocorre com sua obedi\u00eancia? A partir do momento em que a condi\u00e7\u00e3o da rela\u00e7\u00e3o de subordina\u00e7\u00e3o (uma suposta superioridade moral, espiritual, intelectual reconhecida do dirigente pol\u00edtico) vai para os ares, estaria ele autorizado enfim a desobedecer e a se revoltar, a se [&hellip;]<\/p>\n","protected":false},"featured_media":13659,"comment_status":"open","ping_status":"closed","template":"","meta":{"_joinchat":[]},"product_brand":[],"product_cat":[301,167,31],"product_tag":[],"class_list":{"0":"post-13658","1":"product","2":"type-product","3":"status-publish","4":"has-post-thumbnail","6":"product_cat-analise-de-discurso","7":"product_cat-lancamento","8":"product_cat-linguistica","10":"first","11":"instock","12":"shipping-taxable","13":"purchasable","14":"product-type-simple"},"yoast_head":"<!-- This site is optimized with the Yoast SEO plugin v27.4 - https:\/\/yoast.com\/product\/yoast-seo-wordpress\/ -->\n<title>Discurso &amp; sociedade: reflex\u00f5es emergentes em tempos de crise - Pontes Editores<\/title>\n<meta name=\"robots\" content=\"index, follow, max-snippet:-1, max-image-preview:large, max-video-preview:-1\" \/>\n<link rel=\"canonical\" href=\"https:\/\/ponteseditores.com.br\/loja3\/pontes-editores-home-2__trashed\/linguistica\/discurso-sociedade-reflexoes-emergentes-em-tempos-de-crise\/\" \/>\n<meta property=\"og:locale\" content=\"pt_BR\" \/>\n<meta property=\"og:type\" content=\"article\" \/>\n<meta property=\"og:title\" content=\"Discurso &amp; sociedade: reflex\u00f5es emergentes em tempos de crise - Pontes Editores\" \/>\n<meta property=\"og:description\" content=\"[&#8230;] quando o sujeito pol\u00edtico \u00e9 governado por um ambicioso c\u00ednico, o que ocorre com sua obedi\u00eancia? A partir do momento em que a condi\u00e7\u00e3o da rela\u00e7\u00e3o de subordina\u00e7\u00e3o (uma suposta superioridade moral, espiritual, intelectual reconhecida do dirigente pol\u00edtico) vai para os ares, estaria ele autorizado enfim a desobedecer e a se revoltar, a se [&hellip;]\" \/>\n<meta property=\"og:url\" content=\"https:\/\/ponteseditores.com.br\/loja3\/pontes-editores-home-2__trashed\/linguistica\/discurso-sociedade-reflexoes-emergentes-em-tempos-de-crise\/\" \/>\n<meta property=\"og:site_name\" content=\"Pontes Editores\" \/>\n<meta property=\"og:image\" content=\"https:\/\/ponteseditores.com.br\/loja3\/wp-content\/uploads\/2024\/07\/Capa_Discurso_Sociedade.jpg\" \/>\n\t<meta property=\"og:image:width\" content=\"1728\" \/>\n\t<meta property=\"og:image:height\" content=\"2443\" \/>\n\t<meta property=\"og:image:type\" content=\"image\/jpeg\" \/>\n<meta name=\"twitter:card\" content=\"summary_large_image\" \/>\n<meta name=\"twitter:label1\" content=\"Est. tempo de leitura\" \/>\n\t<meta name=\"twitter:data1\" content=\"2 minutos\" \/>\n<script type=\"application\/ld+json\" class=\"yoast-schema-graph\">{\"@context\":\"https:\\\/\\\/schema.org\",\"@graph\":[{\"@type\":\"WebPage\",\"@id\":\"https:\\\/\\\/ponteseditores.com.br\\\/loja3\\\/pontes-editores-home-2__trashed\\\/linguistica\\\/discurso-sociedade-reflexoes-emergentes-em-tempos-de-crise\\\/\",\"url\":\"https:\\\/\\\/ponteseditores.com.br\\\/loja3\\\/pontes-editores-home-2__trashed\\\/linguistica\\\/discurso-sociedade-reflexoes-emergentes-em-tempos-de-crise\\\/\",\"name\":\"Discurso & sociedade: reflex\u00f5es emergentes em tempos de crise - Pontes Editores\",\"isPartOf\":{\"@id\":\"https:\\\/\\\/ponteseditores.com.br\\\/loja3\\\/#website\"},\"primaryImageOfPage\":{\"@id\":\"https:\\\/\\\/ponteseditores.com.br\\\/loja3\\\/pontes-editores-home-2__trashed\\\/linguistica\\\/discurso-sociedade-reflexoes-emergentes-em-tempos-de-crise\\\/#primaryimage\"},\"image\":{\"@id\":\"https:\\\/\\\/ponteseditores.com.br\\\/loja3\\\/pontes-editores-home-2__trashed\\\/linguistica\\\/discurso-sociedade-reflexoes-emergentes-em-tempos-de-crise\\\/#primaryimage\"},\"thumbnailUrl\":\"https:\\\/\\\/ponteseditores.com.br\\\/loja3\\\/wp-content\\\/uploads\\\/2024\\\/07\\\/Capa_Discurso_Sociedade.jpg\",\"datePublished\":\"2024-07-05T17:07:34+00:00\",\"breadcrumb\":{\"@id\":\"https:\\\/\\\/ponteseditores.com.br\\\/loja3\\\/pontes-editores-home-2__trashed\\\/linguistica\\\/discurso-sociedade-reflexoes-emergentes-em-tempos-de-crise\\\/#breadcrumb\"},\"inLanguage\":\"pt-BR\",\"potentialAction\":[{\"@type\":\"ReadAction\",\"target\":[\"https:\\\/\\\/ponteseditores.com.br\\\/loja3\\\/pontes-editores-home-2__trashed\\\/linguistica\\\/discurso-sociedade-reflexoes-emergentes-em-tempos-de-crise\\\/\"]}]},{\"@type\":\"ImageObject\",\"inLanguage\":\"pt-BR\",\"@id\":\"https:\\\/\\\/ponteseditores.com.br\\\/loja3\\\/pontes-editores-home-2__trashed\\\/linguistica\\\/discurso-sociedade-reflexoes-emergentes-em-tempos-de-crise\\\/#primaryimage\",\"url\":\"https:\\\/\\\/ponteseditores.com.br\\\/loja3\\\/wp-content\\\/uploads\\\/2024\\\/07\\\/Capa_Discurso_Sociedade.jpg\",\"contentUrl\":\"https:\\\/\\\/ponteseditores.com.br\\\/loja3\\\/wp-content\\\/uploads\\\/2024\\\/07\\\/Capa_Discurso_Sociedade.jpg\",\"width\":1728,\"height\":2443},{\"@type\":\"BreadcrumbList\",\"@id\":\"https:\\\/\\\/ponteseditores.com.br\\\/loja3\\\/pontes-editores-home-2__trashed\\\/linguistica\\\/discurso-sociedade-reflexoes-emergentes-em-tempos-de-crise\\\/#breadcrumb\",\"itemListElement\":[{\"@type\":\"ListItem\",\"position\":1,\"name\":\"Home\",\"item\":\"https:\\\/\\\/ponteseditores.com.br\\\/loja3\\\/\"},{\"@type\":\"ListItem\",\"position\":2,\"name\":\"loja\",\"item\":\"https:\\\/\\\/ponteseditores.com.br\\\/loja3\\\/loja\\\/\"},{\"@type\":\"ListItem\",\"position\":3,\"name\":\"Discurso &#038; sociedade: reflex\u00f5es emergentes em tempos de crise\"}]},{\"@type\":\"WebSite\",\"@id\":\"https:\\\/\\\/ponteseditores.com.br\\\/loja3\\\/#website\",\"url\":\"https:\\\/\\\/ponteseditores.com.br\\\/loja3\\\/\",\"name\":\"Pontes Editores\",\"description\":\"Pontes Editores\",\"publisher\":{\"@id\":\"https:\\\/\\\/ponteseditores.com.br\\\/loja3\\\/#organization\"},\"potentialAction\":[{\"@type\":\"SearchAction\",\"target\":{\"@type\":\"EntryPoint\",\"urlTemplate\":\"https:\\\/\\\/ponteseditores.com.br\\\/loja3\\\/?s={search_term_string}\"},\"query-input\":{\"@type\":\"PropertyValueSpecification\",\"valueRequired\":true,\"valueName\":\"search_term_string\"}}],\"inLanguage\":\"pt-BR\"},{\"@type\":\"Organization\",\"@id\":\"https:\\\/\\\/ponteseditores.com.br\\\/loja3\\\/#organization\",\"name\":\"Pontes Editores\",\"url\":\"https:\\\/\\\/ponteseditores.com.br\\\/loja3\\\/\",\"logo\":{\"@type\":\"ImageObject\",\"inLanguage\":\"pt-BR\",\"@id\":\"https:\\\/\\\/ponteseditores.com.br\\\/loja3\\\/#\\\/schema\\\/logo\\\/image\\\/\",\"url\":\"https:\\\/\\\/ponteseditores.com.br\\\/loja3\\\/wp-content\\\/uploads\\\/2023\\\/12\\\/logo-pontes-editores-v2.png\",\"contentUrl\":\"https:\\\/\\\/ponteseditores.com.br\\\/loja3\\\/wp-content\\\/uploads\\\/2023\\\/12\\\/logo-pontes-editores-v2.png\",\"width\":258,\"height\":100,\"caption\":\"Pontes Editores\"},\"image\":{\"@id\":\"https:\\\/\\\/ponteseditores.com.br\\\/loja3\\\/#\\\/schema\\\/logo\\\/image\\\/\"}}]}<\/script>\n<!-- \/ Yoast SEO plugin. -->","yoast_head_json":{"title":"Discurso & sociedade: reflex\u00f5es emergentes em tempos de crise - Pontes Editores","robots":{"index":"index","follow":"follow","max-snippet":"max-snippet:-1","max-image-preview":"max-image-preview:large","max-video-preview":"max-video-preview:-1"},"canonical":"https:\/\/ponteseditores.com.br\/loja3\/pontes-editores-home-2__trashed\/linguistica\/discurso-sociedade-reflexoes-emergentes-em-tempos-de-crise\/","og_locale":"pt_BR","og_type":"article","og_title":"Discurso & sociedade: reflex\u00f5es emergentes em tempos de crise - Pontes Editores","og_description":"[&#8230;] quando o sujeito pol\u00edtico \u00e9 governado por um ambicioso c\u00ednico, o que ocorre com sua obedi\u00eancia? A partir do momento em que a condi\u00e7\u00e3o da rela\u00e7\u00e3o de subordina\u00e7\u00e3o (uma suposta superioridade moral, espiritual, intelectual reconhecida do dirigente pol\u00edtico) vai para os ares, estaria ele autorizado enfim a desobedecer e a se revoltar, a se [&hellip;]","og_url":"https:\/\/ponteseditores.com.br\/loja3\/pontes-editores-home-2__trashed\/linguistica\/discurso-sociedade-reflexoes-emergentes-em-tempos-de-crise\/","og_site_name":"Pontes Editores","og_image":[{"width":1728,"height":2443,"url":"https:\/\/ponteseditores.com.br\/loja3\/wp-content\/uploads\/2024\/07\/Capa_Discurso_Sociedade.jpg","type":"image\/jpeg"}],"twitter_card":"summary_large_image","twitter_misc":{"Est. tempo de leitura":"2 minutos"},"schema":{"@context":"https:\/\/schema.org","@graph":[{"@type":"WebPage","@id":"https:\/\/ponteseditores.com.br\/loja3\/pontes-editores-home-2__trashed\/linguistica\/discurso-sociedade-reflexoes-emergentes-em-tempos-de-crise\/","url":"https:\/\/ponteseditores.com.br\/loja3\/pontes-editores-home-2__trashed\/linguistica\/discurso-sociedade-reflexoes-emergentes-em-tempos-de-crise\/","name":"Discurso & sociedade: reflex\u00f5es emergentes em tempos de crise - Pontes Editores","isPartOf":{"@id":"https:\/\/ponteseditores.com.br\/loja3\/#website"},"primaryImageOfPage":{"@id":"https:\/\/ponteseditores.com.br\/loja3\/pontes-editores-home-2__trashed\/linguistica\/discurso-sociedade-reflexoes-emergentes-em-tempos-de-crise\/#primaryimage"},"image":{"@id":"https:\/\/ponteseditores.com.br\/loja3\/pontes-editores-home-2__trashed\/linguistica\/discurso-sociedade-reflexoes-emergentes-em-tempos-de-crise\/#primaryimage"},"thumbnailUrl":"https:\/\/ponteseditores.com.br\/loja3\/wp-content\/uploads\/2024\/07\/Capa_Discurso_Sociedade.jpg","datePublished":"2024-07-05T17:07:34+00:00","breadcrumb":{"@id":"https:\/\/ponteseditores.com.br\/loja3\/pontes-editores-home-2__trashed\/linguistica\/discurso-sociedade-reflexoes-emergentes-em-tempos-de-crise\/#breadcrumb"},"inLanguage":"pt-BR","potentialAction":[{"@type":"ReadAction","target":["https:\/\/ponteseditores.com.br\/loja3\/pontes-editores-home-2__trashed\/linguistica\/discurso-sociedade-reflexoes-emergentes-em-tempos-de-crise\/"]}]},{"@type":"ImageObject","inLanguage":"pt-BR","@id":"https:\/\/ponteseditores.com.br\/loja3\/pontes-editores-home-2__trashed\/linguistica\/discurso-sociedade-reflexoes-emergentes-em-tempos-de-crise\/#primaryimage","url":"https:\/\/ponteseditores.com.br\/loja3\/wp-content\/uploads\/2024\/07\/Capa_Discurso_Sociedade.jpg","contentUrl":"https:\/\/ponteseditores.com.br\/loja3\/wp-content\/uploads\/2024\/07\/Capa_Discurso_Sociedade.jpg","width":1728,"height":2443},{"@type":"BreadcrumbList","@id":"https:\/\/ponteseditores.com.br\/loja3\/pontes-editores-home-2__trashed\/linguistica\/discurso-sociedade-reflexoes-emergentes-em-tempos-de-crise\/#breadcrumb","itemListElement":[{"@type":"ListItem","position":1,"name":"Home","item":"https:\/\/ponteseditores.com.br\/loja3\/"},{"@type":"ListItem","position":2,"name":"loja","item":"https:\/\/ponteseditores.com.br\/loja3\/loja\/"},{"@type":"ListItem","position":3,"name":"Discurso &#038; sociedade: reflex\u00f5es emergentes em tempos de crise"}]},{"@type":"WebSite","@id":"https:\/\/ponteseditores.com.br\/loja3\/#website","url":"https:\/\/ponteseditores.com.br\/loja3\/","name":"Pontes Editores","description":"Pontes Editores","publisher":{"@id":"https:\/\/ponteseditores.com.br\/loja3\/#organization"},"potentialAction":[{"@type":"SearchAction","target":{"@type":"EntryPoint","urlTemplate":"https:\/\/ponteseditores.com.br\/loja3\/?s={search_term_string}"},"query-input":{"@type":"PropertyValueSpecification","valueRequired":true,"valueName":"search_term_string"}}],"inLanguage":"pt-BR"},{"@type":"Organization","@id":"https:\/\/ponteseditores.com.br\/loja3\/#organization","name":"Pontes Editores","url":"https:\/\/ponteseditores.com.br\/loja3\/","logo":{"@type":"ImageObject","inLanguage":"pt-BR","@id":"https:\/\/ponteseditores.com.br\/loja3\/#\/schema\/logo\/image\/","url":"https:\/\/ponteseditores.com.br\/loja3\/wp-content\/uploads\/2023\/12\/logo-pontes-editores-v2.png","contentUrl":"https:\/\/ponteseditores.com.br\/loja3\/wp-content\/uploads\/2023\/12\/logo-pontes-editores-v2.png","width":258,"height":100,"caption":"Pontes Editores"},"image":{"@id":"https:\/\/ponteseditores.com.br\/loja3\/#\/schema\/logo\/image\/"}}]}},"_links":{"self":[{"href":"https:\/\/ponteseditores.com.br\/loja3\/wp-json\/wp\/v2\/product\/13658","targetHints":{"allow":["GET"]}}],"collection":[{"href":"https:\/\/ponteseditores.com.br\/loja3\/wp-json\/wp\/v2\/product"}],"about":[{"href":"https:\/\/ponteseditores.com.br\/loja3\/wp-json\/wp\/v2\/types\/product"}],"replies":[{"embeddable":true,"href":"https:\/\/ponteseditores.com.br\/loja3\/wp-json\/wp\/v2\/comments?post=13658"}],"version-history":[{"count":0,"href":"https:\/\/ponteseditores.com.br\/loja3\/wp-json\/wp\/v2\/product\/13658\/revisions"}],"wp:featuredmedia":[{"embeddable":true,"href":"https:\/\/ponteseditores.com.br\/loja3\/wp-json\/wp\/v2\/media\/13659"}],"wp:attachment":[{"href":"https:\/\/ponteseditores.com.br\/loja3\/wp-json\/wp\/v2\/media?parent=13658"}],"wp:term":[{"taxonomy":"product_brand","embeddable":true,"href":"https:\/\/ponteseditores.com.br\/loja3\/wp-json\/wp\/v2\/product_brand?post=13658"},{"taxonomy":"product_cat","embeddable":true,"href":"https:\/\/ponteseditores.com.br\/loja3\/wp-json\/wp\/v2\/product_cat?post=13658"},{"taxonomy":"product_tag","embeddable":true,"href":"https:\/\/ponteseditores.com.br\/loja3\/wp-json\/wp\/v2\/product_tag?post=13658"}],"curies":[{"name":"wp","href":"https:\/\/api.w.org\/{rel}","templated":true}]}}