{"id":13652,"date":"2024-07-05T13:57:00","date_gmt":"2024-07-05T16:57:00","guid":{"rendered":"https:\/\/ponteseditores.com.br\/loja3\/?post_type=product&#038;p=13652"},"modified":"2024-07-05T13:57:00","modified_gmt":"2024-07-05T16:57:00","slug":"cartografia-sociocultural-cartografia-sociocultural-do-estado-de-mato-grosso-cultura-identidade-territorialidade-e-memoria-em-comunidades-indigenas-e-quilombolas","status":"publish","type":"product","link":"https:\/\/ponteseditores.com.br\/loja3\/pontes-editores-home-2__trashed\/linguistica\/cartografia-sociocultural-cartografia-sociocultural-do-estado-de-mato-grosso-cultura-identidade-territorialidade-e-memoria-em-comunidades-indigenas-e-quilombolas\/","title":{"rendered":"CARTOGRAFIA SOCIOCULTURAL  Cartografia sociocultural do Estado de Mato Grosso: Cultura, identidade, territorialidade e mem\u00f3ria em comunidades ind\u00edgenas e quilombolas"},"content":{"rendered":"<p>Este livro permeia pela rica diversidade sociocultural, lingu\u00edstica, educacional e ambiental do estado de Mato Grosso, distribu\u00edda pela extensa \u00e1rea geogr\u00e1fica. Essa diversidade distribui-se pela comunidade envolvente, aldeias ind\u00edgenas, comunidades quilombolas e ribeirinhas. A comunidade envolvente traz consigo especificidades regionais, constru\u00eddas a partir dos processos de coloniza\u00e7\u00e3o e povoamento, eclodindo diferen\u00e7as culturais distribu\u00eddas pelas regi\u00f5es geogr\u00e1ficas intermedi\u00e1rias de Barra do Gar\u00e7as, Cuiab\u00e1, C\u00e1ceres, Rondon\u00f3polis e Sinop (e n\u00e3o s\u00f3).<\/p>\n<p>Nesse contexto, os povos ind\u00edgenas, que se distribuem em etnias distintas, lutam pela sobreviv\u00eancia de suas culturas, assim como acontece com as comunidades quilombolas. As escolas criadas em muitas aldeias ind\u00edgenas e comunidades quilombolas permitem o desenvolvimento da educa\u00e7\u00e3o sistematizada, sem que esses grupos deixassem de trabalhar pelo fortalecimento de suas l\u00ednguas e culturas, agregando novos valores as suas pol\u00edticas de sobreviv\u00eancia, tais como: agricultura familiar, inser\u00e7\u00e3o no mercado de trabalho na comunidade envolvente, comercializa\u00e7\u00e3o de produtos artesanais e agr\u00edcolas, entre outros.<\/p>\n","protected":false},"excerpt":{"rendered":"<p>Este livro permeia pela rica diversidade sociocultural, lingu\u00edstica, educacional e ambiental do estado de Mato Grosso, distribu\u00edda pela extensa \u00e1rea geogr\u00e1fica. Essa diversidade distribui-se pela comunidade envolvente, aldeias ind\u00edgenas, comunidades quilombolas e ribeirinhas. A comunidade envolvente traz consigo especificidades regionais, constru\u00eddas a partir dos processos de coloniza\u00e7\u00e3o e povoamento, eclodindo diferen\u00e7as culturais distribu\u00eddas pelas regi\u00f5es [&hellip;]<\/p>\n","protected":false},"featured_media":13653,"comment_status":"open","ping_status":"closed","template":"","meta":{"_joinchat":[]},"product_brand":[],"product_cat":[167,31],"product_tag":[],"class_list":{"0":"post-13652","1":"product","2":"type-product","3":"status-publish","4":"has-post-thumbnail","6":"product_cat-lancamento","7":"product_cat-linguistica","9":"first","10":"instock","11":"shipping-taxable","12":"purchasable","13":"product-type-simple"},"yoast_head":"<!-- This site is optimized with the Yoast SEO plugin v27.4 - https:\/\/yoast.com\/product\/yoast-seo-wordpress\/ -->\n<title>CARTOGRAFIA SOCIOCULTURAL Cartografia sociocultural do Estado de Mato Grosso: Cultura, identidade, territorialidade e mem\u00f3ria em comunidades ind\u00edgenas e quilombolas - Pontes Editores<\/title>\n<meta name=\"robots\" content=\"index, follow, max-snippet:-1, max-image-preview:large, max-video-preview:-1\" \/>\n<link rel=\"canonical\" href=\"https:\/\/ponteseditores.com.br\/loja3\/pontes-editores-home-2__trashed\/linguistica\/cartografia-sociocultural-cartografia-sociocultural-do-estado-de-mato-grosso-cultura-identidade-territorialidade-e-memoria-em-comunidades-indigenas-e-quilombolas\/\" \/>\n<meta property=\"og:locale\" content=\"pt_BR\" \/>\n<meta property=\"og:type\" content=\"article\" \/>\n<meta property=\"og:title\" content=\"CARTOGRAFIA SOCIOCULTURAL Cartografia sociocultural do Estado de Mato Grosso: Cultura, identidade, territorialidade e mem\u00f3ria em comunidades ind\u00edgenas e quilombolas - Pontes Editores\" \/>\n<meta property=\"og:description\" content=\"Este livro permeia pela rica diversidade sociocultural, lingu\u00edstica, educacional e ambiental do estado de Mato Grosso, distribu\u00edda pela extensa \u00e1rea geogr\u00e1fica. Essa diversidade distribui-se pela comunidade envolvente, aldeias ind\u00edgenas, comunidades quilombolas e ribeirinhas. A comunidade envolvente traz consigo especificidades regionais, constru\u00eddas a partir dos processos de coloniza\u00e7\u00e3o e povoamento, eclodindo diferen\u00e7as culturais distribu\u00eddas pelas regi\u00f5es [&hellip;]\" \/>\n<meta property=\"og:url\" content=\"https:\/\/ponteseditores.com.br\/loja3\/pontes-editores-home-2__trashed\/linguistica\/cartografia-sociocultural-cartografia-sociocultural-do-estado-de-mato-grosso-cultura-identidade-territorialidade-e-memoria-em-comunidades-indigenas-e-quilombolas\/\" \/>\n<meta property=\"og:site_name\" content=\"Pontes Editores\" \/>\n<meta property=\"og:image\" content=\"https:\/\/ponteseditores.com.br\/loja3\/wp-content\/uploads\/2024\/07\/Capa_Cartografia.jpg\" \/>\n\t<meta property=\"og:image:width\" content=\"1728\" \/>\n\t<meta property=\"og:image:height\" content=\"2443\" \/>\n\t<meta property=\"og:image:type\" content=\"image\/jpeg\" \/>\n<meta name=\"twitter:card\" content=\"summary_large_image\" \/>\n<meta name=\"twitter:label1\" content=\"Est. tempo de leitura\" \/>\n\t<meta name=\"twitter:data1\" content=\"1 minuto\" \/>\n<script type=\"application\/ld+json\" class=\"yoast-schema-graph\">{\"@context\":\"https:\\\/\\\/schema.org\",\"@graph\":[{\"@type\":\"WebPage\",\"@id\":\"https:\\\/\\\/ponteseditores.com.br\\\/loja3\\\/pontes-editores-home-2__trashed\\\/linguistica\\\/cartografia-sociocultural-cartografia-sociocultural-do-estado-de-mato-grosso-cultura-identidade-territorialidade-e-memoria-em-comunidades-indigenas-e-quilombolas\\\/\",\"url\":\"https:\\\/\\\/ponteseditores.com.br\\\/loja3\\\/pontes-editores-home-2__trashed\\\/linguistica\\\/cartografia-sociocultural-cartografia-sociocultural-do-estado-de-mato-grosso-cultura-identidade-territorialidade-e-memoria-em-comunidades-indigenas-e-quilombolas\\\/\",\"name\":\"CARTOGRAFIA SOCIOCULTURAL Cartografia sociocultural do Estado de Mato Grosso: Cultura, identidade, territorialidade e mem\u00f3ria em comunidades ind\u00edgenas e quilombolas - Pontes Editores\",\"isPartOf\":{\"@id\":\"https:\\\/\\\/ponteseditores.com.br\\\/loja3\\\/#website\"},\"primaryImageOfPage\":{\"@id\":\"https:\\\/\\\/ponteseditores.com.br\\\/loja3\\\/pontes-editores-home-2__trashed\\\/linguistica\\\/cartografia-sociocultural-cartografia-sociocultural-do-estado-de-mato-grosso-cultura-identidade-territorialidade-e-memoria-em-comunidades-indigenas-e-quilombolas\\\/#primaryimage\"},\"image\":{\"@id\":\"https:\\\/\\\/ponteseditores.com.br\\\/loja3\\\/pontes-editores-home-2__trashed\\\/linguistica\\\/cartografia-sociocultural-cartografia-sociocultural-do-estado-de-mato-grosso-cultura-identidade-territorialidade-e-memoria-em-comunidades-indigenas-e-quilombolas\\\/#primaryimage\"},\"thumbnailUrl\":\"https:\\\/\\\/ponteseditores.com.br\\\/loja3\\\/wp-content\\\/uploads\\\/2024\\\/07\\\/Capa_Cartografia.jpg\",\"datePublished\":\"2024-07-05T16:57:00+00:00\",\"breadcrumb\":{\"@id\":\"https:\\\/\\\/ponteseditores.com.br\\\/loja3\\\/pontes-editores-home-2__trashed\\\/linguistica\\\/cartografia-sociocultural-cartografia-sociocultural-do-estado-de-mato-grosso-cultura-identidade-territorialidade-e-memoria-em-comunidades-indigenas-e-quilombolas\\\/#breadcrumb\"},\"inLanguage\":\"pt-BR\",\"potentialAction\":[{\"@type\":\"ReadAction\",\"target\":[\"https:\\\/\\\/ponteseditores.com.br\\\/loja3\\\/pontes-editores-home-2__trashed\\\/linguistica\\\/cartografia-sociocultural-cartografia-sociocultural-do-estado-de-mato-grosso-cultura-identidade-territorialidade-e-memoria-em-comunidades-indigenas-e-quilombolas\\\/\"]}]},{\"@type\":\"ImageObject\",\"inLanguage\":\"pt-BR\",\"@id\":\"https:\\\/\\\/ponteseditores.com.br\\\/loja3\\\/pontes-editores-home-2__trashed\\\/linguistica\\\/cartografia-sociocultural-cartografia-sociocultural-do-estado-de-mato-grosso-cultura-identidade-territorialidade-e-memoria-em-comunidades-indigenas-e-quilombolas\\\/#primaryimage\",\"url\":\"https:\\\/\\\/ponteseditores.com.br\\\/loja3\\\/wp-content\\\/uploads\\\/2024\\\/07\\\/Capa_Cartografia.jpg\",\"contentUrl\":\"https:\\\/\\\/ponteseditores.com.br\\\/loja3\\\/wp-content\\\/uploads\\\/2024\\\/07\\\/Capa_Cartografia.jpg\",\"width\":1728,\"height\":2443},{\"@type\":\"BreadcrumbList\",\"@id\":\"https:\\\/\\\/ponteseditores.com.br\\\/loja3\\\/pontes-editores-home-2__trashed\\\/linguistica\\\/cartografia-sociocultural-cartografia-sociocultural-do-estado-de-mato-grosso-cultura-identidade-territorialidade-e-memoria-em-comunidades-indigenas-e-quilombolas\\\/#breadcrumb\",\"itemListElement\":[{\"@type\":\"ListItem\",\"position\":1,\"name\":\"Home\",\"item\":\"https:\\\/\\\/ponteseditores.com.br\\\/loja3\\\/\"},{\"@type\":\"ListItem\",\"position\":2,\"name\":\"loja\",\"item\":\"https:\\\/\\\/ponteseditores.com.br\\\/loja3\\\/loja\\\/\"},{\"@type\":\"ListItem\",\"position\":3,\"name\":\"CARTOGRAFIA SOCIOCULTURAL Cartografia sociocultural do Estado de Mato Grosso: Cultura, identidade, territorialidade e mem\u00f3ria em comunidades ind\u00edgenas e quilombolas\"}]},{\"@type\":\"WebSite\",\"@id\":\"https:\\\/\\\/ponteseditores.com.br\\\/loja3\\\/#website\",\"url\":\"https:\\\/\\\/ponteseditores.com.br\\\/loja3\\\/\",\"name\":\"Pontes Editores\",\"description\":\"Pontes Editores\",\"publisher\":{\"@id\":\"https:\\\/\\\/ponteseditores.com.br\\\/loja3\\\/#organization\"},\"potentialAction\":[{\"@type\":\"SearchAction\",\"target\":{\"@type\":\"EntryPoint\",\"urlTemplate\":\"https:\\\/\\\/ponteseditores.com.br\\\/loja3\\\/?s={search_term_string}\"},\"query-input\":{\"@type\":\"PropertyValueSpecification\",\"valueRequired\":true,\"valueName\":\"search_term_string\"}}],\"inLanguage\":\"pt-BR\"},{\"@type\":\"Organization\",\"@id\":\"https:\\\/\\\/ponteseditores.com.br\\\/loja3\\\/#organization\",\"name\":\"Pontes Editores\",\"url\":\"https:\\\/\\\/ponteseditores.com.br\\\/loja3\\\/\",\"logo\":{\"@type\":\"ImageObject\",\"inLanguage\":\"pt-BR\",\"@id\":\"https:\\\/\\\/ponteseditores.com.br\\\/loja3\\\/#\\\/schema\\\/logo\\\/image\\\/\",\"url\":\"https:\\\/\\\/ponteseditores.com.br\\\/loja3\\\/wp-content\\\/uploads\\\/2023\\\/12\\\/logo-pontes-editores-v2.png\",\"contentUrl\":\"https:\\\/\\\/ponteseditores.com.br\\\/loja3\\\/wp-content\\\/uploads\\\/2023\\\/12\\\/logo-pontes-editores-v2.png\",\"width\":258,\"height\":100,\"caption\":\"Pontes Editores\"},\"image\":{\"@id\":\"https:\\\/\\\/ponteseditores.com.br\\\/loja3\\\/#\\\/schema\\\/logo\\\/image\\\/\"}}]}<\/script>\n<!-- \/ Yoast SEO plugin. -->","yoast_head_json":{"title":"CARTOGRAFIA SOCIOCULTURAL Cartografia sociocultural do Estado de Mato Grosso: Cultura, identidade, territorialidade e mem\u00f3ria em comunidades ind\u00edgenas e quilombolas - Pontes Editores","robots":{"index":"index","follow":"follow","max-snippet":"max-snippet:-1","max-image-preview":"max-image-preview:large","max-video-preview":"max-video-preview:-1"},"canonical":"https:\/\/ponteseditores.com.br\/loja3\/pontes-editores-home-2__trashed\/linguistica\/cartografia-sociocultural-cartografia-sociocultural-do-estado-de-mato-grosso-cultura-identidade-territorialidade-e-memoria-em-comunidades-indigenas-e-quilombolas\/","og_locale":"pt_BR","og_type":"article","og_title":"CARTOGRAFIA SOCIOCULTURAL Cartografia sociocultural do Estado de Mato Grosso: Cultura, identidade, territorialidade e mem\u00f3ria em comunidades ind\u00edgenas e quilombolas - Pontes Editores","og_description":"Este livro permeia pela rica diversidade sociocultural, lingu\u00edstica, educacional e ambiental do estado de Mato Grosso, distribu\u00edda pela extensa \u00e1rea geogr\u00e1fica. Essa diversidade distribui-se pela comunidade envolvente, aldeias ind\u00edgenas, comunidades quilombolas e ribeirinhas. A comunidade envolvente traz consigo especificidades regionais, constru\u00eddas a partir dos processos de coloniza\u00e7\u00e3o e povoamento, eclodindo diferen\u00e7as culturais distribu\u00eddas pelas regi\u00f5es [&hellip;]","og_url":"https:\/\/ponteseditores.com.br\/loja3\/pontes-editores-home-2__trashed\/linguistica\/cartografia-sociocultural-cartografia-sociocultural-do-estado-de-mato-grosso-cultura-identidade-territorialidade-e-memoria-em-comunidades-indigenas-e-quilombolas\/","og_site_name":"Pontes Editores","og_image":[{"width":1728,"height":2443,"url":"https:\/\/ponteseditores.com.br\/loja3\/wp-content\/uploads\/2024\/07\/Capa_Cartografia.jpg","type":"image\/jpeg"}],"twitter_card":"summary_large_image","twitter_misc":{"Est. tempo de leitura":"1 minuto"},"schema":{"@context":"https:\/\/schema.org","@graph":[{"@type":"WebPage","@id":"https:\/\/ponteseditores.com.br\/loja3\/pontes-editores-home-2__trashed\/linguistica\/cartografia-sociocultural-cartografia-sociocultural-do-estado-de-mato-grosso-cultura-identidade-territorialidade-e-memoria-em-comunidades-indigenas-e-quilombolas\/","url":"https:\/\/ponteseditores.com.br\/loja3\/pontes-editores-home-2__trashed\/linguistica\/cartografia-sociocultural-cartografia-sociocultural-do-estado-de-mato-grosso-cultura-identidade-territorialidade-e-memoria-em-comunidades-indigenas-e-quilombolas\/","name":"CARTOGRAFIA SOCIOCULTURAL Cartografia sociocultural do Estado de Mato Grosso: Cultura, identidade, territorialidade e mem\u00f3ria em comunidades ind\u00edgenas e quilombolas - Pontes Editores","isPartOf":{"@id":"https:\/\/ponteseditores.com.br\/loja3\/#website"},"primaryImageOfPage":{"@id":"https:\/\/ponteseditores.com.br\/loja3\/pontes-editores-home-2__trashed\/linguistica\/cartografia-sociocultural-cartografia-sociocultural-do-estado-de-mato-grosso-cultura-identidade-territorialidade-e-memoria-em-comunidades-indigenas-e-quilombolas\/#primaryimage"},"image":{"@id":"https:\/\/ponteseditores.com.br\/loja3\/pontes-editores-home-2__trashed\/linguistica\/cartografia-sociocultural-cartografia-sociocultural-do-estado-de-mato-grosso-cultura-identidade-territorialidade-e-memoria-em-comunidades-indigenas-e-quilombolas\/#primaryimage"},"thumbnailUrl":"https:\/\/ponteseditores.com.br\/loja3\/wp-content\/uploads\/2024\/07\/Capa_Cartografia.jpg","datePublished":"2024-07-05T16:57:00+00:00","breadcrumb":{"@id":"https:\/\/ponteseditores.com.br\/loja3\/pontes-editores-home-2__trashed\/linguistica\/cartografia-sociocultural-cartografia-sociocultural-do-estado-de-mato-grosso-cultura-identidade-territorialidade-e-memoria-em-comunidades-indigenas-e-quilombolas\/#breadcrumb"},"inLanguage":"pt-BR","potentialAction":[{"@type":"ReadAction","target":["https:\/\/ponteseditores.com.br\/loja3\/pontes-editores-home-2__trashed\/linguistica\/cartografia-sociocultural-cartografia-sociocultural-do-estado-de-mato-grosso-cultura-identidade-territorialidade-e-memoria-em-comunidades-indigenas-e-quilombolas\/"]}]},{"@type":"ImageObject","inLanguage":"pt-BR","@id":"https:\/\/ponteseditores.com.br\/loja3\/pontes-editores-home-2__trashed\/linguistica\/cartografia-sociocultural-cartografia-sociocultural-do-estado-de-mato-grosso-cultura-identidade-territorialidade-e-memoria-em-comunidades-indigenas-e-quilombolas\/#primaryimage","url":"https:\/\/ponteseditores.com.br\/loja3\/wp-content\/uploads\/2024\/07\/Capa_Cartografia.jpg","contentUrl":"https:\/\/ponteseditores.com.br\/loja3\/wp-content\/uploads\/2024\/07\/Capa_Cartografia.jpg","width":1728,"height":2443},{"@type":"BreadcrumbList","@id":"https:\/\/ponteseditores.com.br\/loja3\/pontes-editores-home-2__trashed\/linguistica\/cartografia-sociocultural-cartografia-sociocultural-do-estado-de-mato-grosso-cultura-identidade-territorialidade-e-memoria-em-comunidades-indigenas-e-quilombolas\/#breadcrumb","itemListElement":[{"@type":"ListItem","position":1,"name":"Home","item":"https:\/\/ponteseditores.com.br\/loja3\/"},{"@type":"ListItem","position":2,"name":"loja","item":"https:\/\/ponteseditores.com.br\/loja3\/loja\/"},{"@type":"ListItem","position":3,"name":"CARTOGRAFIA SOCIOCULTURAL Cartografia sociocultural do Estado de Mato Grosso: Cultura, identidade, territorialidade e mem\u00f3ria em comunidades ind\u00edgenas e quilombolas"}]},{"@type":"WebSite","@id":"https:\/\/ponteseditores.com.br\/loja3\/#website","url":"https:\/\/ponteseditores.com.br\/loja3\/","name":"Pontes Editores","description":"Pontes Editores","publisher":{"@id":"https:\/\/ponteseditores.com.br\/loja3\/#organization"},"potentialAction":[{"@type":"SearchAction","target":{"@type":"EntryPoint","urlTemplate":"https:\/\/ponteseditores.com.br\/loja3\/?s={search_term_string}"},"query-input":{"@type":"PropertyValueSpecification","valueRequired":true,"valueName":"search_term_string"}}],"inLanguage":"pt-BR"},{"@type":"Organization","@id":"https:\/\/ponteseditores.com.br\/loja3\/#organization","name":"Pontes Editores","url":"https:\/\/ponteseditores.com.br\/loja3\/","logo":{"@type":"ImageObject","inLanguage":"pt-BR","@id":"https:\/\/ponteseditores.com.br\/loja3\/#\/schema\/logo\/image\/","url":"https:\/\/ponteseditores.com.br\/loja3\/wp-content\/uploads\/2023\/12\/logo-pontes-editores-v2.png","contentUrl":"https:\/\/ponteseditores.com.br\/loja3\/wp-content\/uploads\/2023\/12\/logo-pontes-editores-v2.png","width":258,"height":100,"caption":"Pontes Editores"},"image":{"@id":"https:\/\/ponteseditores.com.br\/loja3\/#\/schema\/logo\/image\/"}}]}},"_links":{"self":[{"href":"https:\/\/ponteseditores.com.br\/loja3\/wp-json\/wp\/v2\/product\/13652","targetHints":{"allow":["GET"]}}],"collection":[{"href":"https:\/\/ponteseditores.com.br\/loja3\/wp-json\/wp\/v2\/product"}],"about":[{"href":"https:\/\/ponteseditores.com.br\/loja3\/wp-json\/wp\/v2\/types\/product"}],"replies":[{"embeddable":true,"href":"https:\/\/ponteseditores.com.br\/loja3\/wp-json\/wp\/v2\/comments?post=13652"}],"version-history":[{"count":0,"href":"https:\/\/ponteseditores.com.br\/loja3\/wp-json\/wp\/v2\/product\/13652\/revisions"}],"wp:featuredmedia":[{"embeddable":true,"href":"https:\/\/ponteseditores.com.br\/loja3\/wp-json\/wp\/v2\/media\/13653"}],"wp:attachment":[{"href":"https:\/\/ponteseditores.com.br\/loja3\/wp-json\/wp\/v2\/media?parent=13652"}],"wp:term":[{"taxonomy":"product_brand","embeddable":true,"href":"https:\/\/ponteseditores.com.br\/loja3\/wp-json\/wp\/v2\/product_brand?post=13652"},{"taxonomy":"product_cat","embeddable":true,"href":"https:\/\/ponteseditores.com.br\/loja3\/wp-json\/wp\/v2\/product_cat?post=13652"},{"taxonomy":"product_tag","embeddable":true,"href":"https:\/\/ponteseditores.com.br\/loja3\/wp-json\/wp\/v2\/product_tag?post=13652"}],"curies":[{"name":"wp","href":"https:\/\/api.w.org\/{rel}","templated":true}]}}