{"id":1357,"date":"2023-12-08T15:56:07","date_gmt":"2023-12-08T18:56:07","guid":{"rendered":"https:\/\/ponteseditores.com.br\/loja3\/?post_type=product&#038;p=1357"},"modified":"2024-10-08T11:29:21","modified_gmt":"2024-10-08T14:29:21","slug":"sempre-a-jogo-60-anos-de-malagueta-perus-e-bacanaco","status":"publish","type":"product","link":"https:\/\/ponteseditores.com.br\/loja3\/pontes-editores-home-2__trashed\/ebook\/sempre-a-jogo-60-anos-de-malagueta-perus-e-bacanaco\/","title":{"rendered":"Sempre a jogo: 60 anos de Malagueta, Perus e Bacana\u00e7o"},"content":{"rendered":"<p>No dia 05 de junho de 1963, Jo\u00e3o Ant\u00f4nio anunciava ao amigo J\u00e1como Mandatto o lan\u00e7amento de <em>Malagueta, Perus <\/em>e <em>Bacana\u00e7o<\/em>: \u201cMeu lan\u00e7amento, coquetel e outras palha\u00e7adas tais como aut\u00f3grafos e outros que tais, dar-se-\u00e3o c\u00e1 na Livraria Teixeira, \u00e0 Rua Marconi, no dia 21 de junho (uma 6\u00aa feira)\u201d. Nesses sessenta anos desde a sua estreia, o livro angariou uma legi\u00e3o de admiradores e, certamente, tamb\u00e9m alguns detratores. Sofreu (n)um inc\u00eandio; ficou mais de uma d\u00e9cada na geladeira do ostracismo, conforme express\u00e3o do pr\u00f3prio autor; recebeu cr\u00edticas contundentes de quem s\u00f3 via populismo na obra do contista, mas sempre renasceu mais forte. E se \u00e9 verdade que envelheceu \u2013 afinal s\u00e3o 60 anos! \u2013 fez isso muito bem, chegando \u00e0 \u201cterceira idade\u201d com f\u00f4lego renovado.<\/p>\n<p>Os artigos desta colet\u00e2nea comprovam esse vigor de M.P.B., por meio de pesquisas acad\u00eamicas que v\u00eam sendo desenvolvidas ao longo do tempo, principalmente ap\u00f3s a cess\u00e3o do acervo do escritor ao CEDAP-Unesp-Assis em 1997. Ilustra esta perspectiva a diversidade de institui\u00e7\u00f5es aqui representadas, UEL, UNESP-Assis, USP, UFPR, UFC, UERJ, UNESP- Araraquara. Al\u00e9m disso, se esta colet\u00e2nea \u00e9 fruto do incentivo do Programa de P\u00f3s-Gradua\u00e7\u00e3o em Letras da Universidade Estadual de Londrina, tamb\u00e9m lembramos que o escritor viveu alguns meses em Londrina, temporada na qual publicou textos importantes, posteriormente agregados \u00e0s suas publica\u00e7\u00f5es em livro.<\/p>\n<p>Essa deambula\u00e7\u00e3o de M.P.B., do Rio de Janeiro de 1963 \u00e0 Londrina de 2023, reafirma a vivacidade da trajet\u00f3ria de seus personagens, permitindo-nos imaginar que, se vivo estivesse, talvez Jo\u00e3o Ant\u00f4nio lacrasse: \u201c\u00d3 divis\u00e3o cheia de s\u00f3cios, de nomes, de m\u00e3os a pegarem no meu dinheiro!\u201d.<\/p>\n<p>As organizadoras<\/p>\n","protected":false},"excerpt":{"rendered":"<p>No dia 05 de junho de 1963, Jo\u00e3o Ant\u00f4nio anunciava ao amigo J\u00e1como Mandatto o lan\u00e7amento de Malagueta, Perus e Bacana\u00e7o: \u201cMeu lan\u00e7amento, coquetel e outras palha\u00e7adas tais como aut\u00f3grafos e outros que tais, dar-se-\u00e3o c\u00e1 na Livraria Teixeira, \u00e0 Rua Marconi, no dia 21 de junho (uma 6\u00aa feira)\u201d. Nesses sessenta anos desde a [&hellip;]<\/p>\n","protected":false},"featured_media":1359,"comment_status":"open","ping_status":"closed","template":"","meta":{"_joinchat":[]},"product_brand":[],"product_cat":[165],"product_tag":[],"class_list":{"0":"post-1357","1":"product","2":"type-product","3":"status-publish","4":"has-post-thumbnail","6":"product_cat-ebook","7":"product_shipping_class-download","9":"first","10":"instock","11":"downloadable","12":"virtual","13":"purchasable","14":"product-type-simple"},"yoast_head":"<!-- This site is optimized with the Yoast SEO plugin v27.4 - https:\/\/yoast.com\/product\/yoast-seo-wordpress\/ -->\n<title>Sempre a jogo: 60 anos de Malagueta, Perus e Bacana\u00e7o - Pontes Editores<\/title>\n<meta name=\"robots\" content=\"index, follow, max-snippet:-1, max-image-preview:large, max-video-preview:-1\" \/>\n<link rel=\"canonical\" href=\"https:\/\/ponteseditores.com.br\/loja3\/pontes-editores-home-2__trashed\/ebook\/sempre-a-jogo-60-anos-de-malagueta-perus-e-bacanaco\/\" \/>\n<meta property=\"og:locale\" content=\"pt_BR\" \/>\n<meta property=\"og:type\" content=\"article\" \/>\n<meta property=\"og:title\" content=\"Sempre a jogo: 60 anos de Malagueta, Perus e Bacana\u00e7o - Pontes Editores\" \/>\n<meta property=\"og:description\" content=\"No dia 05 de junho de 1963, Jo\u00e3o Ant\u00f4nio anunciava ao amigo J\u00e1como Mandatto o lan\u00e7amento de Malagueta, Perus e Bacana\u00e7o: \u201cMeu lan\u00e7amento, coquetel e outras palha\u00e7adas tais como aut\u00f3grafos e outros que tais, dar-se-\u00e3o c\u00e1 na Livraria Teixeira, \u00e0 Rua Marconi, no dia 21 de junho (uma 6\u00aa feira)\u201d. Nesses sessenta anos desde a [&hellip;]\" \/>\n<meta property=\"og:url\" content=\"https:\/\/ponteseditores.com.br\/loja3\/pontes-editores-home-2__trashed\/ebook\/sempre-a-jogo-60-anos-de-malagueta-perus-e-bacanaco\/\" \/>\n<meta property=\"og:site_name\" content=\"Pontes Editores\" \/>\n<meta property=\"article:modified_time\" content=\"2024-10-08T14:29:21+00:00\" \/>\n<meta property=\"og:image\" content=\"https:\/\/ponteseditores.com.br\/loja3\/wp-content\/uploads\/2023\/12\/Capa_Sempre_a_Jogo.jpg\" \/>\n\t<meta property=\"og:image:width\" content=\"1728\" \/>\n\t<meta property=\"og:image:height\" content=\"2443\" \/>\n\t<meta property=\"og:image:type\" content=\"image\/jpeg\" \/>\n<meta name=\"twitter:card\" content=\"summary_large_image\" \/>\n<meta name=\"twitter:label1\" content=\"Est. tempo de leitura\" \/>\n\t<meta name=\"twitter:data1\" content=\"2 minutos\" \/>\n<script type=\"application\/ld+json\" class=\"yoast-schema-graph\">{\"@context\":\"https:\\\/\\\/schema.org\",\"@graph\":[{\"@type\":\"WebPage\",\"@id\":\"https:\\\/\\\/ponteseditores.com.br\\\/loja3\\\/pontes-editores-home-2__trashed\\\/ebook\\\/sempre-a-jogo-60-anos-de-malagueta-perus-e-bacanaco\\\/\",\"url\":\"https:\\\/\\\/ponteseditores.com.br\\\/loja3\\\/pontes-editores-home-2__trashed\\\/ebook\\\/sempre-a-jogo-60-anos-de-malagueta-perus-e-bacanaco\\\/\",\"name\":\"Sempre a jogo: 60 anos de Malagueta, Perus e Bacana\u00e7o - Pontes Editores\",\"isPartOf\":{\"@id\":\"https:\\\/\\\/ponteseditores.com.br\\\/loja3\\\/#website\"},\"primaryImageOfPage\":{\"@id\":\"https:\\\/\\\/ponteseditores.com.br\\\/loja3\\\/pontes-editores-home-2__trashed\\\/ebook\\\/sempre-a-jogo-60-anos-de-malagueta-perus-e-bacanaco\\\/#primaryimage\"},\"image\":{\"@id\":\"https:\\\/\\\/ponteseditores.com.br\\\/loja3\\\/pontes-editores-home-2__trashed\\\/ebook\\\/sempre-a-jogo-60-anos-de-malagueta-perus-e-bacanaco\\\/#primaryimage\"},\"thumbnailUrl\":\"https:\\\/\\\/ponteseditores.com.br\\\/loja3\\\/wp-content\\\/uploads\\\/2023\\\/12\\\/Capa_Sempre_a_Jogo.jpg\",\"datePublished\":\"2023-12-08T18:56:07+00:00\",\"dateModified\":\"2024-10-08T14:29:21+00:00\",\"breadcrumb\":{\"@id\":\"https:\\\/\\\/ponteseditores.com.br\\\/loja3\\\/pontes-editores-home-2__trashed\\\/ebook\\\/sempre-a-jogo-60-anos-de-malagueta-perus-e-bacanaco\\\/#breadcrumb\"},\"inLanguage\":\"pt-BR\",\"potentialAction\":[{\"@type\":\"ReadAction\",\"target\":[\"https:\\\/\\\/ponteseditores.com.br\\\/loja3\\\/pontes-editores-home-2__trashed\\\/ebook\\\/sempre-a-jogo-60-anos-de-malagueta-perus-e-bacanaco\\\/\"]}]},{\"@type\":\"ImageObject\",\"inLanguage\":\"pt-BR\",\"@id\":\"https:\\\/\\\/ponteseditores.com.br\\\/loja3\\\/pontes-editores-home-2__trashed\\\/ebook\\\/sempre-a-jogo-60-anos-de-malagueta-perus-e-bacanaco\\\/#primaryimage\",\"url\":\"https:\\\/\\\/ponteseditores.com.br\\\/loja3\\\/wp-content\\\/uploads\\\/2023\\\/12\\\/Capa_Sempre_a_Jogo.jpg\",\"contentUrl\":\"https:\\\/\\\/ponteseditores.com.br\\\/loja3\\\/wp-content\\\/uploads\\\/2023\\\/12\\\/Capa_Sempre_a_Jogo.jpg\",\"width\":1728,\"height\":2443},{\"@type\":\"BreadcrumbList\",\"@id\":\"https:\\\/\\\/ponteseditores.com.br\\\/loja3\\\/pontes-editores-home-2__trashed\\\/ebook\\\/sempre-a-jogo-60-anos-de-malagueta-perus-e-bacanaco\\\/#breadcrumb\",\"itemListElement\":[{\"@type\":\"ListItem\",\"position\":1,\"name\":\"Home\",\"item\":\"https:\\\/\\\/ponteseditores.com.br\\\/loja3\\\/\"},{\"@type\":\"ListItem\",\"position\":2,\"name\":\"loja\",\"item\":\"https:\\\/\\\/ponteseditores.com.br\\\/loja3\\\/loja\\\/\"},{\"@type\":\"ListItem\",\"position\":3,\"name\":\"Sempre a jogo: 60 anos de Malagueta, Perus e Bacana\u00e7o\"}]},{\"@type\":\"WebSite\",\"@id\":\"https:\\\/\\\/ponteseditores.com.br\\\/loja3\\\/#website\",\"url\":\"https:\\\/\\\/ponteseditores.com.br\\\/loja3\\\/\",\"name\":\"Pontes Editores\",\"description\":\"Pontes Editores\",\"publisher\":{\"@id\":\"https:\\\/\\\/ponteseditores.com.br\\\/loja3\\\/#organization\"},\"potentialAction\":[{\"@type\":\"SearchAction\",\"target\":{\"@type\":\"EntryPoint\",\"urlTemplate\":\"https:\\\/\\\/ponteseditores.com.br\\\/loja3\\\/?s={search_term_string}\"},\"query-input\":{\"@type\":\"PropertyValueSpecification\",\"valueRequired\":true,\"valueName\":\"search_term_string\"}}],\"inLanguage\":\"pt-BR\"},{\"@type\":\"Organization\",\"@id\":\"https:\\\/\\\/ponteseditores.com.br\\\/loja3\\\/#organization\",\"name\":\"Pontes Editores\",\"url\":\"https:\\\/\\\/ponteseditores.com.br\\\/loja3\\\/\",\"logo\":{\"@type\":\"ImageObject\",\"inLanguage\":\"pt-BR\",\"@id\":\"https:\\\/\\\/ponteseditores.com.br\\\/loja3\\\/#\\\/schema\\\/logo\\\/image\\\/\",\"url\":\"https:\\\/\\\/ponteseditores.com.br\\\/loja3\\\/wp-content\\\/uploads\\\/2023\\\/12\\\/logo-pontes-editores-v2.png\",\"contentUrl\":\"https:\\\/\\\/ponteseditores.com.br\\\/loja3\\\/wp-content\\\/uploads\\\/2023\\\/12\\\/logo-pontes-editores-v2.png\",\"width\":258,\"height\":100,\"caption\":\"Pontes Editores\"},\"image\":{\"@id\":\"https:\\\/\\\/ponteseditores.com.br\\\/loja3\\\/#\\\/schema\\\/logo\\\/image\\\/\"}}]}<\/script>\n<!-- \/ Yoast SEO plugin. -->","yoast_head_json":{"title":"Sempre a jogo: 60 anos de Malagueta, Perus e Bacana\u00e7o - Pontes Editores","robots":{"index":"index","follow":"follow","max-snippet":"max-snippet:-1","max-image-preview":"max-image-preview:large","max-video-preview":"max-video-preview:-1"},"canonical":"https:\/\/ponteseditores.com.br\/loja3\/pontes-editores-home-2__trashed\/ebook\/sempre-a-jogo-60-anos-de-malagueta-perus-e-bacanaco\/","og_locale":"pt_BR","og_type":"article","og_title":"Sempre a jogo: 60 anos de Malagueta, Perus e Bacana\u00e7o - Pontes Editores","og_description":"No dia 05 de junho de 1963, Jo\u00e3o Ant\u00f4nio anunciava ao amigo J\u00e1como Mandatto o lan\u00e7amento de Malagueta, Perus e Bacana\u00e7o: \u201cMeu lan\u00e7amento, coquetel e outras palha\u00e7adas tais como aut\u00f3grafos e outros que tais, dar-se-\u00e3o c\u00e1 na Livraria Teixeira, \u00e0 Rua Marconi, no dia 21 de junho (uma 6\u00aa feira)\u201d. Nesses sessenta anos desde a [&hellip;]","og_url":"https:\/\/ponteseditores.com.br\/loja3\/pontes-editores-home-2__trashed\/ebook\/sempre-a-jogo-60-anos-de-malagueta-perus-e-bacanaco\/","og_site_name":"Pontes Editores","article_modified_time":"2024-10-08T14:29:21+00:00","og_image":[{"width":1728,"height":2443,"url":"https:\/\/ponteseditores.com.br\/loja3\/wp-content\/uploads\/2023\/12\/Capa_Sempre_a_Jogo.jpg","type":"image\/jpeg"}],"twitter_card":"summary_large_image","twitter_misc":{"Est. tempo de leitura":"2 minutos"},"schema":{"@context":"https:\/\/schema.org","@graph":[{"@type":"WebPage","@id":"https:\/\/ponteseditores.com.br\/loja3\/pontes-editores-home-2__trashed\/ebook\/sempre-a-jogo-60-anos-de-malagueta-perus-e-bacanaco\/","url":"https:\/\/ponteseditores.com.br\/loja3\/pontes-editores-home-2__trashed\/ebook\/sempre-a-jogo-60-anos-de-malagueta-perus-e-bacanaco\/","name":"Sempre a jogo: 60 anos de Malagueta, Perus e Bacana\u00e7o - Pontes Editores","isPartOf":{"@id":"https:\/\/ponteseditores.com.br\/loja3\/#website"},"primaryImageOfPage":{"@id":"https:\/\/ponteseditores.com.br\/loja3\/pontes-editores-home-2__trashed\/ebook\/sempre-a-jogo-60-anos-de-malagueta-perus-e-bacanaco\/#primaryimage"},"image":{"@id":"https:\/\/ponteseditores.com.br\/loja3\/pontes-editores-home-2__trashed\/ebook\/sempre-a-jogo-60-anos-de-malagueta-perus-e-bacanaco\/#primaryimage"},"thumbnailUrl":"https:\/\/ponteseditores.com.br\/loja3\/wp-content\/uploads\/2023\/12\/Capa_Sempre_a_Jogo.jpg","datePublished":"2023-12-08T18:56:07+00:00","dateModified":"2024-10-08T14:29:21+00:00","breadcrumb":{"@id":"https:\/\/ponteseditores.com.br\/loja3\/pontes-editores-home-2__trashed\/ebook\/sempre-a-jogo-60-anos-de-malagueta-perus-e-bacanaco\/#breadcrumb"},"inLanguage":"pt-BR","potentialAction":[{"@type":"ReadAction","target":["https:\/\/ponteseditores.com.br\/loja3\/pontes-editores-home-2__trashed\/ebook\/sempre-a-jogo-60-anos-de-malagueta-perus-e-bacanaco\/"]}]},{"@type":"ImageObject","inLanguage":"pt-BR","@id":"https:\/\/ponteseditores.com.br\/loja3\/pontes-editores-home-2__trashed\/ebook\/sempre-a-jogo-60-anos-de-malagueta-perus-e-bacanaco\/#primaryimage","url":"https:\/\/ponteseditores.com.br\/loja3\/wp-content\/uploads\/2023\/12\/Capa_Sempre_a_Jogo.jpg","contentUrl":"https:\/\/ponteseditores.com.br\/loja3\/wp-content\/uploads\/2023\/12\/Capa_Sempre_a_Jogo.jpg","width":1728,"height":2443},{"@type":"BreadcrumbList","@id":"https:\/\/ponteseditores.com.br\/loja3\/pontes-editores-home-2__trashed\/ebook\/sempre-a-jogo-60-anos-de-malagueta-perus-e-bacanaco\/#breadcrumb","itemListElement":[{"@type":"ListItem","position":1,"name":"Home","item":"https:\/\/ponteseditores.com.br\/loja3\/"},{"@type":"ListItem","position":2,"name":"loja","item":"https:\/\/ponteseditores.com.br\/loja3\/loja\/"},{"@type":"ListItem","position":3,"name":"Sempre a jogo: 60 anos de Malagueta, Perus e Bacana\u00e7o"}]},{"@type":"WebSite","@id":"https:\/\/ponteseditores.com.br\/loja3\/#website","url":"https:\/\/ponteseditores.com.br\/loja3\/","name":"Pontes Editores","description":"Pontes Editores","publisher":{"@id":"https:\/\/ponteseditores.com.br\/loja3\/#organization"},"potentialAction":[{"@type":"SearchAction","target":{"@type":"EntryPoint","urlTemplate":"https:\/\/ponteseditores.com.br\/loja3\/?s={search_term_string}"},"query-input":{"@type":"PropertyValueSpecification","valueRequired":true,"valueName":"search_term_string"}}],"inLanguage":"pt-BR"},{"@type":"Organization","@id":"https:\/\/ponteseditores.com.br\/loja3\/#organization","name":"Pontes Editores","url":"https:\/\/ponteseditores.com.br\/loja3\/","logo":{"@type":"ImageObject","inLanguage":"pt-BR","@id":"https:\/\/ponteseditores.com.br\/loja3\/#\/schema\/logo\/image\/","url":"https:\/\/ponteseditores.com.br\/loja3\/wp-content\/uploads\/2023\/12\/logo-pontes-editores-v2.png","contentUrl":"https:\/\/ponteseditores.com.br\/loja3\/wp-content\/uploads\/2023\/12\/logo-pontes-editores-v2.png","width":258,"height":100,"caption":"Pontes Editores"},"image":{"@id":"https:\/\/ponteseditores.com.br\/loja3\/#\/schema\/logo\/image\/"}}]}},"_links":{"self":[{"href":"https:\/\/ponteseditores.com.br\/loja3\/wp-json\/wp\/v2\/product\/1357","targetHints":{"allow":["GET"]}}],"collection":[{"href":"https:\/\/ponteseditores.com.br\/loja3\/wp-json\/wp\/v2\/product"}],"about":[{"href":"https:\/\/ponteseditores.com.br\/loja3\/wp-json\/wp\/v2\/types\/product"}],"replies":[{"embeddable":true,"href":"https:\/\/ponteseditores.com.br\/loja3\/wp-json\/wp\/v2\/comments?post=1357"}],"version-history":[{"count":0,"href":"https:\/\/ponteseditores.com.br\/loja3\/wp-json\/wp\/v2\/product\/1357\/revisions"}],"wp:featuredmedia":[{"embeddable":true,"href":"https:\/\/ponteseditores.com.br\/loja3\/wp-json\/wp\/v2\/media\/1359"}],"wp:attachment":[{"href":"https:\/\/ponteseditores.com.br\/loja3\/wp-json\/wp\/v2\/media?parent=1357"}],"wp:term":[{"taxonomy":"product_brand","embeddable":true,"href":"https:\/\/ponteseditores.com.br\/loja3\/wp-json\/wp\/v2\/product_brand?post=1357"},{"taxonomy":"product_cat","embeddable":true,"href":"https:\/\/ponteseditores.com.br\/loja3\/wp-json\/wp\/v2\/product_cat?post=1357"},{"taxonomy":"product_tag","embeddable":true,"href":"https:\/\/ponteseditores.com.br\/loja3\/wp-json\/wp\/v2\/product_tag?post=1357"}],"curies":[{"name":"wp","href":"https:\/\/api.w.org\/{rel}","templated":true}]}}