{"id":1344,"date":"2023-12-08T15:31:29","date_gmt":"2023-12-08T18:31:29","guid":{"rendered":"https:\/\/ponteseditores.com.br\/loja3\/?post_type=product&#038;p=1344"},"modified":"2024-10-08T11:29:21","modified_gmt":"2024-10-08T14:29:21","slug":"a-praxis-da-linguagem-em-movimento-perspectivas-textual-retorico-argumentativas","status":"publish","type":"product","link":"https:\/\/ponteseditores.com.br\/loja3\/pontes-editores-home-2__trashed\/ebook\/a-praxis-da-linguagem-em-movimento-perspectivas-textual-retorico-argumentativas\/","title":{"rendered":"A pr\u00e1xis da linguagem em movimento: perspectivas textual-ret\u00f3rico argumentativas"},"content":{"rendered":"<p>Este livro tem por objetivo agregar diferentes olhares acerca dos estudos ret\u00f3ricos, argumentativos e textuais, com aplica\u00e7\u00e3o nas diversas \u00e1reas do conhecimento, pondo em relevo sobretudo a sua pr\u00e1xis nas rela\u00e7\u00f5es humanas. Assim, o texto aparece em sua m\u00faltipla funcionalidade, representado pelo verbal, n\u00e3o verbal, imag\u00e9tico, enfim, por seu car\u00e1ter multiss\u00eamico; os pontos ret\u00f3ricos apontam n\u00e3o apenas para a\u00e7\u00f5es de convencimento, mas para usos de linguagem com fins persuasivos; aliada a isso, a linha argumentativa aponta para poss\u00edveis alinhamentos de fatos, teses, opini\u00f5es ou problemas para embasamento de determinado pensamento ou ideia, com an\u00e1lises amplas ou reduzidas. Com a jun\u00e7\u00e3o dessas tr\u00eas linhas vision\u00e1rias, \u00e9 poss\u00edvel agregar contribui\u00e7\u00f5es provindas de diferentes pontos de vista, o que vai engrandecer em muito os estudos da linguagem.<\/p>\n<p>Quanto \u00e0 pertin\u00eancia da obra, isso se d\u00e1 porque o cerne do livro \u00e9 o texto, estudado e analisado em contextos diferentes e tamb\u00e9m sob diversas perspectivas, evidenciando a possibilidade da jun\u00e7\u00e3o da categoria teoria e pr\u00e1tica. Assim, a grande novidade do livro se d\u00e1 pelo envolvimento de pesquisas que se embasam nos fundamentos textuais, ret\u00f3rico-argumentativos, com abordagens sobre as suas especificidades te\u00f3ricas e conceituais, al\u00e9m da sua pr\u00e1xis com outras \u00e1reas sociais.<\/p>\n<p>Maria Francisca Oliveira Santos<\/p>\n<p>Romildo Barros da Silva<\/p>\n","protected":false},"excerpt":{"rendered":"<p>Este livro tem por objetivo agregar diferentes olhares acerca dos estudos ret\u00f3ricos, argumentativos e textuais, com aplica\u00e7\u00e3o nas diversas \u00e1reas do conhecimento, pondo em relevo sobretudo a sua pr\u00e1xis nas rela\u00e7\u00f5es humanas. Assim, o texto aparece em sua m\u00faltipla funcionalidade, representado pelo verbal, n\u00e3o verbal, imag\u00e9tico, enfim, por seu car\u00e1ter multiss\u00eamico; os pontos ret\u00f3ricos apontam [&hellip;]<\/p>\n","protected":false},"featured_media":1346,"comment_status":"open","ping_status":"closed","template":"","meta":{"_joinchat":[]},"product_brand":[],"product_cat":[165],"product_tag":[],"class_list":{"0":"post-1344","1":"product","2":"type-product","3":"status-publish","4":"has-post-thumbnail","6":"product_cat-ebook","7":"product_shipping_class-download","9":"first","10":"instock","11":"downloadable","12":"virtual","13":"purchasable","14":"product-type-simple"},"yoast_head":"<!-- This site is optimized with the Yoast SEO plugin v27.4 - https:\/\/yoast.com\/product\/yoast-seo-wordpress\/ -->\n<title>A pr\u00e1xis da linguagem em movimento: perspectivas textual-ret\u00f3rico argumentativas - Pontes Editores<\/title>\n<meta name=\"robots\" content=\"index, follow, max-snippet:-1, max-image-preview:large, max-video-preview:-1\" \/>\n<link rel=\"canonical\" href=\"https:\/\/ponteseditores.com.br\/loja3\/pontes-editores-home-2__trashed\/ebook\/a-praxis-da-linguagem-em-movimento-perspectivas-textual-retorico-argumentativas\/\" \/>\n<meta property=\"og:locale\" content=\"pt_BR\" \/>\n<meta property=\"og:type\" content=\"article\" \/>\n<meta property=\"og:title\" content=\"A pr\u00e1xis da linguagem em movimento: perspectivas textual-ret\u00f3rico argumentativas - Pontes Editores\" \/>\n<meta property=\"og:description\" content=\"Este livro tem por objetivo agregar diferentes olhares acerca dos estudos ret\u00f3ricos, argumentativos e textuais, com aplica\u00e7\u00e3o nas diversas \u00e1reas do conhecimento, pondo em relevo sobretudo a sua pr\u00e1xis nas rela\u00e7\u00f5es humanas. Assim, o texto aparece em sua m\u00faltipla funcionalidade, representado pelo verbal, n\u00e3o verbal, imag\u00e9tico, enfim, por seu car\u00e1ter multiss\u00eamico; os pontos ret\u00f3ricos apontam [&hellip;]\" \/>\n<meta property=\"og:url\" content=\"https:\/\/ponteseditores.com.br\/loja3\/pontes-editores-home-2__trashed\/ebook\/a-praxis-da-linguagem-em-movimento-perspectivas-textual-retorico-argumentativas\/\" \/>\n<meta property=\"og:site_name\" content=\"Pontes Editores\" \/>\n<meta property=\"article:modified_time\" content=\"2024-10-08T14:29:21+00:00\" \/>\n<meta property=\"og:image\" content=\"https:\/\/ponteseditores.com.br\/loja3\/wp-content\/uploads\/2023\/12\/Capa_Praxis_da_Linguagem.jpg\" \/>\n\t<meta property=\"og:image:width\" content=\"1728\" \/>\n\t<meta property=\"og:image:height\" content=\"2443\" \/>\n\t<meta property=\"og:image:type\" content=\"image\/jpeg\" \/>\n<meta name=\"twitter:card\" content=\"summary_large_image\" \/>\n<meta name=\"twitter:label1\" content=\"Est. tempo de leitura\" \/>\n\t<meta name=\"twitter:data1\" content=\"2 minutos\" \/>\n<script type=\"application\/ld+json\" class=\"yoast-schema-graph\">{\"@context\":\"https:\\\/\\\/schema.org\",\"@graph\":[{\"@type\":\"WebPage\",\"@id\":\"https:\\\/\\\/ponteseditores.com.br\\\/loja3\\\/pontes-editores-home-2__trashed\\\/ebook\\\/a-praxis-da-linguagem-em-movimento-perspectivas-textual-retorico-argumentativas\\\/\",\"url\":\"https:\\\/\\\/ponteseditores.com.br\\\/loja3\\\/pontes-editores-home-2__trashed\\\/ebook\\\/a-praxis-da-linguagem-em-movimento-perspectivas-textual-retorico-argumentativas\\\/\",\"name\":\"A pr\u00e1xis da linguagem em movimento: perspectivas textual-ret\u00f3rico argumentativas - Pontes Editores\",\"isPartOf\":{\"@id\":\"https:\\\/\\\/ponteseditores.com.br\\\/loja3\\\/#website\"},\"primaryImageOfPage\":{\"@id\":\"https:\\\/\\\/ponteseditores.com.br\\\/loja3\\\/pontes-editores-home-2__trashed\\\/ebook\\\/a-praxis-da-linguagem-em-movimento-perspectivas-textual-retorico-argumentativas\\\/#primaryimage\"},\"image\":{\"@id\":\"https:\\\/\\\/ponteseditores.com.br\\\/loja3\\\/pontes-editores-home-2__trashed\\\/ebook\\\/a-praxis-da-linguagem-em-movimento-perspectivas-textual-retorico-argumentativas\\\/#primaryimage\"},\"thumbnailUrl\":\"https:\\\/\\\/ponteseditores.com.br\\\/loja3\\\/wp-content\\\/uploads\\\/2023\\\/12\\\/Capa_Praxis_da_Linguagem.jpg\",\"datePublished\":\"2023-12-08T18:31:29+00:00\",\"dateModified\":\"2024-10-08T14:29:21+00:00\",\"breadcrumb\":{\"@id\":\"https:\\\/\\\/ponteseditores.com.br\\\/loja3\\\/pontes-editores-home-2__trashed\\\/ebook\\\/a-praxis-da-linguagem-em-movimento-perspectivas-textual-retorico-argumentativas\\\/#breadcrumb\"},\"inLanguage\":\"pt-BR\",\"potentialAction\":[{\"@type\":\"ReadAction\",\"target\":[\"https:\\\/\\\/ponteseditores.com.br\\\/loja3\\\/pontes-editores-home-2__trashed\\\/ebook\\\/a-praxis-da-linguagem-em-movimento-perspectivas-textual-retorico-argumentativas\\\/\"]}]},{\"@type\":\"ImageObject\",\"inLanguage\":\"pt-BR\",\"@id\":\"https:\\\/\\\/ponteseditores.com.br\\\/loja3\\\/pontes-editores-home-2__trashed\\\/ebook\\\/a-praxis-da-linguagem-em-movimento-perspectivas-textual-retorico-argumentativas\\\/#primaryimage\",\"url\":\"https:\\\/\\\/ponteseditores.com.br\\\/loja3\\\/wp-content\\\/uploads\\\/2023\\\/12\\\/Capa_Praxis_da_Linguagem.jpg\",\"contentUrl\":\"https:\\\/\\\/ponteseditores.com.br\\\/loja3\\\/wp-content\\\/uploads\\\/2023\\\/12\\\/Capa_Praxis_da_Linguagem.jpg\",\"width\":1728,\"height\":2443},{\"@type\":\"BreadcrumbList\",\"@id\":\"https:\\\/\\\/ponteseditores.com.br\\\/loja3\\\/pontes-editores-home-2__trashed\\\/ebook\\\/a-praxis-da-linguagem-em-movimento-perspectivas-textual-retorico-argumentativas\\\/#breadcrumb\",\"itemListElement\":[{\"@type\":\"ListItem\",\"position\":1,\"name\":\"Home\",\"item\":\"https:\\\/\\\/ponteseditores.com.br\\\/loja3\\\/\"},{\"@type\":\"ListItem\",\"position\":2,\"name\":\"loja\",\"item\":\"https:\\\/\\\/ponteseditores.com.br\\\/loja3\\\/loja\\\/\"},{\"@type\":\"ListItem\",\"position\":3,\"name\":\"A pr\u00e1xis da linguagem em movimento: perspectivas textual-ret\u00f3rico argumentativas\"}]},{\"@type\":\"WebSite\",\"@id\":\"https:\\\/\\\/ponteseditores.com.br\\\/loja3\\\/#website\",\"url\":\"https:\\\/\\\/ponteseditores.com.br\\\/loja3\\\/\",\"name\":\"Pontes Editores\",\"description\":\"Pontes Editores\",\"publisher\":{\"@id\":\"https:\\\/\\\/ponteseditores.com.br\\\/loja3\\\/#organization\"},\"potentialAction\":[{\"@type\":\"SearchAction\",\"target\":{\"@type\":\"EntryPoint\",\"urlTemplate\":\"https:\\\/\\\/ponteseditores.com.br\\\/loja3\\\/?s={search_term_string}\"},\"query-input\":{\"@type\":\"PropertyValueSpecification\",\"valueRequired\":true,\"valueName\":\"search_term_string\"}}],\"inLanguage\":\"pt-BR\"},{\"@type\":\"Organization\",\"@id\":\"https:\\\/\\\/ponteseditores.com.br\\\/loja3\\\/#organization\",\"name\":\"Pontes Editores\",\"url\":\"https:\\\/\\\/ponteseditores.com.br\\\/loja3\\\/\",\"logo\":{\"@type\":\"ImageObject\",\"inLanguage\":\"pt-BR\",\"@id\":\"https:\\\/\\\/ponteseditores.com.br\\\/loja3\\\/#\\\/schema\\\/logo\\\/image\\\/\",\"url\":\"https:\\\/\\\/ponteseditores.com.br\\\/loja3\\\/wp-content\\\/uploads\\\/2023\\\/12\\\/logo-pontes-editores-v2.png\",\"contentUrl\":\"https:\\\/\\\/ponteseditores.com.br\\\/loja3\\\/wp-content\\\/uploads\\\/2023\\\/12\\\/logo-pontes-editores-v2.png\",\"width\":258,\"height\":100,\"caption\":\"Pontes Editores\"},\"image\":{\"@id\":\"https:\\\/\\\/ponteseditores.com.br\\\/loja3\\\/#\\\/schema\\\/logo\\\/image\\\/\"}}]}<\/script>\n<!-- \/ Yoast SEO plugin. -->","yoast_head_json":{"title":"A pr\u00e1xis da linguagem em movimento: perspectivas textual-ret\u00f3rico argumentativas - Pontes Editores","robots":{"index":"index","follow":"follow","max-snippet":"max-snippet:-1","max-image-preview":"max-image-preview:large","max-video-preview":"max-video-preview:-1"},"canonical":"https:\/\/ponteseditores.com.br\/loja3\/pontes-editores-home-2__trashed\/ebook\/a-praxis-da-linguagem-em-movimento-perspectivas-textual-retorico-argumentativas\/","og_locale":"pt_BR","og_type":"article","og_title":"A pr\u00e1xis da linguagem em movimento: perspectivas textual-ret\u00f3rico argumentativas - Pontes Editores","og_description":"Este livro tem por objetivo agregar diferentes olhares acerca dos estudos ret\u00f3ricos, argumentativos e textuais, com aplica\u00e7\u00e3o nas diversas \u00e1reas do conhecimento, pondo em relevo sobretudo a sua pr\u00e1xis nas rela\u00e7\u00f5es humanas. Assim, o texto aparece em sua m\u00faltipla funcionalidade, representado pelo verbal, n\u00e3o verbal, imag\u00e9tico, enfim, por seu car\u00e1ter multiss\u00eamico; os pontos ret\u00f3ricos apontam [&hellip;]","og_url":"https:\/\/ponteseditores.com.br\/loja3\/pontes-editores-home-2__trashed\/ebook\/a-praxis-da-linguagem-em-movimento-perspectivas-textual-retorico-argumentativas\/","og_site_name":"Pontes Editores","article_modified_time":"2024-10-08T14:29:21+00:00","og_image":[{"width":1728,"height":2443,"url":"https:\/\/ponteseditores.com.br\/loja3\/wp-content\/uploads\/2023\/12\/Capa_Praxis_da_Linguagem.jpg","type":"image\/jpeg"}],"twitter_card":"summary_large_image","twitter_misc":{"Est. tempo de leitura":"2 minutos"},"schema":{"@context":"https:\/\/schema.org","@graph":[{"@type":"WebPage","@id":"https:\/\/ponteseditores.com.br\/loja3\/pontes-editores-home-2__trashed\/ebook\/a-praxis-da-linguagem-em-movimento-perspectivas-textual-retorico-argumentativas\/","url":"https:\/\/ponteseditores.com.br\/loja3\/pontes-editores-home-2__trashed\/ebook\/a-praxis-da-linguagem-em-movimento-perspectivas-textual-retorico-argumentativas\/","name":"A pr\u00e1xis da linguagem em movimento: perspectivas textual-ret\u00f3rico argumentativas - Pontes Editores","isPartOf":{"@id":"https:\/\/ponteseditores.com.br\/loja3\/#website"},"primaryImageOfPage":{"@id":"https:\/\/ponteseditores.com.br\/loja3\/pontes-editores-home-2__trashed\/ebook\/a-praxis-da-linguagem-em-movimento-perspectivas-textual-retorico-argumentativas\/#primaryimage"},"image":{"@id":"https:\/\/ponteseditores.com.br\/loja3\/pontes-editores-home-2__trashed\/ebook\/a-praxis-da-linguagem-em-movimento-perspectivas-textual-retorico-argumentativas\/#primaryimage"},"thumbnailUrl":"https:\/\/ponteseditores.com.br\/loja3\/wp-content\/uploads\/2023\/12\/Capa_Praxis_da_Linguagem.jpg","datePublished":"2023-12-08T18:31:29+00:00","dateModified":"2024-10-08T14:29:21+00:00","breadcrumb":{"@id":"https:\/\/ponteseditores.com.br\/loja3\/pontes-editores-home-2__trashed\/ebook\/a-praxis-da-linguagem-em-movimento-perspectivas-textual-retorico-argumentativas\/#breadcrumb"},"inLanguage":"pt-BR","potentialAction":[{"@type":"ReadAction","target":["https:\/\/ponteseditores.com.br\/loja3\/pontes-editores-home-2__trashed\/ebook\/a-praxis-da-linguagem-em-movimento-perspectivas-textual-retorico-argumentativas\/"]}]},{"@type":"ImageObject","inLanguage":"pt-BR","@id":"https:\/\/ponteseditores.com.br\/loja3\/pontes-editores-home-2__trashed\/ebook\/a-praxis-da-linguagem-em-movimento-perspectivas-textual-retorico-argumentativas\/#primaryimage","url":"https:\/\/ponteseditores.com.br\/loja3\/wp-content\/uploads\/2023\/12\/Capa_Praxis_da_Linguagem.jpg","contentUrl":"https:\/\/ponteseditores.com.br\/loja3\/wp-content\/uploads\/2023\/12\/Capa_Praxis_da_Linguagem.jpg","width":1728,"height":2443},{"@type":"BreadcrumbList","@id":"https:\/\/ponteseditores.com.br\/loja3\/pontes-editores-home-2__trashed\/ebook\/a-praxis-da-linguagem-em-movimento-perspectivas-textual-retorico-argumentativas\/#breadcrumb","itemListElement":[{"@type":"ListItem","position":1,"name":"Home","item":"https:\/\/ponteseditores.com.br\/loja3\/"},{"@type":"ListItem","position":2,"name":"loja","item":"https:\/\/ponteseditores.com.br\/loja3\/loja\/"},{"@type":"ListItem","position":3,"name":"A pr\u00e1xis da linguagem em movimento: perspectivas textual-ret\u00f3rico argumentativas"}]},{"@type":"WebSite","@id":"https:\/\/ponteseditores.com.br\/loja3\/#website","url":"https:\/\/ponteseditores.com.br\/loja3\/","name":"Pontes Editores","description":"Pontes Editores","publisher":{"@id":"https:\/\/ponteseditores.com.br\/loja3\/#organization"},"potentialAction":[{"@type":"SearchAction","target":{"@type":"EntryPoint","urlTemplate":"https:\/\/ponteseditores.com.br\/loja3\/?s={search_term_string}"},"query-input":{"@type":"PropertyValueSpecification","valueRequired":true,"valueName":"search_term_string"}}],"inLanguage":"pt-BR"},{"@type":"Organization","@id":"https:\/\/ponteseditores.com.br\/loja3\/#organization","name":"Pontes Editores","url":"https:\/\/ponteseditores.com.br\/loja3\/","logo":{"@type":"ImageObject","inLanguage":"pt-BR","@id":"https:\/\/ponteseditores.com.br\/loja3\/#\/schema\/logo\/image\/","url":"https:\/\/ponteseditores.com.br\/loja3\/wp-content\/uploads\/2023\/12\/logo-pontes-editores-v2.png","contentUrl":"https:\/\/ponteseditores.com.br\/loja3\/wp-content\/uploads\/2023\/12\/logo-pontes-editores-v2.png","width":258,"height":100,"caption":"Pontes Editores"},"image":{"@id":"https:\/\/ponteseditores.com.br\/loja3\/#\/schema\/logo\/image\/"}}]}},"_links":{"self":[{"href":"https:\/\/ponteseditores.com.br\/loja3\/wp-json\/wp\/v2\/product\/1344","targetHints":{"allow":["GET"]}}],"collection":[{"href":"https:\/\/ponteseditores.com.br\/loja3\/wp-json\/wp\/v2\/product"}],"about":[{"href":"https:\/\/ponteseditores.com.br\/loja3\/wp-json\/wp\/v2\/types\/product"}],"replies":[{"embeddable":true,"href":"https:\/\/ponteseditores.com.br\/loja3\/wp-json\/wp\/v2\/comments?post=1344"}],"version-history":[{"count":0,"href":"https:\/\/ponteseditores.com.br\/loja3\/wp-json\/wp\/v2\/product\/1344\/revisions"}],"wp:featuredmedia":[{"embeddable":true,"href":"https:\/\/ponteseditores.com.br\/loja3\/wp-json\/wp\/v2\/media\/1346"}],"wp:attachment":[{"href":"https:\/\/ponteseditores.com.br\/loja3\/wp-json\/wp\/v2\/media?parent=1344"}],"wp:term":[{"taxonomy":"product_brand","embeddable":true,"href":"https:\/\/ponteseditores.com.br\/loja3\/wp-json\/wp\/v2\/product_brand?post=1344"},{"taxonomy":"product_cat","embeddable":true,"href":"https:\/\/ponteseditores.com.br\/loja3\/wp-json\/wp\/v2\/product_cat?post=1344"},{"taxonomy":"product_tag","embeddable":true,"href":"https:\/\/ponteseditores.com.br\/loja3\/wp-json\/wp\/v2\/product_tag?post=1344"}],"curies":[{"name":"wp","href":"https:\/\/api.w.org\/{rel}","templated":true}]}}