{"id":13372,"date":"2024-06-21T16:48:49","date_gmt":"2024-06-21T19:48:49","guid":{"rendered":"https:\/\/ponteseditores.com.br\/loja3\/?post_type=product&#038;p=13372"},"modified":"2024-06-21T16:48:49","modified_gmt":"2024-06-21T19:48:49","slug":"como-se-pesa-o-talento-dos-poetas-uma-antologia-da-critica-literaria-seculo-iv-a-c-seculo-xxi-volume-2","status":"publish","type":"product","link":"https:\/\/ponteseditores.com.br\/loja3\/pontes-editores-home-2__trashed\/lancamento\/como-se-pesa-o-talento-dos-poetas-uma-antologia-da-critica-literaria-seculo-iv-a-c-seculo-xxi-volume-2\/","title":{"rendered":"Como se pesa o talento dos poetas: uma antologia da cr\u00edtica liter\u00e1ria (S\u00e9culo IV A.C. \u2013 S\u00e9culo XXI) &#8211; Volume 2"},"content":{"rendered":"<p>Coment\u00e1rios, glosas e an\u00e1lises de composi\u00e7\u00f5es liter\u00e1rias, com o prop\u00f3sito final de formular-se um ju\u00edzo de valor, impl\u00edcito ou expl\u00edcito, remontam \u00e0 pr\u00e1tica de fil\u00f3sofos, retores, gram\u00e1ticos e fil\u00f3logos antigos. O termo <em>cr\u00edtica <\/em>generalizou-se para designar essa pr\u00e1tica, e um dos seus primeiros empregos documentados com esse sentido encontra-se em Dion\u00edsio Tr\u00e1cio (s\u00e9culo II-I a.C.), que a definiu como \u201ca parte mais bela da arte gramatical\u201d. <em>Cr\u00edtica <\/em>para os gregos, <em>coment\u00e1rio dos autores <\/em>para os romanos, essa atividade intelectual firmou-se na Antiguidade, difundiu-se no Helenismo, conservou-se na Idade M\u00e9dia e no Classismo, e foi substanciosamente reconcebida no Iluminismo e no Romantismo, assim alcan\u00e7ando a Modernidade.<\/p>\n<p>Este volume prop\u00f5e uma viagem de longo curso pela trajet\u00f3ria duas vezes milenar da cr\u00edtica liter\u00e1ria, expondo assim suas m\u00faltiplas varia\u00e7\u00f5es hist\u00f3ricas e conceituais, por meio de um repert\u00f3rio de textos cuidadosamente selecionados e providos de notas enriquecedoras da experi\u00eancia da leitura.<\/p>\n","protected":false},"excerpt":{"rendered":"<p>Coment\u00e1rios, glosas e an\u00e1lises de composi\u00e7\u00f5es liter\u00e1rias, com o prop\u00f3sito final de formular-se um ju\u00edzo de valor, impl\u00edcito ou expl\u00edcito, remontam \u00e0 pr\u00e1tica de fil\u00f3sofos, retores, gram\u00e1ticos e fil\u00f3logos antigos. O termo cr\u00edtica generalizou-se para designar essa pr\u00e1tica, e um dos seus primeiros empregos documentados com esse sentido encontra-se em Dion\u00edsio Tr\u00e1cio (s\u00e9culo II-I a.C.), [&hellip;]<\/p>\n","protected":false},"featured_media":13373,"comment_status":"open","ping_status":"closed","template":"","meta":{"_joinchat":[]},"product_brand":[],"product_cat":[297,167,287],"product_tag":[],"class_list":{"0":"post-13372","1":"product","2":"type-product","3":"status-publish","4":"has-post-thumbnail","6":"product_cat-critica-literaria","7":"product_cat-lancamento","8":"product_cat-literatura","10":"first","11":"instock","12":"shipping-taxable","13":"purchasable","14":"product-type-simple"},"yoast_head":"<!-- This site is optimized with the Yoast SEO plugin v27.4 - https:\/\/yoast.com\/product\/yoast-seo-wordpress\/ -->\n<title>Como se pesa o talento dos poetas: uma antologia da cr\u00edtica liter\u00e1ria (S\u00e9culo IV A.C. \u2013 S\u00e9culo XXI) - Volume 2 - Pontes Editores<\/title>\n<meta name=\"robots\" content=\"index, follow, max-snippet:-1, max-image-preview:large, max-video-preview:-1\" \/>\n<link rel=\"canonical\" href=\"https:\/\/ponteseditores.com.br\/loja3\/pontes-editores-home-2__trashed\/lancamento\/como-se-pesa-o-talento-dos-poetas-uma-antologia-da-critica-literaria-seculo-iv-a-c-seculo-xxi-volume-2\/\" \/>\n<meta property=\"og:locale\" content=\"pt_BR\" \/>\n<meta property=\"og:type\" content=\"article\" \/>\n<meta property=\"og:title\" content=\"Como se pesa o talento dos poetas: uma antologia da cr\u00edtica liter\u00e1ria (S\u00e9culo IV A.C. \u2013 S\u00e9culo XXI) - Volume 2 - Pontes Editores\" \/>\n<meta property=\"og:description\" content=\"Coment\u00e1rios, glosas e an\u00e1lises de composi\u00e7\u00f5es liter\u00e1rias, com o prop\u00f3sito final de formular-se um ju\u00edzo de valor, impl\u00edcito ou expl\u00edcito, remontam \u00e0 pr\u00e1tica de fil\u00f3sofos, retores, gram\u00e1ticos e fil\u00f3logos antigos. O termo cr\u00edtica generalizou-se para designar essa pr\u00e1tica, e um dos seus primeiros empregos documentados com esse sentido encontra-se em Dion\u00edsio Tr\u00e1cio (s\u00e9culo II-I a.C.), [&hellip;]\" \/>\n<meta property=\"og:url\" content=\"https:\/\/ponteseditores.com.br\/loja3\/pontes-editores-home-2__trashed\/lancamento\/como-se-pesa-o-talento-dos-poetas-uma-antologia-da-critica-literaria-seculo-iv-a-c-seculo-xxi-volume-2\/\" \/>\n<meta property=\"og:site_name\" content=\"Pontes Editores\" \/>\n<meta property=\"og:image\" content=\"https:\/\/ponteseditores.com.br\/loja3\/wp-content\/uploads\/2024\/06\/Capa_Como_se_Pesa_2.jpg\" \/>\n\t<meta property=\"og:image:width\" content=\"1728\" \/>\n\t<meta property=\"og:image:height\" content=\"2443\" \/>\n\t<meta property=\"og:image:type\" content=\"image\/jpeg\" \/>\n<meta name=\"twitter:card\" content=\"summary_large_image\" \/>\n<meta name=\"twitter:label1\" content=\"Est. tempo de leitura\" \/>\n\t<meta name=\"twitter:data1\" content=\"2 minutos\" \/>\n<script type=\"application\/ld+json\" class=\"yoast-schema-graph\">{\"@context\":\"https:\\\/\\\/schema.org\",\"@graph\":[{\"@type\":\"WebPage\",\"@id\":\"https:\\\/\\\/ponteseditores.com.br\\\/loja3\\\/pontes-editores-home-2__trashed\\\/lancamento\\\/como-se-pesa-o-talento-dos-poetas-uma-antologia-da-critica-literaria-seculo-iv-a-c-seculo-xxi-volume-2\\\/\",\"url\":\"https:\\\/\\\/ponteseditores.com.br\\\/loja3\\\/pontes-editores-home-2__trashed\\\/lancamento\\\/como-se-pesa-o-talento-dos-poetas-uma-antologia-da-critica-literaria-seculo-iv-a-c-seculo-xxi-volume-2\\\/\",\"name\":\"Como se pesa o talento dos poetas: uma antologia da cr\u00edtica liter\u00e1ria (S\u00e9culo IV A.C. \u2013 S\u00e9culo XXI) - Volume 2 - Pontes Editores\",\"isPartOf\":{\"@id\":\"https:\\\/\\\/ponteseditores.com.br\\\/loja3\\\/#website\"},\"primaryImageOfPage\":{\"@id\":\"https:\\\/\\\/ponteseditores.com.br\\\/loja3\\\/pontes-editores-home-2__trashed\\\/lancamento\\\/como-se-pesa-o-talento-dos-poetas-uma-antologia-da-critica-literaria-seculo-iv-a-c-seculo-xxi-volume-2\\\/#primaryimage\"},\"image\":{\"@id\":\"https:\\\/\\\/ponteseditores.com.br\\\/loja3\\\/pontes-editores-home-2__trashed\\\/lancamento\\\/como-se-pesa-o-talento-dos-poetas-uma-antologia-da-critica-literaria-seculo-iv-a-c-seculo-xxi-volume-2\\\/#primaryimage\"},\"thumbnailUrl\":\"https:\\\/\\\/ponteseditores.com.br\\\/loja3\\\/wp-content\\\/uploads\\\/2024\\\/06\\\/Capa_Como_se_Pesa_2.jpg\",\"datePublished\":\"2024-06-21T19:48:49+00:00\",\"breadcrumb\":{\"@id\":\"https:\\\/\\\/ponteseditores.com.br\\\/loja3\\\/pontes-editores-home-2__trashed\\\/lancamento\\\/como-se-pesa-o-talento-dos-poetas-uma-antologia-da-critica-literaria-seculo-iv-a-c-seculo-xxi-volume-2\\\/#breadcrumb\"},\"inLanguage\":\"pt-BR\",\"potentialAction\":[{\"@type\":\"ReadAction\",\"target\":[\"https:\\\/\\\/ponteseditores.com.br\\\/loja3\\\/pontes-editores-home-2__trashed\\\/lancamento\\\/como-se-pesa-o-talento-dos-poetas-uma-antologia-da-critica-literaria-seculo-iv-a-c-seculo-xxi-volume-2\\\/\"]}]},{\"@type\":\"ImageObject\",\"inLanguage\":\"pt-BR\",\"@id\":\"https:\\\/\\\/ponteseditores.com.br\\\/loja3\\\/pontes-editores-home-2__trashed\\\/lancamento\\\/como-se-pesa-o-talento-dos-poetas-uma-antologia-da-critica-literaria-seculo-iv-a-c-seculo-xxi-volume-2\\\/#primaryimage\",\"url\":\"https:\\\/\\\/ponteseditores.com.br\\\/loja3\\\/wp-content\\\/uploads\\\/2024\\\/06\\\/Capa_Como_se_Pesa_2.jpg\",\"contentUrl\":\"https:\\\/\\\/ponteseditores.com.br\\\/loja3\\\/wp-content\\\/uploads\\\/2024\\\/06\\\/Capa_Como_se_Pesa_2.jpg\",\"width\":1728,\"height\":2443},{\"@type\":\"BreadcrumbList\",\"@id\":\"https:\\\/\\\/ponteseditores.com.br\\\/loja3\\\/pontes-editores-home-2__trashed\\\/lancamento\\\/como-se-pesa-o-talento-dos-poetas-uma-antologia-da-critica-literaria-seculo-iv-a-c-seculo-xxi-volume-2\\\/#breadcrumb\",\"itemListElement\":[{\"@type\":\"ListItem\",\"position\":1,\"name\":\"Home\",\"item\":\"https:\\\/\\\/ponteseditores.com.br\\\/loja3\\\/\"},{\"@type\":\"ListItem\",\"position\":2,\"name\":\"loja\",\"item\":\"https:\\\/\\\/ponteseditores.com.br\\\/loja3\\\/loja\\\/\"},{\"@type\":\"ListItem\",\"position\":3,\"name\":\"Como se pesa o talento dos poetas: uma antologia da cr\u00edtica liter\u00e1ria (S\u00e9culo IV A.C. \u2013 S\u00e9culo XXI) &#8211; Volume 2\"}]},{\"@type\":\"WebSite\",\"@id\":\"https:\\\/\\\/ponteseditores.com.br\\\/loja3\\\/#website\",\"url\":\"https:\\\/\\\/ponteseditores.com.br\\\/loja3\\\/\",\"name\":\"Pontes Editores\",\"description\":\"Pontes Editores\",\"publisher\":{\"@id\":\"https:\\\/\\\/ponteseditores.com.br\\\/loja3\\\/#organization\"},\"potentialAction\":[{\"@type\":\"SearchAction\",\"target\":{\"@type\":\"EntryPoint\",\"urlTemplate\":\"https:\\\/\\\/ponteseditores.com.br\\\/loja3\\\/?s={search_term_string}\"},\"query-input\":{\"@type\":\"PropertyValueSpecification\",\"valueRequired\":true,\"valueName\":\"search_term_string\"}}],\"inLanguage\":\"pt-BR\"},{\"@type\":\"Organization\",\"@id\":\"https:\\\/\\\/ponteseditores.com.br\\\/loja3\\\/#organization\",\"name\":\"Pontes Editores\",\"url\":\"https:\\\/\\\/ponteseditores.com.br\\\/loja3\\\/\",\"logo\":{\"@type\":\"ImageObject\",\"inLanguage\":\"pt-BR\",\"@id\":\"https:\\\/\\\/ponteseditores.com.br\\\/loja3\\\/#\\\/schema\\\/logo\\\/image\\\/\",\"url\":\"https:\\\/\\\/ponteseditores.com.br\\\/loja3\\\/wp-content\\\/uploads\\\/2023\\\/12\\\/logo-pontes-editores-v2.png\",\"contentUrl\":\"https:\\\/\\\/ponteseditores.com.br\\\/loja3\\\/wp-content\\\/uploads\\\/2023\\\/12\\\/logo-pontes-editores-v2.png\",\"width\":258,\"height\":100,\"caption\":\"Pontes Editores\"},\"image\":{\"@id\":\"https:\\\/\\\/ponteseditores.com.br\\\/loja3\\\/#\\\/schema\\\/logo\\\/image\\\/\"}}]}<\/script>\n<!-- \/ Yoast SEO plugin. -->","yoast_head_json":{"title":"Como se pesa o talento dos poetas: uma antologia da cr\u00edtica liter\u00e1ria (S\u00e9culo IV A.C. \u2013 S\u00e9culo XXI) - Volume 2 - Pontes Editores","robots":{"index":"index","follow":"follow","max-snippet":"max-snippet:-1","max-image-preview":"max-image-preview:large","max-video-preview":"max-video-preview:-1"},"canonical":"https:\/\/ponteseditores.com.br\/loja3\/pontes-editores-home-2__trashed\/lancamento\/como-se-pesa-o-talento-dos-poetas-uma-antologia-da-critica-literaria-seculo-iv-a-c-seculo-xxi-volume-2\/","og_locale":"pt_BR","og_type":"article","og_title":"Como se pesa o talento dos poetas: uma antologia da cr\u00edtica liter\u00e1ria (S\u00e9culo IV A.C. \u2013 S\u00e9culo XXI) - Volume 2 - Pontes Editores","og_description":"Coment\u00e1rios, glosas e an\u00e1lises de composi\u00e7\u00f5es liter\u00e1rias, com o prop\u00f3sito final de formular-se um ju\u00edzo de valor, impl\u00edcito ou expl\u00edcito, remontam \u00e0 pr\u00e1tica de fil\u00f3sofos, retores, gram\u00e1ticos e fil\u00f3logos antigos. O termo cr\u00edtica generalizou-se para designar essa pr\u00e1tica, e um dos seus primeiros empregos documentados com esse sentido encontra-se em Dion\u00edsio Tr\u00e1cio (s\u00e9culo II-I a.C.), [&hellip;]","og_url":"https:\/\/ponteseditores.com.br\/loja3\/pontes-editores-home-2__trashed\/lancamento\/como-se-pesa-o-talento-dos-poetas-uma-antologia-da-critica-literaria-seculo-iv-a-c-seculo-xxi-volume-2\/","og_site_name":"Pontes Editores","og_image":[{"width":1728,"height":2443,"url":"https:\/\/ponteseditores.com.br\/loja3\/wp-content\/uploads\/2024\/06\/Capa_Como_se_Pesa_2.jpg","type":"image\/jpeg"}],"twitter_card":"summary_large_image","twitter_misc":{"Est. tempo de leitura":"2 minutos"},"schema":{"@context":"https:\/\/schema.org","@graph":[{"@type":"WebPage","@id":"https:\/\/ponteseditores.com.br\/loja3\/pontes-editores-home-2__trashed\/lancamento\/como-se-pesa-o-talento-dos-poetas-uma-antologia-da-critica-literaria-seculo-iv-a-c-seculo-xxi-volume-2\/","url":"https:\/\/ponteseditores.com.br\/loja3\/pontes-editores-home-2__trashed\/lancamento\/como-se-pesa-o-talento-dos-poetas-uma-antologia-da-critica-literaria-seculo-iv-a-c-seculo-xxi-volume-2\/","name":"Como se pesa o talento dos poetas: uma antologia da cr\u00edtica liter\u00e1ria (S\u00e9culo IV A.C. \u2013 S\u00e9culo XXI) - Volume 2 - Pontes Editores","isPartOf":{"@id":"https:\/\/ponteseditores.com.br\/loja3\/#website"},"primaryImageOfPage":{"@id":"https:\/\/ponteseditores.com.br\/loja3\/pontes-editores-home-2__trashed\/lancamento\/como-se-pesa-o-talento-dos-poetas-uma-antologia-da-critica-literaria-seculo-iv-a-c-seculo-xxi-volume-2\/#primaryimage"},"image":{"@id":"https:\/\/ponteseditores.com.br\/loja3\/pontes-editores-home-2__trashed\/lancamento\/como-se-pesa-o-talento-dos-poetas-uma-antologia-da-critica-literaria-seculo-iv-a-c-seculo-xxi-volume-2\/#primaryimage"},"thumbnailUrl":"https:\/\/ponteseditores.com.br\/loja3\/wp-content\/uploads\/2024\/06\/Capa_Como_se_Pesa_2.jpg","datePublished":"2024-06-21T19:48:49+00:00","breadcrumb":{"@id":"https:\/\/ponteseditores.com.br\/loja3\/pontes-editores-home-2__trashed\/lancamento\/como-se-pesa-o-talento-dos-poetas-uma-antologia-da-critica-literaria-seculo-iv-a-c-seculo-xxi-volume-2\/#breadcrumb"},"inLanguage":"pt-BR","potentialAction":[{"@type":"ReadAction","target":["https:\/\/ponteseditores.com.br\/loja3\/pontes-editores-home-2__trashed\/lancamento\/como-se-pesa-o-talento-dos-poetas-uma-antologia-da-critica-literaria-seculo-iv-a-c-seculo-xxi-volume-2\/"]}]},{"@type":"ImageObject","inLanguage":"pt-BR","@id":"https:\/\/ponteseditores.com.br\/loja3\/pontes-editores-home-2__trashed\/lancamento\/como-se-pesa-o-talento-dos-poetas-uma-antologia-da-critica-literaria-seculo-iv-a-c-seculo-xxi-volume-2\/#primaryimage","url":"https:\/\/ponteseditores.com.br\/loja3\/wp-content\/uploads\/2024\/06\/Capa_Como_se_Pesa_2.jpg","contentUrl":"https:\/\/ponteseditores.com.br\/loja3\/wp-content\/uploads\/2024\/06\/Capa_Como_se_Pesa_2.jpg","width":1728,"height":2443},{"@type":"BreadcrumbList","@id":"https:\/\/ponteseditores.com.br\/loja3\/pontes-editores-home-2__trashed\/lancamento\/como-se-pesa-o-talento-dos-poetas-uma-antologia-da-critica-literaria-seculo-iv-a-c-seculo-xxi-volume-2\/#breadcrumb","itemListElement":[{"@type":"ListItem","position":1,"name":"Home","item":"https:\/\/ponteseditores.com.br\/loja3\/"},{"@type":"ListItem","position":2,"name":"loja","item":"https:\/\/ponteseditores.com.br\/loja3\/loja\/"},{"@type":"ListItem","position":3,"name":"Como se pesa o talento dos poetas: uma antologia da cr\u00edtica liter\u00e1ria (S\u00e9culo IV A.C. \u2013 S\u00e9culo XXI) &#8211; Volume 2"}]},{"@type":"WebSite","@id":"https:\/\/ponteseditores.com.br\/loja3\/#website","url":"https:\/\/ponteseditores.com.br\/loja3\/","name":"Pontes Editores","description":"Pontes Editores","publisher":{"@id":"https:\/\/ponteseditores.com.br\/loja3\/#organization"},"potentialAction":[{"@type":"SearchAction","target":{"@type":"EntryPoint","urlTemplate":"https:\/\/ponteseditores.com.br\/loja3\/?s={search_term_string}"},"query-input":{"@type":"PropertyValueSpecification","valueRequired":true,"valueName":"search_term_string"}}],"inLanguage":"pt-BR"},{"@type":"Organization","@id":"https:\/\/ponteseditores.com.br\/loja3\/#organization","name":"Pontes Editores","url":"https:\/\/ponteseditores.com.br\/loja3\/","logo":{"@type":"ImageObject","inLanguage":"pt-BR","@id":"https:\/\/ponteseditores.com.br\/loja3\/#\/schema\/logo\/image\/","url":"https:\/\/ponteseditores.com.br\/loja3\/wp-content\/uploads\/2023\/12\/logo-pontes-editores-v2.png","contentUrl":"https:\/\/ponteseditores.com.br\/loja3\/wp-content\/uploads\/2023\/12\/logo-pontes-editores-v2.png","width":258,"height":100,"caption":"Pontes Editores"},"image":{"@id":"https:\/\/ponteseditores.com.br\/loja3\/#\/schema\/logo\/image\/"}}]}},"_links":{"self":[{"href":"https:\/\/ponteseditores.com.br\/loja3\/wp-json\/wp\/v2\/product\/13372","targetHints":{"allow":["GET"]}}],"collection":[{"href":"https:\/\/ponteseditores.com.br\/loja3\/wp-json\/wp\/v2\/product"}],"about":[{"href":"https:\/\/ponteseditores.com.br\/loja3\/wp-json\/wp\/v2\/types\/product"}],"replies":[{"embeddable":true,"href":"https:\/\/ponteseditores.com.br\/loja3\/wp-json\/wp\/v2\/comments?post=13372"}],"version-history":[{"count":1,"href":"https:\/\/ponteseditores.com.br\/loja3\/wp-json\/wp\/v2\/product\/13372\/revisions"}],"predecessor-version":[{"id":13374,"href":"https:\/\/ponteseditores.com.br\/loja3\/wp-json\/wp\/v2\/product\/13372\/revisions\/13374"}],"wp:featuredmedia":[{"embeddable":true,"href":"https:\/\/ponteseditores.com.br\/loja3\/wp-json\/wp\/v2\/media\/13373"}],"wp:attachment":[{"href":"https:\/\/ponteseditores.com.br\/loja3\/wp-json\/wp\/v2\/media?parent=13372"}],"wp:term":[{"taxonomy":"product_brand","embeddable":true,"href":"https:\/\/ponteseditores.com.br\/loja3\/wp-json\/wp\/v2\/product_brand?post=13372"},{"taxonomy":"product_cat","embeddable":true,"href":"https:\/\/ponteseditores.com.br\/loja3\/wp-json\/wp\/v2\/product_cat?post=13372"},{"taxonomy":"product_tag","embeddable":true,"href":"https:\/\/ponteseditores.com.br\/loja3\/wp-json\/wp\/v2\/product_tag?post=13372"}],"curies":[{"name":"wp","href":"https:\/\/api.w.org\/{rel}","templated":true}]}}