{"id":13262,"date":"2024-06-19T16:38:35","date_gmt":"2024-06-19T19:38:35","guid":{"rendered":"https:\/\/ponteseditores.com.br\/loja3\/?post_type=product&#038;p=13262"},"modified":"2024-10-08T11:29:06","modified_gmt":"2024-10-08T14:29:06","slug":"os-estudos-de-linguagem-aplicados-a-educacao-de-jovens-e-adultos-teoria-e-pratica-na-sala-de-aula","status":"publish","type":"product","link":"https:\/\/ponteseditores.com.br\/loja3\/pontes-editores-home-2__trashed\/ebook\/lancamento-e-book\/os-estudos-de-linguagem-aplicados-a-educacao-de-jovens-e-adultos-teoria-e-pratica-na-sala-de-aula\/","title":{"rendered":"Os estudos de linguagem aplicados \u00e0 Educa\u00e7\u00e3o de Jovens e Adultos: teoria e pr\u00e1tica na sala de aula"},"content":{"rendered":"<p><em>Os estudos da linguagem aplicados \u00e0 Educa\u00e7\u00e3o de Jovens e Adultos: teoria e pr\u00e1tica na sala de aula<\/em> \u00e9 uma obra em que se discute a problem\u00e1tica do ensino de texto e gram\u00e1tica na Educa\u00e7\u00e3o de Jovens e Adultos. O livro \u00e9 composto por nove cap\u00edtulos, escritos por sete docentes do setor de L\u00edngua Portuguesa da Universidade Federal Fluminense, os quais apresentam discuss\u00f5es te\u00f3ricas e pr\u00e1ticas sobre alguns conte\u00fados program\u00e1ticos previstos na disciplina de L\u00edngua Portuguesa ao longo da educa\u00e7\u00e3o b\u00e1sica: leitura e compreens\u00e3o de texto, produ\u00e7\u00e3o textual, an\u00e1lise lingu\u00edstica por meio de aspectos gramaticais como vozes verbais, concord\u00e2ncia, ambiguidade estrutural, fun\u00e7\u00f5es sint\u00e1ticas. A obra segue as diretrizes da Base Nacional Comum Curricular, al\u00e9m de abordar aspectos como multiletramentos e metodologias ativas.<\/p>\n<p>O livro \u00e9 o produto de duas a\u00e7\u00f5es realizadas a partir de uma parceria entre a Universidade Federal Fluminense e a Funda\u00e7\u00e3o Roberto Marinho, que transcorreram ao longo de 2023: o projeto de extens\u00e3o \u201cForma\u00e7\u00e3o continuada de professores de L\u00edngua Portuguesa na Educa\u00e7\u00e3o de Jovens e Adultos: distintos arcabou\u00e7os te\u00f3ricos na sala de aula\u201d e o projeto de ensino do Programa de Licenciatura \u201cO ensino de gram\u00e1tica na Educa\u00e7\u00e3o de Jovens e Adultos: di\u00e1logos entre teoria e pr\u00e1tica\u201d. A fim de desenvolv\u00ea-los, todos os autores desta obra ofereceram um curso de extens\u00e3o h\u00edbrido (presencial e on-line) e tr\u00eas discentes bolsistas dos referidos projetos ministraram aulas nas escolas da Funda\u00e7\u00e3o Roberto Marinho. Tais experi\u00eancias foram fundamentais para as reflex\u00f5es pr\u00e1ticas apresentadas na obra.<\/p>\n<p>Em face das in\u00fameras realidades sociais e pedag\u00f3gicas que cercam a comunidade escolar, os pesquisadores e as pesquisadoras buscam apresentar variados pressupostos te\u00f3ricos a fim de que sejam oferecidos instrumentos aos professores para suas pr\u00e1ticas na sala de aula. Objetiva-se, assim, contribuir para a melhoria da pr\u00e1tica docente e, por consequ\u00eancia, auxiliar o processo de ensino-aprendizagem do corpo discente pertencente \u00e0 Educa\u00e7\u00e3o de Jovens e Adultos.<\/p>\n","protected":false},"excerpt":{"rendered":"<p>Os estudos da linguagem aplicados \u00e0 Educa\u00e7\u00e3o de Jovens e Adultos: teoria e pr\u00e1tica na sala de aula \u00e9 uma obra em que se discute a problem\u00e1tica do ensino de texto e gram\u00e1tica na Educa\u00e7\u00e3o de Jovens e Adultos. O livro \u00e9 composto por nove cap\u00edtulos, escritos por sete docentes do setor de L\u00edngua Portuguesa [&hellip;]<\/p>\n","protected":false},"featured_media":13264,"comment_status":"open","ping_status":"closed","template":"","meta":{"_joinchat":[]},"product_brand":[],"product_cat":[165,97,108,386],"product_tag":[],"class_list":{"0":"post-13262","1":"product","2":"type-product","3":"status-publish","4":"has-post-thumbnail","6":"product_cat-ebook","7":"product_cat-educacao","8":"product_cat-formacao-de-professores","9":"product_cat-lancamento-e-book","10":"product_shipping_class-download","12":"first","13":"instock","14":"downloadable","15":"virtual","16":"purchasable","17":"product-type-simple"},"yoast_head":"<!-- This site is optimized with the Yoast SEO plugin v27.4 - https:\/\/yoast.com\/product\/yoast-seo-wordpress\/ -->\n<title>Os estudos de linguagem aplicados \u00e0 Educa\u00e7\u00e3o de Jovens e Adultos: teoria e pr\u00e1tica na sala de aula - Pontes Editores<\/title>\n<meta name=\"robots\" content=\"index, follow, max-snippet:-1, max-image-preview:large, max-video-preview:-1\" \/>\n<link rel=\"canonical\" href=\"https:\/\/ponteseditores.com.br\/loja3\/pontes-editores-home-2__trashed\/ebook\/lancamento-e-book\/os-estudos-de-linguagem-aplicados-a-educacao-de-jovens-e-adultos-teoria-e-pratica-na-sala-de-aula\/\" \/>\n<meta property=\"og:locale\" content=\"pt_BR\" \/>\n<meta property=\"og:type\" content=\"article\" \/>\n<meta property=\"og:title\" content=\"Os estudos de linguagem aplicados \u00e0 Educa\u00e7\u00e3o de Jovens e Adultos: teoria e pr\u00e1tica na sala de aula - Pontes Editores\" \/>\n<meta property=\"og:description\" content=\"Os estudos da linguagem aplicados \u00e0 Educa\u00e7\u00e3o de Jovens e Adultos: teoria e pr\u00e1tica na sala de aula \u00e9 uma obra em que se discute a problem\u00e1tica do ensino de texto e gram\u00e1tica na Educa\u00e7\u00e3o de Jovens e Adultos. O livro \u00e9 composto por nove cap\u00edtulos, escritos por sete docentes do setor de L\u00edngua Portuguesa [&hellip;]\" \/>\n<meta property=\"og:url\" content=\"https:\/\/ponteseditores.com.br\/loja3\/pontes-editores-home-2__trashed\/ebook\/lancamento-e-book\/os-estudos-de-linguagem-aplicados-a-educacao-de-jovens-e-adultos-teoria-e-pratica-na-sala-de-aula\/\" \/>\n<meta property=\"og:site_name\" content=\"Pontes Editores\" \/>\n<meta property=\"article:modified_time\" content=\"2024-10-08T14:29:06+00:00\" \/>\n<meta property=\"og:image\" content=\"https:\/\/ponteseditores.com.br\/loja3\/wp-content\/uploads\/2024\/06\/Capa_Estudos_de_Linguagem.jpg\" \/>\n\t<meta property=\"og:image:width\" content=\"1728\" \/>\n\t<meta property=\"og:image:height\" content=\"2443\" \/>\n\t<meta property=\"og:image:type\" content=\"image\/jpeg\" \/>\n<meta name=\"twitter:card\" content=\"summary_large_image\" \/>\n<meta name=\"twitter:label1\" content=\"Est. tempo de leitura\" \/>\n\t<meta name=\"twitter:data1\" content=\"2 minutos\" \/>\n<script type=\"application\/ld+json\" class=\"yoast-schema-graph\">{\"@context\":\"https:\\\/\\\/schema.org\",\"@graph\":[{\"@type\":\"WebPage\",\"@id\":\"https:\\\/\\\/ponteseditores.com.br\\\/loja3\\\/pontes-editores-home-2__trashed\\\/ebook\\\/lancamento-e-book\\\/os-estudos-de-linguagem-aplicados-a-educacao-de-jovens-e-adultos-teoria-e-pratica-na-sala-de-aula\\\/\",\"url\":\"https:\\\/\\\/ponteseditores.com.br\\\/loja3\\\/pontes-editores-home-2__trashed\\\/ebook\\\/lancamento-e-book\\\/os-estudos-de-linguagem-aplicados-a-educacao-de-jovens-e-adultos-teoria-e-pratica-na-sala-de-aula\\\/\",\"name\":\"Os estudos de linguagem aplicados \u00e0 Educa\u00e7\u00e3o de Jovens e Adultos: teoria e pr\u00e1tica na sala de aula - Pontes Editores\",\"isPartOf\":{\"@id\":\"https:\\\/\\\/ponteseditores.com.br\\\/loja3\\\/#website\"},\"primaryImageOfPage\":{\"@id\":\"https:\\\/\\\/ponteseditores.com.br\\\/loja3\\\/pontes-editores-home-2__trashed\\\/ebook\\\/lancamento-e-book\\\/os-estudos-de-linguagem-aplicados-a-educacao-de-jovens-e-adultos-teoria-e-pratica-na-sala-de-aula\\\/#primaryimage\"},\"image\":{\"@id\":\"https:\\\/\\\/ponteseditores.com.br\\\/loja3\\\/pontes-editores-home-2__trashed\\\/ebook\\\/lancamento-e-book\\\/os-estudos-de-linguagem-aplicados-a-educacao-de-jovens-e-adultos-teoria-e-pratica-na-sala-de-aula\\\/#primaryimage\"},\"thumbnailUrl\":\"https:\\\/\\\/ponteseditores.com.br\\\/loja3\\\/wp-content\\\/uploads\\\/2024\\\/06\\\/Capa_Estudos_de_Linguagem.jpg\",\"datePublished\":\"2024-06-19T19:38:35+00:00\",\"dateModified\":\"2024-10-08T14:29:06+00:00\",\"breadcrumb\":{\"@id\":\"https:\\\/\\\/ponteseditores.com.br\\\/loja3\\\/pontes-editores-home-2__trashed\\\/ebook\\\/lancamento-e-book\\\/os-estudos-de-linguagem-aplicados-a-educacao-de-jovens-e-adultos-teoria-e-pratica-na-sala-de-aula\\\/#breadcrumb\"},\"inLanguage\":\"pt-BR\",\"potentialAction\":[{\"@type\":\"ReadAction\",\"target\":[\"https:\\\/\\\/ponteseditores.com.br\\\/loja3\\\/pontes-editores-home-2__trashed\\\/ebook\\\/lancamento-e-book\\\/os-estudos-de-linguagem-aplicados-a-educacao-de-jovens-e-adultos-teoria-e-pratica-na-sala-de-aula\\\/\"]}]},{\"@type\":\"ImageObject\",\"inLanguage\":\"pt-BR\",\"@id\":\"https:\\\/\\\/ponteseditores.com.br\\\/loja3\\\/pontes-editores-home-2__trashed\\\/ebook\\\/lancamento-e-book\\\/os-estudos-de-linguagem-aplicados-a-educacao-de-jovens-e-adultos-teoria-e-pratica-na-sala-de-aula\\\/#primaryimage\",\"url\":\"https:\\\/\\\/ponteseditores.com.br\\\/loja3\\\/wp-content\\\/uploads\\\/2024\\\/06\\\/Capa_Estudos_de_Linguagem.jpg\",\"contentUrl\":\"https:\\\/\\\/ponteseditores.com.br\\\/loja3\\\/wp-content\\\/uploads\\\/2024\\\/06\\\/Capa_Estudos_de_Linguagem.jpg\",\"width\":1728,\"height\":2443},{\"@type\":\"BreadcrumbList\",\"@id\":\"https:\\\/\\\/ponteseditores.com.br\\\/loja3\\\/pontes-editores-home-2__trashed\\\/ebook\\\/lancamento-e-book\\\/os-estudos-de-linguagem-aplicados-a-educacao-de-jovens-e-adultos-teoria-e-pratica-na-sala-de-aula\\\/#breadcrumb\",\"itemListElement\":[{\"@type\":\"ListItem\",\"position\":1,\"name\":\"Home\",\"item\":\"https:\\\/\\\/ponteseditores.com.br\\\/loja3\\\/\"},{\"@type\":\"ListItem\",\"position\":2,\"name\":\"loja\",\"item\":\"https:\\\/\\\/ponteseditores.com.br\\\/loja3\\\/loja\\\/\"},{\"@type\":\"ListItem\",\"position\":3,\"name\":\"Os estudos de linguagem aplicados \u00e0 Educa\u00e7\u00e3o de Jovens e Adultos: teoria e pr\u00e1tica na sala de aula\"}]},{\"@type\":\"WebSite\",\"@id\":\"https:\\\/\\\/ponteseditores.com.br\\\/loja3\\\/#website\",\"url\":\"https:\\\/\\\/ponteseditores.com.br\\\/loja3\\\/\",\"name\":\"Pontes Editores\",\"description\":\"Pontes Editores\",\"publisher\":{\"@id\":\"https:\\\/\\\/ponteseditores.com.br\\\/loja3\\\/#organization\"},\"potentialAction\":[{\"@type\":\"SearchAction\",\"target\":{\"@type\":\"EntryPoint\",\"urlTemplate\":\"https:\\\/\\\/ponteseditores.com.br\\\/loja3\\\/?s={search_term_string}\"},\"query-input\":{\"@type\":\"PropertyValueSpecification\",\"valueRequired\":true,\"valueName\":\"search_term_string\"}}],\"inLanguage\":\"pt-BR\"},{\"@type\":\"Organization\",\"@id\":\"https:\\\/\\\/ponteseditores.com.br\\\/loja3\\\/#organization\",\"name\":\"Pontes Editores\",\"url\":\"https:\\\/\\\/ponteseditores.com.br\\\/loja3\\\/\",\"logo\":{\"@type\":\"ImageObject\",\"inLanguage\":\"pt-BR\",\"@id\":\"https:\\\/\\\/ponteseditores.com.br\\\/loja3\\\/#\\\/schema\\\/logo\\\/image\\\/\",\"url\":\"https:\\\/\\\/ponteseditores.com.br\\\/loja3\\\/wp-content\\\/uploads\\\/2023\\\/12\\\/logo-pontes-editores-v2.png\",\"contentUrl\":\"https:\\\/\\\/ponteseditores.com.br\\\/loja3\\\/wp-content\\\/uploads\\\/2023\\\/12\\\/logo-pontes-editores-v2.png\",\"width\":258,\"height\":100,\"caption\":\"Pontes Editores\"},\"image\":{\"@id\":\"https:\\\/\\\/ponteseditores.com.br\\\/loja3\\\/#\\\/schema\\\/logo\\\/image\\\/\"}}]}<\/script>\n<!-- \/ Yoast SEO plugin. -->","yoast_head_json":{"title":"Os estudos de linguagem aplicados \u00e0 Educa\u00e7\u00e3o de Jovens e Adultos: teoria e pr\u00e1tica na sala de aula - Pontes Editores","robots":{"index":"index","follow":"follow","max-snippet":"max-snippet:-1","max-image-preview":"max-image-preview:large","max-video-preview":"max-video-preview:-1"},"canonical":"https:\/\/ponteseditores.com.br\/loja3\/pontes-editores-home-2__trashed\/ebook\/lancamento-e-book\/os-estudos-de-linguagem-aplicados-a-educacao-de-jovens-e-adultos-teoria-e-pratica-na-sala-de-aula\/","og_locale":"pt_BR","og_type":"article","og_title":"Os estudos de linguagem aplicados \u00e0 Educa\u00e7\u00e3o de Jovens e Adultos: teoria e pr\u00e1tica na sala de aula - Pontes Editores","og_description":"Os estudos da linguagem aplicados \u00e0 Educa\u00e7\u00e3o de Jovens e Adultos: teoria e pr\u00e1tica na sala de aula \u00e9 uma obra em que se discute a problem\u00e1tica do ensino de texto e gram\u00e1tica na Educa\u00e7\u00e3o de Jovens e Adultos. O livro \u00e9 composto por nove cap\u00edtulos, escritos por sete docentes do setor de L\u00edngua Portuguesa [&hellip;]","og_url":"https:\/\/ponteseditores.com.br\/loja3\/pontes-editores-home-2__trashed\/ebook\/lancamento-e-book\/os-estudos-de-linguagem-aplicados-a-educacao-de-jovens-e-adultos-teoria-e-pratica-na-sala-de-aula\/","og_site_name":"Pontes Editores","article_modified_time":"2024-10-08T14:29:06+00:00","og_image":[{"width":1728,"height":2443,"url":"https:\/\/ponteseditores.com.br\/loja3\/wp-content\/uploads\/2024\/06\/Capa_Estudos_de_Linguagem.jpg","type":"image\/jpeg"}],"twitter_card":"summary_large_image","twitter_misc":{"Est. tempo de leitura":"2 minutos"},"schema":{"@context":"https:\/\/schema.org","@graph":[{"@type":"WebPage","@id":"https:\/\/ponteseditores.com.br\/loja3\/pontes-editores-home-2__trashed\/ebook\/lancamento-e-book\/os-estudos-de-linguagem-aplicados-a-educacao-de-jovens-e-adultos-teoria-e-pratica-na-sala-de-aula\/","url":"https:\/\/ponteseditores.com.br\/loja3\/pontes-editores-home-2__trashed\/ebook\/lancamento-e-book\/os-estudos-de-linguagem-aplicados-a-educacao-de-jovens-e-adultos-teoria-e-pratica-na-sala-de-aula\/","name":"Os estudos de linguagem aplicados \u00e0 Educa\u00e7\u00e3o de Jovens e Adultos: teoria e pr\u00e1tica na sala de aula - Pontes Editores","isPartOf":{"@id":"https:\/\/ponteseditores.com.br\/loja3\/#website"},"primaryImageOfPage":{"@id":"https:\/\/ponteseditores.com.br\/loja3\/pontes-editores-home-2__trashed\/ebook\/lancamento-e-book\/os-estudos-de-linguagem-aplicados-a-educacao-de-jovens-e-adultos-teoria-e-pratica-na-sala-de-aula\/#primaryimage"},"image":{"@id":"https:\/\/ponteseditores.com.br\/loja3\/pontes-editores-home-2__trashed\/ebook\/lancamento-e-book\/os-estudos-de-linguagem-aplicados-a-educacao-de-jovens-e-adultos-teoria-e-pratica-na-sala-de-aula\/#primaryimage"},"thumbnailUrl":"https:\/\/ponteseditores.com.br\/loja3\/wp-content\/uploads\/2024\/06\/Capa_Estudos_de_Linguagem.jpg","datePublished":"2024-06-19T19:38:35+00:00","dateModified":"2024-10-08T14:29:06+00:00","breadcrumb":{"@id":"https:\/\/ponteseditores.com.br\/loja3\/pontes-editores-home-2__trashed\/ebook\/lancamento-e-book\/os-estudos-de-linguagem-aplicados-a-educacao-de-jovens-e-adultos-teoria-e-pratica-na-sala-de-aula\/#breadcrumb"},"inLanguage":"pt-BR","potentialAction":[{"@type":"ReadAction","target":["https:\/\/ponteseditores.com.br\/loja3\/pontes-editores-home-2__trashed\/ebook\/lancamento-e-book\/os-estudos-de-linguagem-aplicados-a-educacao-de-jovens-e-adultos-teoria-e-pratica-na-sala-de-aula\/"]}]},{"@type":"ImageObject","inLanguage":"pt-BR","@id":"https:\/\/ponteseditores.com.br\/loja3\/pontes-editores-home-2__trashed\/ebook\/lancamento-e-book\/os-estudos-de-linguagem-aplicados-a-educacao-de-jovens-e-adultos-teoria-e-pratica-na-sala-de-aula\/#primaryimage","url":"https:\/\/ponteseditores.com.br\/loja3\/wp-content\/uploads\/2024\/06\/Capa_Estudos_de_Linguagem.jpg","contentUrl":"https:\/\/ponteseditores.com.br\/loja3\/wp-content\/uploads\/2024\/06\/Capa_Estudos_de_Linguagem.jpg","width":1728,"height":2443},{"@type":"BreadcrumbList","@id":"https:\/\/ponteseditores.com.br\/loja3\/pontes-editores-home-2__trashed\/ebook\/lancamento-e-book\/os-estudos-de-linguagem-aplicados-a-educacao-de-jovens-e-adultos-teoria-e-pratica-na-sala-de-aula\/#breadcrumb","itemListElement":[{"@type":"ListItem","position":1,"name":"Home","item":"https:\/\/ponteseditores.com.br\/loja3\/"},{"@type":"ListItem","position":2,"name":"loja","item":"https:\/\/ponteseditores.com.br\/loja3\/loja\/"},{"@type":"ListItem","position":3,"name":"Os estudos de linguagem aplicados \u00e0 Educa\u00e7\u00e3o de Jovens e Adultos: teoria e pr\u00e1tica na sala de aula"}]},{"@type":"WebSite","@id":"https:\/\/ponteseditores.com.br\/loja3\/#website","url":"https:\/\/ponteseditores.com.br\/loja3\/","name":"Pontes Editores","description":"Pontes Editores","publisher":{"@id":"https:\/\/ponteseditores.com.br\/loja3\/#organization"},"potentialAction":[{"@type":"SearchAction","target":{"@type":"EntryPoint","urlTemplate":"https:\/\/ponteseditores.com.br\/loja3\/?s={search_term_string}"},"query-input":{"@type":"PropertyValueSpecification","valueRequired":true,"valueName":"search_term_string"}}],"inLanguage":"pt-BR"},{"@type":"Organization","@id":"https:\/\/ponteseditores.com.br\/loja3\/#organization","name":"Pontes Editores","url":"https:\/\/ponteseditores.com.br\/loja3\/","logo":{"@type":"ImageObject","inLanguage":"pt-BR","@id":"https:\/\/ponteseditores.com.br\/loja3\/#\/schema\/logo\/image\/","url":"https:\/\/ponteseditores.com.br\/loja3\/wp-content\/uploads\/2023\/12\/logo-pontes-editores-v2.png","contentUrl":"https:\/\/ponteseditores.com.br\/loja3\/wp-content\/uploads\/2023\/12\/logo-pontes-editores-v2.png","width":258,"height":100,"caption":"Pontes Editores"},"image":{"@id":"https:\/\/ponteseditores.com.br\/loja3\/#\/schema\/logo\/image\/"}}]}},"_links":{"self":[{"href":"https:\/\/ponteseditores.com.br\/loja3\/wp-json\/wp\/v2\/product\/13262","targetHints":{"allow":["GET"]}}],"collection":[{"href":"https:\/\/ponteseditores.com.br\/loja3\/wp-json\/wp\/v2\/product"}],"about":[{"href":"https:\/\/ponteseditores.com.br\/loja3\/wp-json\/wp\/v2\/types\/product"}],"replies":[{"embeddable":true,"href":"https:\/\/ponteseditores.com.br\/loja3\/wp-json\/wp\/v2\/comments?post=13262"}],"version-history":[{"count":0,"href":"https:\/\/ponteseditores.com.br\/loja3\/wp-json\/wp\/v2\/product\/13262\/revisions"}],"wp:featuredmedia":[{"embeddable":true,"href":"https:\/\/ponteseditores.com.br\/loja3\/wp-json\/wp\/v2\/media\/13264"}],"wp:attachment":[{"href":"https:\/\/ponteseditores.com.br\/loja3\/wp-json\/wp\/v2\/media?parent=13262"}],"wp:term":[{"taxonomy":"product_brand","embeddable":true,"href":"https:\/\/ponteseditores.com.br\/loja3\/wp-json\/wp\/v2\/product_brand?post=13262"},{"taxonomy":"product_cat","embeddable":true,"href":"https:\/\/ponteseditores.com.br\/loja3\/wp-json\/wp\/v2\/product_cat?post=13262"},{"taxonomy":"product_tag","embeddable":true,"href":"https:\/\/ponteseditores.com.br\/loja3\/wp-json\/wp\/v2\/product_tag?post=13262"}],"curies":[{"name":"wp","href":"https:\/\/api.w.org\/{rel}","templated":true}]}}