{"id":1323,"date":"2023-12-08T11:26:59","date_gmt":"2023-12-08T14:26:59","guid":{"rendered":"https:\/\/ponteseditores.com.br\/loja3\/?post_type=product&#038;p=1323"},"modified":"2025-03-11T15:33:47","modified_gmt":"2025-03-11T18:33:47","slug":"transculturalidade-linguagem-e-educacao-dialogos-e-recomecos","status":"publish","type":"product","link":"https:\/\/ponteseditores.com.br\/loja3\/pontes-editores-home-2__trashed\/ebook\/transculturalidade-linguagem-e-educacao-dialogos-e-recomecos\/","title":{"rendered":"Transculturalidade, linguagem e educa\u00e7\u00e3o: di\u00e1logos e (re)come\u00e7os"},"content":{"rendered":"<p><em>Transculturalidade, linguagem e educa\u00e7\u00e3o: dialogos e (re)come\u00e7os<\/em>, organizado por Simone Hashiguti (UNICAMP), Alexandre Cadilhe (UFJF) e Ivani Rodigues (UNICAMI), \u00e9 uma obra que celebra os 20 anos do GT hom\u00f4nimo da ANPOLL. Nesse contexto de tr\u00e2nsitos geracionais, o livro divide-se em duas partes: a primeira \u00e9 constitu\u00edda por entrevistas com linguistas aplicados, membros fundadores GT, como Marilda Cavalcanti, Stella Bortoni-Ricardo, Teca Maher, Lynn Mario Menezes de Souza e Pedro Garcez. A segunda parte \u00e9 composta por artigos autorados pelos pesquisadores seniores a juniores que v\u00eam compondo o GT ao longo desses 20 anos, vinculados a programas de p\u00f3s-gradua\u00e7\u00e3o das grandes \u00e1reas de Letras e Lingu\u00edstica em diferentes regi\u00f5es do pa\u00eds.<\/p>\n<p>Temas como ideologias lingu\u00edsticas, discurso, corporalidades, decolonialidades, educa\u00e7\u00e3o lingu\u00edstica e forma\u00e7\u00e3o de professores, al\u00e9m dos atravessamentos transculturais, est\u00e3o presentes no livro.<\/p>\n","protected":false},"excerpt":{"rendered":"<p>Transculturalidade, linguagem e educa\u00e7\u00e3o: dialogos e (re)come\u00e7os, organizado por Simone Hashiguti (UNICAMP), Alexandre Cadilhe (UFJF) e Ivani Rodigues (UNICAMI), \u00e9 uma obra que celebra os 20 anos do GT hom\u00f4nimo da ANPOLL. Nesse contexto de tr\u00e2nsitos geracionais, o livro divide-se em duas partes: a primeira \u00e9 constitu\u00edda por entrevistas com linguistas aplicados, membros fundadores GT, [&hellip;]<\/p>\n","protected":false},"featured_media":1324,"comment_status":"open","ping_status":"closed","template":"","meta":{"_joinchat":[]},"product_brand":[],"product_cat":[165],"product_tag":[],"class_list":{"0":"post-1323","1":"product","2":"type-product","3":"status-publish","4":"has-post-thumbnail","6":"product_cat-ebook","7":"product_shipping_class-download","9":"first","10":"instock","11":"downloadable","12":"virtual","13":"purchasable","14":"product-type-simple"},"yoast_head":"<!-- This site is optimized with the Yoast SEO plugin v27.4 - https:\/\/yoast.com\/product\/yoast-seo-wordpress\/ -->\n<title>Transculturalidade, linguagem e educa\u00e7\u00e3o: di\u00e1logos e (re)come\u00e7os - Pontes Editores<\/title>\n<meta name=\"robots\" content=\"index, follow, max-snippet:-1, max-image-preview:large, max-video-preview:-1\" \/>\n<link rel=\"canonical\" href=\"https:\/\/ponteseditores.com.br\/loja3\/pontes-editores-home-2__trashed\/ebook\/transculturalidade-linguagem-e-educacao-dialogos-e-recomecos\/\" \/>\n<meta property=\"og:locale\" content=\"pt_BR\" \/>\n<meta property=\"og:type\" content=\"article\" \/>\n<meta property=\"og:title\" content=\"Transculturalidade, linguagem e educa\u00e7\u00e3o: di\u00e1logos e (re)come\u00e7os - Pontes Editores\" \/>\n<meta property=\"og:description\" content=\"Transculturalidade, linguagem e educa\u00e7\u00e3o: dialogos e (re)come\u00e7os, organizado por Simone Hashiguti (UNICAMP), Alexandre Cadilhe (UFJF) e Ivani Rodigues (UNICAMI), \u00e9 uma obra que celebra os 20 anos do GT hom\u00f4nimo da ANPOLL. Nesse contexto de tr\u00e2nsitos geracionais, o livro divide-se em duas partes: a primeira \u00e9 constitu\u00edda por entrevistas com linguistas aplicados, membros fundadores GT, [&hellip;]\" \/>\n<meta property=\"og:url\" content=\"https:\/\/ponteseditores.com.br\/loja3\/pontes-editores-home-2__trashed\/ebook\/transculturalidade-linguagem-e-educacao-dialogos-e-recomecos\/\" \/>\n<meta property=\"og:site_name\" content=\"Pontes Editores\" \/>\n<meta property=\"article:modified_time\" content=\"2025-03-11T18:33:47+00:00\" \/>\n<meta property=\"og:image\" content=\"https:\/\/ponteseditores.com.br\/loja3\/wp-content\/uploads\/2023\/12\/Capa_Transculturalidade.jpg\" \/>\n\t<meta property=\"og:image:width\" content=\"1400\" \/>\n\t<meta property=\"og:image:height\" content=\"1979\" \/>\n\t<meta property=\"og:image:type\" content=\"image\/jpeg\" \/>\n<meta name=\"twitter:card\" content=\"summary_large_image\" \/>\n<meta name=\"twitter:label1\" content=\"Est. tempo de leitura\" \/>\n\t<meta name=\"twitter:data1\" content=\"1 minuto\" \/>\n<script type=\"application\/ld+json\" class=\"yoast-schema-graph\">{\"@context\":\"https:\\\/\\\/schema.org\",\"@graph\":[{\"@type\":\"WebPage\",\"@id\":\"https:\\\/\\\/ponteseditores.com.br\\\/loja3\\\/pontes-editores-home-2__trashed\\\/ebook\\\/transculturalidade-linguagem-e-educacao-dialogos-e-recomecos\\\/\",\"url\":\"https:\\\/\\\/ponteseditores.com.br\\\/loja3\\\/pontes-editores-home-2__trashed\\\/ebook\\\/transculturalidade-linguagem-e-educacao-dialogos-e-recomecos\\\/\",\"name\":\"Transculturalidade, linguagem e educa\u00e7\u00e3o: di\u00e1logos e (re)come\u00e7os - Pontes Editores\",\"isPartOf\":{\"@id\":\"https:\\\/\\\/ponteseditores.com.br\\\/loja3\\\/#website\"},\"primaryImageOfPage\":{\"@id\":\"https:\\\/\\\/ponteseditores.com.br\\\/loja3\\\/pontes-editores-home-2__trashed\\\/ebook\\\/transculturalidade-linguagem-e-educacao-dialogos-e-recomecos\\\/#primaryimage\"},\"image\":{\"@id\":\"https:\\\/\\\/ponteseditores.com.br\\\/loja3\\\/pontes-editores-home-2__trashed\\\/ebook\\\/transculturalidade-linguagem-e-educacao-dialogos-e-recomecos\\\/#primaryimage\"},\"thumbnailUrl\":\"https:\\\/\\\/ponteseditores.com.br\\\/loja3\\\/wp-content\\\/uploads\\\/2023\\\/12\\\/Capa_Transculturalidade.jpg\",\"datePublished\":\"2023-12-08T14:26:59+00:00\",\"dateModified\":\"2025-03-11T18:33:47+00:00\",\"breadcrumb\":{\"@id\":\"https:\\\/\\\/ponteseditores.com.br\\\/loja3\\\/pontes-editores-home-2__trashed\\\/ebook\\\/transculturalidade-linguagem-e-educacao-dialogos-e-recomecos\\\/#breadcrumb\"},\"inLanguage\":\"pt-BR\",\"potentialAction\":[{\"@type\":\"ReadAction\",\"target\":[\"https:\\\/\\\/ponteseditores.com.br\\\/loja3\\\/pontes-editores-home-2__trashed\\\/ebook\\\/transculturalidade-linguagem-e-educacao-dialogos-e-recomecos\\\/\"]}]},{\"@type\":\"ImageObject\",\"inLanguage\":\"pt-BR\",\"@id\":\"https:\\\/\\\/ponteseditores.com.br\\\/loja3\\\/pontes-editores-home-2__trashed\\\/ebook\\\/transculturalidade-linguagem-e-educacao-dialogos-e-recomecos\\\/#primaryimage\",\"url\":\"https:\\\/\\\/ponteseditores.com.br\\\/loja3\\\/wp-content\\\/uploads\\\/2023\\\/12\\\/Capa_Transculturalidade.jpg\",\"contentUrl\":\"https:\\\/\\\/ponteseditores.com.br\\\/loja3\\\/wp-content\\\/uploads\\\/2023\\\/12\\\/Capa_Transculturalidade.jpg\",\"width\":1400,\"height\":1979},{\"@type\":\"BreadcrumbList\",\"@id\":\"https:\\\/\\\/ponteseditores.com.br\\\/loja3\\\/pontes-editores-home-2__trashed\\\/ebook\\\/transculturalidade-linguagem-e-educacao-dialogos-e-recomecos\\\/#breadcrumb\",\"itemListElement\":[{\"@type\":\"ListItem\",\"position\":1,\"name\":\"Home\",\"item\":\"https:\\\/\\\/ponteseditores.com.br\\\/loja3\\\/\"},{\"@type\":\"ListItem\",\"position\":2,\"name\":\"loja\",\"item\":\"https:\\\/\\\/ponteseditores.com.br\\\/loja3\\\/loja\\\/\"},{\"@type\":\"ListItem\",\"position\":3,\"name\":\"Transculturalidade, linguagem e educa\u00e7\u00e3o: di\u00e1logos e (re)come\u00e7os\"}]},{\"@type\":\"WebSite\",\"@id\":\"https:\\\/\\\/ponteseditores.com.br\\\/loja3\\\/#website\",\"url\":\"https:\\\/\\\/ponteseditores.com.br\\\/loja3\\\/\",\"name\":\"Pontes Editores\",\"description\":\"Pontes Editores\",\"publisher\":{\"@id\":\"https:\\\/\\\/ponteseditores.com.br\\\/loja3\\\/#organization\"},\"potentialAction\":[{\"@type\":\"SearchAction\",\"target\":{\"@type\":\"EntryPoint\",\"urlTemplate\":\"https:\\\/\\\/ponteseditores.com.br\\\/loja3\\\/?s={search_term_string}\"},\"query-input\":{\"@type\":\"PropertyValueSpecification\",\"valueRequired\":true,\"valueName\":\"search_term_string\"}}],\"inLanguage\":\"pt-BR\"},{\"@type\":\"Organization\",\"@id\":\"https:\\\/\\\/ponteseditores.com.br\\\/loja3\\\/#organization\",\"name\":\"Pontes Editores\",\"url\":\"https:\\\/\\\/ponteseditores.com.br\\\/loja3\\\/\",\"logo\":{\"@type\":\"ImageObject\",\"inLanguage\":\"pt-BR\",\"@id\":\"https:\\\/\\\/ponteseditores.com.br\\\/loja3\\\/#\\\/schema\\\/logo\\\/image\\\/\",\"url\":\"https:\\\/\\\/ponteseditores.com.br\\\/loja3\\\/wp-content\\\/uploads\\\/2023\\\/12\\\/logo-pontes-editores-v2.png\",\"contentUrl\":\"https:\\\/\\\/ponteseditores.com.br\\\/loja3\\\/wp-content\\\/uploads\\\/2023\\\/12\\\/logo-pontes-editores-v2.png\",\"width\":258,\"height\":100,\"caption\":\"Pontes Editores\"},\"image\":{\"@id\":\"https:\\\/\\\/ponteseditores.com.br\\\/loja3\\\/#\\\/schema\\\/logo\\\/image\\\/\"}}]}<\/script>\n<!-- \/ Yoast SEO plugin. -->","yoast_head_json":{"title":"Transculturalidade, linguagem e educa\u00e7\u00e3o: di\u00e1logos e (re)come\u00e7os - Pontes Editores","robots":{"index":"index","follow":"follow","max-snippet":"max-snippet:-1","max-image-preview":"max-image-preview:large","max-video-preview":"max-video-preview:-1"},"canonical":"https:\/\/ponteseditores.com.br\/loja3\/pontes-editores-home-2__trashed\/ebook\/transculturalidade-linguagem-e-educacao-dialogos-e-recomecos\/","og_locale":"pt_BR","og_type":"article","og_title":"Transculturalidade, linguagem e educa\u00e7\u00e3o: di\u00e1logos e (re)come\u00e7os - Pontes Editores","og_description":"Transculturalidade, linguagem e educa\u00e7\u00e3o: dialogos e (re)come\u00e7os, organizado por Simone Hashiguti (UNICAMP), Alexandre Cadilhe (UFJF) e Ivani Rodigues (UNICAMI), \u00e9 uma obra que celebra os 20 anos do GT hom\u00f4nimo da ANPOLL. Nesse contexto de tr\u00e2nsitos geracionais, o livro divide-se em duas partes: a primeira \u00e9 constitu\u00edda por entrevistas com linguistas aplicados, membros fundadores GT, [&hellip;]","og_url":"https:\/\/ponteseditores.com.br\/loja3\/pontes-editores-home-2__trashed\/ebook\/transculturalidade-linguagem-e-educacao-dialogos-e-recomecos\/","og_site_name":"Pontes Editores","article_modified_time":"2025-03-11T18:33:47+00:00","og_image":[{"width":1400,"height":1979,"url":"https:\/\/ponteseditores.com.br\/loja3\/wp-content\/uploads\/2023\/12\/Capa_Transculturalidade.jpg","type":"image\/jpeg"}],"twitter_card":"summary_large_image","twitter_misc":{"Est. tempo de leitura":"1 minuto"},"schema":{"@context":"https:\/\/schema.org","@graph":[{"@type":"WebPage","@id":"https:\/\/ponteseditores.com.br\/loja3\/pontes-editores-home-2__trashed\/ebook\/transculturalidade-linguagem-e-educacao-dialogos-e-recomecos\/","url":"https:\/\/ponteseditores.com.br\/loja3\/pontes-editores-home-2__trashed\/ebook\/transculturalidade-linguagem-e-educacao-dialogos-e-recomecos\/","name":"Transculturalidade, linguagem e educa\u00e7\u00e3o: di\u00e1logos e (re)come\u00e7os - Pontes Editores","isPartOf":{"@id":"https:\/\/ponteseditores.com.br\/loja3\/#website"},"primaryImageOfPage":{"@id":"https:\/\/ponteseditores.com.br\/loja3\/pontes-editores-home-2__trashed\/ebook\/transculturalidade-linguagem-e-educacao-dialogos-e-recomecos\/#primaryimage"},"image":{"@id":"https:\/\/ponteseditores.com.br\/loja3\/pontes-editores-home-2__trashed\/ebook\/transculturalidade-linguagem-e-educacao-dialogos-e-recomecos\/#primaryimage"},"thumbnailUrl":"https:\/\/ponteseditores.com.br\/loja3\/wp-content\/uploads\/2023\/12\/Capa_Transculturalidade.jpg","datePublished":"2023-12-08T14:26:59+00:00","dateModified":"2025-03-11T18:33:47+00:00","breadcrumb":{"@id":"https:\/\/ponteseditores.com.br\/loja3\/pontes-editores-home-2__trashed\/ebook\/transculturalidade-linguagem-e-educacao-dialogos-e-recomecos\/#breadcrumb"},"inLanguage":"pt-BR","potentialAction":[{"@type":"ReadAction","target":["https:\/\/ponteseditores.com.br\/loja3\/pontes-editores-home-2__trashed\/ebook\/transculturalidade-linguagem-e-educacao-dialogos-e-recomecos\/"]}]},{"@type":"ImageObject","inLanguage":"pt-BR","@id":"https:\/\/ponteseditores.com.br\/loja3\/pontes-editores-home-2__trashed\/ebook\/transculturalidade-linguagem-e-educacao-dialogos-e-recomecos\/#primaryimage","url":"https:\/\/ponteseditores.com.br\/loja3\/wp-content\/uploads\/2023\/12\/Capa_Transculturalidade.jpg","contentUrl":"https:\/\/ponteseditores.com.br\/loja3\/wp-content\/uploads\/2023\/12\/Capa_Transculturalidade.jpg","width":1400,"height":1979},{"@type":"BreadcrumbList","@id":"https:\/\/ponteseditores.com.br\/loja3\/pontes-editores-home-2__trashed\/ebook\/transculturalidade-linguagem-e-educacao-dialogos-e-recomecos\/#breadcrumb","itemListElement":[{"@type":"ListItem","position":1,"name":"Home","item":"https:\/\/ponteseditores.com.br\/loja3\/"},{"@type":"ListItem","position":2,"name":"loja","item":"https:\/\/ponteseditores.com.br\/loja3\/loja\/"},{"@type":"ListItem","position":3,"name":"Transculturalidade, linguagem e educa\u00e7\u00e3o: di\u00e1logos e (re)come\u00e7os"}]},{"@type":"WebSite","@id":"https:\/\/ponteseditores.com.br\/loja3\/#website","url":"https:\/\/ponteseditores.com.br\/loja3\/","name":"Pontes Editores","description":"Pontes Editores","publisher":{"@id":"https:\/\/ponteseditores.com.br\/loja3\/#organization"},"potentialAction":[{"@type":"SearchAction","target":{"@type":"EntryPoint","urlTemplate":"https:\/\/ponteseditores.com.br\/loja3\/?s={search_term_string}"},"query-input":{"@type":"PropertyValueSpecification","valueRequired":true,"valueName":"search_term_string"}}],"inLanguage":"pt-BR"},{"@type":"Organization","@id":"https:\/\/ponteseditores.com.br\/loja3\/#organization","name":"Pontes Editores","url":"https:\/\/ponteseditores.com.br\/loja3\/","logo":{"@type":"ImageObject","inLanguage":"pt-BR","@id":"https:\/\/ponteseditores.com.br\/loja3\/#\/schema\/logo\/image\/","url":"https:\/\/ponteseditores.com.br\/loja3\/wp-content\/uploads\/2023\/12\/logo-pontes-editores-v2.png","contentUrl":"https:\/\/ponteseditores.com.br\/loja3\/wp-content\/uploads\/2023\/12\/logo-pontes-editores-v2.png","width":258,"height":100,"caption":"Pontes Editores"},"image":{"@id":"https:\/\/ponteseditores.com.br\/loja3\/#\/schema\/logo\/image\/"}}]}},"_links":{"self":[{"href":"https:\/\/ponteseditores.com.br\/loja3\/wp-json\/wp\/v2\/product\/1323","targetHints":{"allow":["GET"]}}],"collection":[{"href":"https:\/\/ponteseditores.com.br\/loja3\/wp-json\/wp\/v2\/product"}],"about":[{"href":"https:\/\/ponteseditores.com.br\/loja3\/wp-json\/wp\/v2\/types\/product"}],"replies":[{"embeddable":true,"href":"https:\/\/ponteseditores.com.br\/loja3\/wp-json\/wp\/v2\/comments?post=1323"}],"version-history":[{"count":1,"href":"https:\/\/ponteseditores.com.br\/loja3\/wp-json\/wp\/v2\/product\/1323\/revisions"}],"predecessor-version":[{"id":22770,"href":"https:\/\/ponteseditores.com.br\/loja3\/wp-json\/wp\/v2\/product\/1323\/revisions\/22770"}],"wp:featuredmedia":[{"embeddable":true,"href":"https:\/\/ponteseditores.com.br\/loja3\/wp-json\/wp\/v2\/media\/1324"}],"wp:attachment":[{"href":"https:\/\/ponteseditores.com.br\/loja3\/wp-json\/wp\/v2\/media?parent=1323"}],"wp:term":[{"taxonomy":"product_brand","embeddable":true,"href":"https:\/\/ponteseditores.com.br\/loja3\/wp-json\/wp\/v2\/product_brand?post=1323"},{"taxonomy":"product_cat","embeddable":true,"href":"https:\/\/ponteseditores.com.br\/loja3\/wp-json\/wp\/v2\/product_cat?post=1323"},{"taxonomy":"product_tag","embeddable":true,"href":"https:\/\/ponteseditores.com.br\/loja3\/wp-json\/wp\/v2\/product_tag?post=1323"}],"curies":[{"name":"wp","href":"https:\/\/api.w.org\/{rel}","templated":true}]}}