{"id":13131,"date":"2024-06-14T11:59:32","date_gmt":"2024-06-14T14:59:32","guid":{"rendered":"https:\/\/ponteseditores.com.br\/loja3\/?post_type=product&#038;p=13131"},"modified":"2024-06-14T11:59:33","modified_gmt":"2024-06-14T14:59:33","slug":"literatura-brasileira-no-exterior-metodologias-de-ensino-e-reflexoes","status":"publish","type":"product","link":"https:\/\/ponteseditores.com.br\/loja3\/pontes-editores-home-2__trashed\/lancamento\/literatura-brasileira-no-exterior-metodologias-de-ensino-e-reflexoes\/","title":{"rendered":"Literatura Brasileira no exterior: metodologias de ensino e reflex\u00f5es"},"content":{"rendered":"<p><em>Literatura brasileira no exterior: metodologias de ensino e reflex\u00f5es <\/em>re\u00fane textos que t\u00eam como n\u00facleo de interesse o ensino de literatura brasileira e a repercuss\u00e3o dessa literatura no exterior. A obra est\u00e1 dividida em duas partes: 1) metodologias de ensino e 2) reflex\u00f5es. Na primeira, s\u00e3o reunidos textos que representam reflex\u00f5es de ordem te\u00f3rica e metodol\u00f3gica, cujo fito principal ser\u00e1 o de contribuir para a discuss\u00e3o acerca do papel da literatura no contexto espec\u00edfico de ensino de l\u00edngua portuguesa no exterior. A segunda parte, \u00e9 uma miscel\u00e2nea de textos sobre a literatura em l\u00edngua portuguesa e\/ou brasileira voltados para interlocutores estrangeiros ou residentes no exterior.<\/p>\n<p>Neles s\u00e3o abordados, al\u00e9m de autores da nossa literatura, temas relativos \u00e0s figura\u00e7\u00f5es do nacionalismo na literatura e na can\u00e7\u00e3o e \u00e0 contribui\u00e7\u00e3o da literatura para a constitui\u00e7\u00e3o de uma percep\u00e7\u00e3o concreta do car\u00e1ter pluric\u00eantrico da l\u00edngua portuguesa. As confer\u00eancias sobre autores liter\u00e1rios brasileiros e sobre a experi\u00eancia brasileira vista atrav\u00e9s de can\u00e7\u00f5es do s\u00e9culo XX foram pensadas e estruturadas com a disposi\u00e7\u00e3o de alcan\u00e7ar um p\u00fablico estrangeiro interessado na literatura brasileira, com razo\u00e1vel conhecimento da l\u00edngua portuguesa. Por isso, s\u00e3o textos em que procuro aproveitar muito das contribui\u00e7\u00f5es da academia, mas exercitar um tipo de escrita um pouco mais livre e ensa\u00edstico, sem exagero de cita\u00e7\u00f5es e com uso limitado de jarg\u00e3o especializado. Recolhidas aqui, essas confer\u00eancias poder\u00e3o ser tamb\u00e9m alvo de interesse de professores de l\u00edngua portuguesa e literatura brasileira no exterior, que podem utiliz\u00e1-las como textos base para aulas e outras intera\u00e7\u00f5es com os estudantes.<\/p>\n<p>S\u00e3o nossos interlocutores, especialmente, os educadores brasileiros que trabalham no exterior, que encontrar\u00e3o aqui, talvez, novos elementos para enriquecer seu trabalho e sua reflex\u00e3o sobre a l\u00edngua portuguesa e a literatura brasileira no exterior.<\/p>\n<p>Alexandre Pilati<\/p>\n","protected":false},"excerpt":{"rendered":"<p>Literatura brasileira no exterior: metodologias de ensino e reflex\u00f5es re\u00fane textos que t\u00eam como n\u00facleo de interesse o ensino de literatura brasileira e a repercuss\u00e3o dessa literatura no exterior. A obra est\u00e1 dividida em duas partes: 1) metodologias de ensino e 2) reflex\u00f5es. Na primeira, s\u00e3o reunidos textos que representam reflex\u00f5es de ordem te\u00f3rica e [&hellip;]<\/p>\n","protected":false},"featured_media":13132,"comment_status":"open","ping_status":"closed","template":"","meta":{"_joinchat":[]},"product_brand":[],"product_cat":[167,287],"product_tag":[],"class_list":{"0":"post-13131","1":"product","2":"type-product","3":"status-publish","4":"has-post-thumbnail","6":"product_cat-lancamento","7":"product_cat-literatura","9":"first","10":"instock","11":"shipping-taxable","12":"purchasable","13":"product-type-simple"},"yoast_head":"<!-- This site is optimized with the Yoast SEO plugin v27.4 - https:\/\/yoast.com\/product\/yoast-seo-wordpress\/ -->\n<title>Literatura Brasileira no exterior: metodologias de ensino e reflex\u00f5es - Pontes Editores<\/title>\n<meta name=\"robots\" content=\"index, follow, max-snippet:-1, max-image-preview:large, max-video-preview:-1\" \/>\n<link rel=\"canonical\" href=\"https:\/\/ponteseditores.com.br\/loja3\/pontes-editores-home-2__trashed\/lancamento\/literatura-brasileira-no-exterior-metodologias-de-ensino-e-reflexoes\/\" \/>\n<meta property=\"og:locale\" content=\"pt_BR\" \/>\n<meta property=\"og:type\" content=\"article\" \/>\n<meta property=\"og:title\" content=\"Literatura Brasileira no exterior: metodologias de ensino e reflex\u00f5es - Pontes Editores\" \/>\n<meta property=\"og:description\" content=\"Literatura brasileira no exterior: metodologias de ensino e reflex\u00f5es re\u00fane textos que t\u00eam como n\u00facleo de interesse o ensino de literatura brasileira e a repercuss\u00e3o dessa literatura no exterior. A obra est\u00e1 dividida em duas partes: 1) metodologias de ensino e 2) reflex\u00f5es. Na primeira, s\u00e3o reunidos textos que representam reflex\u00f5es de ordem te\u00f3rica e [&hellip;]\" \/>\n<meta property=\"og:url\" content=\"https:\/\/ponteseditores.com.br\/loja3\/pontes-editores-home-2__trashed\/lancamento\/literatura-brasileira-no-exterior-metodologias-de-ensino-e-reflexoes\/\" \/>\n<meta property=\"og:site_name\" content=\"Pontes Editores\" \/>\n<meta property=\"article:modified_time\" content=\"2024-06-14T14:59:33+00:00\" \/>\n<meta property=\"og:image\" content=\"https:\/\/ponteseditores.com.br\/loja3\/wp-content\/uploads\/2024\/06\/Capa_Literatura_Brasileira.jpg\" \/>\n\t<meta property=\"og:image:width\" content=\"1728\" \/>\n\t<meta property=\"og:image:height\" content=\"2443\" \/>\n\t<meta property=\"og:image:type\" content=\"image\/jpeg\" \/>\n<meta name=\"twitter:card\" content=\"summary_large_image\" \/>\n<meta name=\"twitter:label1\" content=\"Est. tempo de leitura\" \/>\n\t<meta name=\"twitter:data1\" content=\"2 minutos\" \/>\n<script type=\"application\/ld+json\" class=\"yoast-schema-graph\">{\"@context\":\"https:\\\/\\\/schema.org\",\"@graph\":[{\"@type\":\"WebPage\",\"@id\":\"https:\\\/\\\/ponteseditores.com.br\\\/loja3\\\/pontes-editores-home-2__trashed\\\/lancamento\\\/literatura-brasileira-no-exterior-metodologias-de-ensino-e-reflexoes\\\/\",\"url\":\"https:\\\/\\\/ponteseditores.com.br\\\/loja3\\\/pontes-editores-home-2__trashed\\\/lancamento\\\/literatura-brasileira-no-exterior-metodologias-de-ensino-e-reflexoes\\\/\",\"name\":\"Literatura Brasileira no exterior: metodologias de ensino e reflex\u00f5es - Pontes Editores\",\"isPartOf\":{\"@id\":\"https:\\\/\\\/ponteseditores.com.br\\\/loja3\\\/#website\"},\"primaryImageOfPage\":{\"@id\":\"https:\\\/\\\/ponteseditores.com.br\\\/loja3\\\/pontes-editores-home-2__trashed\\\/lancamento\\\/literatura-brasileira-no-exterior-metodologias-de-ensino-e-reflexoes\\\/#primaryimage\"},\"image\":{\"@id\":\"https:\\\/\\\/ponteseditores.com.br\\\/loja3\\\/pontes-editores-home-2__trashed\\\/lancamento\\\/literatura-brasileira-no-exterior-metodologias-de-ensino-e-reflexoes\\\/#primaryimage\"},\"thumbnailUrl\":\"https:\\\/\\\/ponteseditores.com.br\\\/loja3\\\/wp-content\\\/uploads\\\/2024\\\/06\\\/Capa_Literatura_Brasileira.jpg\",\"datePublished\":\"2024-06-14T14:59:32+00:00\",\"dateModified\":\"2024-06-14T14:59:33+00:00\",\"breadcrumb\":{\"@id\":\"https:\\\/\\\/ponteseditores.com.br\\\/loja3\\\/pontes-editores-home-2__trashed\\\/lancamento\\\/literatura-brasileira-no-exterior-metodologias-de-ensino-e-reflexoes\\\/#breadcrumb\"},\"inLanguage\":\"pt-BR\",\"potentialAction\":[{\"@type\":\"ReadAction\",\"target\":[\"https:\\\/\\\/ponteseditores.com.br\\\/loja3\\\/pontes-editores-home-2__trashed\\\/lancamento\\\/literatura-brasileira-no-exterior-metodologias-de-ensino-e-reflexoes\\\/\"]}]},{\"@type\":\"ImageObject\",\"inLanguage\":\"pt-BR\",\"@id\":\"https:\\\/\\\/ponteseditores.com.br\\\/loja3\\\/pontes-editores-home-2__trashed\\\/lancamento\\\/literatura-brasileira-no-exterior-metodologias-de-ensino-e-reflexoes\\\/#primaryimage\",\"url\":\"https:\\\/\\\/ponteseditores.com.br\\\/loja3\\\/wp-content\\\/uploads\\\/2024\\\/06\\\/Capa_Literatura_Brasileira.jpg\",\"contentUrl\":\"https:\\\/\\\/ponteseditores.com.br\\\/loja3\\\/wp-content\\\/uploads\\\/2024\\\/06\\\/Capa_Literatura_Brasileira.jpg\",\"width\":1728,\"height\":2443},{\"@type\":\"BreadcrumbList\",\"@id\":\"https:\\\/\\\/ponteseditores.com.br\\\/loja3\\\/pontes-editores-home-2__trashed\\\/lancamento\\\/literatura-brasileira-no-exterior-metodologias-de-ensino-e-reflexoes\\\/#breadcrumb\",\"itemListElement\":[{\"@type\":\"ListItem\",\"position\":1,\"name\":\"Home\",\"item\":\"https:\\\/\\\/ponteseditores.com.br\\\/loja3\\\/\"},{\"@type\":\"ListItem\",\"position\":2,\"name\":\"loja\",\"item\":\"https:\\\/\\\/ponteseditores.com.br\\\/loja3\\\/loja\\\/\"},{\"@type\":\"ListItem\",\"position\":3,\"name\":\"Literatura Brasileira no exterior: metodologias de ensino e reflex\u00f5es\"}]},{\"@type\":\"WebSite\",\"@id\":\"https:\\\/\\\/ponteseditores.com.br\\\/loja3\\\/#website\",\"url\":\"https:\\\/\\\/ponteseditores.com.br\\\/loja3\\\/\",\"name\":\"Pontes Editores\",\"description\":\"Pontes Editores\",\"publisher\":{\"@id\":\"https:\\\/\\\/ponteseditores.com.br\\\/loja3\\\/#organization\"},\"potentialAction\":[{\"@type\":\"SearchAction\",\"target\":{\"@type\":\"EntryPoint\",\"urlTemplate\":\"https:\\\/\\\/ponteseditores.com.br\\\/loja3\\\/?s={search_term_string}\"},\"query-input\":{\"@type\":\"PropertyValueSpecification\",\"valueRequired\":true,\"valueName\":\"search_term_string\"}}],\"inLanguage\":\"pt-BR\"},{\"@type\":\"Organization\",\"@id\":\"https:\\\/\\\/ponteseditores.com.br\\\/loja3\\\/#organization\",\"name\":\"Pontes Editores\",\"url\":\"https:\\\/\\\/ponteseditores.com.br\\\/loja3\\\/\",\"logo\":{\"@type\":\"ImageObject\",\"inLanguage\":\"pt-BR\",\"@id\":\"https:\\\/\\\/ponteseditores.com.br\\\/loja3\\\/#\\\/schema\\\/logo\\\/image\\\/\",\"url\":\"https:\\\/\\\/ponteseditores.com.br\\\/loja3\\\/wp-content\\\/uploads\\\/2023\\\/12\\\/logo-pontes-editores-v2.png\",\"contentUrl\":\"https:\\\/\\\/ponteseditores.com.br\\\/loja3\\\/wp-content\\\/uploads\\\/2023\\\/12\\\/logo-pontes-editores-v2.png\",\"width\":258,\"height\":100,\"caption\":\"Pontes Editores\"},\"image\":{\"@id\":\"https:\\\/\\\/ponteseditores.com.br\\\/loja3\\\/#\\\/schema\\\/logo\\\/image\\\/\"}}]}<\/script>\n<!-- \/ Yoast SEO plugin. -->","yoast_head_json":{"title":"Literatura Brasileira no exterior: metodologias de ensino e reflex\u00f5es - Pontes Editores","robots":{"index":"index","follow":"follow","max-snippet":"max-snippet:-1","max-image-preview":"max-image-preview:large","max-video-preview":"max-video-preview:-1"},"canonical":"https:\/\/ponteseditores.com.br\/loja3\/pontes-editores-home-2__trashed\/lancamento\/literatura-brasileira-no-exterior-metodologias-de-ensino-e-reflexoes\/","og_locale":"pt_BR","og_type":"article","og_title":"Literatura Brasileira no exterior: metodologias de ensino e reflex\u00f5es - Pontes Editores","og_description":"Literatura brasileira no exterior: metodologias de ensino e reflex\u00f5es re\u00fane textos que t\u00eam como n\u00facleo de interesse o ensino de literatura brasileira e a repercuss\u00e3o dessa literatura no exterior. A obra est\u00e1 dividida em duas partes: 1) metodologias de ensino e 2) reflex\u00f5es. Na primeira, s\u00e3o reunidos textos que representam reflex\u00f5es de ordem te\u00f3rica e [&hellip;]","og_url":"https:\/\/ponteseditores.com.br\/loja3\/pontes-editores-home-2__trashed\/lancamento\/literatura-brasileira-no-exterior-metodologias-de-ensino-e-reflexoes\/","og_site_name":"Pontes Editores","article_modified_time":"2024-06-14T14:59:33+00:00","og_image":[{"width":1728,"height":2443,"url":"https:\/\/ponteseditores.com.br\/loja3\/wp-content\/uploads\/2024\/06\/Capa_Literatura_Brasileira.jpg","type":"image\/jpeg"}],"twitter_card":"summary_large_image","twitter_misc":{"Est. tempo de leitura":"2 minutos"},"schema":{"@context":"https:\/\/schema.org","@graph":[{"@type":"WebPage","@id":"https:\/\/ponteseditores.com.br\/loja3\/pontes-editores-home-2__trashed\/lancamento\/literatura-brasileira-no-exterior-metodologias-de-ensino-e-reflexoes\/","url":"https:\/\/ponteseditores.com.br\/loja3\/pontes-editores-home-2__trashed\/lancamento\/literatura-brasileira-no-exterior-metodologias-de-ensino-e-reflexoes\/","name":"Literatura Brasileira no exterior: metodologias de ensino e reflex\u00f5es - Pontes Editores","isPartOf":{"@id":"https:\/\/ponteseditores.com.br\/loja3\/#website"},"primaryImageOfPage":{"@id":"https:\/\/ponteseditores.com.br\/loja3\/pontes-editores-home-2__trashed\/lancamento\/literatura-brasileira-no-exterior-metodologias-de-ensino-e-reflexoes\/#primaryimage"},"image":{"@id":"https:\/\/ponteseditores.com.br\/loja3\/pontes-editores-home-2__trashed\/lancamento\/literatura-brasileira-no-exterior-metodologias-de-ensino-e-reflexoes\/#primaryimage"},"thumbnailUrl":"https:\/\/ponteseditores.com.br\/loja3\/wp-content\/uploads\/2024\/06\/Capa_Literatura_Brasileira.jpg","datePublished":"2024-06-14T14:59:32+00:00","dateModified":"2024-06-14T14:59:33+00:00","breadcrumb":{"@id":"https:\/\/ponteseditores.com.br\/loja3\/pontes-editores-home-2__trashed\/lancamento\/literatura-brasileira-no-exterior-metodologias-de-ensino-e-reflexoes\/#breadcrumb"},"inLanguage":"pt-BR","potentialAction":[{"@type":"ReadAction","target":["https:\/\/ponteseditores.com.br\/loja3\/pontes-editores-home-2__trashed\/lancamento\/literatura-brasileira-no-exterior-metodologias-de-ensino-e-reflexoes\/"]}]},{"@type":"ImageObject","inLanguage":"pt-BR","@id":"https:\/\/ponteseditores.com.br\/loja3\/pontes-editores-home-2__trashed\/lancamento\/literatura-brasileira-no-exterior-metodologias-de-ensino-e-reflexoes\/#primaryimage","url":"https:\/\/ponteseditores.com.br\/loja3\/wp-content\/uploads\/2024\/06\/Capa_Literatura_Brasileira.jpg","contentUrl":"https:\/\/ponteseditores.com.br\/loja3\/wp-content\/uploads\/2024\/06\/Capa_Literatura_Brasileira.jpg","width":1728,"height":2443},{"@type":"BreadcrumbList","@id":"https:\/\/ponteseditores.com.br\/loja3\/pontes-editores-home-2__trashed\/lancamento\/literatura-brasileira-no-exterior-metodologias-de-ensino-e-reflexoes\/#breadcrumb","itemListElement":[{"@type":"ListItem","position":1,"name":"Home","item":"https:\/\/ponteseditores.com.br\/loja3\/"},{"@type":"ListItem","position":2,"name":"loja","item":"https:\/\/ponteseditores.com.br\/loja3\/loja\/"},{"@type":"ListItem","position":3,"name":"Literatura Brasileira no exterior: metodologias de ensino e reflex\u00f5es"}]},{"@type":"WebSite","@id":"https:\/\/ponteseditores.com.br\/loja3\/#website","url":"https:\/\/ponteseditores.com.br\/loja3\/","name":"Pontes Editores","description":"Pontes Editores","publisher":{"@id":"https:\/\/ponteseditores.com.br\/loja3\/#organization"},"potentialAction":[{"@type":"SearchAction","target":{"@type":"EntryPoint","urlTemplate":"https:\/\/ponteseditores.com.br\/loja3\/?s={search_term_string}"},"query-input":{"@type":"PropertyValueSpecification","valueRequired":true,"valueName":"search_term_string"}}],"inLanguage":"pt-BR"},{"@type":"Organization","@id":"https:\/\/ponteseditores.com.br\/loja3\/#organization","name":"Pontes Editores","url":"https:\/\/ponteseditores.com.br\/loja3\/","logo":{"@type":"ImageObject","inLanguage":"pt-BR","@id":"https:\/\/ponteseditores.com.br\/loja3\/#\/schema\/logo\/image\/","url":"https:\/\/ponteseditores.com.br\/loja3\/wp-content\/uploads\/2023\/12\/logo-pontes-editores-v2.png","contentUrl":"https:\/\/ponteseditores.com.br\/loja3\/wp-content\/uploads\/2023\/12\/logo-pontes-editores-v2.png","width":258,"height":100,"caption":"Pontes Editores"},"image":{"@id":"https:\/\/ponteseditores.com.br\/loja3\/#\/schema\/logo\/image\/"}}]}},"_links":{"self":[{"href":"https:\/\/ponteseditores.com.br\/loja3\/wp-json\/wp\/v2\/product\/13131","targetHints":{"allow":["GET"]}}],"collection":[{"href":"https:\/\/ponteseditores.com.br\/loja3\/wp-json\/wp\/v2\/product"}],"about":[{"href":"https:\/\/ponteseditores.com.br\/loja3\/wp-json\/wp\/v2\/types\/product"}],"replies":[{"embeddable":true,"href":"https:\/\/ponteseditores.com.br\/loja3\/wp-json\/wp\/v2\/comments?post=13131"}],"version-history":[{"count":0,"href":"https:\/\/ponteseditores.com.br\/loja3\/wp-json\/wp\/v2\/product\/13131\/revisions"}],"wp:featuredmedia":[{"embeddable":true,"href":"https:\/\/ponteseditores.com.br\/loja3\/wp-json\/wp\/v2\/media\/13132"}],"wp:attachment":[{"href":"https:\/\/ponteseditores.com.br\/loja3\/wp-json\/wp\/v2\/media?parent=13131"}],"wp:term":[{"taxonomy":"product_brand","embeddable":true,"href":"https:\/\/ponteseditores.com.br\/loja3\/wp-json\/wp\/v2\/product_brand?post=13131"},{"taxonomy":"product_cat","embeddable":true,"href":"https:\/\/ponteseditores.com.br\/loja3\/wp-json\/wp\/v2\/product_cat?post=13131"},{"taxonomy":"product_tag","embeddable":true,"href":"https:\/\/ponteseditores.com.br\/loja3\/wp-json\/wp\/v2\/product_tag?post=13131"}],"curies":[{"name":"wp","href":"https:\/\/api.w.org\/{rel}","templated":true}]}}