{"id":1306,"date":"2023-12-07T18:03:09","date_gmt":"2023-12-07T21:03:09","guid":{"rendered":"https:\/\/ponteseditores.com.br\/loja3\/?post_type=product&#038;p=1306"},"modified":"2024-10-08T11:29:22","modified_gmt":"2024-10-08T14:29:22","slug":"generos-textuais-discursivos-conhecimentos-linguagens-e-culturas","status":"publish","type":"product","link":"https:\/\/ponteseditores.com.br\/loja3\/pontes-editores-home-2__trashed\/ebook\/generos-textuais-discursivos-conhecimentos-linguagens-e-culturas\/","title":{"rendered":"G\u00eaneros textuais \/ discursivos: conhecimentos, linguagens e culturas"},"content":{"rendered":"<p>Os cap\u00edtulos reunidos neste <em>e-book <\/em>s\u00e3o frutos das ricas interlocu\u00e7\u00f5es desenvolvidas na XI edi\u00e7\u00e3o do Simp\u00f3sio Internacional de G\u00eaneros Textuais\/Discursivos (SIGET), realizado nos dias 26, 27 e 28 de\u00a0outubro de 2022, na\u00a0Universidade Federal da Para\u00edba (UFPB\/CCHLA),\u00a0Jo\u00e3o Pessoa, Brasil. \u00a0O tema <strong>Conhecimentos, linguagens e culturas <\/strong>norteou as reflex\u00f5es sobre a investiga\u00e7\u00e3o dos g\u00eaneros textuais\/discursivos em curso aqui no Brasil. \u00a0\u00a0Nesse sentido, dada a relev\u00e2ncia do evento para os pesquisadores que se ocupam do tema, pode-se afirmar que neste livro temos um panorama dos enfoques mais atuais das pesquisas relacionadas aos g\u00eaneros no Brasil e em outros pa\u00edses da Am\u00e9rica Latina.<\/p>\n<p>No geral, predominam os debates referentes \u00e0 rela\u00e7\u00e3o g\u00eaneros e ensino-aprendizagem, forma\u00e7\u00e3o de professores e atividades profissionais, metodologias de an\u00e1lise, multimodalidade, multiletramentos, tecnologias e, ainda, enfoques te\u00f3ricos e pr\u00e1ticos. Tamanha diversidade dialoga com o car\u00e1ter multimodal das a\u00e7\u00f5es de linguagem e sua rela\u00e7\u00e3o din\u00e2mica com as pr\u00e1ticas sociais de constru\u00e7\u00e3o de conhecimento, que s\u00e3o, em ess\u00eancia, heterog\u00eaneas e interculturais. Por fim, no ep\u00edlogo, Charles Bazerman brinda o leitor com uma instigante reflex\u00e3o sobre perspectivas para os estudos dos g\u00eaneros.<\/p>\n","protected":false},"excerpt":{"rendered":"<p>Os cap\u00edtulos reunidos neste e-book s\u00e3o frutos das ricas interlocu\u00e7\u00f5es desenvolvidas na XI edi\u00e7\u00e3o do Simp\u00f3sio Internacional de G\u00eaneros Textuais\/Discursivos (SIGET), realizado nos dias 26, 27 e 28 de\u00a0outubro de 2022, na\u00a0Universidade Federal da Para\u00edba (UFPB\/CCHLA),\u00a0Jo\u00e3o Pessoa, Brasil. \u00a0O tema Conhecimentos, linguagens e culturas norteou as reflex\u00f5es sobre a investiga\u00e7\u00e3o dos g\u00eaneros textuais\/discursivos em curso [&hellip;]<\/p>\n","protected":false},"featured_media":1308,"comment_status":"open","ping_status":"closed","template":"","meta":{"_joinchat":[]},"product_brand":[],"product_cat":[165],"product_tag":[],"class_list":{"0":"post-1306","1":"product","2":"type-product","3":"status-publish","4":"has-post-thumbnail","6":"product_cat-ebook","7":"product_shipping_class-download","9":"first","10":"instock","11":"downloadable","12":"virtual","13":"purchasable","14":"product-type-simple"},"yoast_head":"<!-- This site is optimized with the Yoast SEO plugin v27.3 - https:\/\/yoast.com\/product\/yoast-seo-wordpress\/ -->\n<title>G\u00eaneros textuais \/ discursivos: conhecimentos, linguagens e culturas - Pontes Editores<\/title>\n<meta name=\"robots\" content=\"index, follow, max-snippet:-1, max-image-preview:large, max-video-preview:-1\" \/>\n<link rel=\"canonical\" href=\"https:\/\/ponteseditores.com.br\/loja3\/pontes-editores-home-2__trashed\/ebook\/generos-textuais-discursivos-conhecimentos-linguagens-e-culturas\/\" \/>\n<meta property=\"og:locale\" content=\"pt_BR\" \/>\n<meta property=\"og:type\" content=\"article\" \/>\n<meta property=\"og:title\" content=\"G\u00eaneros textuais \/ discursivos: conhecimentos, linguagens e culturas - Pontes Editores\" \/>\n<meta property=\"og:description\" content=\"Os cap\u00edtulos reunidos neste e-book s\u00e3o frutos das ricas interlocu\u00e7\u00f5es desenvolvidas na XI edi\u00e7\u00e3o do Simp\u00f3sio Internacional de G\u00eaneros Textuais\/Discursivos (SIGET), realizado nos dias 26, 27 e 28 de\u00a0outubro de 2022, na\u00a0Universidade Federal da Para\u00edba (UFPB\/CCHLA),\u00a0Jo\u00e3o Pessoa, Brasil. \u00a0O tema Conhecimentos, linguagens e culturas norteou as reflex\u00f5es sobre a investiga\u00e7\u00e3o dos g\u00eaneros textuais\/discursivos em curso [&hellip;]\" \/>\n<meta property=\"og:url\" content=\"https:\/\/ponteseditores.com.br\/loja3\/pontes-editores-home-2__trashed\/ebook\/generos-textuais-discursivos-conhecimentos-linguagens-e-culturas\/\" \/>\n<meta property=\"og:site_name\" content=\"Pontes Editores\" \/>\n<meta property=\"article:modified_time\" content=\"2024-10-08T14:29:22+00:00\" \/>\n<meta property=\"og:image\" content=\"https:\/\/ponteseditores.com.br\/loja3\/wp-content\/uploads\/2023\/12\/Capa_Generos_Textuais-Discursivos.jpg\" \/>\n\t<meta property=\"og:image:width\" content=\"1728\" \/>\n\t<meta property=\"og:image:height\" content=\"2443\" \/>\n\t<meta property=\"og:image:type\" content=\"image\/jpeg\" \/>\n<meta name=\"twitter:card\" content=\"summary_large_image\" \/>\n<meta name=\"twitter:label1\" content=\"Est. tempo de leitura\" \/>\n\t<meta name=\"twitter:data1\" content=\"1 minuto\" \/>\n<script type=\"application\/ld+json\" class=\"yoast-schema-graph\">{\"@context\":\"https:\\\/\\\/schema.org\",\"@graph\":[{\"@type\":\"WebPage\",\"@id\":\"https:\\\/\\\/ponteseditores.com.br\\\/loja3\\\/pontes-editores-home-2__trashed\\\/ebook\\\/generos-textuais-discursivos-conhecimentos-linguagens-e-culturas\\\/\",\"url\":\"https:\\\/\\\/ponteseditores.com.br\\\/loja3\\\/pontes-editores-home-2__trashed\\\/ebook\\\/generos-textuais-discursivos-conhecimentos-linguagens-e-culturas\\\/\",\"name\":\"G\u00eaneros textuais \\\/ discursivos: conhecimentos, linguagens e culturas - Pontes Editores\",\"isPartOf\":{\"@id\":\"https:\\\/\\\/ponteseditores.com.br\\\/loja3\\\/#website\"},\"primaryImageOfPage\":{\"@id\":\"https:\\\/\\\/ponteseditores.com.br\\\/loja3\\\/pontes-editores-home-2__trashed\\\/ebook\\\/generos-textuais-discursivos-conhecimentos-linguagens-e-culturas\\\/#primaryimage\"},\"image\":{\"@id\":\"https:\\\/\\\/ponteseditores.com.br\\\/loja3\\\/pontes-editores-home-2__trashed\\\/ebook\\\/generos-textuais-discursivos-conhecimentos-linguagens-e-culturas\\\/#primaryimage\"},\"thumbnailUrl\":\"https:\\\/\\\/ponteseditores.com.br\\\/loja3\\\/wp-content\\\/uploads\\\/2023\\\/12\\\/Capa_Generos_Textuais-Discursivos.jpg\",\"datePublished\":\"2023-12-07T21:03:09+00:00\",\"dateModified\":\"2024-10-08T14:29:22+00:00\",\"breadcrumb\":{\"@id\":\"https:\\\/\\\/ponteseditores.com.br\\\/loja3\\\/pontes-editores-home-2__trashed\\\/ebook\\\/generos-textuais-discursivos-conhecimentos-linguagens-e-culturas\\\/#breadcrumb\"},\"inLanguage\":\"pt-BR\",\"potentialAction\":[{\"@type\":\"ReadAction\",\"target\":[\"https:\\\/\\\/ponteseditores.com.br\\\/loja3\\\/pontes-editores-home-2__trashed\\\/ebook\\\/generos-textuais-discursivos-conhecimentos-linguagens-e-culturas\\\/\"]}]},{\"@type\":\"ImageObject\",\"inLanguage\":\"pt-BR\",\"@id\":\"https:\\\/\\\/ponteseditores.com.br\\\/loja3\\\/pontes-editores-home-2__trashed\\\/ebook\\\/generos-textuais-discursivos-conhecimentos-linguagens-e-culturas\\\/#primaryimage\",\"url\":\"https:\\\/\\\/ponteseditores.com.br\\\/loja3\\\/wp-content\\\/uploads\\\/2023\\\/12\\\/Capa_Generos_Textuais-Discursivos.jpg\",\"contentUrl\":\"https:\\\/\\\/ponteseditores.com.br\\\/loja3\\\/wp-content\\\/uploads\\\/2023\\\/12\\\/Capa_Generos_Textuais-Discursivos.jpg\",\"width\":1728,\"height\":2443},{\"@type\":\"BreadcrumbList\",\"@id\":\"https:\\\/\\\/ponteseditores.com.br\\\/loja3\\\/pontes-editores-home-2__trashed\\\/ebook\\\/generos-textuais-discursivos-conhecimentos-linguagens-e-culturas\\\/#breadcrumb\",\"itemListElement\":[{\"@type\":\"ListItem\",\"position\":1,\"name\":\"Home\",\"item\":\"https:\\\/\\\/ponteseditores.com.br\\\/loja3\\\/\"},{\"@type\":\"ListItem\",\"position\":2,\"name\":\"loja\",\"item\":\"https:\\\/\\\/ponteseditores.com.br\\\/loja3\\\/loja\\\/\"},{\"@type\":\"ListItem\",\"position\":3,\"name\":\"G\u00eaneros textuais \\\/ discursivos: conhecimentos, linguagens e culturas\"}]},{\"@type\":\"WebSite\",\"@id\":\"https:\\\/\\\/ponteseditores.com.br\\\/loja3\\\/#website\",\"url\":\"https:\\\/\\\/ponteseditores.com.br\\\/loja3\\\/\",\"name\":\"Pontes Editores\",\"description\":\"Pontes Editores\",\"publisher\":{\"@id\":\"https:\\\/\\\/ponteseditores.com.br\\\/loja3\\\/#organization\"},\"potentialAction\":[{\"@type\":\"SearchAction\",\"target\":{\"@type\":\"EntryPoint\",\"urlTemplate\":\"https:\\\/\\\/ponteseditores.com.br\\\/loja3\\\/?s={search_term_string}\"},\"query-input\":{\"@type\":\"PropertyValueSpecification\",\"valueRequired\":true,\"valueName\":\"search_term_string\"}}],\"inLanguage\":\"pt-BR\"},{\"@type\":\"Organization\",\"@id\":\"https:\\\/\\\/ponteseditores.com.br\\\/loja3\\\/#organization\",\"name\":\"Pontes Editores\",\"url\":\"https:\\\/\\\/ponteseditores.com.br\\\/loja3\\\/\",\"logo\":{\"@type\":\"ImageObject\",\"inLanguage\":\"pt-BR\",\"@id\":\"https:\\\/\\\/ponteseditores.com.br\\\/loja3\\\/#\\\/schema\\\/logo\\\/image\\\/\",\"url\":\"https:\\\/\\\/ponteseditores.com.br\\\/loja3\\\/wp-content\\\/uploads\\\/2023\\\/12\\\/logo-pontes-editores-v2.png\",\"contentUrl\":\"https:\\\/\\\/ponteseditores.com.br\\\/loja3\\\/wp-content\\\/uploads\\\/2023\\\/12\\\/logo-pontes-editores-v2.png\",\"width\":258,\"height\":100,\"caption\":\"Pontes Editores\"},\"image\":{\"@id\":\"https:\\\/\\\/ponteseditores.com.br\\\/loja3\\\/#\\\/schema\\\/logo\\\/image\\\/\"}}]}<\/script>\n<!-- \/ Yoast SEO plugin. -->","yoast_head_json":{"title":"G\u00eaneros textuais \/ discursivos: conhecimentos, linguagens e culturas - Pontes Editores","robots":{"index":"index","follow":"follow","max-snippet":"max-snippet:-1","max-image-preview":"max-image-preview:large","max-video-preview":"max-video-preview:-1"},"canonical":"https:\/\/ponteseditores.com.br\/loja3\/pontes-editores-home-2__trashed\/ebook\/generos-textuais-discursivos-conhecimentos-linguagens-e-culturas\/","og_locale":"pt_BR","og_type":"article","og_title":"G\u00eaneros textuais \/ discursivos: conhecimentos, linguagens e culturas - Pontes Editores","og_description":"Os cap\u00edtulos reunidos neste e-book s\u00e3o frutos das ricas interlocu\u00e7\u00f5es desenvolvidas na XI edi\u00e7\u00e3o do Simp\u00f3sio Internacional de G\u00eaneros Textuais\/Discursivos (SIGET), realizado nos dias 26, 27 e 28 de\u00a0outubro de 2022, na\u00a0Universidade Federal da Para\u00edba (UFPB\/CCHLA),\u00a0Jo\u00e3o Pessoa, Brasil. \u00a0O tema Conhecimentos, linguagens e culturas norteou as reflex\u00f5es sobre a investiga\u00e7\u00e3o dos g\u00eaneros textuais\/discursivos em curso [&hellip;]","og_url":"https:\/\/ponteseditores.com.br\/loja3\/pontes-editores-home-2__trashed\/ebook\/generos-textuais-discursivos-conhecimentos-linguagens-e-culturas\/","og_site_name":"Pontes Editores","article_modified_time":"2024-10-08T14:29:22+00:00","og_image":[{"width":1728,"height":2443,"url":"https:\/\/ponteseditores.com.br\/loja3\/wp-content\/uploads\/2023\/12\/Capa_Generos_Textuais-Discursivos.jpg","type":"image\/jpeg"}],"twitter_card":"summary_large_image","twitter_misc":{"Est. tempo de leitura":"1 minuto"},"schema":{"@context":"https:\/\/schema.org","@graph":[{"@type":"WebPage","@id":"https:\/\/ponteseditores.com.br\/loja3\/pontes-editores-home-2__trashed\/ebook\/generos-textuais-discursivos-conhecimentos-linguagens-e-culturas\/","url":"https:\/\/ponteseditores.com.br\/loja3\/pontes-editores-home-2__trashed\/ebook\/generos-textuais-discursivos-conhecimentos-linguagens-e-culturas\/","name":"G\u00eaneros textuais \/ discursivos: conhecimentos, linguagens e culturas - Pontes Editores","isPartOf":{"@id":"https:\/\/ponteseditores.com.br\/loja3\/#website"},"primaryImageOfPage":{"@id":"https:\/\/ponteseditores.com.br\/loja3\/pontes-editores-home-2__trashed\/ebook\/generos-textuais-discursivos-conhecimentos-linguagens-e-culturas\/#primaryimage"},"image":{"@id":"https:\/\/ponteseditores.com.br\/loja3\/pontes-editores-home-2__trashed\/ebook\/generos-textuais-discursivos-conhecimentos-linguagens-e-culturas\/#primaryimage"},"thumbnailUrl":"https:\/\/ponteseditores.com.br\/loja3\/wp-content\/uploads\/2023\/12\/Capa_Generos_Textuais-Discursivos.jpg","datePublished":"2023-12-07T21:03:09+00:00","dateModified":"2024-10-08T14:29:22+00:00","breadcrumb":{"@id":"https:\/\/ponteseditores.com.br\/loja3\/pontes-editores-home-2__trashed\/ebook\/generos-textuais-discursivos-conhecimentos-linguagens-e-culturas\/#breadcrumb"},"inLanguage":"pt-BR","potentialAction":[{"@type":"ReadAction","target":["https:\/\/ponteseditores.com.br\/loja3\/pontes-editores-home-2__trashed\/ebook\/generos-textuais-discursivos-conhecimentos-linguagens-e-culturas\/"]}]},{"@type":"ImageObject","inLanguage":"pt-BR","@id":"https:\/\/ponteseditores.com.br\/loja3\/pontes-editores-home-2__trashed\/ebook\/generos-textuais-discursivos-conhecimentos-linguagens-e-culturas\/#primaryimage","url":"https:\/\/ponteseditores.com.br\/loja3\/wp-content\/uploads\/2023\/12\/Capa_Generos_Textuais-Discursivos.jpg","contentUrl":"https:\/\/ponteseditores.com.br\/loja3\/wp-content\/uploads\/2023\/12\/Capa_Generos_Textuais-Discursivos.jpg","width":1728,"height":2443},{"@type":"BreadcrumbList","@id":"https:\/\/ponteseditores.com.br\/loja3\/pontes-editores-home-2__trashed\/ebook\/generos-textuais-discursivos-conhecimentos-linguagens-e-culturas\/#breadcrumb","itemListElement":[{"@type":"ListItem","position":1,"name":"Home","item":"https:\/\/ponteseditores.com.br\/loja3\/"},{"@type":"ListItem","position":2,"name":"loja","item":"https:\/\/ponteseditores.com.br\/loja3\/loja\/"},{"@type":"ListItem","position":3,"name":"G\u00eaneros textuais \/ discursivos: conhecimentos, linguagens e culturas"}]},{"@type":"WebSite","@id":"https:\/\/ponteseditores.com.br\/loja3\/#website","url":"https:\/\/ponteseditores.com.br\/loja3\/","name":"Pontes Editores","description":"Pontes Editores","publisher":{"@id":"https:\/\/ponteseditores.com.br\/loja3\/#organization"},"potentialAction":[{"@type":"SearchAction","target":{"@type":"EntryPoint","urlTemplate":"https:\/\/ponteseditores.com.br\/loja3\/?s={search_term_string}"},"query-input":{"@type":"PropertyValueSpecification","valueRequired":true,"valueName":"search_term_string"}}],"inLanguage":"pt-BR"},{"@type":"Organization","@id":"https:\/\/ponteseditores.com.br\/loja3\/#organization","name":"Pontes Editores","url":"https:\/\/ponteseditores.com.br\/loja3\/","logo":{"@type":"ImageObject","inLanguage":"pt-BR","@id":"https:\/\/ponteseditores.com.br\/loja3\/#\/schema\/logo\/image\/","url":"https:\/\/ponteseditores.com.br\/loja3\/wp-content\/uploads\/2023\/12\/logo-pontes-editores-v2.png","contentUrl":"https:\/\/ponteseditores.com.br\/loja3\/wp-content\/uploads\/2023\/12\/logo-pontes-editores-v2.png","width":258,"height":100,"caption":"Pontes Editores"},"image":{"@id":"https:\/\/ponteseditores.com.br\/loja3\/#\/schema\/logo\/image\/"}}]}},"_links":{"self":[{"href":"https:\/\/ponteseditores.com.br\/loja3\/wp-json\/wp\/v2\/product\/1306","targetHints":{"allow":["GET"]}}],"collection":[{"href":"https:\/\/ponteseditores.com.br\/loja3\/wp-json\/wp\/v2\/product"}],"about":[{"href":"https:\/\/ponteseditores.com.br\/loja3\/wp-json\/wp\/v2\/types\/product"}],"replies":[{"embeddable":true,"href":"https:\/\/ponteseditores.com.br\/loja3\/wp-json\/wp\/v2\/comments?post=1306"}],"version-history":[{"count":0,"href":"https:\/\/ponteseditores.com.br\/loja3\/wp-json\/wp\/v2\/product\/1306\/revisions"}],"wp:featuredmedia":[{"embeddable":true,"href":"https:\/\/ponteseditores.com.br\/loja3\/wp-json\/wp\/v2\/media\/1308"}],"wp:attachment":[{"href":"https:\/\/ponteseditores.com.br\/loja3\/wp-json\/wp\/v2\/media?parent=1306"}],"wp:term":[{"taxonomy":"product_brand","embeddable":true,"href":"https:\/\/ponteseditores.com.br\/loja3\/wp-json\/wp\/v2\/product_brand?post=1306"},{"taxonomy":"product_cat","embeddable":true,"href":"https:\/\/ponteseditores.com.br\/loja3\/wp-json\/wp\/v2\/product_cat?post=1306"},{"taxonomy":"product_tag","embeddable":true,"href":"https:\/\/ponteseditores.com.br\/loja3\/wp-json\/wp\/v2\/product_tag?post=1306"}],"curies":[{"name":"wp","href":"https:\/\/api.w.org\/{rel}","templated":true}]}}