{"id":1303,"date":"2023-12-07T17:53:44","date_gmt":"2023-12-07T20:53:44","guid":{"rendered":"https:\/\/ponteseditores.com.br\/loja3\/?post_type=product&#038;p=1303"},"modified":"2024-10-08T11:29:22","modified_gmt":"2024-10-08T14:29:22","slug":"diversidade-linguistica-na-america-linguas-amerindias-volume-2","status":"publish","type":"product","link":"https:\/\/ponteseditores.com.br\/loja3\/pontes-editores-home-2__trashed\/ebook\/diversidade-linguistica-na-america-linguas-amerindias-volume-2\/","title":{"rendered":"Diversidade lingu\u00edstica na Am\u00e9rica: L\u00ednguas amer\u00edndias &#8211; Volume 2"},"content":{"rendered":"<p>Organizada em sete cap\u00edtulos, esta colet\u00e2nea \u00e9 o segundo volume da s\u00e9rie <em>Diversidade lingu\u00edstica na Am\u00e9rica<\/em>, a qual se prop\u00f5e a ser um meio para expandir, aprofundar e consolidar o conhecimento e a preserva\u00e7\u00e3o da diversidade de l\u00ednguas americanas, baseado nos avan\u00e7os de distintas perspectivas te\u00f3rico-anal\u00edticas da Lingu\u00edstica (descritiva, comparativa, diacr\u00f4nico-evolutiva, de contato, tipol\u00f3gico-funcional, cognitiva, entre outras) e de outras \u00e1reas, como Antropologia, Arqueologia, Gen\u00e9tica e novas tecnologias.<\/p>\n<p>Os diferentes pa\u00edses de origem dos autores e dos organizadores da obra, neste \u00faltimo caso, Argentina e Brasil, se refletem nos idiomas que comp\u00f5em os cap\u00edtulos, o Castelhano e o Portugu\u00eas, e concorrem para criar uma s\u00e9rie multil\u00edngue de produ\u00e7\u00f5es cient\u00edficas. Tais produ\u00e7\u00f5es resultam de trabalhos de campo, lingu\u00edsticos e etnogr\u00e1ficos, revis\u00f5es bibliogr\u00e1ficas e pesquisas em documentos hist\u00f3ricos.<\/p>\n<p>A presente obra destina-se principalmente a especialistas da \u00e1rea, como docentes e pesquisadores, mas tamb\u00e9m a estudantes de p\u00f3s-gradua\u00e7\u00e3o e especialistas de \u00e1reas afins, cujos ensinamentos s\u00e3o contemplados neste volume.<\/p>\n","protected":false},"excerpt":{"rendered":"<p>Os cap\u00edtulos que comp\u00f5em este segundo volume, bem como suas autoras e autores, podem ser conferidos a seguir:<\/p>\n<p>Cap\u00edtulo 1<\/p>\n<p>A ESTRUTURA ARGUMENTAL DE VERBOS, NOMES E POSPOSI\u00c7\u00d5ES<br \/>\nEM L\u00cdNGUAS TUP\u00cd-GUARAN\u00cd<br \/>\nAline da Cruz, Marina M. Silva Magalh\u00e3es e Walkiria Neiva Pra\u00e7a<\/p>\n<p>Cap\u00edtulo 2<br \/>\nEL SOL, LA LUNA Y LOS ECLIPSES EN LA DOCUMENTACI\u00d3N DE SABERES:<br \/>\nCOSMOVISI\u00d3N, RECURSOS RET\u00d3RICOS Y LEXICOGR\u00c1FICOS<br \/>\nZarina Estrada Fern\u00e1ndez<\/p>\n<p>Cap\u00edtulo 3<br \/>\nCONSTRUCCIONES REC\u00cdPROCAS Y RELACIONES SIM\u00c9TRICAS EN MOCOV\u00cd Y<br \/>\nTOBA (GUAYCUR\u00da)<br \/>\nCristian R. Ju\u00e1rez e Adriana A. Zurlo<\/p>\n<p>Cap\u00edtulo 4<br \/>\nEL PROBLEMA DE LA TRANSCRIPCI\u00d3N DE LA LENGUA YAG\u00c1N EN CONTEXTOS<br \/>\nMISIONEROS<br \/>\nMar\u00eda Alejandra Reg\u00fanaga<\/p>\n<p>Cap\u00edtulo 5<br \/>\nTERMINOLOGIA E AN\u00c1LISE LINGU\u00cdSTICA: OS SINTAGMAS POSPOSICIONAIS<br \/>\nEM L\u00cdNGUAS DA FAM\u00cdLIA TUP\u00cd-GUARAN\u00cd<\/p>\n<p>Arthur Britta Scandelari e Dioney Moreira Gomes<\/p>\n<p>&nbsp;<\/p>\n<p>Cap\u00edtulo 6<\/p>\n<p>ENTRE COMPOSICI\u00d3N Y LEXICALIZACI\u00d3N: LEXEMAS NOMINALES COMPLEJOS<br \/>\nEN URARINA (KACHA ERE) DESDE UNA PERSPECTIVA CONSTRUCCIONAL<br \/>\nY COGNITIVA<br \/>\nGema Silva e Jaime Pe\u00f1a<\/p>\n<p>&nbsp;<\/p>\n<p>Cap\u00edtulo 7<br \/>\nDESCRIPCI\u00d3N FON\u00c9TICO-FONOL\u00d3GICA DEL QUECHUA DE CHACHAPOYAS<br \/>\nCON ESPECIAL ATENCI\u00d3N EN EL ACENTO Y LA MONOPTONGACI\u00d3N<\/p>\n<p>Jairo Valqui e Walter Chalco<\/p>\n<p>&nbsp;<\/p>\n<p>&nbsp;<\/p>\n<p>&nbsp;<\/p>\n","protected":false},"featured_media":1305,"comment_status":"open","ping_status":"closed","template":"","meta":{"_joinchat":[]},"product_brand":[],"product_cat":[165],"product_tag":[],"class_list":{"0":"post-1303","1":"product","2":"type-product","3":"status-publish","4":"has-post-thumbnail","6":"product_cat-ebook","7":"product_shipping_class-download","9":"first","10":"instock","11":"downloadable","12":"virtual","13":"purchasable","14":"product-type-simple"},"yoast_head":"<!-- This site is optimized with the Yoast SEO plugin v27.4 - https:\/\/yoast.com\/product\/yoast-seo-wordpress\/ -->\n<title>Diversidade lingu\u00edstica na Am\u00e9rica: L\u00ednguas amer\u00edndias - Volume 2 - Pontes Editores<\/title>\n<meta name=\"robots\" content=\"index, follow, max-snippet:-1, max-image-preview:large, max-video-preview:-1\" \/>\n<link rel=\"canonical\" href=\"https:\/\/ponteseditores.com.br\/loja3\/pontes-editores-home-2__trashed\/ebook\/diversidade-linguistica-na-america-linguas-amerindias-volume-2\/\" \/>\n<meta property=\"og:locale\" content=\"pt_BR\" \/>\n<meta property=\"og:type\" content=\"article\" \/>\n<meta property=\"og:title\" content=\"Diversidade lingu\u00edstica na Am\u00e9rica: L\u00ednguas amer\u00edndias - Volume 2 - Pontes Editores\" \/>\n<meta property=\"og:description\" content=\"Os cap\u00edtulos que comp\u00f5em este segundo volume, bem como suas autoras e autores, podem ser conferidos a seguir:  Cap\u00edtulo 1  A ESTRUTURA ARGUMENTAL DE VERBOS, NOMES E POSPOSI\u00c7\u00d5ES EM L\u00cdNGUAS TUP\u00cd-GUARAN\u00cd Aline da Cruz, Marina M. Silva Magalh\u00e3es e Walkiria Neiva Pra\u00e7a  Cap\u00edtulo 2 EL SOL, LA LUNA Y LOS ECLIPSES EN LA DOCUMENTACI\u00d3N DE SABERES: COSMOVISI\u00d3N, RECURSOS RET\u00d3RICOS Y LEXICOGR\u00c1FICOS Zarina Estrada Fern\u00e1ndez  Cap\u00edtulo 3 CONSTRUCCIONES REC\u00cdPROCAS Y RELACIONES SIM\u00c9TRICAS EN MOCOV\u00cd Y TOBA (GUAYCUR\u00da) Cristian R. Ju\u00e1rez e Adriana A. Zurlo  Cap\u00edtulo 4 EL PROBLEMA DE LA TRANSCRIPCI\u00d3N DE LA LENGUA YAG\u00c1N EN CONTEXTOS MISIONEROS Mar\u00eda Alejandra Reg\u00fanaga  Cap\u00edtulo 5 TERMINOLOGIA E AN\u00c1LISE LINGU\u00cdSTICA: OS SINTAGMAS POSPOSICIONAIS EM L\u00cdNGUAS DA FAM\u00cdLIA TUP\u00cd-GUARAN\u00cd  Arthur Britta Scandelari e Dioney Moreira Gomes  &nbsp;  Cap\u00edtulo 6  ENTRE COMPOSICI\u00d3N Y LEXICALIZACI\u00d3N: LEXEMAS NOMINALES COMPLEJOS EN URARINA (KACHA ERE) DESDE UNA PERSPECTIVA CONSTRUCCIONAL Y COGNITIVA Gema Silva e Jaime Pe\u00f1a  &nbsp;  Cap\u00edtulo 7 DESCRIPCI\u00d3N FON\u00c9TICO-FONOL\u00d3GICA DEL QUECHUA DE CHACHAPOYAS CON ESPECIAL ATENCI\u00d3N EN EL ACENTO Y LA MONOPTONGACI\u00d3N  Jairo Valqui e Walter Chalco  &nbsp;  &nbsp;  &nbsp;\" \/>\n<meta property=\"og:url\" content=\"https:\/\/ponteseditores.com.br\/loja3\/pontes-editores-home-2__trashed\/ebook\/diversidade-linguistica-na-america-linguas-amerindias-volume-2\/\" \/>\n<meta property=\"og:site_name\" content=\"Pontes Editores\" \/>\n<meta property=\"article:modified_time\" content=\"2024-10-08T14:29:22+00:00\" \/>\n<meta property=\"og:image\" content=\"https:\/\/ponteseditores.com.br\/loja3\/wp-content\/uploads\/2023\/12\/Capa_Diversidade.jpg\" \/>\n\t<meta property=\"og:image:width\" content=\"1728\" \/>\n\t<meta property=\"og:image:height\" content=\"2443\" \/>\n\t<meta property=\"og:image:type\" content=\"image\/jpeg\" \/>\n<meta name=\"twitter:card\" content=\"summary_large_image\" \/>\n<meta name=\"twitter:label1\" content=\"Est. tempo de leitura\" \/>\n\t<meta name=\"twitter:data1\" content=\"2 minutos\" \/>\n<script type=\"application\/ld+json\" class=\"yoast-schema-graph\">{\"@context\":\"https:\\\/\\\/schema.org\",\"@graph\":[{\"@type\":\"WebPage\",\"@id\":\"https:\\\/\\\/ponteseditores.com.br\\\/loja3\\\/pontes-editores-home-2__trashed\\\/ebook\\\/diversidade-linguistica-na-america-linguas-amerindias-volume-2\\\/\",\"url\":\"https:\\\/\\\/ponteseditores.com.br\\\/loja3\\\/pontes-editores-home-2__trashed\\\/ebook\\\/diversidade-linguistica-na-america-linguas-amerindias-volume-2\\\/\",\"name\":\"Diversidade lingu\u00edstica na Am\u00e9rica: L\u00ednguas amer\u00edndias - Volume 2 - Pontes Editores\",\"isPartOf\":{\"@id\":\"https:\\\/\\\/ponteseditores.com.br\\\/loja3\\\/#website\"},\"primaryImageOfPage\":{\"@id\":\"https:\\\/\\\/ponteseditores.com.br\\\/loja3\\\/pontes-editores-home-2__trashed\\\/ebook\\\/diversidade-linguistica-na-america-linguas-amerindias-volume-2\\\/#primaryimage\"},\"image\":{\"@id\":\"https:\\\/\\\/ponteseditores.com.br\\\/loja3\\\/pontes-editores-home-2__trashed\\\/ebook\\\/diversidade-linguistica-na-america-linguas-amerindias-volume-2\\\/#primaryimage\"},\"thumbnailUrl\":\"https:\\\/\\\/ponteseditores.com.br\\\/loja3\\\/wp-content\\\/uploads\\\/2023\\\/12\\\/Capa_Diversidade.jpg\",\"datePublished\":\"2023-12-07T20:53:44+00:00\",\"dateModified\":\"2024-10-08T14:29:22+00:00\",\"breadcrumb\":{\"@id\":\"https:\\\/\\\/ponteseditores.com.br\\\/loja3\\\/pontes-editores-home-2__trashed\\\/ebook\\\/diversidade-linguistica-na-america-linguas-amerindias-volume-2\\\/#breadcrumb\"},\"inLanguage\":\"pt-BR\",\"potentialAction\":[{\"@type\":\"ReadAction\",\"target\":[\"https:\\\/\\\/ponteseditores.com.br\\\/loja3\\\/pontes-editores-home-2__trashed\\\/ebook\\\/diversidade-linguistica-na-america-linguas-amerindias-volume-2\\\/\"]}]},{\"@type\":\"ImageObject\",\"inLanguage\":\"pt-BR\",\"@id\":\"https:\\\/\\\/ponteseditores.com.br\\\/loja3\\\/pontes-editores-home-2__trashed\\\/ebook\\\/diversidade-linguistica-na-america-linguas-amerindias-volume-2\\\/#primaryimage\",\"url\":\"https:\\\/\\\/ponteseditores.com.br\\\/loja3\\\/wp-content\\\/uploads\\\/2023\\\/12\\\/Capa_Diversidade.jpg\",\"contentUrl\":\"https:\\\/\\\/ponteseditores.com.br\\\/loja3\\\/wp-content\\\/uploads\\\/2023\\\/12\\\/Capa_Diversidade.jpg\",\"width\":1728,\"height\":2443},{\"@type\":\"BreadcrumbList\",\"@id\":\"https:\\\/\\\/ponteseditores.com.br\\\/loja3\\\/pontes-editores-home-2__trashed\\\/ebook\\\/diversidade-linguistica-na-america-linguas-amerindias-volume-2\\\/#breadcrumb\",\"itemListElement\":[{\"@type\":\"ListItem\",\"position\":1,\"name\":\"Home\",\"item\":\"https:\\\/\\\/ponteseditores.com.br\\\/loja3\\\/\"},{\"@type\":\"ListItem\",\"position\":2,\"name\":\"loja\",\"item\":\"https:\\\/\\\/ponteseditores.com.br\\\/loja3\\\/loja\\\/\"},{\"@type\":\"ListItem\",\"position\":3,\"name\":\"Diversidade lingu\u00edstica na Am\u00e9rica: L\u00ednguas amer\u00edndias &#8211; Volume 2\"}]},{\"@type\":\"WebSite\",\"@id\":\"https:\\\/\\\/ponteseditores.com.br\\\/loja3\\\/#website\",\"url\":\"https:\\\/\\\/ponteseditores.com.br\\\/loja3\\\/\",\"name\":\"Pontes Editores\",\"description\":\"Pontes Editores\",\"publisher\":{\"@id\":\"https:\\\/\\\/ponteseditores.com.br\\\/loja3\\\/#organization\"},\"potentialAction\":[{\"@type\":\"SearchAction\",\"target\":{\"@type\":\"EntryPoint\",\"urlTemplate\":\"https:\\\/\\\/ponteseditores.com.br\\\/loja3\\\/?s={search_term_string}\"},\"query-input\":{\"@type\":\"PropertyValueSpecification\",\"valueRequired\":true,\"valueName\":\"search_term_string\"}}],\"inLanguage\":\"pt-BR\"},{\"@type\":\"Organization\",\"@id\":\"https:\\\/\\\/ponteseditores.com.br\\\/loja3\\\/#organization\",\"name\":\"Pontes Editores\",\"url\":\"https:\\\/\\\/ponteseditores.com.br\\\/loja3\\\/\",\"logo\":{\"@type\":\"ImageObject\",\"inLanguage\":\"pt-BR\",\"@id\":\"https:\\\/\\\/ponteseditores.com.br\\\/loja3\\\/#\\\/schema\\\/logo\\\/image\\\/\",\"url\":\"https:\\\/\\\/ponteseditores.com.br\\\/loja3\\\/wp-content\\\/uploads\\\/2023\\\/12\\\/logo-pontes-editores-v2.png\",\"contentUrl\":\"https:\\\/\\\/ponteseditores.com.br\\\/loja3\\\/wp-content\\\/uploads\\\/2023\\\/12\\\/logo-pontes-editores-v2.png\",\"width\":258,\"height\":100,\"caption\":\"Pontes Editores\"},\"image\":{\"@id\":\"https:\\\/\\\/ponteseditores.com.br\\\/loja3\\\/#\\\/schema\\\/logo\\\/image\\\/\"}}]}<\/script>\n<!-- \/ Yoast SEO plugin. -->","yoast_head_json":{"title":"Diversidade lingu\u00edstica na Am\u00e9rica: L\u00ednguas amer\u00edndias - Volume 2 - Pontes Editores","robots":{"index":"index","follow":"follow","max-snippet":"max-snippet:-1","max-image-preview":"max-image-preview:large","max-video-preview":"max-video-preview:-1"},"canonical":"https:\/\/ponteseditores.com.br\/loja3\/pontes-editores-home-2__trashed\/ebook\/diversidade-linguistica-na-america-linguas-amerindias-volume-2\/","og_locale":"pt_BR","og_type":"article","og_title":"Diversidade lingu\u00edstica na Am\u00e9rica: L\u00ednguas amer\u00edndias - Volume 2 - Pontes Editores","og_description":"Os cap\u00edtulos que comp\u00f5em este segundo volume, bem como suas autoras e autores, podem ser conferidos a seguir:  Cap\u00edtulo 1  A ESTRUTURA ARGUMENTAL DE VERBOS, NOMES E POSPOSI\u00c7\u00d5ES EM L\u00cdNGUAS TUP\u00cd-GUARAN\u00cd Aline da Cruz, Marina M. Silva Magalh\u00e3es e Walkiria Neiva Pra\u00e7a  Cap\u00edtulo 2 EL SOL, LA LUNA Y LOS ECLIPSES EN LA DOCUMENTACI\u00d3N DE SABERES: COSMOVISI\u00d3N, RECURSOS RET\u00d3RICOS Y LEXICOGR\u00c1FICOS Zarina Estrada Fern\u00e1ndez  Cap\u00edtulo 3 CONSTRUCCIONES REC\u00cdPROCAS Y RELACIONES SIM\u00c9TRICAS EN MOCOV\u00cd Y TOBA (GUAYCUR\u00da) Cristian R. Ju\u00e1rez e Adriana A. Zurlo  Cap\u00edtulo 4 EL PROBLEMA DE LA TRANSCRIPCI\u00d3N DE LA LENGUA YAG\u00c1N EN CONTEXTOS MISIONEROS Mar\u00eda Alejandra Reg\u00fanaga  Cap\u00edtulo 5 TERMINOLOGIA E AN\u00c1LISE LINGU\u00cdSTICA: OS SINTAGMAS POSPOSICIONAIS EM L\u00cdNGUAS DA FAM\u00cdLIA TUP\u00cd-GUARAN\u00cd  Arthur Britta Scandelari e Dioney Moreira Gomes  &nbsp;  Cap\u00edtulo 6  ENTRE COMPOSICI\u00d3N Y LEXICALIZACI\u00d3N: LEXEMAS NOMINALES COMPLEJOS EN URARINA (KACHA ERE) DESDE UNA PERSPECTIVA CONSTRUCCIONAL Y COGNITIVA Gema Silva e Jaime Pe\u00f1a  &nbsp;  Cap\u00edtulo 7 DESCRIPCI\u00d3N FON\u00c9TICO-FONOL\u00d3GICA DEL QUECHUA DE CHACHAPOYAS CON ESPECIAL ATENCI\u00d3N EN EL ACENTO Y LA MONOPTONGACI\u00d3N  Jairo Valqui e Walter Chalco  &nbsp;  &nbsp;  &nbsp;","og_url":"https:\/\/ponteseditores.com.br\/loja3\/pontes-editores-home-2__trashed\/ebook\/diversidade-linguistica-na-america-linguas-amerindias-volume-2\/","og_site_name":"Pontes Editores","article_modified_time":"2024-10-08T14:29:22+00:00","og_image":[{"width":1728,"height":2443,"url":"https:\/\/ponteseditores.com.br\/loja3\/wp-content\/uploads\/2023\/12\/Capa_Diversidade.jpg","type":"image\/jpeg"}],"twitter_card":"summary_large_image","twitter_misc":{"Est. tempo de leitura":"2 minutos"},"schema":{"@context":"https:\/\/schema.org","@graph":[{"@type":"WebPage","@id":"https:\/\/ponteseditores.com.br\/loja3\/pontes-editores-home-2__trashed\/ebook\/diversidade-linguistica-na-america-linguas-amerindias-volume-2\/","url":"https:\/\/ponteseditores.com.br\/loja3\/pontes-editores-home-2__trashed\/ebook\/diversidade-linguistica-na-america-linguas-amerindias-volume-2\/","name":"Diversidade lingu\u00edstica na Am\u00e9rica: L\u00ednguas amer\u00edndias - Volume 2 - Pontes Editores","isPartOf":{"@id":"https:\/\/ponteseditores.com.br\/loja3\/#website"},"primaryImageOfPage":{"@id":"https:\/\/ponteseditores.com.br\/loja3\/pontes-editores-home-2__trashed\/ebook\/diversidade-linguistica-na-america-linguas-amerindias-volume-2\/#primaryimage"},"image":{"@id":"https:\/\/ponteseditores.com.br\/loja3\/pontes-editores-home-2__trashed\/ebook\/diversidade-linguistica-na-america-linguas-amerindias-volume-2\/#primaryimage"},"thumbnailUrl":"https:\/\/ponteseditores.com.br\/loja3\/wp-content\/uploads\/2023\/12\/Capa_Diversidade.jpg","datePublished":"2023-12-07T20:53:44+00:00","dateModified":"2024-10-08T14:29:22+00:00","breadcrumb":{"@id":"https:\/\/ponteseditores.com.br\/loja3\/pontes-editores-home-2__trashed\/ebook\/diversidade-linguistica-na-america-linguas-amerindias-volume-2\/#breadcrumb"},"inLanguage":"pt-BR","potentialAction":[{"@type":"ReadAction","target":["https:\/\/ponteseditores.com.br\/loja3\/pontes-editores-home-2__trashed\/ebook\/diversidade-linguistica-na-america-linguas-amerindias-volume-2\/"]}]},{"@type":"ImageObject","inLanguage":"pt-BR","@id":"https:\/\/ponteseditores.com.br\/loja3\/pontes-editores-home-2__trashed\/ebook\/diversidade-linguistica-na-america-linguas-amerindias-volume-2\/#primaryimage","url":"https:\/\/ponteseditores.com.br\/loja3\/wp-content\/uploads\/2023\/12\/Capa_Diversidade.jpg","contentUrl":"https:\/\/ponteseditores.com.br\/loja3\/wp-content\/uploads\/2023\/12\/Capa_Diversidade.jpg","width":1728,"height":2443},{"@type":"BreadcrumbList","@id":"https:\/\/ponteseditores.com.br\/loja3\/pontes-editores-home-2__trashed\/ebook\/diversidade-linguistica-na-america-linguas-amerindias-volume-2\/#breadcrumb","itemListElement":[{"@type":"ListItem","position":1,"name":"Home","item":"https:\/\/ponteseditores.com.br\/loja3\/"},{"@type":"ListItem","position":2,"name":"loja","item":"https:\/\/ponteseditores.com.br\/loja3\/loja\/"},{"@type":"ListItem","position":3,"name":"Diversidade lingu\u00edstica na Am\u00e9rica: L\u00ednguas amer\u00edndias &#8211; Volume 2"}]},{"@type":"WebSite","@id":"https:\/\/ponteseditores.com.br\/loja3\/#website","url":"https:\/\/ponteseditores.com.br\/loja3\/","name":"Pontes Editores","description":"Pontes Editores","publisher":{"@id":"https:\/\/ponteseditores.com.br\/loja3\/#organization"},"potentialAction":[{"@type":"SearchAction","target":{"@type":"EntryPoint","urlTemplate":"https:\/\/ponteseditores.com.br\/loja3\/?s={search_term_string}"},"query-input":{"@type":"PropertyValueSpecification","valueRequired":true,"valueName":"search_term_string"}}],"inLanguage":"pt-BR"},{"@type":"Organization","@id":"https:\/\/ponteseditores.com.br\/loja3\/#organization","name":"Pontes Editores","url":"https:\/\/ponteseditores.com.br\/loja3\/","logo":{"@type":"ImageObject","inLanguage":"pt-BR","@id":"https:\/\/ponteseditores.com.br\/loja3\/#\/schema\/logo\/image\/","url":"https:\/\/ponteseditores.com.br\/loja3\/wp-content\/uploads\/2023\/12\/logo-pontes-editores-v2.png","contentUrl":"https:\/\/ponteseditores.com.br\/loja3\/wp-content\/uploads\/2023\/12\/logo-pontes-editores-v2.png","width":258,"height":100,"caption":"Pontes Editores"},"image":{"@id":"https:\/\/ponteseditores.com.br\/loja3\/#\/schema\/logo\/image\/"}}]}},"_links":{"self":[{"href":"https:\/\/ponteseditores.com.br\/loja3\/wp-json\/wp\/v2\/product\/1303","targetHints":{"allow":["GET"]}}],"collection":[{"href":"https:\/\/ponteseditores.com.br\/loja3\/wp-json\/wp\/v2\/product"}],"about":[{"href":"https:\/\/ponteseditores.com.br\/loja3\/wp-json\/wp\/v2\/types\/product"}],"replies":[{"embeddable":true,"href":"https:\/\/ponteseditores.com.br\/loja3\/wp-json\/wp\/v2\/comments?post=1303"}],"version-history":[{"count":0,"href":"https:\/\/ponteseditores.com.br\/loja3\/wp-json\/wp\/v2\/product\/1303\/revisions"}],"wp:featuredmedia":[{"embeddable":true,"href":"https:\/\/ponteseditores.com.br\/loja3\/wp-json\/wp\/v2\/media\/1305"}],"wp:attachment":[{"href":"https:\/\/ponteseditores.com.br\/loja3\/wp-json\/wp\/v2\/media?parent=1303"}],"wp:term":[{"taxonomy":"product_brand","embeddable":true,"href":"https:\/\/ponteseditores.com.br\/loja3\/wp-json\/wp\/v2\/product_brand?post=1303"},{"taxonomy":"product_cat","embeddable":true,"href":"https:\/\/ponteseditores.com.br\/loja3\/wp-json\/wp\/v2\/product_cat?post=1303"},{"taxonomy":"product_tag","embeddable":true,"href":"https:\/\/ponteseditores.com.br\/loja3\/wp-json\/wp\/v2\/product_tag?post=1303"}],"curies":[{"name":"wp","href":"https:\/\/api.w.org\/{rel}","templated":true}]}}