{"id":1293,"date":"2023-12-12T10:18:08","date_gmt":"2023-12-12T13:18:08","guid":{"rendered":"https:\/\/ponteseditores.com.br\/loja3\/?post_type=product&#038;p=1293"},"modified":"2024-10-08T11:29:16","modified_gmt":"2024-10-08T14:29:16","slug":"pedagogias-decoloniais-e-ensino-plural-de-espanhol-no-sul-global","status":"publish","type":"product","link":"https:\/\/ponteseditores.com.br\/loja3\/pontes-editores-home-2__trashed\/ebook\/pedagogias-decoloniais-e-ensino-plural-de-espanhol-no-sul-global\/","title":{"rendered":"Pedagogias decoloniais e ensino plural de espanhol no Sul Global"},"content":{"rendered":"<p>[&#8230;] as tem\u00e1ticas exploradas no livro <strong>Pedagogias decolobiais e ensino plural de espanhol no Sul Global <\/strong>se articulam entre si e respondem \u00e0s demandas de uma pedagogia decolonial voltada ao ensino de espanhol. De modo mais amplo, as ideias apresentadas na obra, quando \u201ccosturadas\u201d, representam uma proposta de curr\u00edculo decolonial \u2013 objeto fundamental \u00e0 constru\u00e7\u00e3o de uma outra escola e de sujeitos que possam, a essa institui\u00e7\u00e3o, lhe dar vida e sentido. Assim, mais do que a no\u00e7\u00e3o de curr\u00edculo educativo decolonial, nota-se o horizonte de um caminho ut\u00f3pico desej\u00e1vel e poss\u00edvel que podemos trilhar.<\/p>\n<p>E que estamos trilhando. [&#8230;]<\/p>\n<p>Acreditamos, portanto, n\u00e3o ser poss\u00edvel transformar sem agir, sem confrontar e modificar as colonialidades do ser, saber e poder, especialmente, no que diz respeito \u00e0 educa\u00e7\u00e3o como amplo movimento social, do qual somos instados a participar cotidianamente. Agregando-se, para tanto, pr\u00e1ticas decoloniais\/contracoloniais.<\/p>\n<p>Palavras da &#8220;Apresenta\u00e7\u00e3o&#8221;, L\u00edvia Baptista, Fernanda Tonelli e Diego Alexandre<\/p>\n<p>&nbsp;<\/p>\n","protected":false},"excerpt":{"rendered":"<p>[&#8230;] as tem\u00e1ticas exploradas no livro Pedagogias decolobiais e ensino plural de espanhol no Sul Global se articulam entre si e respondem \u00e0s demandas de uma pedagogia decolonial voltada ao ensino de espanhol. De modo mais amplo, as ideias apresentadas na obra, quando \u201ccosturadas\u201d, representam uma proposta de curr\u00edculo decolonial \u2013 objeto fundamental \u00e0 constru\u00e7\u00e3o [&hellip;]<\/p>\n","protected":false},"featured_media":1295,"comment_status":"open","ping_status":"closed","template":"","meta":{"_joinchat":[]},"product_brand":[],"product_cat":[165],"product_tag":[],"class_list":{"0":"post-1293","1":"product","2":"type-product","3":"status-publish","4":"has-post-thumbnail","6":"product_cat-ebook","7":"product_shipping_class-download","9":"first","10":"instock","11":"downloadable","12":"virtual","13":"purchasable","14":"product-type-simple"},"yoast_head":"<!-- This site is optimized with the Yoast SEO plugin v27.4 - https:\/\/yoast.com\/product\/yoast-seo-wordpress\/ -->\n<title>Pedagogias decoloniais e ensino plural de espanhol no Sul Global - Pontes Editores<\/title>\n<meta name=\"robots\" content=\"index, follow, max-snippet:-1, max-image-preview:large, max-video-preview:-1\" \/>\n<link rel=\"canonical\" href=\"https:\/\/ponteseditores.com.br\/loja3\/pontes-editores-home-2__trashed\/ebook\/pedagogias-decoloniais-e-ensino-plural-de-espanhol-no-sul-global\/\" \/>\n<meta property=\"og:locale\" content=\"pt_BR\" \/>\n<meta property=\"og:type\" content=\"article\" \/>\n<meta property=\"og:title\" content=\"Pedagogias decoloniais e ensino plural de espanhol no Sul Global - Pontes Editores\" \/>\n<meta property=\"og:description\" content=\"[&#8230;] as tem\u00e1ticas exploradas no livro Pedagogias decolobiais e ensino plural de espanhol no Sul Global se articulam entre si e respondem \u00e0s demandas de uma pedagogia decolonial voltada ao ensino de espanhol. De modo mais amplo, as ideias apresentadas na obra, quando \u201ccosturadas\u201d, representam uma proposta de curr\u00edculo decolonial \u2013 objeto fundamental \u00e0 constru\u00e7\u00e3o [&hellip;]\" \/>\n<meta property=\"og:url\" content=\"https:\/\/ponteseditores.com.br\/loja3\/pontes-editores-home-2__trashed\/ebook\/pedagogias-decoloniais-e-ensino-plural-de-espanhol-no-sul-global\/\" \/>\n<meta property=\"og:site_name\" content=\"Pontes Editores\" \/>\n<meta property=\"article:modified_time\" content=\"2024-10-08T14:29:16+00:00\" \/>\n<meta property=\"og:image\" content=\"https:\/\/ponteseditores.com.br\/loja3\/wp-content\/uploads\/2023\/12\/Capa_Pedagogias_Decoloniais.jpg\" \/>\n\t<meta property=\"og:image:width\" content=\"1500\" \/>\n\t<meta property=\"og:image:height\" content=\"2121\" \/>\n\t<meta property=\"og:image:type\" content=\"image\/jpeg\" \/>\n<meta name=\"twitter:card\" content=\"summary_large_image\" \/>\n<meta name=\"twitter:label1\" content=\"Est. tempo de leitura\" \/>\n\t<meta name=\"twitter:data1\" content=\"2 minutos\" \/>\n<script type=\"application\/ld+json\" class=\"yoast-schema-graph\">{\"@context\":\"https:\\\/\\\/schema.org\",\"@graph\":[{\"@type\":\"WebPage\",\"@id\":\"https:\\\/\\\/ponteseditores.com.br\\\/loja3\\\/pontes-editores-home-2__trashed\\\/ebook\\\/pedagogias-decoloniais-e-ensino-plural-de-espanhol-no-sul-global\\\/\",\"url\":\"https:\\\/\\\/ponteseditores.com.br\\\/loja3\\\/pontes-editores-home-2__trashed\\\/ebook\\\/pedagogias-decoloniais-e-ensino-plural-de-espanhol-no-sul-global\\\/\",\"name\":\"Pedagogias decoloniais e ensino plural de espanhol no Sul Global - Pontes Editores\",\"isPartOf\":{\"@id\":\"https:\\\/\\\/ponteseditores.com.br\\\/loja3\\\/#website\"},\"primaryImageOfPage\":{\"@id\":\"https:\\\/\\\/ponteseditores.com.br\\\/loja3\\\/pontes-editores-home-2__trashed\\\/ebook\\\/pedagogias-decoloniais-e-ensino-plural-de-espanhol-no-sul-global\\\/#primaryimage\"},\"image\":{\"@id\":\"https:\\\/\\\/ponteseditores.com.br\\\/loja3\\\/pontes-editores-home-2__trashed\\\/ebook\\\/pedagogias-decoloniais-e-ensino-plural-de-espanhol-no-sul-global\\\/#primaryimage\"},\"thumbnailUrl\":\"https:\\\/\\\/ponteseditores.com.br\\\/loja3\\\/wp-content\\\/uploads\\\/2023\\\/12\\\/Capa_Pedagogias_Decoloniais.jpg\",\"datePublished\":\"2023-12-12T13:18:08+00:00\",\"dateModified\":\"2024-10-08T14:29:16+00:00\",\"breadcrumb\":{\"@id\":\"https:\\\/\\\/ponteseditores.com.br\\\/loja3\\\/pontes-editores-home-2__trashed\\\/ebook\\\/pedagogias-decoloniais-e-ensino-plural-de-espanhol-no-sul-global\\\/#breadcrumb\"},\"inLanguage\":\"pt-BR\",\"potentialAction\":[{\"@type\":\"ReadAction\",\"target\":[\"https:\\\/\\\/ponteseditores.com.br\\\/loja3\\\/pontes-editores-home-2__trashed\\\/ebook\\\/pedagogias-decoloniais-e-ensino-plural-de-espanhol-no-sul-global\\\/\"]}]},{\"@type\":\"ImageObject\",\"inLanguage\":\"pt-BR\",\"@id\":\"https:\\\/\\\/ponteseditores.com.br\\\/loja3\\\/pontes-editores-home-2__trashed\\\/ebook\\\/pedagogias-decoloniais-e-ensino-plural-de-espanhol-no-sul-global\\\/#primaryimage\",\"url\":\"https:\\\/\\\/ponteseditores.com.br\\\/loja3\\\/wp-content\\\/uploads\\\/2023\\\/12\\\/Capa_Pedagogias_Decoloniais.jpg\",\"contentUrl\":\"https:\\\/\\\/ponteseditores.com.br\\\/loja3\\\/wp-content\\\/uploads\\\/2023\\\/12\\\/Capa_Pedagogias_Decoloniais.jpg\",\"width\":1500,\"height\":2121},{\"@type\":\"BreadcrumbList\",\"@id\":\"https:\\\/\\\/ponteseditores.com.br\\\/loja3\\\/pontes-editores-home-2__trashed\\\/ebook\\\/pedagogias-decoloniais-e-ensino-plural-de-espanhol-no-sul-global\\\/#breadcrumb\",\"itemListElement\":[{\"@type\":\"ListItem\",\"position\":1,\"name\":\"Home\",\"item\":\"https:\\\/\\\/ponteseditores.com.br\\\/loja3\\\/\"},{\"@type\":\"ListItem\",\"position\":2,\"name\":\"loja\",\"item\":\"https:\\\/\\\/ponteseditores.com.br\\\/loja3\\\/loja\\\/\"},{\"@type\":\"ListItem\",\"position\":3,\"name\":\"Pedagogias decoloniais e ensino plural de espanhol no Sul Global\"}]},{\"@type\":\"WebSite\",\"@id\":\"https:\\\/\\\/ponteseditores.com.br\\\/loja3\\\/#website\",\"url\":\"https:\\\/\\\/ponteseditores.com.br\\\/loja3\\\/\",\"name\":\"Pontes Editores\",\"description\":\"Pontes Editores\",\"publisher\":{\"@id\":\"https:\\\/\\\/ponteseditores.com.br\\\/loja3\\\/#organization\"},\"potentialAction\":[{\"@type\":\"SearchAction\",\"target\":{\"@type\":\"EntryPoint\",\"urlTemplate\":\"https:\\\/\\\/ponteseditores.com.br\\\/loja3\\\/?s={search_term_string}\"},\"query-input\":{\"@type\":\"PropertyValueSpecification\",\"valueRequired\":true,\"valueName\":\"search_term_string\"}}],\"inLanguage\":\"pt-BR\"},{\"@type\":\"Organization\",\"@id\":\"https:\\\/\\\/ponteseditores.com.br\\\/loja3\\\/#organization\",\"name\":\"Pontes Editores\",\"url\":\"https:\\\/\\\/ponteseditores.com.br\\\/loja3\\\/\",\"logo\":{\"@type\":\"ImageObject\",\"inLanguage\":\"pt-BR\",\"@id\":\"https:\\\/\\\/ponteseditores.com.br\\\/loja3\\\/#\\\/schema\\\/logo\\\/image\\\/\",\"url\":\"https:\\\/\\\/ponteseditores.com.br\\\/loja3\\\/wp-content\\\/uploads\\\/2023\\\/12\\\/logo-pontes-editores-v2.png\",\"contentUrl\":\"https:\\\/\\\/ponteseditores.com.br\\\/loja3\\\/wp-content\\\/uploads\\\/2023\\\/12\\\/logo-pontes-editores-v2.png\",\"width\":258,\"height\":100,\"caption\":\"Pontes Editores\"},\"image\":{\"@id\":\"https:\\\/\\\/ponteseditores.com.br\\\/loja3\\\/#\\\/schema\\\/logo\\\/image\\\/\"}}]}<\/script>\n<!-- \/ Yoast SEO plugin. -->","yoast_head_json":{"title":"Pedagogias decoloniais e ensino plural de espanhol no Sul Global - Pontes Editores","robots":{"index":"index","follow":"follow","max-snippet":"max-snippet:-1","max-image-preview":"max-image-preview:large","max-video-preview":"max-video-preview:-1"},"canonical":"https:\/\/ponteseditores.com.br\/loja3\/pontes-editores-home-2__trashed\/ebook\/pedagogias-decoloniais-e-ensino-plural-de-espanhol-no-sul-global\/","og_locale":"pt_BR","og_type":"article","og_title":"Pedagogias decoloniais e ensino plural de espanhol no Sul Global - Pontes Editores","og_description":"[&#8230;] as tem\u00e1ticas exploradas no livro Pedagogias decolobiais e ensino plural de espanhol no Sul Global se articulam entre si e respondem \u00e0s demandas de uma pedagogia decolonial voltada ao ensino de espanhol. De modo mais amplo, as ideias apresentadas na obra, quando \u201ccosturadas\u201d, representam uma proposta de curr\u00edculo decolonial \u2013 objeto fundamental \u00e0 constru\u00e7\u00e3o [&hellip;]","og_url":"https:\/\/ponteseditores.com.br\/loja3\/pontes-editores-home-2__trashed\/ebook\/pedagogias-decoloniais-e-ensino-plural-de-espanhol-no-sul-global\/","og_site_name":"Pontes Editores","article_modified_time":"2024-10-08T14:29:16+00:00","og_image":[{"width":1500,"height":2121,"url":"https:\/\/ponteseditores.com.br\/loja3\/wp-content\/uploads\/2023\/12\/Capa_Pedagogias_Decoloniais.jpg","type":"image\/jpeg"}],"twitter_card":"summary_large_image","twitter_misc":{"Est. tempo de leitura":"2 minutos"},"schema":{"@context":"https:\/\/schema.org","@graph":[{"@type":"WebPage","@id":"https:\/\/ponteseditores.com.br\/loja3\/pontes-editores-home-2__trashed\/ebook\/pedagogias-decoloniais-e-ensino-plural-de-espanhol-no-sul-global\/","url":"https:\/\/ponteseditores.com.br\/loja3\/pontes-editores-home-2__trashed\/ebook\/pedagogias-decoloniais-e-ensino-plural-de-espanhol-no-sul-global\/","name":"Pedagogias decoloniais e ensino plural de espanhol no Sul Global - Pontes Editores","isPartOf":{"@id":"https:\/\/ponteseditores.com.br\/loja3\/#website"},"primaryImageOfPage":{"@id":"https:\/\/ponteseditores.com.br\/loja3\/pontes-editores-home-2__trashed\/ebook\/pedagogias-decoloniais-e-ensino-plural-de-espanhol-no-sul-global\/#primaryimage"},"image":{"@id":"https:\/\/ponteseditores.com.br\/loja3\/pontes-editores-home-2__trashed\/ebook\/pedagogias-decoloniais-e-ensino-plural-de-espanhol-no-sul-global\/#primaryimage"},"thumbnailUrl":"https:\/\/ponteseditores.com.br\/loja3\/wp-content\/uploads\/2023\/12\/Capa_Pedagogias_Decoloniais.jpg","datePublished":"2023-12-12T13:18:08+00:00","dateModified":"2024-10-08T14:29:16+00:00","breadcrumb":{"@id":"https:\/\/ponteseditores.com.br\/loja3\/pontes-editores-home-2__trashed\/ebook\/pedagogias-decoloniais-e-ensino-plural-de-espanhol-no-sul-global\/#breadcrumb"},"inLanguage":"pt-BR","potentialAction":[{"@type":"ReadAction","target":["https:\/\/ponteseditores.com.br\/loja3\/pontes-editores-home-2__trashed\/ebook\/pedagogias-decoloniais-e-ensino-plural-de-espanhol-no-sul-global\/"]}]},{"@type":"ImageObject","inLanguage":"pt-BR","@id":"https:\/\/ponteseditores.com.br\/loja3\/pontes-editores-home-2__trashed\/ebook\/pedagogias-decoloniais-e-ensino-plural-de-espanhol-no-sul-global\/#primaryimage","url":"https:\/\/ponteseditores.com.br\/loja3\/wp-content\/uploads\/2023\/12\/Capa_Pedagogias_Decoloniais.jpg","contentUrl":"https:\/\/ponteseditores.com.br\/loja3\/wp-content\/uploads\/2023\/12\/Capa_Pedagogias_Decoloniais.jpg","width":1500,"height":2121},{"@type":"BreadcrumbList","@id":"https:\/\/ponteseditores.com.br\/loja3\/pontes-editores-home-2__trashed\/ebook\/pedagogias-decoloniais-e-ensino-plural-de-espanhol-no-sul-global\/#breadcrumb","itemListElement":[{"@type":"ListItem","position":1,"name":"Home","item":"https:\/\/ponteseditores.com.br\/loja3\/"},{"@type":"ListItem","position":2,"name":"loja","item":"https:\/\/ponteseditores.com.br\/loja3\/loja\/"},{"@type":"ListItem","position":3,"name":"Pedagogias decoloniais e ensino plural de espanhol no Sul Global"}]},{"@type":"WebSite","@id":"https:\/\/ponteseditores.com.br\/loja3\/#website","url":"https:\/\/ponteseditores.com.br\/loja3\/","name":"Pontes Editores","description":"Pontes Editores","publisher":{"@id":"https:\/\/ponteseditores.com.br\/loja3\/#organization"},"potentialAction":[{"@type":"SearchAction","target":{"@type":"EntryPoint","urlTemplate":"https:\/\/ponteseditores.com.br\/loja3\/?s={search_term_string}"},"query-input":{"@type":"PropertyValueSpecification","valueRequired":true,"valueName":"search_term_string"}}],"inLanguage":"pt-BR"},{"@type":"Organization","@id":"https:\/\/ponteseditores.com.br\/loja3\/#organization","name":"Pontes Editores","url":"https:\/\/ponteseditores.com.br\/loja3\/","logo":{"@type":"ImageObject","inLanguage":"pt-BR","@id":"https:\/\/ponteseditores.com.br\/loja3\/#\/schema\/logo\/image\/","url":"https:\/\/ponteseditores.com.br\/loja3\/wp-content\/uploads\/2023\/12\/logo-pontes-editores-v2.png","contentUrl":"https:\/\/ponteseditores.com.br\/loja3\/wp-content\/uploads\/2023\/12\/logo-pontes-editores-v2.png","width":258,"height":100,"caption":"Pontes Editores"},"image":{"@id":"https:\/\/ponteseditores.com.br\/loja3\/#\/schema\/logo\/image\/"}}]}},"_links":{"self":[{"href":"https:\/\/ponteseditores.com.br\/loja3\/wp-json\/wp\/v2\/product\/1293","targetHints":{"allow":["GET"]}}],"collection":[{"href":"https:\/\/ponteseditores.com.br\/loja3\/wp-json\/wp\/v2\/product"}],"about":[{"href":"https:\/\/ponteseditores.com.br\/loja3\/wp-json\/wp\/v2\/types\/product"}],"replies":[{"embeddable":true,"href":"https:\/\/ponteseditores.com.br\/loja3\/wp-json\/wp\/v2\/comments?post=1293"}],"version-history":[{"count":1,"href":"https:\/\/ponteseditores.com.br\/loja3\/wp-json\/wp\/v2\/product\/1293\/revisions"}],"predecessor-version":[{"id":9173,"href":"https:\/\/ponteseditores.com.br\/loja3\/wp-json\/wp\/v2\/product\/1293\/revisions\/9173"}],"wp:featuredmedia":[{"embeddable":true,"href":"https:\/\/ponteseditores.com.br\/loja3\/wp-json\/wp\/v2\/media\/1295"}],"wp:attachment":[{"href":"https:\/\/ponteseditores.com.br\/loja3\/wp-json\/wp\/v2\/media?parent=1293"}],"wp:term":[{"taxonomy":"product_brand","embeddable":true,"href":"https:\/\/ponteseditores.com.br\/loja3\/wp-json\/wp\/v2\/product_brand?post=1293"},{"taxonomy":"product_cat","embeddable":true,"href":"https:\/\/ponteseditores.com.br\/loja3\/wp-json\/wp\/v2\/product_cat?post=1293"},{"taxonomy":"product_tag","embeddable":true,"href":"https:\/\/ponteseditores.com.br\/loja3\/wp-json\/wp\/v2\/product_tag?post=1293"}],"curies":[{"name":"wp","href":"https:\/\/api.w.org\/{rel}","templated":true}]}}