{"id":12925,"date":"2024-06-06T13:01:20","date_gmt":"2024-06-06T16:01:20","guid":{"rendered":"https:\/\/ponteseditores.com.br\/loja3\/?post_type=product&#038;p=12925"},"modified":"2024-06-06T13:01:20","modified_gmt":"2024-06-06T16:01:20","slug":"suleando-conceitos-em-linguagens-decolonialidades-e-epistemologias-outras","status":"publish","type":"product","link":"https:\/\/ponteseditores.com.br\/loja3\/pontes-editores-home-2__trashed\/linguistica\/suleando-conceitos-em-linguagens-decolonialidades-e-epistemologias-outras\/","title":{"rendered":"SULEANDO CONCEITOS EM LINGUAGENS Decolonialidades e epistemologias outras"},"content":{"rendered":"<p>As muitas p\u00e1ginas que constituem Suleando conceitos e linguagens: decolonialidades e epistemologias outras foram escritas por pessoas diferentes e que falam de lugares diferentes, mas que t\u00eam em comum a inten\u00e7\u00e3o de botar nosso mapa em posi\u00e7\u00e3o invertida, virando nossas cabe\u00e7as para o Sul. Embora muito tardiamente, j\u00e1 \u00e9 poss\u00edvel reunir os olhares, as vozes e os ouvidos do(a)s que vivemos na Am\u00e9rica Latina, espa\u00e7o t\u00e3o marcado por revolu\u00e7\u00f5es e golpes, por idas e vindas, por acertos e erros. Esse livro nos diz que estamos num momento de ida e de acerto, j\u00e1 que nele se re\u00fanem pessoas de nosso territ\u00f3rio, que refletem e se posicionam sobre quest\u00f5es que nos foram negadas pelos discursos do Norte.<\/p>\n<p>Por isso, eu diria que esse livro des-norteia a quem o leia, j\u00e1 que se ocupa de categorias como afrolatinidade, branquitude, educa\u00e7\u00e3o quilombola, epistemic\u00eddio, feminismo decolonial, letramento racial, literatura afro-brasileira, literatura africana, masculinidade, maternagem, migrantes e um sem fim de tem\u00e1ticas suleadas, t\u00e3o pr\u00f3prias aos interesses de nossa tardia decolonialidade.<\/p>\n","protected":false},"excerpt":{"rendered":"<p>As muitas p\u00e1ginas que constituem Suleando conceitos e linguagens: decolonialidades e epistemologias outras foram escritas por pessoas diferentes e que falam de lugares diferentes, mas que t\u00eam em comum a inten\u00e7\u00e3o de botar nosso mapa em posi\u00e7\u00e3o invertida, virando nossas cabe\u00e7as para o Sul. Embora muito tardiamente, j\u00e1 \u00e9 poss\u00edvel reunir os olhares, as vozes [&hellip;]<\/p>\n","protected":false},"featured_media":12926,"comment_status":"open","ping_status":"closed","template":"","meta":{"_joinchat":[]},"product_brand":[],"product_cat":[31],"product_tag":[],"class_list":{"0":"post-12925","1":"product","2":"type-product","3":"status-publish","4":"has-post-thumbnail","6":"product_cat-linguistica","8":"first","9":"instock","10":"shipping-taxable","11":"purchasable","12":"product-type-simple"},"yoast_head":"<!-- This site is optimized with the Yoast SEO plugin v27.4 - https:\/\/yoast.com\/product\/yoast-seo-wordpress\/ -->\n<title>SULEANDO CONCEITOS EM LINGUAGENS Decolonialidades e epistemologias outras - Pontes Editores<\/title>\n<meta name=\"robots\" content=\"index, follow, max-snippet:-1, max-image-preview:large, max-video-preview:-1\" \/>\n<link rel=\"canonical\" href=\"https:\/\/ponteseditores.com.br\/loja3\/pontes-editores-home-2__trashed\/linguistica\/suleando-conceitos-em-linguagens-decolonialidades-e-epistemologias-outras\/\" \/>\n<meta property=\"og:locale\" content=\"pt_BR\" \/>\n<meta property=\"og:type\" content=\"article\" \/>\n<meta property=\"og:title\" content=\"SULEANDO CONCEITOS EM LINGUAGENS Decolonialidades e epistemologias outras - Pontes Editores\" \/>\n<meta property=\"og:description\" content=\"As muitas p\u00e1ginas que constituem Suleando conceitos e linguagens: decolonialidades e epistemologias outras foram escritas por pessoas diferentes e que falam de lugares diferentes, mas que t\u00eam em comum a inten\u00e7\u00e3o de botar nosso mapa em posi\u00e7\u00e3o invertida, virando nossas cabe\u00e7as para o Sul. Embora muito tardiamente, j\u00e1 \u00e9 poss\u00edvel reunir os olhares, as vozes [&hellip;]\" \/>\n<meta property=\"og:url\" content=\"https:\/\/ponteseditores.com.br\/loja3\/pontes-editores-home-2__trashed\/linguistica\/suleando-conceitos-em-linguagens-decolonialidades-e-epistemologias-outras\/\" \/>\n<meta property=\"og:site_name\" content=\"Pontes Editores\" \/>\n<meta property=\"og:image\" content=\"https:\/\/ponteseditores.com.br\/loja3\/wp-content\/uploads\/2024\/06\/suleando-conceitos-em-linguagens-capa.jpg\" \/>\n\t<meta property=\"og:image:width\" content=\"1728\" \/>\n\t<meta property=\"og:image:height\" content=\"2443\" \/>\n\t<meta property=\"og:image:type\" content=\"image\/jpeg\" \/>\n<meta name=\"twitter:card\" content=\"summary_large_image\" \/>\n<meta name=\"twitter:label1\" content=\"Est. tempo de leitura\" \/>\n\t<meta name=\"twitter:data1\" content=\"2 minutos\" \/>\n<script type=\"application\/ld+json\" class=\"yoast-schema-graph\">{\"@context\":\"https:\\\/\\\/schema.org\",\"@graph\":[{\"@type\":\"WebPage\",\"@id\":\"https:\\\/\\\/ponteseditores.com.br\\\/loja3\\\/pontes-editores-home-2__trashed\\\/linguistica\\\/suleando-conceitos-em-linguagens-decolonialidades-e-epistemologias-outras\\\/\",\"url\":\"https:\\\/\\\/ponteseditores.com.br\\\/loja3\\\/pontes-editores-home-2__trashed\\\/linguistica\\\/suleando-conceitos-em-linguagens-decolonialidades-e-epistemologias-outras\\\/\",\"name\":\"SULEANDO CONCEITOS EM LINGUAGENS Decolonialidades e epistemologias outras - Pontes Editores\",\"isPartOf\":{\"@id\":\"https:\\\/\\\/ponteseditores.com.br\\\/loja3\\\/#website\"},\"primaryImageOfPage\":{\"@id\":\"https:\\\/\\\/ponteseditores.com.br\\\/loja3\\\/pontes-editores-home-2__trashed\\\/linguistica\\\/suleando-conceitos-em-linguagens-decolonialidades-e-epistemologias-outras\\\/#primaryimage\"},\"image\":{\"@id\":\"https:\\\/\\\/ponteseditores.com.br\\\/loja3\\\/pontes-editores-home-2__trashed\\\/linguistica\\\/suleando-conceitos-em-linguagens-decolonialidades-e-epistemologias-outras\\\/#primaryimage\"},\"thumbnailUrl\":\"https:\\\/\\\/ponteseditores.com.br\\\/loja3\\\/wp-content\\\/uploads\\\/2024\\\/06\\\/suleando-conceitos-em-linguagens-capa.jpg\",\"datePublished\":\"2024-06-06T16:01:20+00:00\",\"breadcrumb\":{\"@id\":\"https:\\\/\\\/ponteseditores.com.br\\\/loja3\\\/pontes-editores-home-2__trashed\\\/linguistica\\\/suleando-conceitos-em-linguagens-decolonialidades-e-epistemologias-outras\\\/#breadcrumb\"},\"inLanguage\":\"pt-BR\",\"potentialAction\":[{\"@type\":\"ReadAction\",\"target\":[\"https:\\\/\\\/ponteseditores.com.br\\\/loja3\\\/pontes-editores-home-2__trashed\\\/linguistica\\\/suleando-conceitos-em-linguagens-decolonialidades-e-epistemologias-outras\\\/\"]}]},{\"@type\":\"ImageObject\",\"inLanguage\":\"pt-BR\",\"@id\":\"https:\\\/\\\/ponteseditores.com.br\\\/loja3\\\/pontes-editores-home-2__trashed\\\/linguistica\\\/suleando-conceitos-em-linguagens-decolonialidades-e-epistemologias-outras\\\/#primaryimage\",\"url\":\"https:\\\/\\\/ponteseditores.com.br\\\/loja3\\\/wp-content\\\/uploads\\\/2024\\\/06\\\/suleando-conceitos-em-linguagens-capa.jpg\",\"contentUrl\":\"https:\\\/\\\/ponteseditores.com.br\\\/loja3\\\/wp-content\\\/uploads\\\/2024\\\/06\\\/suleando-conceitos-em-linguagens-capa.jpg\",\"width\":1728,\"height\":2443},{\"@type\":\"BreadcrumbList\",\"@id\":\"https:\\\/\\\/ponteseditores.com.br\\\/loja3\\\/pontes-editores-home-2__trashed\\\/linguistica\\\/suleando-conceitos-em-linguagens-decolonialidades-e-epistemologias-outras\\\/#breadcrumb\",\"itemListElement\":[{\"@type\":\"ListItem\",\"position\":1,\"name\":\"Home\",\"item\":\"https:\\\/\\\/ponteseditores.com.br\\\/loja3\\\/\"},{\"@type\":\"ListItem\",\"position\":2,\"name\":\"loja\",\"item\":\"https:\\\/\\\/ponteseditores.com.br\\\/loja3\\\/loja\\\/\"},{\"@type\":\"ListItem\",\"position\":3,\"name\":\"SULEANDO CONCEITOS EM LINGUAGENS Decolonialidades e epistemologias outras\"}]},{\"@type\":\"WebSite\",\"@id\":\"https:\\\/\\\/ponteseditores.com.br\\\/loja3\\\/#website\",\"url\":\"https:\\\/\\\/ponteseditores.com.br\\\/loja3\\\/\",\"name\":\"Pontes Editores\",\"description\":\"Pontes Editores\",\"publisher\":{\"@id\":\"https:\\\/\\\/ponteseditores.com.br\\\/loja3\\\/#organization\"},\"potentialAction\":[{\"@type\":\"SearchAction\",\"target\":{\"@type\":\"EntryPoint\",\"urlTemplate\":\"https:\\\/\\\/ponteseditores.com.br\\\/loja3\\\/?s={search_term_string}\"},\"query-input\":{\"@type\":\"PropertyValueSpecification\",\"valueRequired\":true,\"valueName\":\"search_term_string\"}}],\"inLanguage\":\"pt-BR\"},{\"@type\":\"Organization\",\"@id\":\"https:\\\/\\\/ponteseditores.com.br\\\/loja3\\\/#organization\",\"name\":\"Pontes Editores\",\"url\":\"https:\\\/\\\/ponteseditores.com.br\\\/loja3\\\/\",\"logo\":{\"@type\":\"ImageObject\",\"inLanguage\":\"pt-BR\",\"@id\":\"https:\\\/\\\/ponteseditores.com.br\\\/loja3\\\/#\\\/schema\\\/logo\\\/image\\\/\",\"url\":\"https:\\\/\\\/ponteseditores.com.br\\\/loja3\\\/wp-content\\\/uploads\\\/2023\\\/12\\\/logo-pontes-editores-v2.png\",\"contentUrl\":\"https:\\\/\\\/ponteseditores.com.br\\\/loja3\\\/wp-content\\\/uploads\\\/2023\\\/12\\\/logo-pontes-editores-v2.png\",\"width\":258,\"height\":100,\"caption\":\"Pontes Editores\"},\"image\":{\"@id\":\"https:\\\/\\\/ponteseditores.com.br\\\/loja3\\\/#\\\/schema\\\/logo\\\/image\\\/\"}}]}<\/script>\n<!-- \/ Yoast SEO plugin. -->","yoast_head_json":{"title":"SULEANDO CONCEITOS EM LINGUAGENS Decolonialidades e epistemologias outras - Pontes Editores","robots":{"index":"index","follow":"follow","max-snippet":"max-snippet:-1","max-image-preview":"max-image-preview:large","max-video-preview":"max-video-preview:-1"},"canonical":"https:\/\/ponteseditores.com.br\/loja3\/pontes-editores-home-2__trashed\/linguistica\/suleando-conceitos-em-linguagens-decolonialidades-e-epistemologias-outras\/","og_locale":"pt_BR","og_type":"article","og_title":"SULEANDO CONCEITOS EM LINGUAGENS Decolonialidades e epistemologias outras - Pontes Editores","og_description":"As muitas p\u00e1ginas que constituem Suleando conceitos e linguagens: decolonialidades e epistemologias outras foram escritas por pessoas diferentes e que falam de lugares diferentes, mas que t\u00eam em comum a inten\u00e7\u00e3o de botar nosso mapa em posi\u00e7\u00e3o invertida, virando nossas cabe\u00e7as para o Sul. Embora muito tardiamente, j\u00e1 \u00e9 poss\u00edvel reunir os olhares, as vozes [&hellip;]","og_url":"https:\/\/ponteseditores.com.br\/loja3\/pontes-editores-home-2__trashed\/linguistica\/suleando-conceitos-em-linguagens-decolonialidades-e-epistemologias-outras\/","og_site_name":"Pontes Editores","og_image":[{"width":1728,"height":2443,"url":"https:\/\/ponteseditores.com.br\/loja3\/wp-content\/uploads\/2024\/06\/suleando-conceitos-em-linguagens-capa.jpg","type":"image\/jpeg"}],"twitter_card":"summary_large_image","twitter_misc":{"Est. tempo de leitura":"2 minutos"},"schema":{"@context":"https:\/\/schema.org","@graph":[{"@type":"WebPage","@id":"https:\/\/ponteseditores.com.br\/loja3\/pontes-editores-home-2__trashed\/linguistica\/suleando-conceitos-em-linguagens-decolonialidades-e-epistemologias-outras\/","url":"https:\/\/ponteseditores.com.br\/loja3\/pontes-editores-home-2__trashed\/linguistica\/suleando-conceitos-em-linguagens-decolonialidades-e-epistemologias-outras\/","name":"SULEANDO CONCEITOS EM LINGUAGENS Decolonialidades e epistemologias outras - Pontes Editores","isPartOf":{"@id":"https:\/\/ponteseditores.com.br\/loja3\/#website"},"primaryImageOfPage":{"@id":"https:\/\/ponteseditores.com.br\/loja3\/pontes-editores-home-2__trashed\/linguistica\/suleando-conceitos-em-linguagens-decolonialidades-e-epistemologias-outras\/#primaryimage"},"image":{"@id":"https:\/\/ponteseditores.com.br\/loja3\/pontes-editores-home-2__trashed\/linguistica\/suleando-conceitos-em-linguagens-decolonialidades-e-epistemologias-outras\/#primaryimage"},"thumbnailUrl":"https:\/\/ponteseditores.com.br\/loja3\/wp-content\/uploads\/2024\/06\/suleando-conceitos-em-linguagens-capa.jpg","datePublished":"2024-06-06T16:01:20+00:00","breadcrumb":{"@id":"https:\/\/ponteseditores.com.br\/loja3\/pontes-editores-home-2__trashed\/linguistica\/suleando-conceitos-em-linguagens-decolonialidades-e-epistemologias-outras\/#breadcrumb"},"inLanguage":"pt-BR","potentialAction":[{"@type":"ReadAction","target":["https:\/\/ponteseditores.com.br\/loja3\/pontes-editores-home-2__trashed\/linguistica\/suleando-conceitos-em-linguagens-decolonialidades-e-epistemologias-outras\/"]}]},{"@type":"ImageObject","inLanguage":"pt-BR","@id":"https:\/\/ponteseditores.com.br\/loja3\/pontes-editores-home-2__trashed\/linguistica\/suleando-conceitos-em-linguagens-decolonialidades-e-epistemologias-outras\/#primaryimage","url":"https:\/\/ponteseditores.com.br\/loja3\/wp-content\/uploads\/2024\/06\/suleando-conceitos-em-linguagens-capa.jpg","contentUrl":"https:\/\/ponteseditores.com.br\/loja3\/wp-content\/uploads\/2024\/06\/suleando-conceitos-em-linguagens-capa.jpg","width":1728,"height":2443},{"@type":"BreadcrumbList","@id":"https:\/\/ponteseditores.com.br\/loja3\/pontes-editores-home-2__trashed\/linguistica\/suleando-conceitos-em-linguagens-decolonialidades-e-epistemologias-outras\/#breadcrumb","itemListElement":[{"@type":"ListItem","position":1,"name":"Home","item":"https:\/\/ponteseditores.com.br\/loja3\/"},{"@type":"ListItem","position":2,"name":"loja","item":"https:\/\/ponteseditores.com.br\/loja3\/loja\/"},{"@type":"ListItem","position":3,"name":"SULEANDO CONCEITOS EM LINGUAGENS Decolonialidades e epistemologias outras"}]},{"@type":"WebSite","@id":"https:\/\/ponteseditores.com.br\/loja3\/#website","url":"https:\/\/ponteseditores.com.br\/loja3\/","name":"Pontes Editores","description":"Pontes Editores","publisher":{"@id":"https:\/\/ponteseditores.com.br\/loja3\/#organization"},"potentialAction":[{"@type":"SearchAction","target":{"@type":"EntryPoint","urlTemplate":"https:\/\/ponteseditores.com.br\/loja3\/?s={search_term_string}"},"query-input":{"@type":"PropertyValueSpecification","valueRequired":true,"valueName":"search_term_string"}}],"inLanguage":"pt-BR"},{"@type":"Organization","@id":"https:\/\/ponteseditores.com.br\/loja3\/#organization","name":"Pontes Editores","url":"https:\/\/ponteseditores.com.br\/loja3\/","logo":{"@type":"ImageObject","inLanguage":"pt-BR","@id":"https:\/\/ponteseditores.com.br\/loja3\/#\/schema\/logo\/image\/","url":"https:\/\/ponteseditores.com.br\/loja3\/wp-content\/uploads\/2023\/12\/logo-pontes-editores-v2.png","contentUrl":"https:\/\/ponteseditores.com.br\/loja3\/wp-content\/uploads\/2023\/12\/logo-pontes-editores-v2.png","width":258,"height":100,"caption":"Pontes Editores"},"image":{"@id":"https:\/\/ponteseditores.com.br\/loja3\/#\/schema\/logo\/image\/"}}]}},"_links":{"self":[{"href":"https:\/\/ponteseditores.com.br\/loja3\/wp-json\/wp\/v2\/product\/12925","targetHints":{"allow":["GET"]}}],"collection":[{"href":"https:\/\/ponteseditores.com.br\/loja3\/wp-json\/wp\/v2\/product"}],"about":[{"href":"https:\/\/ponteseditores.com.br\/loja3\/wp-json\/wp\/v2\/types\/product"}],"replies":[{"embeddable":true,"href":"https:\/\/ponteseditores.com.br\/loja3\/wp-json\/wp\/v2\/comments?post=12925"}],"version-history":[{"count":1,"href":"https:\/\/ponteseditores.com.br\/loja3\/wp-json\/wp\/v2\/product\/12925\/revisions"}],"predecessor-version":[{"id":12927,"href":"https:\/\/ponteseditores.com.br\/loja3\/wp-json\/wp\/v2\/product\/12925\/revisions\/12927"}],"wp:featuredmedia":[{"embeddable":true,"href":"https:\/\/ponteseditores.com.br\/loja3\/wp-json\/wp\/v2\/media\/12926"}],"wp:attachment":[{"href":"https:\/\/ponteseditores.com.br\/loja3\/wp-json\/wp\/v2\/media?parent=12925"}],"wp:term":[{"taxonomy":"product_brand","embeddable":true,"href":"https:\/\/ponteseditores.com.br\/loja3\/wp-json\/wp\/v2\/product_brand?post=12925"},{"taxonomy":"product_cat","embeddable":true,"href":"https:\/\/ponteseditores.com.br\/loja3\/wp-json\/wp\/v2\/product_cat?post=12925"},{"taxonomy":"product_tag","embeddable":true,"href":"https:\/\/ponteseditores.com.br\/loja3\/wp-json\/wp\/v2\/product_tag?post=12925"}],"curies":[{"name":"wp","href":"https:\/\/api.w.org\/{rel}","templated":true}]}}