{"id":12692,"date":"2024-05-29T11:21:23","date_gmt":"2024-05-29T14:21:23","guid":{"rendered":"https:\/\/ponteseditores.com.br\/loja3\/?post_type=product&#038;p=12692"},"modified":"2026-01-12T13:36:54","modified_gmt":"2026-01-12T16:36:54","slug":"o-exame-de-proficiencia-celpe-bras-em-foco","status":"publish","type":"product","link":"https:\/\/ponteseditores.com.br\/loja3\/pontes-editores-home-2__trashed\/formacao-de-professores\/o-exame-de-proficiencia-celpe-bras-em-foco\/","title":{"rendered":"O Exame de Profici\u00eancia Celpe &#8211; Bras em foco"},"content":{"rendered":"<table style=\"height: 326px;\" width=\"1230\">\n<tbody>\n<tr>\n<td width=\"594\">O Celpe-Bras, muito mais do que um exame de profici\u00eancia, \u00e9 um instrumento de promo\u00e7\u00e3o da l\u00edngua portuguesa no mundo. Sob a responsabilidade do Instituto Nacional de Estudo e Pesquisas Educacionais An\u00edsio Teixeira(INEP) e com o apoio da Divis\u00e3o de Promo\u00e7\u00e3o da L\u00edngua Portuguesa (DPLP) do Setor Cultural do Itamaraty, esse exame j\u00e1 conquistou respeito internacional como uma proposta bem construida e articulada, pautada em abordagem te\u00f3rica coerente. Inegavelmente, por ser um trabalho de avalia\u00e7\u00e3o que se pauta pela qualidade, ainda existem alguns desafios a serem enfrentados.<\/p>\n<p>Por isso, nossa inten\u00e7\u00e3o \u00e9 provocar uma inquieta\u00e7\u00e3o a fim de que novas pesquisas e estudos apontem aspectos que merecam aten\u00e7\u00e3o quanto a qualidade do material do exame, a din\u00e2mica da intera\u00e7\u00e3o face a face e ao desempenho do candidato na Parte Escrita e na Parte Oral.<\/td>\n<\/tr>\n<\/tbody>\n<\/table>\n","protected":false},"excerpt":{"rendered":"<p>O Celpe-Bras, muito mais do que um exame de profici\u00eancia, \u00e9 um instrumento de promo\u00e7\u00e3o da l\u00edngua portuguesa no mundo. Sob a responsabilidade do Instituto Nacional de Estudo e Pesquisas Educacionais An\u00edsio Teixeira(INEP) e com o apoio da Divis\u00e3o de Promo\u00e7\u00e3o da L\u00edngua Portuguesa (DPLP) do Setor Cultural do Itamaraty, esse exame j\u00e1 conquistou respeito [&hellip;]<\/p>\n","protected":false},"featured_media":12693,"comment_status":"open","ping_status":"closed","template":"","meta":{"_joinchat":[]},"product_brand":[],"product_cat":[288,108],"product_tag":[],"class_list":{"0":"post-12692","1":"product","2":"type-product","3":"status-publish","4":"has-post-thumbnail","6":"product_cat-ensino-e-aprendizagem","7":"product_cat-formacao-de-professores","9":"first","10":"instock","11":"shipping-taxable","12":"purchasable","13":"product-type-simple"},"yoast_head":"<!-- This site is optimized with the Yoast SEO plugin v27.4 - https:\/\/yoast.com\/product\/yoast-seo-wordpress\/ -->\n<title>O Exame de Profici\u00eancia Celpe - Bras em foco - Pontes Editores<\/title>\n<meta name=\"robots\" content=\"index, follow, max-snippet:-1, max-image-preview:large, max-video-preview:-1\" \/>\n<link rel=\"canonical\" href=\"https:\/\/ponteseditores.com.br\/loja3\/pontes-editores-home-2__trashed\/formacao-de-professores\/o-exame-de-proficiencia-celpe-bras-em-foco\/\" \/>\n<meta property=\"og:locale\" content=\"pt_BR\" \/>\n<meta property=\"og:type\" content=\"article\" \/>\n<meta property=\"og:title\" content=\"O Exame de Profici\u00eancia Celpe - Bras em foco - Pontes Editores\" \/>\n<meta property=\"og:description\" content=\"O Celpe-Bras, muito mais do que um exame de profici\u00eancia, \u00e9 um instrumento de promo\u00e7\u00e3o da l\u00edngua portuguesa no mundo. Sob a responsabilidade do Instituto Nacional de Estudo e Pesquisas Educacionais An\u00edsio Teixeira(INEP) e com o apoio da Divis\u00e3o de Promo\u00e7\u00e3o da L\u00edngua Portuguesa (DPLP) do Setor Cultural do Itamaraty, esse exame j\u00e1 conquistou respeito [&hellip;]\" \/>\n<meta property=\"og:url\" content=\"https:\/\/ponteseditores.com.br\/loja3\/pontes-editores-home-2__trashed\/formacao-de-professores\/o-exame-de-proficiencia-celpe-bras-em-foco\/\" \/>\n<meta property=\"og:site_name\" content=\"Pontes Editores\" \/>\n<meta property=\"article:modified_time\" content=\"2026-01-12T16:36:54+00:00\" \/>\n<meta property=\"og:image\" content=\"https:\/\/ponteseditores.com.br\/loja3\/wp-content\/uploads\/2024\/05\/exame-de-proficiencia-celpe-bras-em-foco-capa-scaled.jpg\" \/>\n\t<meta property=\"og:image:width\" content=\"1733\" \/>\n\t<meta property=\"og:image:height\" content=\"2560\" \/>\n\t<meta property=\"og:image:type\" content=\"image\/jpeg\" \/>\n<meta name=\"twitter:card\" content=\"summary_large_image\" \/>\n<meta name=\"twitter:label1\" content=\"Est. tempo de leitura\" \/>\n\t<meta name=\"twitter:data1\" content=\"1 minuto\" \/>\n<script type=\"application\/ld+json\" class=\"yoast-schema-graph\">{\"@context\":\"https:\\\/\\\/schema.org\",\"@graph\":[{\"@type\":\"WebPage\",\"@id\":\"https:\\\/\\\/ponteseditores.com.br\\\/loja3\\\/pontes-editores-home-2__trashed\\\/formacao-de-professores\\\/o-exame-de-proficiencia-celpe-bras-em-foco\\\/\",\"url\":\"https:\\\/\\\/ponteseditores.com.br\\\/loja3\\\/pontes-editores-home-2__trashed\\\/formacao-de-professores\\\/o-exame-de-proficiencia-celpe-bras-em-foco\\\/\",\"name\":\"O Exame de Profici\u00eancia Celpe - Bras em foco - Pontes Editores\",\"isPartOf\":{\"@id\":\"https:\\\/\\\/ponteseditores.com.br\\\/loja3\\\/#website\"},\"primaryImageOfPage\":{\"@id\":\"https:\\\/\\\/ponteseditores.com.br\\\/loja3\\\/pontes-editores-home-2__trashed\\\/formacao-de-professores\\\/o-exame-de-proficiencia-celpe-bras-em-foco\\\/#primaryimage\"},\"image\":{\"@id\":\"https:\\\/\\\/ponteseditores.com.br\\\/loja3\\\/pontes-editores-home-2__trashed\\\/formacao-de-professores\\\/o-exame-de-proficiencia-celpe-bras-em-foco\\\/#primaryimage\"},\"thumbnailUrl\":\"https:\\\/\\\/ponteseditores.com.br\\\/loja3\\\/wp-content\\\/uploads\\\/2024\\\/05\\\/exame-de-proficiencia-celpe-bras-em-foco-capa-scaled.jpg\",\"datePublished\":\"2024-05-29T14:21:23+00:00\",\"dateModified\":\"2026-01-12T16:36:54+00:00\",\"breadcrumb\":{\"@id\":\"https:\\\/\\\/ponteseditores.com.br\\\/loja3\\\/pontes-editores-home-2__trashed\\\/formacao-de-professores\\\/o-exame-de-proficiencia-celpe-bras-em-foco\\\/#breadcrumb\"},\"inLanguage\":\"pt-BR\",\"potentialAction\":[{\"@type\":\"ReadAction\",\"target\":[\"https:\\\/\\\/ponteseditores.com.br\\\/loja3\\\/pontes-editores-home-2__trashed\\\/formacao-de-professores\\\/o-exame-de-proficiencia-celpe-bras-em-foco\\\/\"]}]},{\"@type\":\"ImageObject\",\"inLanguage\":\"pt-BR\",\"@id\":\"https:\\\/\\\/ponteseditores.com.br\\\/loja3\\\/pontes-editores-home-2__trashed\\\/formacao-de-professores\\\/o-exame-de-proficiencia-celpe-bras-em-foco\\\/#primaryimage\",\"url\":\"https:\\\/\\\/ponteseditores.com.br\\\/loja3\\\/wp-content\\\/uploads\\\/2024\\\/05\\\/exame-de-proficiencia-celpe-bras-em-foco-capa-scaled.jpg\",\"contentUrl\":\"https:\\\/\\\/ponteseditores.com.br\\\/loja3\\\/wp-content\\\/uploads\\\/2024\\\/05\\\/exame-de-proficiencia-celpe-bras-em-foco-capa-scaled.jpg\",\"width\":1733,\"height\":2560},{\"@type\":\"BreadcrumbList\",\"@id\":\"https:\\\/\\\/ponteseditores.com.br\\\/loja3\\\/pontes-editores-home-2__trashed\\\/formacao-de-professores\\\/o-exame-de-proficiencia-celpe-bras-em-foco\\\/#breadcrumb\",\"itemListElement\":[{\"@type\":\"ListItem\",\"position\":1,\"name\":\"Home\",\"item\":\"https:\\\/\\\/ponteseditores.com.br\\\/loja3\\\/\"},{\"@type\":\"ListItem\",\"position\":2,\"name\":\"loja\",\"item\":\"https:\\\/\\\/ponteseditores.com.br\\\/loja3\\\/loja\\\/\"},{\"@type\":\"ListItem\",\"position\":3,\"name\":\"O Exame de Profici\u00eancia Celpe &#8211; Bras em foco\"}]},{\"@type\":\"WebSite\",\"@id\":\"https:\\\/\\\/ponteseditores.com.br\\\/loja3\\\/#website\",\"url\":\"https:\\\/\\\/ponteseditores.com.br\\\/loja3\\\/\",\"name\":\"Pontes Editores\",\"description\":\"Pontes Editores\",\"publisher\":{\"@id\":\"https:\\\/\\\/ponteseditores.com.br\\\/loja3\\\/#organization\"},\"potentialAction\":[{\"@type\":\"SearchAction\",\"target\":{\"@type\":\"EntryPoint\",\"urlTemplate\":\"https:\\\/\\\/ponteseditores.com.br\\\/loja3\\\/?s={search_term_string}\"},\"query-input\":{\"@type\":\"PropertyValueSpecification\",\"valueRequired\":true,\"valueName\":\"search_term_string\"}}],\"inLanguage\":\"pt-BR\"},{\"@type\":\"Organization\",\"@id\":\"https:\\\/\\\/ponteseditores.com.br\\\/loja3\\\/#organization\",\"name\":\"Pontes Editores\",\"url\":\"https:\\\/\\\/ponteseditores.com.br\\\/loja3\\\/\",\"logo\":{\"@type\":\"ImageObject\",\"inLanguage\":\"pt-BR\",\"@id\":\"https:\\\/\\\/ponteseditores.com.br\\\/loja3\\\/#\\\/schema\\\/logo\\\/image\\\/\",\"url\":\"https:\\\/\\\/ponteseditores.com.br\\\/loja3\\\/wp-content\\\/uploads\\\/2023\\\/12\\\/logo-pontes-editores-v2.png\",\"contentUrl\":\"https:\\\/\\\/ponteseditores.com.br\\\/loja3\\\/wp-content\\\/uploads\\\/2023\\\/12\\\/logo-pontes-editores-v2.png\",\"width\":258,\"height\":100,\"caption\":\"Pontes Editores\"},\"image\":{\"@id\":\"https:\\\/\\\/ponteseditores.com.br\\\/loja3\\\/#\\\/schema\\\/logo\\\/image\\\/\"}}]}<\/script>\n<!-- \/ Yoast SEO plugin. -->","yoast_head_json":{"title":"O Exame de Profici\u00eancia Celpe - Bras em foco - Pontes Editores","robots":{"index":"index","follow":"follow","max-snippet":"max-snippet:-1","max-image-preview":"max-image-preview:large","max-video-preview":"max-video-preview:-1"},"canonical":"https:\/\/ponteseditores.com.br\/loja3\/pontes-editores-home-2__trashed\/formacao-de-professores\/o-exame-de-proficiencia-celpe-bras-em-foco\/","og_locale":"pt_BR","og_type":"article","og_title":"O Exame de Profici\u00eancia Celpe - Bras em foco - Pontes Editores","og_description":"O Celpe-Bras, muito mais do que um exame de profici\u00eancia, \u00e9 um instrumento de promo\u00e7\u00e3o da l\u00edngua portuguesa no mundo. Sob a responsabilidade do Instituto Nacional de Estudo e Pesquisas Educacionais An\u00edsio Teixeira(INEP) e com o apoio da Divis\u00e3o de Promo\u00e7\u00e3o da L\u00edngua Portuguesa (DPLP) do Setor Cultural do Itamaraty, esse exame j\u00e1 conquistou respeito [&hellip;]","og_url":"https:\/\/ponteseditores.com.br\/loja3\/pontes-editores-home-2__trashed\/formacao-de-professores\/o-exame-de-proficiencia-celpe-bras-em-foco\/","og_site_name":"Pontes Editores","article_modified_time":"2026-01-12T16:36:54+00:00","og_image":[{"width":1733,"height":2560,"url":"https:\/\/ponteseditores.com.br\/loja3\/wp-content\/uploads\/2024\/05\/exame-de-proficiencia-celpe-bras-em-foco-capa-scaled.jpg","type":"image\/jpeg"}],"twitter_card":"summary_large_image","twitter_misc":{"Est. tempo de leitura":"1 minuto"},"schema":{"@context":"https:\/\/schema.org","@graph":[{"@type":"WebPage","@id":"https:\/\/ponteseditores.com.br\/loja3\/pontes-editores-home-2__trashed\/formacao-de-professores\/o-exame-de-proficiencia-celpe-bras-em-foco\/","url":"https:\/\/ponteseditores.com.br\/loja3\/pontes-editores-home-2__trashed\/formacao-de-professores\/o-exame-de-proficiencia-celpe-bras-em-foco\/","name":"O Exame de Profici\u00eancia Celpe - Bras em foco - Pontes Editores","isPartOf":{"@id":"https:\/\/ponteseditores.com.br\/loja3\/#website"},"primaryImageOfPage":{"@id":"https:\/\/ponteseditores.com.br\/loja3\/pontes-editores-home-2__trashed\/formacao-de-professores\/o-exame-de-proficiencia-celpe-bras-em-foco\/#primaryimage"},"image":{"@id":"https:\/\/ponteseditores.com.br\/loja3\/pontes-editores-home-2__trashed\/formacao-de-professores\/o-exame-de-proficiencia-celpe-bras-em-foco\/#primaryimage"},"thumbnailUrl":"https:\/\/ponteseditores.com.br\/loja3\/wp-content\/uploads\/2024\/05\/exame-de-proficiencia-celpe-bras-em-foco-capa-scaled.jpg","datePublished":"2024-05-29T14:21:23+00:00","dateModified":"2026-01-12T16:36:54+00:00","breadcrumb":{"@id":"https:\/\/ponteseditores.com.br\/loja3\/pontes-editores-home-2__trashed\/formacao-de-professores\/o-exame-de-proficiencia-celpe-bras-em-foco\/#breadcrumb"},"inLanguage":"pt-BR","potentialAction":[{"@type":"ReadAction","target":["https:\/\/ponteseditores.com.br\/loja3\/pontes-editores-home-2__trashed\/formacao-de-professores\/o-exame-de-proficiencia-celpe-bras-em-foco\/"]}]},{"@type":"ImageObject","inLanguage":"pt-BR","@id":"https:\/\/ponteseditores.com.br\/loja3\/pontes-editores-home-2__trashed\/formacao-de-professores\/o-exame-de-proficiencia-celpe-bras-em-foco\/#primaryimage","url":"https:\/\/ponteseditores.com.br\/loja3\/wp-content\/uploads\/2024\/05\/exame-de-proficiencia-celpe-bras-em-foco-capa-scaled.jpg","contentUrl":"https:\/\/ponteseditores.com.br\/loja3\/wp-content\/uploads\/2024\/05\/exame-de-proficiencia-celpe-bras-em-foco-capa-scaled.jpg","width":1733,"height":2560},{"@type":"BreadcrumbList","@id":"https:\/\/ponteseditores.com.br\/loja3\/pontes-editores-home-2__trashed\/formacao-de-professores\/o-exame-de-proficiencia-celpe-bras-em-foco\/#breadcrumb","itemListElement":[{"@type":"ListItem","position":1,"name":"Home","item":"https:\/\/ponteseditores.com.br\/loja3\/"},{"@type":"ListItem","position":2,"name":"loja","item":"https:\/\/ponteseditores.com.br\/loja3\/loja\/"},{"@type":"ListItem","position":3,"name":"O Exame de Profici\u00eancia Celpe &#8211; Bras em foco"}]},{"@type":"WebSite","@id":"https:\/\/ponteseditores.com.br\/loja3\/#website","url":"https:\/\/ponteseditores.com.br\/loja3\/","name":"Pontes Editores","description":"Pontes Editores","publisher":{"@id":"https:\/\/ponteseditores.com.br\/loja3\/#organization"},"potentialAction":[{"@type":"SearchAction","target":{"@type":"EntryPoint","urlTemplate":"https:\/\/ponteseditores.com.br\/loja3\/?s={search_term_string}"},"query-input":{"@type":"PropertyValueSpecification","valueRequired":true,"valueName":"search_term_string"}}],"inLanguage":"pt-BR"},{"@type":"Organization","@id":"https:\/\/ponteseditores.com.br\/loja3\/#organization","name":"Pontes Editores","url":"https:\/\/ponteseditores.com.br\/loja3\/","logo":{"@type":"ImageObject","inLanguage":"pt-BR","@id":"https:\/\/ponteseditores.com.br\/loja3\/#\/schema\/logo\/image\/","url":"https:\/\/ponteseditores.com.br\/loja3\/wp-content\/uploads\/2023\/12\/logo-pontes-editores-v2.png","contentUrl":"https:\/\/ponteseditores.com.br\/loja3\/wp-content\/uploads\/2023\/12\/logo-pontes-editores-v2.png","width":258,"height":100,"caption":"Pontes Editores"},"image":{"@id":"https:\/\/ponteseditores.com.br\/loja3\/#\/schema\/logo\/image\/"}}]}},"_links":{"self":[{"href":"https:\/\/ponteseditores.com.br\/loja3\/wp-json\/wp\/v2\/product\/12692","targetHints":{"allow":["GET"]}}],"collection":[{"href":"https:\/\/ponteseditores.com.br\/loja3\/wp-json\/wp\/v2\/product"}],"about":[{"href":"https:\/\/ponteseditores.com.br\/loja3\/wp-json\/wp\/v2\/types\/product"}],"replies":[{"embeddable":true,"href":"https:\/\/ponteseditores.com.br\/loja3\/wp-json\/wp\/v2\/comments?post=12692"}],"version-history":[{"count":1,"href":"https:\/\/ponteseditores.com.br\/loja3\/wp-json\/wp\/v2\/product\/12692\/revisions"}],"predecessor-version":[{"id":35731,"href":"https:\/\/ponteseditores.com.br\/loja3\/wp-json\/wp\/v2\/product\/12692\/revisions\/35731"}],"wp:featuredmedia":[{"embeddable":true,"href":"https:\/\/ponteseditores.com.br\/loja3\/wp-json\/wp\/v2\/media\/12693"}],"wp:attachment":[{"href":"https:\/\/ponteseditores.com.br\/loja3\/wp-json\/wp\/v2\/media?parent=12692"}],"wp:term":[{"taxonomy":"product_brand","embeddable":true,"href":"https:\/\/ponteseditores.com.br\/loja3\/wp-json\/wp\/v2\/product_brand?post=12692"},{"taxonomy":"product_cat","embeddable":true,"href":"https:\/\/ponteseditores.com.br\/loja3\/wp-json\/wp\/v2\/product_cat?post=12692"},{"taxonomy":"product_tag","embeddable":true,"href":"https:\/\/ponteseditores.com.br\/loja3\/wp-json\/wp\/v2\/product_tag?post=12692"}],"curies":[{"name":"wp","href":"https:\/\/api.w.org\/{rel}","templated":true}]}}