{"id":12673,"date":"2024-05-28T13:35:59","date_gmt":"2024-05-28T16:35:59","guid":{"rendered":"https:\/\/ponteseditores.com.br\/loja3\/?post_type=product&#038;p=12673"},"modified":"2024-10-08T11:29:06","modified_gmt":"2024-10-08T14:29:06","slug":"concordancia-verbal-no-processo-de-escolarizacao-comparacoes-entre-eja-e-ensino-regular","status":"publish","type":"product","link":"https:\/\/ponteseditores.com.br\/loja3\/pontes-editores-home-2__trashed\/ebook\/lancamento-e-book\/concordancia-verbal-no-processo-de-escolarizacao-comparacoes-entre-eja-e-ensino-regular\/","title":{"rendered":"Concord\u00e2ncia verbal no processo de escolariza\u00e7\u00e3o: compara\u00e7\u00f5es entre EJA e Ensino Regular"},"content":{"rendered":"<p>Este livro aborda o fen\u00f4meno da concord\u00e2ncia verbal escrita no Portugu\u00eas Brasileiro (PB), a partir de compara\u00e7\u00f5es entre produ\u00e7\u00f5es escritas de alunos concluintes do Ensino M\u00e9dio provenientes da Educa\u00e7\u00e3o de Jovens e Adultos (EJA) e do ensino regular.<\/p>\n<p>O tema \u00e9 abordado sob duas vertentes complementares: a Sociolingu\u00edstica Variacionista e a Teoria Gerativa.\u00a0Primeiramente, a manifesta\u00e7\u00e3o da concord\u00e2ncia verbal \u00e9 analisada em textos escritos da EJA de forma comparativa com achados pr\u00e9vios de estudos sociolingu\u00edsticos sobre a fala e a escrita no PB\u00a0(Naro, 1981;\u00a0Graciosa, 1991; Scherre &amp; Naro, 1998; Scherre, Naro &amp; Cardoso, 2007; Berlinck et al., 2009 e Vieira, 2011).<\/p>\n<p>Em seguida,\u00a0estabelece-se uma rela\u00e7\u00e3o entre os resultados desta an\u00e1lise e os pressupostos do gerativismo e a hip\u00f3tese da gram\u00e1tica do letrado, com base em duas abordagens gerativistas distintas: a de Roeper (1999) \u2013\u00a0chamada de teoria do bilinguismo universal,\u00a0segundo a qual\u00a0todo falante seria potencialmente bil\u00edngue e as varia\u00e7\u00f5es apresentadas na l\u00edngua constituiriam gram\u00e1ticas distintas, de forma que o falante poderia dispor, ao mesmo tempo, de uma s\u00e9rie de minigram\u00e1ticas \u2013\u00a0e a de Kato (2005) \u2013 segundo a qual\u00a0a aquisi\u00e7\u00e3o da escrita se daria de forma semelhante \u00e0 aquisi\u00e7\u00e3o de uma segunda l\u00edngua (L2), via a primeira gram\u00e1tica da l\u00edngua, que, no caso do PB, seria a gram\u00e1tica da l\u00edngua falada (L1).<\/p>\n<p>Constatou-se que os alunos da EJA apresentaram, na escrita, frequ\u00eancia de marcas expl\u00edcitas de concord\u00e2ncia verbal muito semelhante \u00e0 dos alunos do ensino regular. Verificou-se, ainda, que as vari\u00e1veis que se mostraram relevantes na escrita da EJA, no dom\u00ednio analisado, eram semelhantes n\u00e3o s\u00f3 \u00e0s da escrita do ensino regular, como tamb\u00e9m \u00e0s da fala. Esses e outros fatos levaram \u00e0 conclus\u00e3o de que, pelo menos no que diz respeito \u00e0 concord\u00e2ncia verbal, a abordagem te\u00f3rica que melhor se aplica ao processo de aquisi\u00e7\u00e3o da escrita por alunos da EJA \u00e9 a teoria do bilinguismo universal.<\/p>\n<p>A obra se baseia nos resultados da pesquisa de Zandom\u00eanico, 2018.<\/p>\n<p>&nbsp;<\/p>\n","protected":false},"excerpt":{"rendered":"<p>Este livro aborda o fen\u00f4meno da concord\u00e2ncia verbal escrita no Portugu\u00eas Brasileiro (PB), a partir de compara\u00e7\u00f5es entre produ\u00e7\u00f5es escritas de alunos concluintes do Ensino M\u00e9dio provenientes da Educa\u00e7\u00e3o de Jovens e Adultos (EJA) e do ensino regular. O tema \u00e9 abordado sob duas vertentes complementares: a Sociolingu\u00edstica Variacionista e a Teoria Gerativa.\u00a0Primeiramente, a manifesta\u00e7\u00e3o [&hellip;]<\/p>\n","protected":false},"featured_media":12675,"comment_status":"open","ping_status":"closed","template":"","meta":{"_joinchat":[]},"product_brand":[],"product_cat":[165,97,108,386],"product_tag":[],"class_list":{"0":"post-12673","1":"product","2":"type-product","3":"status-publish","4":"has-post-thumbnail","6":"product_cat-ebook","7":"product_cat-educacao","8":"product_cat-formacao-de-professores","9":"product_cat-lancamento-e-book","10":"product_shipping_class-download","12":"first","13":"instock","14":"downloadable","15":"virtual","16":"purchasable","17":"product-type-simple"},"yoast_head":"<!-- This site is optimized with the Yoast SEO plugin v27.4 - https:\/\/yoast.com\/product\/yoast-seo-wordpress\/ -->\n<title>Concord\u00e2ncia verbal no processo de escolariza\u00e7\u00e3o: compara\u00e7\u00f5es entre EJA e Ensino Regular - Pontes Editores<\/title>\n<meta name=\"robots\" content=\"index, follow, max-snippet:-1, max-image-preview:large, max-video-preview:-1\" \/>\n<link rel=\"canonical\" href=\"https:\/\/ponteseditores.com.br\/loja3\/pontes-editores-home-2__trashed\/ebook\/lancamento-e-book\/concordancia-verbal-no-processo-de-escolarizacao-comparacoes-entre-eja-e-ensino-regular\/\" \/>\n<meta property=\"og:locale\" content=\"pt_BR\" \/>\n<meta property=\"og:type\" content=\"article\" \/>\n<meta property=\"og:title\" content=\"Concord\u00e2ncia verbal no processo de escolariza\u00e7\u00e3o: compara\u00e7\u00f5es entre EJA e Ensino Regular - Pontes Editores\" \/>\n<meta property=\"og:description\" content=\"Este livro aborda o fen\u00f4meno da concord\u00e2ncia verbal escrita no Portugu\u00eas Brasileiro (PB), a partir de compara\u00e7\u00f5es entre produ\u00e7\u00f5es escritas de alunos concluintes do Ensino M\u00e9dio provenientes da Educa\u00e7\u00e3o de Jovens e Adultos (EJA) e do ensino regular. O tema \u00e9 abordado sob duas vertentes complementares: a Sociolingu\u00edstica Variacionista e a Teoria Gerativa.\u00a0Primeiramente, a manifesta\u00e7\u00e3o [&hellip;]\" \/>\n<meta property=\"og:url\" content=\"https:\/\/ponteseditores.com.br\/loja3\/pontes-editores-home-2__trashed\/ebook\/lancamento-e-book\/concordancia-verbal-no-processo-de-escolarizacao-comparacoes-entre-eja-e-ensino-regular\/\" \/>\n<meta property=\"og:site_name\" content=\"Pontes Editores\" \/>\n<meta property=\"article:modified_time\" content=\"2024-10-08T14:29:06+00:00\" \/>\n<meta property=\"og:image\" content=\"https:\/\/ponteseditores.com.br\/loja3\/wp-content\/uploads\/2024\/05\/Capa_Concordancia_Verbal.jpg\" \/>\n\t<meta property=\"og:image:width\" content=\"1728\" \/>\n\t<meta property=\"og:image:height\" content=\"2443\" \/>\n\t<meta property=\"og:image:type\" content=\"image\/jpeg\" \/>\n<meta name=\"twitter:card\" content=\"summary_large_image\" \/>\n<meta name=\"twitter:label1\" content=\"Est. tempo de leitura\" \/>\n\t<meta name=\"twitter:data1\" content=\"2 minutos\" \/>\n<script type=\"application\/ld+json\" class=\"yoast-schema-graph\">{\"@context\":\"https:\\\/\\\/schema.org\",\"@graph\":[{\"@type\":\"WebPage\",\"@id\":\"https:\\\/\\\/ponteseditores.com.br\\\/loja3\\\/pontes-editores-home-2__trashed\\\/ebook\\\/lancamento-e-book\\\/concordancia-verbal-no-processo-de-escolarizacao-comparacoes-entre-eja-e-ensino-regular\\\/\",\"url\":\"https:\\\/\\\/ponteseditores.com.br\\\/loja3\\\/pontes-editores-home-2__trashed\\\/ebook\\\/lancamento-e-book\\\/concordancia-verbal-no-processo-de-escolarizacao-comparacoes-entre-eja-e-ensino-regular\\\/\",\"name\":\"Concord\u00e2ncia verbal no processo de escolariza\u00e7\u00e3o: compara\u00e7\u00f5es entre EJA e Ensino Regular - Pontes Editores\",\"isPartOf\":{\"@id\":\"https:\\\/\\\/ponteseditores.com.br\\\/loja3\\\/#website\"},\"primaryImageOfPage\":{\"@id\":\"https:\\\/\\\/ponteseditores.com.br\\\/loja3\\\/pontes-editores-home-2__trashed\\\/ebook\\\/lancamento-e-book\\\/concordancia-verbal-no-processo-de-escolarizacao-comparacoes-entre-eja-e-ensino-regular\\\/#primaryimage\"},\"image\":{\"@id\":\"https:\\\/\\\/ponteseditores.com.br\\\/loja3\\\/pontes-editores-home-2__trashed\\\/ebook\\\/lancamento-e-book\\\/concordancia-verbal-no-processo-de-escolarizacao-comparacoes-entre-eja-e-ensino-regular\\\/#primaryimage\"},\"thumbnailUrl\":\"https:\\\/\\\/ponteseditores.com.br\\\/loja3\\\/wp-content\\\/uploads\\\/2024\\\/05\\\/Capa_Concordancia_Verbal.jpg\",\"datePublished\":\"2024-05-28T16:35:59+00:00\",\"dateModified\":\"2024-10-08T14:29:06+00:00\",\"breadcrumb\":{\"@id\":\"https:\\\/\\\/ponteseditores.com.br\\\/loja3\\\/pontes-editores-home-2__trashed\\\/ebook\\\/lancamento-e-book\\\/concordancia-verbal-no-processo-de-escolarizacao-comparacoes-entre-eja-e-ensino-regular\\\/#breadcrumb\"},\"inLanguage\":\"pt-BR\",\"potentialAction\":[{\"@type\":\"ReadAction\",\"target\":[\"https:\\\/\\\/ponteseditores.com.br\\\/loja3\\\/pontes-editores-home-2__trashed\\\/ebook\\\/lancamento-e-book\\\/concordancia-verbal-no-processo-de-escolarizacao-comparacoes-entre-eja-e-ensino-regular\\\/\"]}]},{\"@type\":\"ImageObject\",\"inLanguage\":\"pt-BR\",\"@id\":\"https:\\\/\\\/ponteseditores.com.br\\\/loja3\\\/pontes-editores-home-2__trashed\\\/ebook\\\/lancamento-e-book\\\/concordancia-verbal-no-processo-de-escolarizacao-comparacoes-entre-eja-e-ensino-regular\\\/#primaryimage\",\"url\":\"https:\\\/\\\/ponteseditores.com.br\\\/loja3\\\/wp-content\\\/uploads\\\/2024\\\/05\\\/Capa_Concordancia_Verbal.jpg\",\"contentUrl\":\"https:\\\/\\\/ponteseditores.com.br\\\/loja3\\\/wp-content\\\/uploads\\\/2024\\\/05\\\/Capa_Concordancia_Verbal.jpg\",\"width\":1728,\"height\":2443},{\"@type\":\"BreadcrumbList\",\"@id\":\"https:\\\/\\\/ponteseditores.com.br\\\/loja3\\\/pontes-editores-home-2__trashed\\\/ebook\\\/lancamento-e-book\\\/concordancia-verbal-no-processo-de-escolarizacao-comparacoes-entre-eja-e-ensino-regular\\\/#breadcrumb\",\"itemListElement\":[{\"@type\":\"ListItem\",\"position\":1,\"name\":\"Home\",\"item\":\"https:\\\/\\\/ponteseditores.com.br\\\/loja3\\\/\"},{\"@type\":\"ListItem\",\"position\":2,\"name\":\"loja\",\"item\":\"https:\\\/\\\/ponteseditores.com.br\\\/loja3\\\/loja\\\/\"},{\"@type\":\"ListItem\",\"position\":3,\"name\":\"Concord\u00e2ncia verbal no processo de escolariza\u00e7\u00e3o: compara\u00e7\u00f5es entre EJA e Ensino Regular\"}]},{\"@type\":\"WebSite\",\"@id\":\"https:\\\/\\\/ponteseditores.com.br\\\/loja3\\\/#website\",\"url\":\"https:\\\/\\\/ponteseditores.com.br\\\/loja3\\\/\",\"name\":\"Pontes Editores\",\"description\":\"Pontes Editores\",\"publisher\":{\"@id\":\"https:\\\/\\\/ponteseditores.com.br\\\/loja3\\\/#organization\"},\"potentialAction\":[{\"@type\":\"SearchAction\",\"target\":{\"@type\":\"EntryPoint\",\"urlTemplate\":\"https:\\\/\\\/ponteseditores.com.br\\\/loja3\\\/?s={search_term_string}\"},\"query-input\":{\"@type\":\"PropertyValueSpecification\",\"valueRequired\":true,\"valueName\":\"search_term_string\"}}],\"inLanguage\":\"pt-BR\"},{\"@type\":\"Organization\",\"@id\":\"https:\\\/\\\/ponteseditores.com.br\\\/loja3\\\/#organization\",\"name\":\"Pontes Editores\",\"url\":\"https:\\\/\\\/ponteseditores.com.br\\\/loja3\\\/\",\"logo\":{\"@type\":\"ImageObject\",\"inLanguage\":\"pt-BR\",\"@id\":\"https:\\\/\\\/ponteseditores.com.br\\\/loja3\\\/#\\\/schema\\\/logo\\\/image\\\/\",\"url\":\"https:\\\/\\\/ponteseditores.com.br\\\/loja3\\\/wp-content\\\/uploads\\\/2023\\\/12\\\/logo-pontes-editores-v2.png\",\"contentUrl\":\"https:\\\/\\\/ponteseditores.com.br\\\/loja3\\\/wp-content\\\/uploads\\\/2023\\\/12\\\/logo-pontes-editores-v2.png\",\"width\":258,\"height\":100,\"caption\":\"Pontes Editores\"},\"image\":{\"@id\":\"https:\\\/\\\/ponteseditores.com.br\\\/loja3\\\/#\\\/schema\\\/logo\\\/image\\\/\"}}]}<\/script>\n<!-- \/ Yoast SEO plugin. -->","yoast_head_json":{"title":"Concord\u00e2ncia verbal no processo de escolariza\u00e7\u00e3o: compara\u00e7\u00f5es entre EJA e Ensino Regular - Pontes Editores","robots":{"index":"index","follow":"follow","max-snippet":"max-snippet:-1","max-image-preview":"max-image-preview:large","max-video-preview":"max-video-preview:-1"},"canonical":"https:\/\/ponteseditores.com.br\/loja3\/pontes-editores-home-2__trashed\/ebook\/lancamento-e-book\/concordancia-verbal-no-processo-de-escolarizacao-comparacoes-entre-eja-e-ensino-regular\/","og_locale":"pt_BR","og_type":"article","og_title":"Concord\u00e2ncia verbal no processo de escolariza\u00e7\u00e3o: compara\u00e7\u00f5es entre EJA e Ensino Regular - Pontes Editores","og_description":"Este livro aborda o fen\u00f4meno da concord\u00e2ncia verbal escrita no Portugu\u00eas Brasileiro (PB), a partir de compara\u00e7\u00f5es entre produ\u00e7\u00f5es escritas de alunos concluintes do Ensino M\u00e9dio provenientes da Educa\u00e7\u00e3o de Jovens e Adultos (EJA) e do ensino regular. O tema \u00e9 abordado sob duas vertentes complementares: a Sociolingu\u00edstica Variacionista e a Teoria Gerativa.\u00a0Primeiramente, a manifesta\u00e7\u00e3o [&hellip;]","og_url":"https:\/\/ponteseditores.com.br\/loja3\/pontes-editores-home-2__trashed\/ebook\/lancamento-e-book\/concordancia-verbal-no-processo-de-escolarizacao-comparacoes-entre-eja-e-ensino-regular\/","og_site_name":"Pontes Editores","article_modified_time":"2024-10-08T14:29:06+00:00","og_image":[{"width":1728,"height":2443,"url":"https:\/\/ponteseditores.com.br\/loja3\/wp-content\/uploads\/2024\/05\/Capa_Concordancia_Verbal.jpg","type":"image\/jpeg"}],"twitter_card":"summary_large_image","twitter_misc":{"Est. tempo de leitura":"2 minutos"},"schema":{"@context":"https:\/\/schema.org","@graph":[{"@type":"WebPage","@id":"https:\/\/ponteseditores.com.br\/loja3\/pontes-editores-home-2__trashed\/ebook\/lancamento-e-book\/concordancia-verbal-no-processo-de-escolarizacao-comparacoes-entre-eja-e-ensino-regular\/","url":"https:\/\/ponteseditores.com.br\/loja3\/pontes-editores-home-2__trashed\/ebook\/lancamento-e-book\/concordancia-verbal-no-processo-de-escolarizacao-comparacoes-entre-eja-e-ensino-regular\/","name":"Concord\u00e2ncia verbal no processo de escolariza\u00e7\u00e3o: compara\u00e7\u00f5es entre EJA e Ensino Regular - Pontes Editores","isPartOf":{"@id":"https:\/\/ponteseditores.com.br\/loja3\/#website"},"primaryImageOfPage":{"@id":"https:\/\/ponteseditores.com.br\/loja3\/pontes-editores-home-2__trashed\/ebook\/lancamento-e-book\/concordancia-verbal-no-processo-de-escolarizacao-comparacoes-entre-eja-e-ensino-regular\/#primaryimage"},"image":{"@id":"https:\/\/ponteseditores.com.br\/loja3\/pontes-editores-home-2__trashed\/ebook\/lancamento-e-book\/concordancia-verbal-no-processo-de-escolarizacao-comparacoes-entre-eja-e-ensino-regular\/#primaryimage"},"thumbnailUrl":"https:\/\/ponteseditores.com.br\/loja3\/wp-content\/uploads\/2024\/05\/Capa_Concordancia_Verbal.jpg","datePublished":"2024-05-28T16:35:59+00:00","dateModified":"2024-10-08T14:29:06+00:00","breadcrumb":{"@id":"https:\/\/ponteseditores.com.br\/loja3\/pontes-editores-home-2__trashed\/ebook\/lancamento-e-book\/concordancia-verbal-no-processo-de-escolarizacao-comparacoes-entre-eja-e-ensino-regular\/#breadcrumb"},"inLanguage":"pt-BR","potentialAction":[{"@type":"ReadAction","target":["https:\/\/ponteseditores.com.br\/loja3\/pontes-editores-home-2__trashed\/ebook\/lancamento-e-book\/concordancia-verbal-no-processo-de-escolarizacao-comparacoes-entre-eja-e-ensino-regular\/"]}]},{"@type":"ImageObject","inLanguage":"pt-BR","@id":"https:\/\/ponteseditores.com.br\/loja3\/pontes-editores-home-2__trashed\/ebook\/lancamento-e-book\/concordancia-verbal-no-processo-de-escolarizacao-comparacoes-entre-eja-e-ensino-regular\/#primaryimage","url":"https:\/\/ponteseditores.com.br\/loja3\/wp-content\/uploads\/2024\/05\/Capa_Concordancia_Verbal.jpg","contentUrl":"https:\/\/ponteseditores.com.br\/loja3\/wp-content\/uploads\/2024\/05\/Capa_Concordancia_Verbal.jpg","width":1728,"height":2443},{"@type":"BreadcrumbList","@id":"https:\/\/ponteseditores.com.br\/loja3\/pontes-editores-home-2__trashed\/ebook\/lancamento-e-book\/concordancia-verbal-no-processo-de-escolarizacao-comparacoes-entre-eja-e-ensino-regular\/#breadcrumb","itemListElement":[{"@type":"ListItem","position":1,"name":"Home","item":"https:\/\/ponteseditores.com.br\/loja3\/"},{"@type":"ListItem","position":2,"name":"loja","item":"https:\/\/ponteseditores.com.br\/loja3\/loja\/"},{"@type":"ListItem","position":3,"name":"Concord\u00e2ncia verbal no processo de escolariza\u00e7\u00e3o: compara\u00e7\u00f5es entre EJA e Ensino Regular"}]},{"@type":"WebSite","@id":"https:\/\/ponteseditores.com.br\/loja3\/#website","url":"https:\/\/ponteseditores.com.br\/loja3\/","name":"Pontes Editores","description":"Pontes Editores","publisher":{"@id":"https:\/\/ponteseditores.com.br\/loja3\/#organization"},"potentialAction":[{"@type":"SearchAction","target":{"@type":"EntryPoint","urlTemplate":"https:\/\/ponteseditores.com.br\/loja3\/?s={search_term_string}"},"query-input":{"@type":"PropertyValueSpecification","valueRequired":true,"valueName":"search_term_string"}}],"inLanguage":"pt-BR"},{"@type":"Organization","@id":"https:\/\/ponteseditores.com.br\/loja3\/#organization","name":"Pontes Editores","url":"https:\/\/ponteseditores.com.br\/loja3\/","logo":{"@type":"ImageObject","inLanguage":"pt-BR","@id":"https:\/\/ponteseditores.com.br\/loja3\/#\/schema\/logo\/image\/","url":"https:\/\/ponteseditores.com.br\/loja3\/wp-content\/uploads\/2023\/12\/logo-pontes-editores-v2.png","contentUrl":"https:\/\/ponteseditores.com.br\/loja3\/wp-content\/uploads\/2023\/12\/logo-pontes-editores-v2.png","width":258,"height":100,"caption":"Pontes Editores"},"image":{"@id":"https:\/\/ponteseditores.com.br\/loja3\/#\/schema\/logo\/image\/"}}]}},"_links":{"self":[{"href":"https:\/\/ponteseditores.com.br\/loja3\/wp-json\/wp\/v2\/product\/12673","targetHints":{"allow":["GET"]}}],"collection":[{"href":"https:\/\/ponteseditores.com.br\/loja3\/wp-json\/wp\/v2\/product"}],"about":[{"href":"https:\/\/ponteseditores.com.br\/loja3\/wp-json\/wp\/v2\/types\/product"}],"replies":[{"embeddable":true,"href":"https:\/\/ponteseditores.com.br\/loja3\/wp-json\/wp\/v2\/comments?post=12673"}],"version-history":[{"count":0,"href":"https:\/\/ponteseditores.com.br\/loja3\/wp-json\/wp\/v2\/product\/12673\/revisions"}],"wp:featuredmedia":[{"embeddable":true,"href":"https:\/\/ponteseditores.com.br\/loja3\/wp-json\/wp\/v2\/media\/12675"}],"wp:attachment":[{"href":"https:\/\/ponteseditores.com.br\/loja3\/wp-json\/wp\/v2\/media?parent=12673"}],"wp:term":[{"taxonomy":"product_brand","embeddable":true,"href":"https:\/\/ponteseditores.com.br\/loja3\/wp-json\/wp\/v2\/product_brand?post=12673"},{"taxonomy":"product_cat","embeddable":true,"href":"https:\/\/ponteseditores.com.br\/loja3\/wp-json\/wp\/v2\/product_cat?post=12673"},{"taxonomy":"product_tag","embeddable":true,"href":"https:\/\/ponteseditores.com.br\/loja3\/wp-json\/wp\/v2\/product_tag?post=12673"}],"curies":[{"name":"wp","href":"https:\/\/api.w.org\/{rel}","templated":true}]}}