{"id":12423,"date":"2024-05-14T13:42:45","date_gmt":"2024-05-14T16:42:45","guid":{"rendered":"https:\/\/ponteseditores.com.br\/loja3\/?post_type=product&#038;p=12423"},"modified":"2024-05-14T13:42:45","modified_gmt":"2024-05-14T16:42:45","slug":"discurso-artistico-e-argumentacao-2","status":"publish","type":"product","link":"https:\/\/ponteseditores.com.br\/loja3\/pontes-editores-home-2__trashed\/linguistica\/discurso-artistico-e-argumentacao-2\/","title":{"rendered":"Discurso art\u00edstico e argumenta\u00e7\u00e3o"},"content":{"rendered":"<table style=\"height: 612px;\" width=\"1270\">\n<tbody>\n<tr>\n<td width=\"594\">Abordar o fen\u00f4meno da linguagem humana torna-se t\u00e3o mais complexo \u00e0 medida que se consideram suas diferentes perspectivas e que se recortam seus diferentes poss\u00edveis objetos. \u00c9 no campo discursivo que essa complexidade se torna mais sens\u00edvel, j\u00e1 que se fundem, no discurso, locutor, l\u00edngua e enuncia\u00e7\u00e3o. N\u00e3o apenas a novidade discursiva resultante dessa fus\u00e3o desafia o linguista, sobretudo o semanticista, mas os in\u00fameros matizes que essa l\u00edngua transformada em discurso pode assumir: do texto das leis ao registro hist\u00f3rico, do discurso da ci\u00eancia ao texto religioso, do uso ordin\u00e1rio ao uso liter\u00e1rio da l\u00edngua.<\/p>\n<p>A obra Discurso art\u00edstico e argumenta\u00e7\u00e3o mergulha no universo sem\u00e2ntico do discurso art\u00edstico e reivindica para a Lingu\u00edstica, como diz Roman Jakobson em Lingu\u00edstica e Comunica\u00e7\u00e3o, \u201co direito e o dever de empreender a investiga\u00e7\u00e3o da arte verbal em todos os seus aspectos.\u201d Lauro Gomes nos leva a descobrir, por meio de an\u00e1lises lingu\u00edsticas consistentes conduzidas sob a \u00f3tica da Teoria dos Blocos Sem\u00e2nticos, o papel da l\u00edngua, do locutor e do leitor na constru\u00e7\u00e3o e no reconhecimento dessa \u201carte verbal\u201d realizada no discurso.<\/p>\n<p>O apagamento das fronteiras que restringem o objeto de estudo dos linguistas \u00e0 linguagem ordin\u00e1ria e a proposi\u00e7\u00e3o de um olhar sobre o discurso art\u00edstico, a partir da argumenta\u00e7\u00e3o, s\u00e3o, sem d\u00favida, as grandes contribui\u00e7\u00f5es desta obra, que tamb\u00e9m estende um convite a seus leitores para que conhe\u00e7am a Sem\u00e2ntica Argumentativa e sua epistemologia, apresentadas de uma forma profundamente autoral. Conectada pari passu com as investiga\u00e7\u00f5es contempor\u00e2neas desenvolvidas na \u00e1rea, o presente livro configura-se, assim, como uma obra destinada aos pesquisadores cujos interesses centram-se, de forma mais ampla, nos aspectos sem\u00e2ntico-discursivos da linguagem, e especificamente \u00e0queles que os relacionam aos estudos da argumenta\u00e7\u00e3o. Cristiane Dall\u2019Cortivo Lebler<\/td>\n<\/tr>\n<\/tbody>\n<\/table>\n","protected":false},"excerpt":{"rendered":"<p>Abordar o fen\u00f4meno da linguagem humana torna-se t\u00e3o mais complexo \u00e0 medida que se consideram suas diferentes perspectivas e que se recortam seus diferentes poss\u00edveis objetos. \u00c9 no campo discursivo que essa complexidade se torna mais sens\u00edvel, j\u00e1 que se fundem, no discurso, locutor, l\u00edngua e enuncia\u00e7\u00e3o. N\u00e3o apenas a novidade discursiva resultante dessa fus\u00e3o [&hellip;]<\/p>\n","protected":false},"featured_media":12424,"comment_status":"open","ping_status":"closed","template":"","meta":{"_joinchat":[]},"product_brand":[],"product_cat":[36,31],"product_tag":[],"class_list":{"0":"post-12423","1":"product","2":"type-product","3":"status-publish","4":"has-post-thumbnail","6":"product_cat-analise-do-discurso","7":"product_cat-linguistica","9":"first","10":"instock","11":"shipping-taxable","12":"purchasable","13":"product-type-simple"},"yoast_head":"<!-- This site is optimized with the Yoast SEO plugin v27.4 - https:\/\/yoast.com\/product\/yoast-seo-wordpress\/ -->\n<title>Discurso art\u00edstico e argumenta\u00e7\u00e3o - Pontes Editores<\/title>\n<meta name=\"robots\" content=\"index, follow, max-snippet:-1, max-image-preview:large, max-video-preview:-1\" \/>\n<link rel=\"canonical\" href=\"https:\/\/ponteseditores.com.br\/loja3\/pontes-editores-home-2__trashed\/linguistica\/discurso-artistico-e-argumentacao-2\/\" \/>\n<meta property=\"og:locale\" content=\"pt_BR\" \/>\n<meta property=\"og:type\" content=\"article\" \/>\n<meta property=\"og:title\" content=\"Discurso art\u00edstico e argumenta\u00e7\u00e3o - Pontes Editores\" \/>\n<meta property=\"og:description\" content=\"Abordar o fen\u00f4meno da linguagem humana torna-se t\u00e3o mais complexo \u00e0 medida que se consideram suas diferentes perspectivas e que se recortam seus diferentes poss\u00edveis objetos. \u00c9 no campo discursivo que essa complexidade se torna mais sens\u00edvel, j\u00e1 que se fundem, no discurso, locutor, l\u00edngua e enuncia\u00e7\u00e3o. N\u00e3o apenas a novidade discursiva resultante dessa fus\u00e3o [&hellip;]\" \/>\n<meta property=\"og:url\" content=\"https:\/\/ponteseditores.com.br\/loja3\/pontes-editores-home-2__trashed\/linguistica\/discurso-artistico-e-argumentacao-2\/\" \/>\n<meta property=\"og:site_name\" content=\"Pontes Editores\" \/>\n<meta property=\"og:image\" content=\"https:\/\/ponteseditores.com.br\/loja3\/wp-content\/uploads\/2024\/05\/discurso-artistico-e-argumentacao-capa--scaled.jpg\" \/>\n\t<meta property=\"og:image:width\" content=\"1781\" \/>\n\t<meta property=\"og:image:height\" content=\"2560\" \/>\n\t<meta property=\"og:image:type\" content=\"image\/jpeg\" \/>\n<meta name=\"twitter:card\" content=\"summary_large_image\" \/>\n<meta name=\"twitter:label1\" content=\"Est. tempo de leitura\" \/>\n\t<meta name=\"twitter:data1\" content=\"2 minutos\" \/>\n<script type=\"application\/ld+json\" class=\"yoast-schema-graph\">{\"@context\":\"https:\\\/\\\/schema.org\",\"@graph\":[{\"@type\":\"WebPage\",\"@id\":\"https:\\\/\\\/ponteseditores.com.br\\\/loja3\\\/pontes-editores-home-2__trashed\\\/linguistica\\\/discurso-artistico-e-argumentacao-2\\\/\",\"url\":\"https:\\\/\\\/ponteseditores.com.br\\\/loja3\\\/pontes-editores-home-2__trashed\\\/linguistica\\\/discurso-artistico-e-argumentacao-2\\\/\",\"name\":\"Discurso art\u00edstico e argumenta\u00e7\u00e3o - Pontes Editores\",\"isPartOf\":{\"@id\":\"https:\\\/\\\/ponteseditores.com.br\\\/loja3\\\/#website\"},\"primaryImageOfPage\":{\"@id\":\"https:\\\/\\\/ponteseditores.com.br\\\/loja3\\\/pontes-editores-home-2__trashed\\\/linguistica\\\/discurso-artistico-e-argumentacao-2\\\/#primaryimage\"},\"image\":{\"@id\":\"https:\\\/\\\/ponteseditores.com.br\\\/loja3\\\/pontes-editores-home-2__trashed\\\/linguistica\\\/discurso-artistico-e-argumentacao-2\\\/#primaryimage\"},\"thumbnailUrl\":\"https:\\\/\\\/ponteseditores.com.br\\\/loja3\\\/wp-content\\\/uploads\\\/2024\\\/05\\\/discurso-artistico-e-argumentacao-capa--scaled.jpg\",\"datePublished\":\"2024-05-14T16:42:45+00:00\",\"breadcrumb\":{\"@id\":\"https:\\\/\\\/ponteseditores.com.br\\\/loja3\\\/pontes-editores-home-2__trashed\\\/linguistica\\\/discurso-artistico-e-argumentacao-2\\\/#breadcrumb\"},\"inLanguage\":\"pt-BR\",\"potentialAction\":[{\"@type\":\"ReadAction\",\"target\":[\"https:\\\/\\\/ponteseditores.com.br\\\/loja3\\\/pontes-editores-home-2__trashed\\\/linguistica\\\/discurso-artistico-e-argumentacao-2\\\/\"]}]},{\"@type\":\"ImageObject\",\"inLanguage\":\"pt-BR\",\"@id\":\"https:\\\/\\\/ponteseditores.com.br\\\/loja3\\\/pontes-editores-home-2__trashed\\\/linguistica\\\/discurso-artistico-e-argumentacao-2\\\/#primaryimage\",\"url\":\"https:\\\/\\\/ponteseditores.com.br\\\/loja3\\\/wp-content\\\/uploads\\\/2024\\\/05\\\/discurso-artistico-e-argumentacao-capa--scaled.jpg\",\"contentUrl\":\"https:\\\/\\\/ponteseditores.com.br\\\/loja3\\\/wp-content\\\/uploads\\\/2024\\\/05\\\/discurso-artistico-e-argumentacao-capa--scaled.jpg\",\"width\":1781,\"height\":2560},{\"@type\":\"BreadcrumbList\",\"@id\":\"https:\\\/\\\/ponteseditores.com.br\\\/loja3\\\/pontes-editores-home-2__trashed\\\/linguistica\\\/discurso-artistico-e-argumentacao-2\\\/#breadcrumb\",\"itemListElement\":[{\"@type\":\"ListItem\",\"position\":1,\"name\":\"Home\",\"item\":\"https:\\\/\\\/ponteseditores.com.br\\\/loja3\\\/\"},{\"@type\":\"ListItem\",\"position\":2,\"name\":\"loja\",\"item\":\"https:\\\/\\\/ponteseditores.com.br\\\/loja3\\\/loja\\\/\"},{\"@type\":\"ListItem\",\"position\":3,\"name\":\"Discurso art\u00edstico e argumenta\u00e7\u00e3o\"}]},{\"@type\":\"WebSite\",\"@id\":\"https:\\\/\\\/ponteseditores.com.br\\\/loja3\\\/#website\",\"url\":\"https:\\\/\\\/ponteseditores.com.br\\\/loja3\\\/\",\"name\":\"Pontes Editores\",\"description\":\"Pontes Editores\",\"publisher\":{\"@id\":\"https:\\\/\\\/ponteseditores.com.br\\\/loja3\\\/#organization\"},\"potentialAction\":[{\"@type\":\"SearchAction\",\"target\":{\"@type\":\"EntryPoint\",\"urlTemplate\":\"https:\\\/\\\/ponteseditores.com.br\\\/loja3\\\/?s={search_term_string}\"},\"query-input\":{\"@type\":\"PropertyValueSpecification\",\"valueRequired\":true,\"valueName\":\"search_term_string\"}}],\"inLanguage\":\"pt-BR\"},{\"@type\":\"Organization\",\"@id\":\"https:\\\/\\\/ponteseditores.com.br\\\/loja3\\\/#organization\",\"name\":\"Pontes Editores\",\"url\":\"https:\\\/\\\/ponteseditores.com.br\\\/loja3\\\/\",\"logo\":{\"@type\":\"ImageObject\",\"inLanguage\":\"pt-BR\",\"@id\":\"https:\\\/\\\/ponteseditores.com.br\\\/loja3\\\/#\\\/schema\\\/logo\\\/image\\\/\",\"url\":\"https:\\\/\\\/ponteseditores.com.br\\\/loja3\\\/wp-content\\\/uploads\\\/2023\\\/12\\\/logo-pontes-editores-v2.png\",\"contentUrl\":\"https:\\\/\\\/ponteseditores.com.br\\\/loja3\\\/wp-content\\\/uploads\\\/2023\\\/12\\\/logo-pontes-editores-v2.png\",\"width\":258,\"height\":100,\"caption\":\"Pontes Editores\"},\"image\":{\"@id\":\"https:\\\/\\\/ponteseditores.com.br\\\/loja3\\\/#\\\/schema\\\/logo\\\/image\\\/\"}}]}<\/script>\n<!-- \/ Yoast SEO plugin. -->","yoast_head_json":{"title":"Discurso art\u00edstico e argumenta\u00e7\u00e3o - Pontes Editores","robots":{"index":"index","follow":"follow","max-snippet":"max-snippet:-1","max-image-preview":"max-image-preview:large","max-video-preview":"max-video-preview:-1"},"canonical":"https:\/\/ponteseditores.com.br\/loja3\/pontes-editores-home-2__trashed\/linguistica\/discurso-artistico-e-argumentacao-2\/","og_locale":"pt_BR","og_type":"article","og_title":"Discurso art\u00edstico e argumenta\u00e7\u00e3o - Pontes Editores","og_description":"Abordar o fen\u00f4meno da linguagem humana torna-se t\u00e3o mais complexo \u00e0 medida que se consideram suas diferentes perspectivas e que se recortam seus diferentes poss\u00edveis objetos. \u00c9 no campo discursivo que essa complexidade se torna mais sens\u00edvel, j\u00e1 que se fundem, no discurso, locutor, l\u00edngua e enuncia\u00e7\u00e3o. N\u00e3o apenas a novidade discursiva resultante dessa fus\u00e3o [&hellip;]","og_url":"https:\/\/ponteseditores.com.br\/loja3\/pontes-editores-home-2__trashed\/linguistica\/discurso-artistico-e-argumentacao-2\/","og_site_name":"Pontes Editores","og_image":[{"width":1781,"height":2560,"url":"https:\/\/ponteseditores.com.br\/loja3\/wp-content\/uploads\/2024\/05\/discurso-artistico-e-argumentacao-capa--scaled.jpg","type":"image\/jpeg"}],"twitter_card":"summary_large_image","twitter_misc":{"Est. tempo de leitura":"2 minutos"},"schema":{"@context":"https:\/\/schema.org","@graph":[{"@type":"WebPage","@id":"https:\/\/ponteseditores.com.br\/loja3\/pontes-editores-home-2__trashed\/linguistica\/discurso-artistico-e-argumentacao-2\/","url":"https:\/\/ponteseditores.com.br\/loja3\/pontes-editores-home-2__trashed\/linguistica\/discurso-artistico-e-argumentacao-2\/","name":"Discurso art\u00edstico e argumenta\u00e7\u00e3o - Pontes Editores","isPartOf":{"@id":"https:\/\/ponteseditores.com.br\/loja3\/#website"},"primaryImageOfPage":{"@id":"https:\/\/ponteseditores.com.br\/loja3\/pontes-editores-home-2__trashed\/linguistica\/discurso-artistico-e-argumentacao-2\/#primaryimage"},"image":{"@id":"https:\/\/ponteseditores.com.br\/loja3\/pontes-editores-home-2__trashed\/linguistica\/discurso-artistico-e-argumentacao-2\/#primaryimage"},"thumbnailUrl":"https:\/\/ponteseditores.com.br\/loja3\/wp-content\/uploads\/2024\/05\/discurso-artistico-e-argumentacao-capa--scaled.jpg","datePublished":"2024-05-14T16:42:45+00:00","breadcrumb":{"@id":"https:\/\/ponteseditores.com.br\/loja3\/pontes-editores-home-2__trashed\/linguistica\/discurso-artistico-e-argumentacao-2\/#breadcrumb"},"inLanguage":"pt-BR","potentialAction":[{"@type":"ReadAction","target":["https:\/\/ponteseditores.com.br\/loja3\/pontes-editores-home-2__trashed\/linguistica\/discurso-artistico-e-argumentacao-2\/"]}]},{"@type":"ImageObject","inLanguage":"pt-BR","@id":"https:\/\/ponteseditores.com.br\/loja3\/pontes-editores-home-2__trashed\/linguistica\/discurso-artistico-e-argumentacao-2\/#primaryimage","url":"https:\/\/ponteseditores.com.br\/loja3\/wp-content\/uploads\/2024\/05\/discurso-artistico-e-argumentacao-capa--scaled.jpg","contentUrl":"https:\/\/ponteseditores.com.br\/loja3\/wp-content\/uploads\/2024\/05\/discurso-artistico-e-argumentacao-capa--scaled.jpg","width":1781,"height":2560},{"@type":"BreadcrumbList","@id":"https:\/\/ponteseditores.com.br\/loja3\/pontes-editores-home-2__trashed\/linguistica\/discurso-artistico-e-argumentacao-2\/#breadcrumb","itemListElement":[{"@type":"ListItem","position":1,"name":"Home","item":"https:\/\/ponteseditores.com.br\/loja3\/"},{"@type":"ListItem","position":2,"name":"loja","item":"https:\/\/ponteseditores.com.br\/loja3\/loja\/"},{"@type":"ListItem","position":3,"name":"Discurso art\u00edstico e argumenta\u00e7\u00e3o"}]},{"@type":"WebSite","@id":"https:\/\/ponteseditores.com.br\/loja3\/#website","url":"https:\/\/ponteseditores.com.br\/loja3\/","name":"Pontes Editores","description":"Pontes Editores","publisher":{"@id":"https:\/\/ponteseditores.com.br\/loja3\/#organization"},"potentialAction":[{"@type":"SearchAction","target":{"@type":"EntryPoint","urlTemplate":"https:\/\/ponteseditores.com.br\/loja3\/?s={search_term_string}"},"query-input":{"@type":"PropertyValueSpecification","valueRequired":true,"valueName":"search_term_string"}}],"inLanguage":"pt-BR"},{"@type":"Organization","@id":"https:\/\/ponteseditores.com.br\/loja3\/#organization","name":"Pontes Editores","url":"https:\/\/ponteseditores.com.br\/loja3\/","logo":{"@type":"ImageObject","inLanguage":"pt-BR","@id":"https:\/\/ponteseditores.com.br\/loja3\/#\/schema\/logo\/image\/","url":"https:\/\/ponteseditores.com.br\/loja3\/wp-content\/uploads\/2023\/12\/logo-pontes-editores-v2.png","contentUrl":"https:\/\/ponteseditores.com.br\/loja3\/wp-content\/uploads\/2023\/12\/logo-pontes-editores-v2.png","width":258,"height":100,"caption":"Pontes Editores"},"image":{"@id":"https:\/\/ponteseditores.com.br\/loja3\/#\/schema\/logo\/image\/"}}]}},"_links":{"self":[{"href":"https:\/\/ponteseditores.com.br\/loja3\/wp-json\/wp\/v2\/product\/12423","targetHints":{"allow":["GET"]}}],"collection":[{"href":"https:\/\/ponteseditores.com.br\/loja3\/wp-json\/wp\/v2\/product"}],"about":[{"href":"https:\/\/ponteseditores.com.br\/loja3\/wp-json\/wp\/v2\/types\/product"}],"replies":[{"embeddable":true,"href":"https:\/\/ponteseditores.com.br\/loja3\/wp-json\/wp\/v2\/comments?post=12423"}],"version-history":[{"count":0,"href":"https:\/\/ponteseditores.com.br\/loja3\/wp-json\/wp\/v2\/product\/12423\/revisions"}],"wp:featuredmedia":[{"embeddable":true,"href":"https:\/\/ponteseditores.com.br\/loja3\/wp-json\/wp\/v2\/media\/12424"}],"wp:attachment":[{"href":"https:\/\/ponteseditores.com.br\/loja3\/wp-json\/wp\/v2\/media?parent=12423"}],"wp:term":[{"taxonomy":"product_brand","embeddable":true,"href":"https:\/\/ponteseditores.com.br\/loja3\/wp-json\/wp\/v2\/product_brand?post=12423"},{"taxonomy":"product_cat","embeddable":true,"href":"https:\/\/ponteseditores.com.br\/loja3\/wp-json\/wp\/v2\/product_cat?post=12423"},{"taxonomy":"product_tag","embeddable":true,"href":"https:\/\/ponteseditores.com.br\/loja3\/wp-json\/wp\/v2\/product_tag?post=12423"}],"curies":[{"name":"wp","href":"https:\/\/api.w.org\/{rel}","templated":true}]}}