{"id":12320,"date":"2024-05-08T16:29:55","date_gmt":"2024-05-08T19:29:55","guid":{"rendered":"https:\/\/ponteseditores.com.br\/loja3\/?post_type=product&#038;p=12320"},"modified":"2024-05-08T16:29:55","modified_gmt":"2024-05-08T19:29:55","slug":"ludicidade-e-neoliberalismo-compreendendo-interrelacoes-pela-perspectiva-de-b-c-han","status":"publish","type":"product","link":"https:\/\/ponteseditores.com.br\/loja3\/pontes-editores-home-2__trashed\/educacao\/ludicidade-e-neoliberalismo-compreendendo-interrelacoes-pela-perspectiva-de-b-c-han\/","title":{"rendered":"Ludicidade e Neoliberalismo: compreendendo interrela\u00e7\u00f5es pela perspectiva de B. C. Han"},"content":{"rendered":"<p>O capital tradicional ou sua muta\u00e7\u00e3o (o \u201cneoliberalismo\u201d) destr\u00f3i ess\u00eancias (ontologias), esvazia conte\u00fados, \u201cdesnatura\u201d e usurpa \u2013 usando a seu favor \u2013 tudo que pode deterior\u00e1-lo. Eis a principal rela\u00e7\u00e3o discutida neste livro: o neoliberalismo se apropria da ludicidade, desmantela sua ontologia autot\u00e9lica e passa a \u201cutiliz\u00e1-la\u201d para produtividade e explora\u00e7\u00e3o. Propagandeando divers\u00e3o, positividade e liberdade, por\u00e9m com o intuito de permitir mais lucro e (auto)explora\u00e7\u00e3o sem resist\u00eancias, o neoliberalismo usa m\u00e1scara de ludicidade \u201cutilitarista\u201d (\u201cl\u00fadico\u201d, gamifica\u00e7\u00e3o e todo um vocabul\u00e1rio neoliberal: motiva\u00e7\u00e3o, compet\u00eancias, engajamento, resili\u00eancia etc.). Superexcita\u00e7\u00e3o eg\u00f3ica e emocional (embotadora da reflex\u00e3o, cogni\u00e7\u00e3o e criticidade); ubiquidade, disponibilidade permanente, ultraceleridade, hiperdigitalidade e hiperinforma\u00e7\u00e3o (desestabilizantes e ansiog\u00eanicas) tornam poss\u00edvel essa m\u00e1scara que esconde na economia \u2013 a velha l\u00f3gica consumista e produtivista \u2013 e na educa\u00e7\u00e3o \u2013 a velha memoriza\u00e7\u00e3o para rendimento\/ notas. Mas, quando o interno do indiv\u00edduo est\u00e1 inteiro e em equil\u00edbrio, criam-se condi\u00e7\u00f5es de um externo mais saud\u00e1vel e equ\u00e2nime.<\/p>\n<p>A ludicidade \u201csubjetiva\u201d, que entrela\u00e7a autotelia, eutrapelia, ataraxia, [inter\/ intra] rela\u00e7\u00e3o e cogni\u00e7\u00e3o, \u00e9 aquela que defendemos e desejamos a presen\u00e7a em nossas realidades. Por isso, sugerimos que ela tenha protagonismo em nossas vidas [social, pol\u00edtica etc.], desmascare intencionalidades neoliberais e manifeste-se como experi\u00eancia potencializadora de emancipa\u00e7\u00e3o.<\/p>\n<p>Nesta obra discutimos esses aspectos perpassando por conhecimentos sobre psicopol\u00edtica, psicopoder, engajamento, doen\u00e7as neoliberais e pela necessidade que temos de desmascarar essa realidade que nos controla e (auto) explora com nossa permiss\u00e3o.<\/p>\n","protected":false},"excerpt":{"rendered":"<p>O capital tradicional ou sua muta\u00e7\u00e3o (o \u201cneoliberalismo\u201d) destr\u00f3i ess\u00eancias (ontologias), esvazia conte\u00fados, \u201cdesnatura\u201d e usurpa \u2013 usando a seu favor \u2013 tudo que pode deterior\u00e1-lo. Eis a principal rela\u00e7\u00e3o discutida neste livro: o neoliberalismo se apropria da ludicidade, desmantela sua ontologia autot\u00e9lica e passa a \u201cutiliz\u00e1-la\u201d para produtividade e explora\u00e7\u00e3o. Propagandeando divers\u00e3o, positividade e [&hellip;]<\/p>\n","protected":false},"featured_media":12321,"comment_status":"open","ping_status":"closed","template":"","meta":{"_joinchat":[]},"product_brand":[],"product_cat":[97,167,277],"product_tag":[],"class_list":{"0":"post-12320","1":"product","2":"type-product","3":"status-publish","4":"has-post-thumbnail","6":"product_cat-educacao","7":"product_cat-lancamento","8":"product_cat-sociologia","10":"first","11":"instock","12":"shipping-taxable","13":"purchasable","14":"product-type-simple"},"yoast_head":"<!-- This site is optimized with the Yoast SEO plugin v27.4 - https:\/\/yoast.com\/product\/yoast-seo-wordpress\/ -->\n<title>Ludicidade e Neoliberalismo: compreendendo interrela\u00e7\u00f5es pela perspectiva de B. C. Han - Pontes Editores<\/title>\n<meta name=\"robots\" content=\"index, follow, max-snippet:-1, max-image-preview:large, max-video-preview:-1\" \/>\n<link rel=\"canonical\" href=\"https:\/\/ponteseditores.com.br\/loja3\/pontes-editores-home-2__trashed\/educacao\/ludicidade-e-neoliberalismo-compreendendo-interrelacoes-pela-perspectiva-de-b-c-han\/\" \/>\n<meta property=\"og:locale\" content=\"pt_BR\" \/>\n<meta property=\"og:type\" content=\"article\" \/>\n<meta property=\"og:title\" content=\"Ludicidade e Neoliberalismo: compreendendo interrela\u00e7\u00f5es pela perspectiva de B. C. Han - Pontes Editores\" \/>\n<meta property=\"og:description\" content=\"O capital tradicional ou sua muta\u00e7\u00e3o (o \u201cneoliberalismo\u201d) destr\u00f3i ess\u00eancias (ontologias), esvazia conte\u00fados, \u201cdesnatura\u201d e usurpa \u2013 usando a seu favor \u2013 tudo que pode deterior\u00e1-lo. Eis a principal rela\u00e7\u00e3o discutida neste livro: o neoliberalismo se apropria da ludicidade, desmantela sua ontologia autot\u00e9lica e passa a \u201cutiliz\u00e1-la\u201d para produtividade e explora\u00e7\u00e3o. Propagandeando divers\u00e3o, positividade e [&hellip;]\" \/>\n<meta property=\"og:url\" content=\"https:\/\/ponteseditores.com.br\/loja3\/pontes-editores-home-2__trashed\/educacao\/ludicidade-e-neoliberalismo-compreendendo-interrelacoes-pela-perspectiva-de-b-c-han\/\" \/>\n<meta property=\"og:site_name\" content=\"Pontes Editores\" \/>\n<meta property=\"og:image\" content=\"https:\/\/ponteseditores.com.br\/loja3\/wp-content\/uploads\/2024\/05\/Capa_Ludicidade.jpg\" \/>\n\t<meta property=\"og:image:width\" content=\"1728\" \/>\n\t<meta property=\"og:image:height\" content=\"2443\" \/>\n\t<meta property=\"og:image:type\" content=\"image\/jpeg\" \/>\n<meta name=\"twitter:card\" content=\"summary_large_image\" \/>\n<meta name=\"twitter:label1\" content=\"Est. tempo de leitura\" \/>\n\t<meta name=\"twitter:data1\" content=\"2 minutos\" \/>\n<script type=\"application\/ld+json\" class=\"yoast-schema-graph\">{\"@context\":\"https:\\\/\\\/schema.org\",\"@graph\":[{\"@type\":\"WebPage\",\"@id\":\"https:\\\/\\\/ponteseditores.com.br\\\/loja3\\\/pontes-editores-home-2__trashed\\\/educacao\\\/ludicidade-e-neoliberalismo-compreendendo-interrelacoes-pela-perspectiva-de-b-c-han\\\/\",\"url\":\"https:\\\/\\\/ponteseditores.com.br\\\/loja3\\\/pontes-editores-home-2__trashed\\\/educacao\\\/ludicidade-e-neoliberalismo-compreendendo-interrelacoes-pela-perspectiva-de-b-c-han\\\/\",\"name\":\"Ludicidade e Neoliberalismo: compreendendo interrela\u00e7\u00f5es pela perspectiva de B. C. Han - Pontes Editores\",\"isPartOf\":{\"@id\":\"https:\\\/\\\/ponteseditores.com.br\\\/loja3\\\/#website\"},\"primaryImageOfPage\":{\"@id\":\"https:\\\/\\\/ponteseditores.com.br\\\/loja3\\\/pontes-editores-home-2__trashed\\\/educacao\\\/ludicidade-e-neoliberalismo-compreendendo-interrelacoes-pela-perspectiva-de-b-c-han\\\/#primaryimage\"},\"image\":{\"@id\":\"https:\\\/\\\/ponteseditores.com.br\\\/loja3\\\/pontes-editores-home-2__trashed\\\/educacao\\\/ludicidade-e-neoliberalismo-compreendendo-interrelacoes-pela-perspectiva-de-b-c-han\\\/#primaryimage\"},\"thumbnailUrl\":\"https:\\\/\\\/ponteseditores.com.br\\\/loja3\\\/wp-content\\\/uploads\\\/2024\\\/05\\\/Capa_Ludicidade.jpg\",\"datePublished\":\"2024-05-08T19:29:55+00:00\",\"breadcrumb\":{\"@id\":\"https:\\\/\\\/ponteseditores.com.br\\\/loja3\\\/pontes-editores-home-2__trashed\\\/educacao\\\/ludicidade-e-neoliberalismo-compreendendo-interrelacoes-pela-perspectiva-de-b-c-han\\\/#breadcrumb\"},\"inLanguage\":\"pt-BR\",\"potentialAction\":[{\"@type\":\"ReadAction\",\"target\":[\"https:\\\/\\\/ponteseditores.com.br\\\/loja3\\\/pontes-editores-home-2__trashed\\\/educacao\\\/ludicidade-e-neoliberalismo-compreendendo-interrelacoes-pela-perspectiva-de-b-c-han\\\/\"]}]},{\"@type\":\"ImageObject\",\"inLanguage\":\"pt-BR\",\"@id\":\"https:\\\/\\\/ponteseditores.com.br\\\/loja3\\\/pontes-editores-home-2__trashed\\\/educacao\\\/ludicidade-e-neoliberalismo-compreendendo-interrelacoes-pela-perspectiva-de-b-c-han\\\/#primaryimage\",\"url\":\"https:\\\/\\\/ponteseditores.com.br\\\/loja3\\\/wp-content\\\/uploads\\\/2024\\\/05\\\/Capa_Ludicidade.jpg\",\"contentUrl\":\"https:\\\/\\\/ponteseditores.com.br\\\/loja3\\\/wp-content\\\/uploads\\\/2024\\\/05\\\/Capa_Ludicidade.jpg\",\"width\":1728,\"height\":2443},{\"@type\":\"BreadcrumbList\",\"@id\":\"https:\\\/\\\/ponteseditores.com.br\\\/loja3\\\/pontes-editores-home-2__trashed\\\/educacao\\\/ludicidade-e-neoliberalismo-compreendendo-interrelacoes-pela-perspectiva-de-b-c-han\\\/#breadcrumb\",\"itemListElement\":[{\"@type\":\"ListItem\",\"position\":1,\"name\":\"Home\",\"item\":\"https:\\\/\\\/ponteseditores.com.br\\\/loja3\\\/\"},{\"@type\":\"ListItem\",\"position\":2,\"name\":\"loja\",\"item\":\"https:\\\/\\\/ponteseditores.com.br\\\/loja3\\\/loja\\\/\"},{\"@type\":\"ListItem\",\"position\":3,\"name\":\"Ludicidade e Neoliberalismo: compreendendo interrela\u00e7\u00f5es pela perspectiva de B. C. Han\"}]},{\"@type\":\"WebSite\",\"@id\":\"https:\\\/\\\/ponteseditores.com.br\\\/loja3\\\/#website\",\"url\":\"https:\\\/\\\/ponteseditores.com.br\\\/loja3\\\/\",\"name\":\"Pontes Editores\",\"description\":\"Pontes Editores\",\"publisher\":{\"@id\":\"https:\\\/\\\/ponteseditores.com.br\\\/loja3\\\/#organization\"},\"potentialAction\":[{\"@type\":\"SearchAction\",\"target\":{\"@type\":\"EntryPoint\",\"urlTemplate\":\"https:\\\/\\\/ponteseditores.com.br\\\/loja3\\\/?s={search_term_string}\"},\"query-input\":{\"@type\":\"PropertyValueSpecification\",\"valueRequired\":true,\"valueName\":\"search_term_string\"}}],\"inLanguage\":\"pt-BR\"},{\"@type\":\"Organization\",\"@id\":\"https:\\\/\\\/ponteseditores.com.br\\\/loja3\\\/#organization\",\"name\":\"Pontes Editores\",\"url\":\"https:\\\/\\\/ponteseditores.com.br\\\/loja3\\\/\",\"logo\":{\"@type\":\"ImageObject\",\"inLanguage\":\"pt-BR\",\"@id\":\"https:\\\/\\\/ponteseditores.com.br\\\/loja3\\\/#\\\/schema\\\/logo\\\/image\\\/\",\"url\":\"https:\\\/\\\/ponteseditores.com.br\\\/loja3\\\/wp-content\\\/uploads\\\/2023\\\/12\\\/logo-pontes-editores-v2.png\",\"contentUrl\":\"https:\\\/\\\/ponteseditores.com.br\\\/loja3\\\/wp-content\\\/uploads\\\/2023\\\/12\\\/logo-pontes-editores-v2.png\",\"width\":258,\"height\":100,\"caption\":\"Pontes Editores\"},\"image\":{\"@id\":\"https:\\\/\\\/ponteseditores.com.br\\\/loja3\\\/#\\\/schema\\\/logo\\\/image\\\/\"}}]}<\/script>\n<!-- \/ Yoast SEO plugin. -->","yoast_head_json":{"title":"Ludicidade e Neoliberalismo: compreendendo interrela\u00e7\u00f5es pela perspectiva de B. C. Han - Pontes Editores","robots":{"index":"index","follow":"follow","max-snippet":"max-snippet:-1","max-image-preview":"max-image-preview:large","max-video-preview":"max-video-preview:-1"},"canonical":"https:\/\/ponteseditores.com.br\/loja3\/pontes-editores-home-2__trashed\/educacao\/ludicidade-e-neoliberalismo-compreendendo-interrelacoes-pela-perspectiva-de-b-c-han\/","og_locale":"pt_BR","og_type":"article","og_title":"Ludicidade e Neoliberalismo: compreendendo interrela\u00e7\u00f5es pela perspectiva de B. C. Han - Pontes Editores","og_description":"O capital tradicional ou sua muta\u00e7\u00e3o (o \u201cneoliberalismo\u201d) destr\u00f3i ess\u00eancias (ontologias), esvazia conte\u00fados, \u201cdesnatura\u201d e usurpa \u2013 usando a seu favor \u2013 tudo que pode deterior\u00e1-lo. Eis a principal rela\u00e7\u00e3o discutida neste livro: o neoliberalismo se apropria da ludicidade, desmantela sua ontologia autot\u00e9lica e passa a \u201cutiliz\u00e1-la\u201d para produtividade e explora\u00e7\u00e3o. Propagandeando divers\u00e3o, positividade e [&hellip;]","og_url":"https:\/\/ponteseditores.com.br\/loja3\/pontes-editores-home-2__trashed\/educacao\/ludicidade-e-neoliberalismo-compreendendo-interrelacoes-pela-perspectiva-de-b-c-han\/","og_site_name":"Pontes Editores","og_image":[{"width":1728,"height":2443,"url":"https:\/\/ponteseditores.com.br\/loja3\/wp-content\/uploads\/2024\/05\/Capa_Ludicidade.jpg","type":"image\/jpeg"}],"twitter_card":"summary_large_image","twitter_misc":{"Est. tempo de leitura":"2 minutos"},"schema":{"@context":"https:\/\/schema.org","@graph":[{"@type":"WebPage","@id":"https:\/\/ponteseditores.com.br\/loja3\/pontes-editores-home-2__trashed\/educacao\/ludicidade-e-neoliberalismo-compreendendo-interrelacoes-pela-perspectiva-de-b-c-han\/","url":"https:\/\/ponteseditores.com.br\/loja3\/pontes-editores-home-2__trashed\/educacao\/ludicidade-e-neoliberalismo-compreendendo-interrelacoes-pela-perspectiva-de-b-c-han\/","name":"Ludicidade e Neoliberalismo: compreendendo interrela\u00e7\u00f5es pela perspectiva de B. C. Han - Pontes Editores","isPartOf":{"@id":"https:\/\/ponteseditores.com.br\/loja3\/#website"},"primaryImageOfPage":{"@id":"https:\/\/ponteseditores.com.br\/loja3\/pontes-editores-home-2__trashed\/educacao\/ludicidade-e-neoliberalismo-compreendendo-interrelacoes-pela-perspectiva-de-b-c-han\/#primaryimage"},"image":{"@id":"https:\/\/ponteseditores.com.br\/loja3\/pontes-editores-home-2__trashed\/educacao\/ludicidade-e-neoliberalismo-compreendendo-interrelacoes-pela-perspectiva-de-b-c-han\/#primaryimage"},"thumbnailUrl":"https:\/\/ponteseditores.com.br\/loja3\/wp-content\/uploads\/2024\/05\/Capa_Ludicidade.jpg","datePublished":"2024-05-08T19:29:55+00:00","breadcrumb":{"@id":"https:\/\/ponteseditores.com.br\/loja3\/pontes-editores-home-2__trashed\/educacao\/ludicidade-e-neoliberalismo-compreendendo-interrelacoes-pela-perspectiva-de-b-c-han\/#breadcrumb"},"inLanguage":"pt-BR","potentialAction":[{"@type":"ReadAction","target":["https:\/\/ponteseditores.com.br\/loja3\/pontes-editores-home-2__trashed\/educacao\/ludicidade-e-neoliberalismo-compreendendo-interrelacoes-pela-perspectiva-de-b-c-han\/"]}]},{"@type":"ImageObject","inLanguage":"pt-BR","@id":"https:\/\/ponteseditores.com.br\/loja3\/pontes-editores-home-2__trashed\/educacao\/ludicidade-e-neoliberalismo-compreendendo-interrelacoes-pela-perspectiva-de-b-c-han\/#primaryimage","url":"https:\/\/ponteseditores.com.br\/loja3\/wp-content\/uploads\/2024\/05\/Capa_Ludicidade.jpg","contentUrl":"https:\/\/ponteseditores.com.br\/loja3\/wp-content\/uploads\/2024\/05\/Capa_Ludicidade.jpg","width":1728,"height":2443},{"@type":"BreadcrumbList","@id":"https:\/\/ponteseditores.com.br\/loja3\/pontes-editores-home-2__trashed\/educacao\/ludicidade-e-neoliberalismo-compreendendo-interrelacoes-pela-perspectiva-de-b-c-han\/#breadcrumb","itemListElement":[{"@type":"ListItem","position":1,"name":"Home","item":"https:\/\/ponteseditores.com.br\/loja3\/"},{"@type":"ListItem","position":2,"name":"loja","item":"https:\/\/ponteseditores.com.br\/loja3\/loja\/"},{"@type":"ListItem","position":3,"name":"Ludicidade e Neoliberalismo: compreendendo interrela\u00e7\u00f5es pela perspectiva de B. C. Han"}]},{"@type":"WebSite","@id":"https:\/\/ponteseditores.com.br\/loja3\/#website","url":"https:\/\/ponteseditores.com.br\/loja3\/","name":"Pontes Editores","description":"Pontes Editores","publisher":{"@id":"https:\/\/ponteseditores.com.br\/loja3\/#organization"},"potentialAction":[{"@type":"SearchAction","target":{"@type":"EntryPoint","urlTemplate":"https:\/\/ponteseditores.com.br\/loja3\/?s={search_term_string}"},"query-input":{"@type":"PropertyValueSpecification","valueRequired":true,"valueName":"search_term_string"}}],"inLanguage":"pt-BR"},{"@type":"Organization","@id":"https:\/\/ponteseditores.com.br\/loja3\/#organization","name":"Pontes Editores","url":"https:\/\/ponteseditores.com.br\/loja3\/","logo":{"@type":"ImageObject","inLanguage":"pt-BR","@id":"https:\/\/ponteseditores.com.br\/loja3\/#\/schema\/logo\/image\/","url":"https:\/\/ponteseditores.com.br\/loja3\/wp-content\/uploads\/2023\/12\/logo-pontes-editores-v2.png","contentUrl":"https:\/\/ponteseditores.com.br\/loja3\/wp-content\/uploads\/2023\/12\/logo-pontes-editores-v2.png","width":258,"height":100,"caption":"Pontes Editores"},"image":{"@id":"https:\/\/ponteseditores.com.br\/loja3\/#\/schema\/logo\/image\/"}}]}},"_links":{"self":[{"href":"https:\/\/ponteseditores.com.br\/loja3\/wp-json\/wp\/v2\/product\/12320","targetHints":{"allow":["GET"]}}],"collection":[{"href":"https:\/\/ponteseditores.com.br\/loja3\/wp-json\/wp\/v2\/product"}],"about":[{"href":"https:\/\/ponteseditores.com.br\/loja3\/wp-json\/wp\/v2\/types\/product"}],"replies":[{"embeddable":true,"href":"https:\/\/ponteseditores.com.br\/loja3\/wp-json\/wp\/v2\/comments?post=12320"}],"version-history":[{"count":0,"href":"https:\/\/ponteseditores.com.br\/loja3\/wp-json\/wp\/v2\/product\/12320\/revisions"}],"wp:featuredmedia":[{"embeddable":true,"href":"https:\/\/ponteseditores.com.br\/loja3\/wp-json\/wp\/v2\/media\/12321"}],"wp:attachment":[{"href":"https:\/\/ponteseditores.com.br\/loja3\/wp-json\/wp\/v2\/media?parent=12320"}],"wp:term":[{"taxonomy":"product_brand","embeddable":true,"href":"https:\/\/ponteseditores.com.br\/loja3\/wp-json\/wp\/v2\/product_brand?post=12320"},{"taxonomy":"product_cat","embeddable":true,"href":"https:\/\/ponteseditores.com.br\/loja3\/wp-json\/wp\/v2\/product_cat?post=12320"},{"taxonomy":"product_tag","embeddable":true,"href":"https:\/\/ponteseditores.com.br\/loja3\/wp-json\/wp\/v2\/product_tag?post=12320"}],"curies":[{"name":"wp","href":"https:\/\/api.w.org\/{rel}","templated":true}]}}