{"id":12306,"date":"2024-05-08T10:40:15","date_gmt":"2024-05-08T13:40:15","guid":{"rendered":"https:\/\/ponteseditores.com.br\/loja3\/?post_type=product&#038;p=12306"},"modified":"2024-05-08T10:40:15","modified_gmt":"2024-05-08T13:40:15","slug":"estudos-sobre-o-portugues-em-uso-ii","status":"publish","type":"product","link":"https:\/\/ponteseditores.com.br\/loja3\/pontes-editores-home-2__trashed\/linguistica\/estudos-sobre-o-portugues-em-uso-ii\/","title":{"rendered":"Estudos sobre o Portugu\u00eas em Uso II"},"content":{"rendered":"<p>Esta obra instaura um espa\u00e7o ampliado de aten\u00e7\u00e3o para o portugu\u00eas em uso e, como tal, re\u00fane pesquisas sobre diferentes fen\u00f4menos pr\u00f3prios do portugu\u00eas em suas modalidades oral e escrita, visando ao: (i) aprofundamento de conhecimentos sobre a l\u00edngua portuguesa e suas variedades e, (ii) (re)conhecimento de que n\u00e3o se pode ignorar a varia\u00e7\u00e3o lingu\u00edstica e, portanto, faz-se necess\u00e1ria uma atitude responsiva no que diz respeito ao seu ensino. Ao ter como tema e objeto estudos sobre o portugu\u00eas em uso, esta obra tamb\u00e9m tem como proposta alcan\u00e7ar professores de l\u00edngua portuguesa e alunos de gradua\u00e7\u00e3o em Letras, futuros professores, buscando oferecer-lhes subs\u00eddios para reflex\u00e3o sobre os fen\u00f4menos de varia\u00e7\u00e3o ocorrentes em diferentes variedades do portugu\u00eas e, ainda, propiciar-lhes o acesso aos achados de estudos recentes voltados para fen\u00f4menos dessa natureza.<\/p>\n<p>Al\u00e9m do mais, este volume \u00e9 um exemplo da din\u00e2mica vivenciada pela Lingu\u00edstica brasileira, uma vez que congrega argumentos prioritariamente funcionalistas, que pedem o contexto como elemento mediador da codifica\u00e7\u00e3o, sem, contudo, ignorar que l\u00f3gicas mais formais possam ser colocadas ao lado de l\u00f3gica mais cognitivistas. Os artigos desta obra acolhem essa diversidade de perspectivas porque nelas plasmam-se encaminhamentos inovadores e profundamente provocativos.<\/p>\n","protected":false},"excerpt":{"rendered":"<p>Esta obra instaura um espa\u00e7o ampliado de aten\u00e7\u00e3o para o portugu\u00eas em uso e, como tal, re\u00fane pesquisas sobre diferentes fen\u00f4menos pr\u00f3prios do portugu\u00eas em suas modalidades oral e escrita, visando ao: (i) aprofundamento de conhecimentos sobre a l\u00edngua portuguesa e suas variedades e, (ii) (re)conhecimento de que n\u00e3o se pode ignorar a varia\u00e7\u00e3o lingu\u00edstica [&hellip;]<\/p>\n","protected":false},"featured_media":12307,"comment_status":"open","ping_status":"closed","template":"","meta":{"_joinchat":[]},"product_brand":[],"product_cat":[167,31],"product_tag":[],"class_list":{"0":"post-12306","1":"product","2":"type-product","3":"status-publish","4":"has-post-thumbnail","6":"product_cat-lancamento","7":"product_cat-linguistica","9":"first","10":"instock","11":"shipping-taxable","12":"purchasable","13":"product-type-simple"},"yoast_head":"<!-- This site is optimized with the Yoast SEO plugin v27.4 - https:\/\/yoast.com\/product\/yoast-seo-wordpress\/ -->\n<title>Estudos sobre o Portugu\u00eas em Uso II - Pontes Editores<\/title>\n<meta name=\"robots\" content=\"index, follow, max-snippet:-1, max-image-preview:large, max-video-preview:-1\" \/>\n<link rel=\"canonical\" href=\"https:\/\/ponteseditores.com.br\/loja3\/pontes-editores-home-2__trashed\/linguistica\/estudos-sobre-o-portugues-em-uso-ii\/\" \/>\n<meta property=\"og:locale\" content=\"pt_BR\" \/>\n<meta property=\"og:type\" content=\"article\" \/>\n<meta property=\"og:title\" content=\"Estudos sobre o Portugu\u00eas em Uso II - Pontes Editores\" \/>\n<meta property=\"og:description\" content=\"Esta obra instaura um espa\u00e7o ampliado de aten\u00e7\u00e3o para o portugu\u00eas em uso e, como tal, re\u00fane pesquisas sobre diferentes fen\u00f4menos pr\u00f3prios do portugu\u00eas em suas modalidades oral e escrita, visando ao: (i) aprofundamento de conhecimentos sobre a l\u00edngua portuguesa e suas variedades e, (ii) (re)conhecimento de que n\u00e3o se pode ignorar a varia\u00e7\u00e3o lingu\u00edstica [&hellip;]\" \/>\n<meta property=\"og:url\" content=\"https:\/\/ponteseditores.com.br\/loja3\/pontes-editores-home-2__trashed\/linguistica\/estudos-sobre-o-portugues-em-uso-ii\/\" \/>\n<meta property=\"og:site_name\" content=\"Pontes Editores\" \/>\n<meta property=\"og:image\" content=\"https:\/\/ponteseditores.com.br\/loja3\/wp-content\/uploads\/2024\/05\/Capa_Estudos_Sobre_Portugues.jpg\" \/>\n\t<meta property=\"og:image:width\" content=\"1728\" \/>\n\t<meta property=\"og:image:height\" content=\"2443\" \/>\n\t<meta property=\"og:image:type\" content=\"image\/jpeg\" \/>\n<meta name=\"twitter:card\" content=\"summary_large_image\" \/>\n<meta name=\"twitter:label1\" content=\"Est. tempo de leitura\" \/>\n\t<meta name=\"twitter:data1\" content=\"2 minutos\" \/>\n<script type=\"application\/ld+json\" class=\"yoast-schema-graph\">{\"@context\":\"https:\\\/\\\/schema.org\",\"@graph\":[{\"@type\":\"WebPage\",\"@id\":\"https:\\\/\\\/ponteseditores.com.br\\\/loja3\\\/pontes-editores-home-2__trashed\\\/linguistica\\\/estudos-sobre-o-portugues-em-uso-ii\\\/\",\"url\":\"https:\\\/\\\/ponteseditores.com.br\\\/loja3\\\/pontes-editores-home-2__trashed\\\/linguistica\\\/estudos-sobre-o-portugues-em-uso-ii\\\/\",\"name\":\"Estudos sobre o Portugu\u00eas em Uso II - Pontes Editores\",\"isPartOf\":{\"@id\":\"https:\\\/\\\/ponteseditores.com.br\\\/loja3\\\/#website\"},\"primaryImageOfPage\":{\"@id\":\"https:\\\/\\\/ponteseditores.com.br\\\/loja3\\\/pontes-editores-home-2__trashed\\\/linguistica\\\/estudos-sobre-o-portugues-em-uso-ii\\\/#primaryimage\"},\"image\":{\"@id\":\"https:\\\/\\\/ponteseditores.com.br\\\/loja3\\\/pontes-editores-home-2__trashed\\\/linguistica\\\/estudos-sobre-o-portugues-em-uso-ii\\\/#primaryimage\"},\"thumbnailUrl\":\"https:\\\/\\\/ponteseditores.com.br\\\/loja3\\\/wp-content\\\/uploads\\\/2024\\\/05\\\/Capa_Estudos_Sobre_Portugues.jpg\",\"datePublished\":\"2024-05-08T13:40:15+00:00\",\"breadcrumb\":{\"@id\":\"https:\\\/\\\/ponteseditores.com.br\\\/loja3\\\/pontes-editores-home-2__trashed\\\/linguistica\\\/estudos-sobre-o-portugues-em-uso-ii\\\/#breadcrumb\"},\"inLanguage\":\"pt-BR\",\"potentialAction\":[{\"@type\":\"ReadAction\",\"target\":[\"https:\\\/\\\/ponteseditores.com.br\\\/loja3\\\/pontes-editores-home-2__trashed\\\/linguistica\\\/estudos-sobre-o-portugues-em-uso-ii\\\/\"]}]},{\"@type\":\"ImageObject\",\"inLanguage\":\"pt-BR\",\"@id\":\"https:\\\/\\\/ponteseditores.com.br\\\/loja3\\\/pontes-editores-home-2__trashed\\\/linguistica\\\/estudos-sobre-o-portugues-em-uso-ii\\\/#primaryimage\",\"url\":\"https:\\\/\\\/ponteseditores.com.br\\\/loja3\\\/wp-content\\\/uploads\\\/2024\\\/05\\\/Capa_Estudos_Sobre_Portugues.jpg\",\"contentUrl\":\"https:\\\/\\\/ponteseditores.com.br\\\/loja3\\\/wp-content\\\/uploads\\\/2024\\\/05\\\/Capa_Estudos_Sobre_Portugues.jpg\",\"width\":1728,\"height\":2443},{\"@type\":\"BreadcrumbList\",\"@id\":\"https:\\\/\\\/ponteseditores.com.br\\\/loja3\\\/pontes-editores-home-2__trashed\\\/linguistica\\\/estudos-sobre-o-portugues-em-uso-ii\\\/#breadcrumb\",\"itemListElement\":[{\"@type\":\"ListItem\",\"position\":1,\"name\":\"Home\",\"item\":\"https:\\\/\\\/ponteseditores.com.br\\\/loja3\\\/\"},{\"@type\":\"ListItem\",\"position\":2,\"name\":\"loja\",\"item\":\"https:\\\/\\\/ponteseditores.com.br\\\/loja3\\\/loja\\\/\"},{\"@type\":\"ListItem\",\"position\":3,\"name\":\"Estudos sobre o Portugu\u00eas em Uso II\"}]},{\"@type\":\"WebSite\",\"@id\":\"https:\\\/\\\/ponteseditores.com.br\\\/loja3\\\/#website\",\"url\":\"https:\\\/\\\/ponteseditores.com.br\\\/loja3\\\/\",\"name\":\"Pontes Editores\",\"description\":\"Pontes Editores\",\"publisher\":{\"@id\":\"https:\\\/\\\/ponteseditores.com.br\\\/loja3\\\/#organization\"},\"potentialAction\":[{\"@type\":\"SearchAction\",\"target\":{\"@type\":\"EntryPoint\",\"urlTemplate\":\"https:\\\/\\\/ponteseditores.com.br\\\/loja3\\\/?s={search_term_string}\"},\"query-input\":{\"@type\":\"PropertyValueSpecification\",\"valueRequired\":true,\"valueName\":\"search_term_string\"}}],\"inLanguage\":\"pt-BR\"},{\"@type\":\"Organization\",\"@id\":\"https:\\\/\\\/ponteseditores.com.br\\\/loja3\\\/#organization\",\"name\":\"Pontes Editores\",\"url\":\"https:\\\/\\\/ponteseditores.com.br\\\/loja3\\\/\",\"logo\":{\"@type\":\"ImageObject\",\"inLanguage\":\"pt-BR\",\"@id\":\"https:\\\/\\\/ponteseditores.com.br\\\/loja3\\\/#\\\/schema\\\/logo\\\/image\\\/\",\"url\":\"https:\\\/\\\/ponteseditores.com.br\\\/loja3\\\/wp-content\\\/uploads\\\/2023\\\/12\\\/logo-pontes-editores-v2.png\",\"contentUrl\":\"https:\\\/\\\/ponteseditores.com.br\\\/loja3\\\/wp-content\\\/uploads\\\/2023\\\/12\\\/logo-pontes-editores-v2.png\",\"width\":258,\"height\":100,\"caption\":\"Pontes Editores\"},\"image\":{\"@id\":\"https:\\\/\\\/ponteseditores.com.br\\\/loja3\\\/#\\\/schema\\\/logo\\\/image\\\/\"}}]}<\/script>\n<!-- \/ Yoast SEO plugin. -->","yoast_head_json":{"title":"Estudos sobre o Portugu\u00eas em Uso II - Pontes Editores","robots":{"index":"index","follow":"follow","max-snippet":"max-snippet:-1","max-image-preview":"max-image-preview:large","max-video-preview":"max-video-preview:-1"},"canonical":"https:\/\/ponteseditores.com.br\/loja3\/pontes-editores-home-2__trashed\/linguistica\/estudos-sobre-o-portugues-em-uso-ii\/","og_locale":"pt_BR","og_type":"article","og_title":"Estudos sobre o Portugu\u00eas em Uso II - Pontes Editores","og_description":"Esta obra instaura um espa\u00e7o ampliado de aten\u00e7\u00e3o para o portugu\u00eas em uso e, como tal, re\u00fane pesquisas sobre diferentes fen\u00f4menos pr\u00f3prios do portugu\u00eas em suas modalidades oral e escrita, visando ao: (i) aprofundamento de conhecimentos sobre a l\u00edngua portuguesa e suas variedades e, (ii) (re)conhecimento de que n\u00e3o se pode ignorar a varia\u00e7\u00e3o lingu\u00edstica [&hellip;]","og_url":"https:\/\/ponteseditores.com.br\/loja3\/pontes-editores-home-2__trashed\/linguistica\/estudos-sobre-o-portugues-em-uso-ii\/","og_site_name":"Pontes Editores","og_image":[{"width":1728,"height":2443,"url":"https:\/\/ponteseditores.com.br\/loja3\/wp-content\/uploads\/2024\/05\/Capa_Estudos_Sobre_Portugues.jpg","type":"image\/jpeg"}],"twitter_card":"summary_large_image","twitter_misc":{"Est. tempo de leitura":"2 minutos"},"schema":{"@context":"https:\/\/schema.org","@graph":[{"@type":"WebPage","@id":"https:\/\/ponteseditores.com.br\/loja3\/pontes-editores-home-2__trashed\/linguistica\/estudos-sobre-o-portugues-em-uso-ii\/","url":"https:\/\/ponteseditores.com.br\/loja3\/pontes-editores-home-2__trashed\/linguistica\/estudos-sobre-o-portugues-em-uso-ii\/","name":"Estudos sobre o Portugu\u00eas em Uso II - Pontes Editores","isPartOf":{"@id":"https:\/\/ponteseditores.com.br\/loja3\/#website"},"primaryImageOfPage":{"@id":"https:\/\/ponteseditores.com.br\/loja3\/pontes-editores-home-2__trashed\/linguistica\/estudos-sobre-o-portugues-em-uso-ii\/#primaryimage"},"image":{"@id":"https:\/\/ponteseditores.com.br\/loja3\/pontes-editores-home-2__trashed\/linguistica\/estudos-sobre-o-portugues-em-uso-ii\/#primaryimage"},"thumbnailUrl":"https:\/\/ponteseditores.com.br\/loja3\/wp-content\/uploads\/2024\/05\/Capa_Estudos_Sobre_Portugues.jpg","datePublished":"2024-05-08T13:40:15+00:00","breadcrumb":{"@id":"https:\/\/ponteseditores.com.br\/loja3\/pontes-editores-home-2__trashed\/linguistica\/estudos-sobre-o-portugues-em-uso-ii\/#breadcrumb"},"inLanguage":"pt-BR","potentialAction":[{"@type":"ReadAction","target":["https:\/\/ponteseditores.com.br\/loja3\/pontes-editores-home-2__trashed\/linguistica\/estudos-sobre-o-portugues-em-uso-ii\/"]}]},{"@type":"ImageObject","inLanguage":"pt-BR","@id":"https:\/\/ponteseditores.com.br\/loja3\/pontes-editores-home-2__trashed\/linguistica\/estudos-sobre-o-portugues-em-uso-ii\/#primaryimage","url":"https:\/\/ponteseditores.com.br\/loja3\/wp-content\/uploads\/2024\/05\/Capa_Estudos_Sobre_Portugues.jpg","contentUrl":"https:\/\/ponteseditores.com.br\/loja3\/wp-content\/uploads\/2024\/05\/Capa_Estudos_Sobre_Portugues.jpg","width":1728,"height":2443},{"@type":"BreadcrumbList","@id":"https:\/\/ponteseditores.com.br\/loja3\/pontes-editores-home-2__trashed\/linguistica\/estudos-sobre-o-portugues-em-uso-ii\/#breadcrumb","itemListElement":[{"@type":"ListItem","position":1,"name":"Home","item":"https:\/\/ponteseditores.com.br\/loja3\/"},{"@type":"ListItem","position":2,"name":"loja","item":"https:\/\/ponteseditores.com.br\/loja3\/loja\/"},{"@type":"ListItem","position":3,"name":"Estudos sobre o Portugu\u00eas em Uso II"}]},{"@type":"WebSite","@id":"https:\/\/ponteseditores.com.br\/loja3\/#website","url":"https:\/\/ponteseditores.com.br\/loja3\/","name":"Pontes Editores","description":"Pontes Editores","publisher":{"@id":"https:\/\/ponteseditores.com.br\/loja3\/#organization"},"potentialAction":[{"@type":"SearchAction","target":{"@type":"EntryPoint","urlTemplate":"https:\/\/ponteseditores.com.br\/loja3\/?s={search_term_string}"},"query-input":{"@type":"PropertyValueSpecification","valueRequired":true,"valueName":"search_term_string"}}],"inLanguage":"pt-BR"},{"@type":"Organization","@id":"https:\/\/ponteseditores.com.br\/loja3\/#organization","name":"Pontes Editores","url":"https:\/\/ponteseditores.com.br\/loja3\/","logo":{"@type":"ImageObject","inLanguage":"pt-BR","@id":"https:\/\/ponteseditores.com.br\/loja3\/#\/schema\/logo\/image\/","url":"https:\/\/ponteseditores.com.br\/loja3\/wp-content\/uploads\/2023\/12\/logo-pontes-editores-v2.png","contentUrl":"https:\/\/ponteseditores.com.br\/loja3\/wp-content\/uploads\/2023\/12\/logo-pontes-editores-v2.png","width":258,"height":100,"caption":"Pontes Editores"},"image":{"@id":"https:\/\/ponteseditores.com.br\/loja3\/#\/schema\/logo\/image\/"}}]}},"_links":{"self":[{"href":"https:\/\/ponteseditores.com.br\/loja3\/wp-json\/wp\/v2\/product\/12306","targetHints":{"allow":["GET"]}}],"collection":[{"href":"https:\/\/ponteseditores.com.br\/loja3\/wp-json\/wp\/v2\/product"}],"about":[{"href":"https:\/\/ponteseditores.com.br\/loja3\/wp-json\/wp\/v2\/types\/product"}],"replies":[{"embeddable":true,"href":"https:\/\/ponteseditores.com.br\/loja3\/wp-json\/wp\/v2\/comments?post=12306"}],"version-history":[{"count":1,"href":"https:\/\/ponteseditores.com.br\/loja3\/wp-json\/wp\/v2\/product\/12306\/revisions"}],"predecessor-version":[{"id":12309,"href":"https:\/\/ponteseditores.com.br\/loja3\/wp-json\/wp\/v2\/product\/12306\/revisions\/12309"}],"wp:featuredmedia":[{"embeddable":true,"href":"https:\/\/ponteseditores.com.br\/loja3\/wp-json\/wp\/v2\/media\/12307"}],"wp:attachment":[{"href":"https:\/\/ponteseditores.com.br\/loja3\/wp-json\/wp\/v2\/media?parent=12306"}],"wp:term":[{"taxonomy":"product_brand","embeddable":true,"href":"https:\/\/ponteseditores.com.br\/loja3\/wp-json\/wp\/v2\/product_brand?post=12306"},{"taxonomy":"product_cat","embeddable":true,"href":"https:\/\/ponteseditores.com.br\/loja3\/wp-json\/wp\/v2\/product_cat?post=12306"},{"taxonomy":"product_tag","embeddable":true,"href":"https:\/\/ponteseditores.com.br\/loja3\/wp-json\/wp\/v2\/product_tag?post=12306"}],"curies":[{"name":"wp","href":"https:\/\/api.w.org\/{rel}","templated":true}]}}