{"id":1206,"date":"2023-12-06T16:43:12","date_gmt":"2023-12-06T19:43:12","guid":{"rendered":"https:\/\/ponteseditores.com.br\/loja3\/?post_type=product&#038;p=1206"},"modified":"2024-10-08T11:29:23","modified_gmt":"2024-10-08T14:29:23","slug":"para-alem-da-intervencao-o-encontro-com-o-outro-e-com-a-linguagem-a-neurolinguistica-em-foco","status":"publish","type":"product","link":"https:\/\/ponteseditores.com.br\/loja3\/pontes-editores-home-2__trashed\/ebook\/para-alem-da-intervencao-o-encontro-com-o-outro-e-com-a-linguagem-a-neurolinguistica-em-foco\/","title":{"rendered":"Para al\u00e9m da interven\u00e7\u00e3o, o encontro com o outro e com a linguagem: a neurolingu\u00edstica em foco"},"content":{"rendered":"<p><b><span style=\"font-family: 'Cambria',serif\">Para ale\u0301m da intervenc\u0327a\u0303o, o encontro com o outro e com a linguagem: a neurolingui\u0301stica em foco<\/span><\/b><span style=\"font-family: 'Cambria',serif\">, o quarto livro da colec\u0327a\u0303o \u201cLingui\u0301stica em rede\u201d, abarca questo\u0303es teo\u0301rico-pra\u0301ticas relacionadas a\u0300s diversas possibilidades da linguagem em funcionamento em relac\u0327a\u0303o com outros processos mentais superiores nos contextos que envolvem a condic\u0327a\u0303o humana para ale\u0301m da si\u0301ndrome de Down, do espectro autista, dos quadros de afasia e de processos demenciais. <\/span><\/p>\n<p><span style=\"font-family: 'Cambria',serif\">Dessa forma, este livro que abarca aspectos de linguagem em diversas condic\u0327o\u0303es humanas, tanto na fase adulta quanto na inf\u00e2ncia, \u00e9 direcionado para todas as pessoas que tenham interesse em linguagem e intera\u00e7\u00e3o humana quer na sua apropria\u00e7\u00e3o ou nas afec\u00e7\u00f5es da linguagem\u00a0considerando as possibilidades de intervenc\u0327a\u0303o a partir de situac\u0327o\u0303es relacionais mediadas.\u00a0<\/span><\/p>\n","protected":false},"excerpt":{"rendered":"<p>Cole\u00e7\u00e3o Lingu\u00edstica em Rede, v. 4<\/p>\n","protected":false},"featured_media":1211,"comment_status":"open","ping_status":"closed","template":"","meta":{"_joinchat":[]},"product_brand":[],"product_cat":[165],"product_tag":[],"class_list":{"0":"post-1206","1":"product","2":"type-product","3":"status-publish","4":"has-post-thumbnail","6":"product_cat-ebook","7":"product_shipping_class-download","9":"first","10":"instock","11":"downloadable","12":"virtual","13":"purchasable","14":"product-type-simple"},"yoast_head":"<!-- This site is optimized with the Yoast SEO plugin v27.4 - https:\/\/yoast.com\/product\/yoast-seo-wordpress\/ -->\n<title>Para al\u00e9m da interven\u00e7\u00e3o, o encontro com o outro e com a linguagem: a neurolingu\u00edstica em foco - Pontes Editores<\/title>\n<meta name=\"robots\" content=\"index, follow, max-snippet:-1, max-image-preview:large, max-video-preview:-1\" \/>\n<link rel=\"canonical\" href=\"https:\/\/ponteseditores.com.br\/loja3\/pontes-editores-home-2__trashed\/ebook\/para-alem-da-intervencao-o-encontro-com-o-outro-e-com-a-linguagem-a-neurolinguistica-em-foco\/\" \/>\n<meta property=\"og:locale\" content=\"pt_BR\" \/>\n<meta property=\"og:type\" content=\"article\" \/>\n<meta property=\"og:title\" content=\"Para al\u00e9m da interven\u00e7\u00e3o, o encontro com o outro e com a linguagem: a neurolingu\u00edstica em foco - Pontes Editores\" \/>\n<meta property=\"og:description\" content=\"Cole\u00e7\u00e3o Lingu\u00edstica em Rede, v. 4\" \/>\n<meta property=\"og:url\" content=\"https:\/\/ponteseditores.com.br\/loja3\/pontes-editores-home-2__trashed\/ebook\/para-alem-da-intervencao-o-encontro-com-o-outro-e-com-a-linguagem-a-neurolinguistica-em-foco\/\" \/>\n<meta property=\"og:site_name\" content=\"Pontes Editores\" \/>\n<meta property=\"article:modified_time\" content=\"2024-10-08T14:29:23+00:00\" \/>\n<meta property=\"og:image\" content=\"https:\/\/ponteseditores.com.br\/loja3\/wp-content\/uploads\/2023\/12\/Linguistica-em-Rede-4.jpg\" \/>\n\t<meta property=\"og:image:width\" content=\"1728\" \/>\n\t<meta property=\"og:image:height\" content=\"2443\" \/>\n\t<meta property=\"og:image:type\" content=\"image\/jpeg\" \/>\n<meta name=\"twitter:card\" content=\"summary_large_image\" \/>\n<meta name=\"twitter:label1\" content=\"Est. tempo de leitura\" \/>\n\t<meta name=\"twitter:data1\" content=\"1 minuto\" \/>\n<script type=\"application\/ld+json\" class=\"yoast-schema-graph\">{\"@context\":\"https:\\\/\\\/schema.org\",\"@graph\":[{\"@type\":\"WebPage\",\"@id\":\"https:\\\/\\\/ponteseditores.com.br\\\/loja3\\\/pontes-editores-home-2__trashed\\\/ebook\\\/para-alem-da-intervencao-o-encontro-com-o-outro-e-com-a-linguagem-a-neurolinguistica-em-foco\\\/\",\"url\":\"https:\\\/\\\/ponteseditores.com.br\\\/loja3\\\/pontes-editores-home-2__trashed\\\/ebook\\\/para-alem-da-intervencao-o-encontro-com-o-outro-e-com-a-linguagem-a-neurolinguistica-em-foco\\\/\",\"name\":\"Para al\u00e9m da interven\u00e7\u00e3o, o encontro com o outro e com a linguagem: a neurolingu\u00edstica em foco - Pontes Editores\",\"isPartOf\":{\"@id\":\"https:\\\/\\\/ponteseditores.com.br\\\/loja3\\\/#website\"},\"primaryImageOfPage\":{\"@id\":\"https:\\\/\\\/ponteseditores.com.br\\\/loja3\\\/pontes-editores-home-2__trashed\\\/ebook\\\/para-alem-da-intervencao-o-encontro-com-o-outro-e-com-a-linguagem-a-neurolinguistica-em-foco\\\/#primaryimage\"},\"image\":{\"@id\":\"https:\\\/\\\/ponteseditores.com.br\\\/loja3\\\/pontes-editores-home-2__trashed\\\/ebook\\\/para-alem-da-intervencao-o-encontro-com-o-outro-e-com-a-linguagem-a-neurolinguistica-em-foco\\\/#primaryimage\"},\"thumbnailUrl\":\"https:\\\/\\\/ponteseditores.com.br\\\/loja3\\\/wp-content\\\/uploads\\\/2023\\\/12\\\/Linguistica-em-Rede-4.jpg\",\"datePublished\":\"2023-12-06T19:43:12+00:00\",\"dateModified\":\"2024-10-08T14:29:23+00:00\",\"breadcrumb\":{\"@id\":\"https:\\\/\\\/ponteseditores.com.br\\\/loja3\\\/pontes-editores-home-2__trashed\\\/ebook\\\/para-alem-da-intervencao-o-encontro-com-o-outro-e-com-a-linguagem-a-neurolinguistica-em-foco\\\/#breadcrumb\"},\"inLanguage\":\"pt-BR\",\"potentialAction\":[{\"@type\":\"ReadAction\",\"target\":[\"https:\\\/\\\/ponteseditores.com.br\\\/loja3\\\/pontes-editores-home-2__trashed\\\/ebook\\\/para-alem-da-intervencao-o-encontro-com-o-outro-e-com-a-linguagem-a-neurolinguistica-em-foco\\\/\"]}]},{\"@type\":\"ImageObject\",\"inLanguage\":\"pt-BR\",\"@id\":\"https:\\\/\\\/ponteseditores.com.br\\\/loja3\\\/pontes-editores-home-2__trashed\\\/ebook\\\/para-alem-da-intervencao-o-encontro-com-o-outro-e-com-a-linguagem-a-neurolinguistica-em-foco\\\/#primaryimage\",\"url\":\"https:\\\/\\\/ponteseditores.com.br\\\/loja3\\\/wp-content\\\/uploads\\\/2023\\\/12\\\/Linguistica-em-Rede-4.jpg\",\"contentUrl\":\"https:\\\/\\\/ponteseditores.com.br\\\/loja3\\\/wp-content\\\/uploads\\\/2023\\\/12\\\/Linguistica-em-Rede-4.jpg\",\"width\":1728,\"height\":2443},{\"@type\":\"BreadcrumbList\",\"@id\":\"https:\\\/\\\/ponteseditores.com.br\\\/loja3\\\/pontes-editores-home-2__trashed\\\/ebook\\\/para-alem-da-intervencao-o-encontro-com-o-outro-e-com-a-linguagem-a-neurolinguistica-em-foco\\\/#breadcrumb\",\"itemListElement\":[{\"@type\":\"ListItem\",\"position\":1,\"name\":\"Home\",\"item\":\"https:\\\/\\\/ponteseditores.com.br\\\/loja3\\\/\"},{\"@type\":\"ListItem\",\"position\":2,\"name\":\"loja\",\"item\":\"https:\\\/\\\/ponteseditores.com.br\\\/loja3\\\/loja\\\/\"},{\"@type\":\"ListItem\",\"position\":3,\"name\":\"Para al\u00e9m da interven\u00e7\u00e3o, o encontro com o outro e com a linguagem: a neurolingu\u00edstica em foco\"}]},{\"@type\":\"WebSite\",\"@id\":\"https:\\\/\\\/ponteseditores.com.br\\\/loja3\\\/#website\",\"url\":\"https:\\\/\\\/ponteseditores.com.br\\\/loja3\\\/\",\"name\":\"Pontes Editores\",\"description\":\"Pontes Editores\",\"publisher\":{\"@id\":\"https:\\\/\\\/ponteseditores.com.br\\\/loja3\\\/#organization\"},\"potentialAction\":[{\"@type\":\"SearchAction\",\"target\":{\"@type\":\"EntryPoint\",\"urlTemplate\":\"https:\\\/\\\/ponteseditores.com.br\\\/loja3\\\/?s={search_term_string}\"},\"query-input\":{\"@type\":\"PropertyValueSpecification\",\"valueRequired\":true,\"valueName\":\"search_term_string\"}}],\"inLanguage\":\"pt-BR\"},{\"@type\":\"Organization\",\"@id\":\"https:\\\/\\\/ponteseditores.com.br\\\/loja3\\\/#organization\",\"name\":\"Pontes Editores\",\"url\":\"https:\\\/\\\/ponteseditores.com.br\\\/loja3\\\/\",\"logo\":{\"@type\":\"ImageObject\",\"inLanguage\":\"pt-BR\",\"@id\":\"https:\\\/\\\/ponteseditores.com.br\\\/loja3\\\/#\\\/schema\\\/logo\\\/image\\\/\",\"url\":\"https:\\\/\\\/ponteseditores.com.br\\\/loja3\\\/wp-content\\\/uploads\\\/2023\\\/12\\\/logo-pontes-editores-v2.png\",\"contentUrl\":\"https:\\\/\\\/ponteseditores.com.br\\\/loja3\\\/wp-content\\\/uploads\\\/2023\\\/12\\\/logo-pontes-editores-v2.png\",\"width\":258,\"height\":100,\"caption\":\"Pontes Editores\"},\"image\":{\"@id\":\"https:\\\/\\\/ponteseditores.com.br\\\/loja3\\\/#\\\/schema\\\/logo\\\/image\\\/\"}}]}<\/script>\n<!-- \/ Yoast SEO plugin. -->","yoast_head_json":{"title":"Para al\u00e9m da interven\u00e7\u00e3o, o encontro com o outro e com a linguagem: a neurolingu\u00edstica em foco - Pontes Editores","robots":{"index":"index","follow":"follow","max-snippet":"max-snippet:-1","max-image-preview":"max-image-preview:large","max-video-preview":"max-video-preview:-1"},"canonical":"https:\/\/ponteseditores.com.br\/loja3\/pontes-editores-home-2__trashed\/ebook\/para-alem-da-intervencao-o-encontro-com-o-outro-e-com-a-linguagem-a-neurolinguistica-em-foco\/","og_locale":"pt_BR","og_type":"article","og_title":"Para al\u00e9m da interven\u00e7\u00e3o, o encontro com o outro e com a linguagem: a neurolingu\u00edstica em foco - Pontes Editores","og_description":"Cole\u00e7\u00e3o Lingu\u00edstica em Rede, v. 4","og_url":"https:\/\/ponteseditores.com.br\/loja3\/pontes-editores-home-2__trashed\/ebook\/para-alem-da-intervencao-o-encontro-com-o-outro-e-com-a-linguagem-a-neurolinguistica-em-foco\/","og_site_name":"Pontes Editores","article_modified_time":"2024-10-08T14:29:23+00:00","og_image":[{"width":1728,"height":2443,"url":"https:\/\/ponteseditores.com.br\/loja3\/wp-content\/uploads\/2023\/12\/Linguistica-em-Rede-4.jpg","type":"image\/jpeg"}],"twitter_card":"summary_large_image","twitter_misc":{"Est. tempo de leitura":"1 minuto"},"schema":{"@context":"https:\/\/schema.org","@graph":[{"@type":"WebPage","@id":"https:\/\/ponteseditores.com.br\/loja3\/pontes-editores-home-2__trashed\/ebook\/para-alem-da-intervencao-o-encontro-com-o-outro-e-com-a-linguagem-a-neurolinguistica-em-foco\/","url":"https:\/\/ponteseditores.com.br\/loja3\/pontes-editores-home-2__trashed\/ebook\/para-alem-da-intervencao-o-encontro-com-o-outro-e-com-a-linguagem-a-neurolinguistica-em-foco\/","name":"Para al\u00e9m da interven\u00e7\u00e3o, o encontro com o outro e com a linguagem: a neurolingu\u00edstica em foco - Pontes Editores","isPartOf":{"@id":"https:\/\/ponteseditores.com.br\/loja3\/#website"},"primaryImageOfPage":{"@id":"https:\/\/ponteseditores.com.br\/loja3\/pontes-editores-home-2__trashed\/ebook\/para-alem-da-intervencao-o-encontro-com-o-outro-e-com-a-linguagem-a-neurolinguistica-em-foco\/#primaryimage"},"image":{"@id":"https:\/\/ponteseditores.com.br\/loja3\/pontes-editores-home-2__trashed\/ebook\/para-alem-da-intervencao-o-encontro-com-o-outro-e-com-a-linguagem-a-neurolinguistica-em-foco\/#primaryimage"},"thumbnailUrl":"https:\/\/ponteseditores.com.br\/loja3\/wp-content\/uploads\/2023\/12\/Linguistica-em-Rede-4.jpg","datePublished":"2023-12-06T19:43:12+00:00","dateModified":"2024-10-08T14:29:23+00:00","breadcrumb":{"@id":"https:\/\/ponteseditores.com.br\/loja3\/pontes-editores-home-2__trashed\/ebook\/para-alem-da-intervencao-o-encontro-com-o-outro-e-com-a-linguagem-a-neurolinguistica-em-foco\/#breadcrumb"},"inLanguage":"pt-BR","potentialAction":[{"@type":"ReadAction","target":["https:\/\/ponteseditores.com.br\/loja3\/pontes-editores-home-2__trashed\/ebook\/para-alem-da-intervencao-o-encontro-com-o-outro-e-com-a-linguagem-a-neurolinguistica-em-foco\/"]}]},{"@type":"ImageObject","inLanguage":"pt-BR","@id":"https:\/\/ponteseditores.com.br\/loja3\/pontes-editores-home-2__trashed\/ebook\/para-alem-da-intervencao-o-encontro-com-o-outro-e-com-a-linguagem-a-neurolinguistica-em-foco\/#primaryimage","url":"https:\/\/ponteseditores.com.br\/loja3\/wp-content\/uploads\/2023\/12\/Linguistica-em-Rede-4.jpg","contentUrl":"https:\/\/ponteseditores.com.br\/loja3\/wp-content\/uploads\/2023\/12\/Linguistica-em-Rede-4.jpg","width":1728,"height":2443},{"@type":"BreadcrumbList","@id":"https:\/\/ponteseditores.com.br\/loja3\/pontes-editores-home-2__trashed\/ebook\/para-alem-da-intervencao-o-encontro-com-o-outro-e-com-a-linguagem-a-neurolinguistica-em-foco\/#breadcrumb","itemListElement":[{"@type":"ListItem","position":1,"name":"Home","item":"https:\/\/ponteseditores.com.br\/loja3\/"},{"@type":"ListItem","position":2,"name":"loja","item":"https:\/\/ponteseditores.com.br\/loja3\/loja\/"},{"@type":"ListItem","position":3,"name":"Para al\u00e9m da interven\u00e7\u00e3o, o encontro com o outro e com a linguagem: a neurolingu\u00edstica em foco"}]},{"@type":"WebSite","@id":"https:\/\/ponteseditores.com.br\/loja3\/#website","url":"https:\/\/ponteseditores.com.br\/loja3\/","name":"Pontes Editores","description":"Pontes Editores","publisher":{"@id":"https:\/\/ponteseditores.com.br\/loja3\/#organization"},"potentialAction":[{"@type":"SearchAction","target":{"@type":"EntryPoint","urlTemplate":"https:\/\/ponteseditores.com.br\/loja3\/?s={search_term_string}"},"query-input":{"@type":"PropertyValueSpecification","valueRequired":true,"valueName":"search_term_string"}}],"inLanguage":"pt-BR"},{"@type":"Organization","@id":"https:\/\/ponteseditores.com.br\/loja3\/#organization","name":"Pontes Editores","url":"https:\/\/ponteseditores.com.br\/loja3\/","logo":{"@type":"ImageObject","inLanguage":"pt-BR","@id":"https:\/\/ponteseditores.com.br\/loja3\/#\/schema\/logo\/image\/","url":"https:\/\/ponteseditores.com.br\/loja3\/wp-content\/uploads\/2023\/12\/logo-pontes-editores-v2.png","contentUrl":"https:\/\/ponteseditores.com.br\/loja3\/wp-content\/uploads\/2023\/12\/logo-pontes-editores-v2.png","width":258,"height":100,"caption":"Pontes Editores"},"image":{"@id":"https:\/\/ponteseditores.com.br\/loja3\/#\/schema\/logo\/image\/"}}]}},"_links":{"self":[{"href":"https:\/\/ponteseditores.com.br\/loja3\/wp-json\/wp\/v2\/product\/1206","targetHints":{"allow":["GET"]}}],"collection":[{"href":"https:\/\/ponteseditores.com.br\/loja3\/wp-json\/wp\/v2\/product"}],"about":[{"href":"https:\/\/ponteseditores.com.br\/loja3\/wp-json\/wp\/v2\/types\/product"}],"replies":[{"embeddable":true,"href":"https:\/\/ponteseditores.com.br\/loja3\/wp-json\/wp\/v2\/comments?post=1206"}],"version-history":[{"count":0,"href":"https:\/\/ponteseditores.com.br\/loja3\/wp-json\/wp\/v2\/product\/1206\/revisions"}],"wp:featuredmedia":[{"embeddable":true,"href":"https:\/\/ponteseditores.com.br\/loja3\/wp-json\/wp\/v2\/media\/1211"}],"wp:attachment":[{"href":"https:\/\/ponteseditores.com.br\/loja3\/wp-json\/wp\/v2\/media?parent=1206"}],"wp:term":[{"taxonomy":"product_brand","embeddable":true,"href":"https:\/\/ponteseditores.com.br\/loja3\/wp-json\/wp\/v2\/product_brand?post=1206"},{"taxonomy":"product_cat","embeddable":true,"href":"https:\/\/ponteseditores.com.br\/loja3\/wp-json\/wp\/v2\/product_cat?post=1206"},{"taxonomy":"product_tag","embeddable":true,"href":"https:\/\/ponteseditores.com.br\/loja3\/wp-json\/wp\/v2\/product_tag?post=1206"}],"curies":[{"name":"wp","href":"https:\/\/api.w.org\/{rel}","templated":true}]}}