{"id":11846,"date":"2024-04-15T12:14:47","date_gmt":"2024-04-15T15:14:47","guid":{"rendered":"https:\/\/ponteseditores.com.br\/loja3\/?post_type=product&#038;p=11846"},"modified":"2024-04-15T12:14:47","modified_gmt":"2024-04-15T15:14:47","slug":"terapia-apometrica-metodo-de-projecao-de-memoria","status":"publish","type":"product","link":"https:\/\/ponteseditores.com.br\/loja3\/pontes-editores-home-2__trashed\/auto-conhecimento\/terapia-apometrica-metodo-de-projecao-de-memoria\/","title":{"rendered":"TERAPIA APOM\u00c9TRICA M\u00e9todo de proje\u00e7\u00e3o de mem\u00f3ria"},"content":{"rendered":"<table style=\"height: 421px;\" width=\"1343\">\n<tbody>\n<tr>\n<td width=\"594\">A t\u00e9cnica apometrica, desenvolvida pelo Dr. Jos\u00e9 Lacerda de Azevedo, a partir de 1960, veio somar a tantas outras alternativas como cirurgias espirituais, passes, cura qu\u00e2ntica, terapia de desobsess\u00e3o, terapia de vidas passadas e mais recentemente a constela\u00e7\u00e3o familiar e se tornou de inestim\u00e1vel valor no aux\u00edlio ao pr\u00f3ximo. O estudo continuado, aliado \u00e0 pr\u00e1tica constante, por parte de grupos estudiosos desta terap\u00eautica, proporcionou uma diversidade no uso da t\u00e9cnica, por\u00e9m com finalidade \u00fanica no suporte \u00e0 caridade.<\/p>\n<p>O aprendizado deste m\u00e9todo, considerado por n\u00f3s muito objetivo, trouxe agilidade, dinamismo e isen\u00e7\u00e3o de rituais e alegorias, os quais n\u00e3o condenamos, por\u00e9m acreditamos que ao segui-lo conseguimos uma maior efic\u00e1cia na identifica\u00e7\u00e3o da causa do problema, seja de ordem f\u00edsica ou ps\u00edquica. Imprescind\u00edvel assinalar que o enorme manancial de informa\u00e7\u00f5es obtidas ao longo desses anos foi transmitido pela equipe espiritual que sempre assistiu ao grupo.<\/p>\n<p>A dedica\u00e7\u00e3o ao estudo e pr\u00e1tica apometrica nos trouxe muita compreens\u00e3o dos fatos, da l\u00f3gica e do dever no estudo continuado da t\u00e9cnica. A sua grandeza n\u00e3o est\u00e1 na novidade e sim, na disciplina e efetividade de sua aplica\u00e7\u00e3o. Portanto, o objetivo deste livro, \u201cTerapia Apometrica \u2013 m\u00e9todo Proje\u00e7\u00e3o de mem\u00f3ria\u201d, \u00e9 contribuir para o estudo permanente e compartilhamento de tudo que aprendemos e praticamos, seus conceitos e sua t\u00e9cnica.<\/td>\n<\/tr>\n<\/tbody>\n<\/table>\n","protected":false},"excerpt":{"rendered":"<p>A t\u00e9cnica apometrica, desenvolvida pelo Dr. Jos\u00e9 Lacerda de Azevedo, a partir de 1960, veio somar a tantas outras alternativas como cirurgias espirituais, passes, cura qu\u00e2ntica, terapia de desobsess\u00e3o, terapia de vidas passadas e mais recentemente a constela\u00e7\u00e3o familiar e se tornou de inestim\u00e1vel valor no aux\u00edlio ao pr\u00f3ximo. O estudo continuado, aliado \u00e0 pr\u00e1tica [&hellip;]<\/p>\n","protected":false},"featured_media":11847,"comment_status":"open","ping_status":"closed","template":"","meta":{"_joinchat":[]},"product_brand":[],"product_cat":[871],"product_tag":[],"class_list":{"0":"post-11846","1":"product","2":"type-product","3":"status-publish","4":"has-post-thumbnail","6":"product_cat-auto-conhecimento","8":"first","9":"instock","10":"shipping-taxable","11":"purchasable","12":"product-type-simple"},"yoast_head":"<!-- This site is optimized with the Yoast SEO plugin v27.4 - https:\/\/yoast.com\/product\/yoast-seo-wordpress\/ -->\n<title>TERAPIA APOM\u00c9TRICA M\u00e9todo de proje\u00e7\u00e3o de mem\u00f3ria - Pontes Editores<\/title>\n<meta name=\"robots\" content=\"index, follow, max-snippet:-1, max-image-preview:large, max-video-preview:-1\" \/>\n<link rel=\"canonical\" href=\"https:\/\/ponteseditores.com.br\/loja3\/pontes-editores-home-2__trashed\/auto-conhecimento\/terapia-apometrica-metodo-de-projecao-de-memoria\/\" \/>\n<meta property=\"og:locale\" content=\"pt_BR\" \/>\n<meta property=\"og:type\" content=\"article\" \/>\n<meta property=\"og:title\" content=\"TERAPIA APOM\u00c9TRICA M\u00e9todo de proje\u00e7\u00e3o de mem\u00f3ria - Pontes Editores\" \/>\n<meta property=\"og:description\" content=\"A t\u00e9cnica apometrica, desenvolvida pelo Dr. Jos\u00e9 Lacerda de Azevedo, a partir de 1960, veio somar a tantas outras alternativas como cirurgias espirituais, passes, cura qu\u00e2ntica, terapia de desobsess\u00e3o, terapia de vidas passadas e mais recentemente a constela\u00e7\u00e3o familiar e se tornou de inestim\u00e1vel valor no aux\u00edlio ao pr\u00f3ximo. O estudo continuado, aliado \u00e0 pr\u00e1tica [&hellip;]\" \/>\n<meta property=\"og:url\" content=\"https:\/\/ponteseditores.com.br\/loja3\/pontes-editores-home-2__trashed\/auto-conhecimento\/terapia-apometrica-metodo-de-projecao-de-memoria\/\" \/>\n<meta property=\"og:site_name\" content=\"Pontes Editores\" \/>\n<meta property=\"og:image\" content=\"https:\/\/ponteseditores.com.br\/loja3\/wp-content\/uploads\/2024\/04\/terapia-apometrica-capa.jpg\" \/>\n\t<meta property=\"og:image:width\" content=\"1728\" \/>\n\t<meta property=\"og:image:height\" content=\"2443\" \/>\n\t<meta property=\"og:image:type\" content=\"image\/jpeg\" \/>\n<meta name=\"twitter:card\" content=\"summary_large_image\" \/>\n<meta name=\"twitter:label1\" content=\"Est. tempo de leitura\" \/>\n\t<meta name=\"twitter:data1\" content=\"2 minutos\" \/>\n<script type=\"application\/ld+json\" class=\"yoast-schema-graph\">{\"@context\":\"https:\\\/\\\/schema.org\",\"@graph\":[{\"@type\":\"WebPage\",\"@id\":\"https:\\\/\\\/ponteseditores.com.br\\\/loja3\\\/pontes-editores-home-2__trashed\\\/auto-conhecimento\\\/terapia-apometrica-metodo-de-projecao-de-memoria\\\/\",\"url\":\"https:\\\/\\\/ponteseditores.com.br\\\/loja3\\\/pontes-editores-home-2__trashed\\\/auto-conhecimento\\\/terapia-apometrica-metodo-de-projecao-de-memoria\\\/\",\"name\":\"TERAPIA APOM\u00c9TRICA M\u00e9todo de proje\u00e7\u00e3o de mem\u00f3ria - Pontes Editores\",\"isPartOf\":{\"@id\":\"https:\\\/\\\/ponteseditores.com.br\\\/loja3\\\/#website\"},\"primaryImageOfPage\":{\"@id\":\"https:\\\/\\\/ponteseditores.com.br\\\/loja3\\\/pontes-editores-home-2__trashed\\\/auto-conhecimento\\\/terapia-apometrica-metodo-de-projecao-de-memoria\\\/#primaryimage\"},\"image\":{\"@id\":\"https:\\\/\\\/ponteseditores.com.br\\\/loja3\\\/pontes-editores-home-2__trashed\\\/auto-conhecimento\\\/terapia-apometrica-metodo-de-projecao-de-memoria\\\/#primaryimage\"},\"thumbnailUrl\":\"https:\\\/\\\/ponteseditores.com.br\\\/loja3\\\/wp-content\\\/uploads\\\/2024\\\/04\\\/terapia-apometrica-capa.jpg\",\"datePublished\":\"2024-04-15T15:14:47+00:00\",\"breadcrumb\":{\"@id\":\"https:\\\/\\\/ponteseditores.com.br\\\/loja3\\\/pontes-editores-home-2__trashed\\\/auto-conhecimento\\\/terapia-apometrica-metodo-de-projecao-de-memoria\\\/#breadcrumb\"},\"inLanguage\":\"pt-BR\",\"potentialAction\":[{\"@type\":\"ReadAction\",\"target\":[\"https:\\\/\\\/ponteseditores.com.br\\\/loja3\\\/pontes-editores-home-2__trashed\\\/auto-conhecimento\\\/terapia-apometrica-metodo-de-projecao-de-memoria\\\/\"]}]},{\"@type\":\"ImageObject\",\"inLanguage\":\"pt-BR\",\"@id\":\"https:\\\/\\\/ponteseditores.com.br\\\/loja3\\\/pontes-editores-home-2__trashed\\\/auto-conhecimento\\\/terapia-apometrica-metodo-de-projecao-de-memoria\\\/#primaryimage\",\"url\":\"https:\\\/\\\/ponteseditores.com.br\\\/loja3\\\/wp-content\\\/uploads\\\/2024\\\/04\\\/terapia-apometrica-capa.jpg\",\"contentUrl\":\"https:\\\/\\\/ponteseditores.com.br\\\/loja3\\\/wp-content\\\/uploads\\\/2024\\\/04\\\/terapia-apometrica-capa.jpg\",\"width\":1728,\"height\":2443},{\"@type\":\"BreadcrumbList\",\"@id\":\"https:\\\/\\\/ponteseditores.com.br\\\/loja3\\\/pontes-editores-home-2__trashed\\\/auto-conhecimento\\\/terapia-apometrica-metodo-de-projecao-de-memoria\\\/#breadcrumb\",\"itemListElement\":[{\"@type\":\"ListItem\",\"position\":1,\"name\":\"Home\",\"item\":\"https:\\\/\\\/ponteseditores.com.br\\\/loja3\\\/\"},{\"@type\":\"ListItem\",\"position\":2,\"name\":\"loja\",\"item\":\"https:\\\/\\\/ponteseditores.com.br\\\/loja3\\\/loja\\\/\"},{\"@type\":\"ListItem\",\"position\":3,\"name\":\"TERAPIA APOM\u00c9TRICA M\u00e9todo de proje\u00e7\u00e3o de mem\u00f3ria\"}]},{\"@type\":\"WebSite\",\"@id\":\"https:\\\/\\\/ponteseditores.com.br\\\/loja3\\\/#website\",\"url\":\"https:\\\/\\\/ponteseditores.com.br\\\/loja3\\\/\",\"name\":\"Pontes Editores\",\"description\":\"Pontes Editores\",\"publisher\":{\"@id\":\"https:\\\/\\\/ponteseditores.com.br\\\/loja3\\\/#organization\"},\"potentialAction\":[{\"@type\":\"SearchAction\",\"target\":{\"@type\":\"EntryPoint\",\"urlTemplate\":\"https:\\\/\\\/ponteseditores.com.br\\\/loja3\\\/?s={search_term_string}\"},\"query-input\":{\"@type\":\"PropertyValueSpecification\",\"valueRequired\":true,\"valueName\":\"search_term_string\"}}],\"inLanguage\":\"pt-BR\"},{\"@type\":\"Organization\",\"@id\":\"https:\\\/\\\/ponteseditores.com.br\\\/loja3\\\/#organization\",\"name\":\"Pontes Editores\",\"url\":\"https:\\\/\\\/ponteseditores.com.br\\\/loja3\\\/\",\"logo\":{\"@type\":\"ImageObject\",\"inLanguage\":\"pt-BR\",\"@id\":\"https:\\\/\\\/ponteseditores.com.br\\\/loja3\\\/#\\\/schema\\\/logo\\\/image\\\/\",\"url\":\"https:\\\/\\\/ponteseditores.com.br\\\/loja3\\\/wp-content\\\/uploads\\\/2023\\\/12\\\/logo-pontes-editores-v2.png\",\"contentUrl\":\"https:\\\/\\\/ponteseditores.com.br\\\/loja3\\\/wp-content\\\/uploads\\\/2023\\\/12\\\/logo-pontes-editores-v2.png\",\"width\":258,\"height\":100,\"caption\":\"Pontes Editores\"},\"image\":{\"@id\":\"https:\\\/\\\/ponteseditores.com.br\\\/loja3\\\/#\\\/schema\\\/logo\\\/image\\\/\"}}]}<\/script>\n<!-- \/ Yoast SEO plugin. -->","yoast_head_json":{"title":"TERAPIA APOM\u00c9TRICA M\u00e9todo de proje\u00e7\u00e3o de mem\u00f3ria - Pontes Editores","robots":{"index":"index","follow":"follow","max-snippet":"max-snippet:-1","max-image-preview":"max-image-preview:large","max-video-preview":"max-video-preview:-1"},"canonical":"https:\/\/ponteseditores.com.br\/loja3\/pontes-editores-home-2__trashed\/auto-conhecimento\/terapia-apometrica-metodo-de-projecao-de-memoria\/","og_locale":"pt_BR","og_type":"article","og_title":"TERAPIA APOM\u00c9TRICA M\u00e9todo de proje\u00e7\u00e3o de mem\u00f3ria - Pontes Editores","og_description":"A t\u00e9cnica apometrica, desenvolvida pelo Dr. Jos\u00e9 Lacerda de Azevedo, a partir de 1960, veio somar a tantas outras alternativas como cirurgias espirituais, passes, cura qu\u00e2ntica, terapia de desobsess\u00e3o, terapia de vidas passadas e mais recentemente a constela\u00e7\u00e3o familiar e se tornou de inestim\u00e1vel valor no aux\u00edlio ao pr\u00f3ximo. O estudo continuado, aliado \u00e0 pr\u00e1tica [&hellip;]","og_url":"https:\/\/ponteseditores.com.br\/loja3\/pontes-editores-home-2__trashed\/auto-conhecimento\/terapia-apometrica-metodo-de-projecao-de-memoria\/","og_site_name":"Pontes Editores","og_image":[{"width":1728,"height":2443,"url":"https:\/\/ponteseditores.com.br\/loja3\/wp-content\/uploads\/2024\/04\/terapia-apometrica-capa.jpg","type":"image\/jpeg"}],"twitter_card":"summary_large_image","twitter_misc":{"Est. tempo de leitura":"2 minutos"},"schema":{"@context":"https:\/\/schema.org","@graph":[{"@type":"WebPage","@id":"https:\/\/ponteseditores.com.br\/loja3\/pontes-editores-home-2__trashed\/auto-conhecimento\/terapia-apometrica-metodo-de-projecao-de-memoria\/","url":"https:\/\/ponteseditores.com.br\/loja3\/pontes-editores-home-2__trashed\/auto-conhecimento\/terapia-apometrica-metodo-de-projecao-de-memoria\/","name":"TERAPIA APOM\u00c9TRICA M\u00e9todo de proje\u00e7\u00e3o de mem\u00f3ria - Pontes Editores","isPartOf":{"@id":"https:\/\/ponteseditores.com.br\/loja3\/#website"},"primaryImageOfPage":{"@id":"https:\/\/ponteseditores.com.br\/loja3\/pontes-editores-home-2__trashed\/auto-conhecimento\/terapia-apometrica-metodo-de-projecao-de-memoria\/#primaryimage"},"image":{"@id":"https:\/\/ponteseditores.com.br\/loja3\/pontes-editores-home-2__trashed\/auto-conhecimento\/terapia-apometrica-metodo-de-projecao-de-memoria\/#primaryimage"},"thumbnailUrl":"https:\/\/ponteseditores.com.br\/loja3\/wp-content\/uploads\/2024\/04\/terapia-apometrica-capa.jpg","datePublished":"2024-04-15T15:14:47+00:00","breadcrumb":{"@id":"https:\/\/ponteseditores.com.br\/loja3\/pontes-editores-home-2__trashed\/auto-conhecimento\/terapia-apometrica-metodo-de-projecao-de-memoria\/#breadcrumb"},"inLanguage":"pt-BR","potentialAction":[{"@type":"ReadAction","target":["https:\/\/ponteseditores.com.br\/loja3\/pontes-editores-home-2__trashed\/auto-conhecimento\/terapia-apometrica-metodo-de-projecao-de-memoria\/"]}]},{"@type":"ImageObject","inLanguage":"pt-BR","@id":"https:\/\/ponteseditores.com.br\/loja3\/pontes-editores-home-2__trashed\/auto-conhecimento\/terapia-apometrica-metodo-de-projecao-de-memoria\/#primaryimage","url":"https:\/\/ponteseditores.com.br\/loja3\/wp-content\/uploads\/2024\/04\/terapia-apometrica-capa.jpg","contentUrl":"https:\/\/ponteseditores.com.br\/loja3\/wp-content\/uploads\/2024\/04\/terapia-apometrica-capa.jpg","width":1728,"height":2443},{"@type":"BreadcrumbList","@id":"https:\/\/ponteseditores.com.br\/loja3\/pontes-editores-home-2__trashed\/auto-conhecimento\/terapia-apometrica-metodo-de-projecao-de-memoria\/#breadcrumb","itemListElement":[{"@type":"ListItem","position":1,"name":"Home","item":"https:\/\/ponteseditores.com.br\/loja3\/"},{"@type":"ListItem","position":2,"name":"loja","item":"https:\/\/ponteseditores.com.br\/loja3\/loja\/"},{"@type":"ListItem","position":3,"name":"TERAPIA APOM\u00c9TRICA M\u00e9todo de proje\u00e7\u00e3o de mem\u00f3ria"}]},{"@type":"WebSite","@id":"https:\/\/ponteseditores.com.br\/loja3\/#website","url":"https:\/\/ponteseditores.com.br\/loja3\/","name":"Pontes Editores","description":"Pontes Editores","publisher":{"@id":"https:\/\/ponteseditores.com.br\/loja3\/#organization"},"potentialAction":[{"@type":"SearchAction","target":{"@type":"EntryPoint","urlTemplate":"https:\/\/ponteseditores.com.br\/loja3\/?s={search_term_string}"},"query-input":{"@type":"PropertyValueSpecification","valueRequired":true,"valueName":"search_term_string"}}],"inLanguage":"pt-BR"},{"@type":"Organization","@id":"https:\/\/ponteseditores.com.br\/loja3\/#organization","name":"Pontes Editores","url":"https:\/\/ponteseditores.com.br\/loja3\/","logo":{"@type":"ImageObject","inLanguage":"pt-BR","@id":"https:\/\/ponteseditores.com.br\/loja3\/#\/schema\/logo\/image\/","url":"https:\/\/ponteseditores.com.br\/loja3\/wp-content\/uploads\/2023\/12\/logo-pontes-editores-v2.png","contentUrl":"https:\/\/ponteseditores.com.br\/loja3\/wp-content\/uploads\/2023\/12\/logo-pontes-editores-v2.png","width":258,"height":100,"caption":"Pontes Editores"},"image":{"@id":"https:\/\/ponteseditores.com.br\/loja3\/#\/schema\/logo\/image\/"}}]}},"_links":{"self":[{"href":"https:\/\/ponteseditores.com.br\/loja3\/wp-json\/wp\/v2\/product\/11846","targetHints":{"allow":["GET"]}}],"collection":[{"href":"https:\/\/ponteseditores.com.br\/loja3\/wp-json\/wp\/v2\/product"}],"about":[{"href":"https:\/\/ponteseditores.com.br\/loja3\/wp-json\/wp\/v2\/types\/product"}],"replies":[{"embeddable":true,"href":"https:\/\/ponteseditores.com.br\/loja3\/wp-json\/wp\/v2\/comments?post=11846"}],"version-history":[{"count":0,"href":"https:\/\/ponteseditores.com.br\/loja3\/wp-json\/wp\/v2\/product\/11846\/revisions"}],"wp:featuredmedia":[{"embeddable":true,"href":"https:\/\/ponteseditores.com.br\/loja3\/wp-json\/wp\/v2\/media\/11847"}],"wp:attachment":[{"href":"https:\/\/ponteseditores.com.br\/loja3\/wp-json\/wp\/v2\/media?parent=11846"}],"wp:term":[{"taxonomy":"product_brand","embeddable":true,"href":"https:\/\/ponteseditores.com.br\/loja3\/wp-json\/wp\/v2\/product_brand?post=11846"},{"taxonomy":"product_cat","embeddable":true,"href":"https:\/\/ponteseditores.com.br\/loja3\/wp-json\/wp\/v2\/product_cat?post=11846"},{"taxonomy":"product_tag","embeddable":true,"href":"https:\/\/ponteseditores.com.br\/loja3\/wp-json\/wp\/v2\/product_tag?post=11846"}],"curies":[{"name":"wp","href":"https:\/\/api.w.org\/{rel}","templated":true}]}}