{"id":11713,"date":"2024-04-09T17:05:58","date_gmt":"2024-04-09T20:05:58","guid":{"rendered":"https:\/\/ponteseditores.com.br\/loja3\/?post_type=product&#038;p=11713"},"modified":"2024-04-09T17:05:58","modified_gmt":"2024-04-09T20:05:58","slug":"resistencias-democraticas-lingua-e-literatura-como-instrumentos-civicos","status":"publish","type":"product","link":"https:\/\/ponteseditores.com.br\/loja3\/pontes-editores-home-2__trashed\/linguistica\/resistencias-democraticas-lingua-e-literatura-como-instrumentos-civicos\/","title":{"rendered":"Resist\u00eancias democr\u00e1ticas: l\u00edngua e literatura como instrumentos c\u00edvicos"},"content":{"rendered":"<p>Em 2022, discentes do Programa de P\u00f3s-Gradua\u00e7\u00e3o em Letras da UERJ, atentos aos movimentos sociais e pol\u00edticos que fervilhavam no Brasil e no mundo, decidiram organizar um evento unindo pesquisadoras e pesquisadores convidados para discutir a rela\u00e7\u00e3o entre linguagem, democracia e resist\u00eancia. O resultado amadurecido dos debates acabou por constituir este livro RESIST\u00caNCIAS DEMOCR\u00c1TICAS: L\u00cdNGUA E LITERATURA COMO INSTRUMENTOS C\u00cdVICOS, que re\u00fane estudos sobre gram\u00e1tica, discurso, l\u00e9xico, forma\u00e7\u00e3o de professores, intertextualidade, m\u00fasica e literatura.<\/p>\n<p>Os organizadores deste livro s\u00e3o jovens estudantes interessados em uma perspectiva abrangente e interligada na \u00e1rea de Letras, reunindo saberes que t\u00eam seguido caminhos aparentemente independentes na academia, evidenciando especificidades de teoria e de objetos de an\u00e1lise: os estudos de l\u00edngua e de literatura. A separa\u00e7\u00e3o est\u00e1 oficialmente consolidada, inclusive, no nome da \u00e1rea na Capes \u2013 \u00f3rg\u00e3o governamental que regula, avalia e financia a p\u00f3s-gradua\u00e7\u00e3o no Brasil \u2013, Lingu\u00edstica e Literatura, e representada muitas vezes nas institui\u00e7\u00f5es de ensino superior do pa\u00eds, com programas de p\u00f3s-gradua\u00e7\u00e3o, departamentos e setores distanciando docentes e pesquisas desses dois ramos. Contudo, apesar das particularidades desses estudos, que existem e se verificam tamb\u00e9m na organiza\u00e7\u00e3o das se\u00e7\u00f5es, este volume demonstra como o car\u00e1ter humanista continua animando questionamentos e pesquisas nos dois campos, n\u00e3o t\u00e3o estanques assim, revelando seu perfil socialmente relevante.<\/p>\n<p>O di\u00e1logo constante entre as diversas disciplinas de humanidades mant\u00e9m unidos os estudos da \u00e1rea de letras, entretecidos aqui neste livro com reflex\u00f5es sociais, filos\u00f3ficas, hist\u00f3ricas, pedag\u00f3gicas, art\u00edsticas etc. em prol da democracia.<\/p>\n<p><em>Eduardo da Cruz <\/em><\/p>\n<p>Coordenador do Programa de P\u00f3s-Gradua\u00e7\u00e3o em Letras da UERJ<\/p>\n","protected":false},"excerpt":{"rendered":"<p>Em 2022, discentes do Programa de P\u00f3s-Gradua\u00e7\u00e3o em Letras da UERJ, atentos aos movimentos sociais e pol\u00edticos que fervilhavam no Brasil e no mundo, decidiram organizar um evento unindo pesquisadoras e pesquisadores convidados para discutir a rela\u00e7\u00e3o entre linguagem, democracia e resist\u00eancia. O resultado amadurecido dos debates acabou por constituir este livro RESIST\u00caNCIAS DEMOCR\u00c1TICAS: L\u00cdNGUA [&hellip;]<\/p>\n","protected":false},"featured_media":11714,"comment_status":"open","ping_status":"closed","template":"","meta":{"_joinchat":[]},"product_brand":[],"product_cat":[301,167,31],"product_tag":[],"class_list":{"0":"post-11713","1":"product","2":"type-product","3":"status-publish","4":"has-post-thumbnail","6":"product_cat-analise-de-discurso","7":"product_cat-lancamento","8":"product_cat-linguistica","10":"first","11":"instock","12":"shipping-taxable","13":"purchasable","14":"product-type-simple"},"yoast_head":"<!-- This site is optimized with the Yoast SEO plugin v27.4 - https:\/\/yoast.com\/product\/yoast-seo-wordpress\/ -->\n<title>Resist\u00eancias democr\u00e1ticas: l\u00edngua e literatura como instrumentos c\u00edvicos - Pontes Editores<\/title>\n<meta name=\"robots\" content=\"index, follow, max-snippet:-1, max-image-preview:large, max-video-preview:-1\" \/>\n<link rel=\"canonical\" href=\"https:\/\/ponteseditores.com.br\/loja3\/pontes-editores-home-2__trashed\/linguistica\/resistencias-democraticas-lingua-e-literatura-como-instrumentos-civicos\/\" \/>\n<meta property=\"og:locale\" content=\"pt_BR\" \/>\n<meta property=\"og:type\" content=\"article\" \/>\n<meta property=\"og:title\" content=\"Resist\u00eancias democr\u00e1ticas: l\u00edngua e literatura como instrumentos c\u00edvicos - Pontes Editores\" \/>\n<meta property=\"og:description\" content=\"Em 2022, discentes do Programa de P\u00f3s-Gradua\u00e7\u00e3o em Letras da UERJ, atentos aos movimentos sociais e pol\u00edticos que fervilhavam no Brasil e no mundo, decidiram organizar um evento unindo pesquisadoras e pesquisadores convidados para discutir a rela\u00e7\u00e3o entre linguagem, democracia e resist\u00eancia. O resultado amadurecido dos debates acabou por constituir este livro RESIST\u00caNCIAS DEMOCR\u00c1TICAS: L\u00cdNGUA [&hellip;]\" \/>\n<meta property=\"og:url\" content=\"https:\/\/ponteseditores.com.br\/loja3\/pontes-editores-home-2__trashed\/linguistica\/resistencias-democraticas-lingua-e-literatura-como-instrumentos-civicos\/\" \/>\n<meta property=\"og:site_name\" content=\"Pontes Editores\" \/>\n<meta property=\"og:image\" content=\"https:\/\/ponteseditores.com.br\/loja3\/wp-content\/uploads\/2024\/04\/Capa_Resistencias_Democraticas.jpg\" \/>\n\t<meta property=\"og:image:width\" content=\"1728\" \/>\n\t<meta property=\"og:image:height\" content=\"2443\" \/>\n\t<meta property=\"og:image:type\" content=\"image\/jpeg\" \/>\n<meta name=\"twitter:card\" content=\"summary_large_image\" \/>\n<meta name=\"twitter:label1\" content=\"Est. tempo de leitura\" \/>\n\t<meta name=\"twitter:data1\" content=\"2 minutos\" \/>\n<script type=\"application\/ld+json\" class=\"yoast-schema-graph\">{\"@context\":\"https:\\\/\\\/schema.org\",\"@graph\":[{\"@type\":\"WebPage\",\"@id\":\"https:\\\/\\\/ponteseditores.com.br\\\/loja3\\\/pontes-editores-home-2__trashed\\\/linguistica\\\/resistencias-democraticas-lingua-e-literatura-como-instrumentos-civicos\\\/\",\"url\":\"https:\\\/\\\/ponteseditores.com.br\\\/loja3\\\/pontes-editores-home-2__trashed\\\/linguistica\\\/resistencias-democraticas-lingua-e-literatura-como-instrumentos-civicos\\\/\",\"name\":\"Resist\u00eancias democr\u00e1ticas: l\u00edngua e literatura como instrumentos c\u00edvicos - Pontes Editores\",\"isPartOf\":{\"@id\":\"https:\\\/\\\/ponteseditores.com.br\\\/loja3\\\/#website\"},\"primaryImageOfPage\":{\"@id\":\"https:\\\/\\\/ponteseditores.com.br\\\/loja3\\\/pontes-editores-home-2__trashed\\\/linguistica\\\/resistencias-democraticas-lingua-e-literatura-como-instrumentos-civicos\\\/#primaryimage\"},\"image\":{\"@id\":\"https:\\\/\\\/ponteseditores.com.br\\\/loja3\\\/pontes-editores-home-2__trashed\\\/linguistica\\\/resistencias-democraticas-lingua-e-literatura-como-instrumentos-civicos\\\/#primaryimage\"},\"thumbnailUrl\":\"https:\\\/\\\/ponteseditores.com.br\\\/loja3\\\/wp-content\\\/uploads\\\/2024\\\/04\\\/Capa_Resistencias_Democraticas.jpg\",\"datePublished\":\"2024-04-09T20:05:58+00:00\",\"breadcrumb\":{\"@id\":\"https:\\\/\\\/ponteseditores.com.br\\\/loja3\\\/pontes-editores-home-2__trashed\\\/linguistica\\\/resistencias-democraticas-lingua-e-literatura-como-instrumentos-civicos\\\/#breadcrumb\"},\"inLanguage\":\"pt-BR\",\"potentialAction\":[{\"@type\":\"ReadAction\",\"target\":[\"https:\\\/\\\/ponteseditores.com.br\\\/loja3\\\/pontes-editores-home-2__trashed\\\/linguistica\\\/resistencias-democraticas-lingua-e-literatura-como-instrumentos-civicos\\\/\"]}]},{\"@type\":\"ImageObject\",\"inLanguage\":\"pt-BR\",\"@id\":\"https:\\\/\\\/ponteseditores.com.br\\\/loja3\\\/pontes-editores-home-2__trashed\\\/linguistica\\\/resistencias-democraticas-lingua-e-literatura-como-instrumentos-civicos\\\/#primaryimage\",\"url\":\"https:\\\/\\\/ponteseditores.com.br\\\/loja3\\\/wp-content\\\/uploads\\\/2024\\\/04\\\/Capa_Resistencias_Democraticas.jpg\",\"contentUrl\":\"https:\\\/\\\/ponteseditores.com.br\\\/loja3\\\/wp-content\\\/uploads\\\/2024\\\/04\\\/Capa_Resistencias_Democraticas.jpg\",\"width\":1728,\"height\":2443},{\"@type\":\"BreadcrumbList\",\"@id\":\"https:\\\/\\\/ponteseditores.com.br\\\/loja3\\\/pontes-editores-home-2__trashed\\\/linguistica\\\/resistencias-democraticas-lingua-e-literatura-como-instrumentos-civicos\\\/#breadcrumb\",\"itemListElement\":[{\"@type\":\"ListItem\",\"position\":1,\"name\":\"Home\",\"item\":\"https:\\\/\\\/ponteseditores.com.br\\\/loja3\\\/\"},{\"@type\":\"ListItem\",\"position\":2,\"name\":\"loja\",\"item\":\"https:\\\/\\\/ponteseditores.com.br\\\/loja3\\\/loja\\\/\"},{\"@type\":\"ListItem\",\"position\":3,\"name\":\"Resist\u00eancias democr\u00e1ticas: l\u00edngua e literatura como instrumentos c\u00edvicos\"}]},{\"@type\":\"WebSite\",\"@id\":\"https:\\\/\\\/ponteseditores.com.br\\\/loja3\\\/#website\",\"url\":\"https:\\\/\\\/ponteseditores.com.br\\\/loja3\\\/\",\"name\":\"Pontes Editores\",\"description\":\"Pontes Editores\",\"publisher\":{\"@id\":\"https:\\\/\\\/ponteseditores.com.br\\\/loja3\\\/#organization\"},\"potentialAction\":[{\"@type\":\"SearchAction\",\"target\":{\"@type\":\"EntryPoint\",\"urlTemplate\":\"https:\\\/\\\/ponteseditores.com.br\\\/loja3\\\/?s={search_term_string}\"},\"query-input\":{\"@type\":\"PropertyValueSpecification\",\"valueRequired\":true,\"valueName\":\"search_term_string\"}}],\"inLanguage\":\"pt-BR\"},{\"@type\":\"Organization\",\"@id\":\"https:\\\/\\\/ponteseditores.com.br\\\/loja3\\\/#organization\",\"name\":\"Pontes Editores\",\"url\":\"https:\\\/\\\/ponteseditores.com.br\\\/loja3\\\/\",\"logo\":{\"@type\":\"ImageObject\",\"inLanguage\":\"pt-BR\",\"@id\":\"https:\\\/\\\/ponteseditores.com.br\\\/loja3\\\/#\\\/schema\\\/logo\\\/image\\\/\",\"url\":\"https:\\\/\\\/ponteseditores.com.br\\\/loja3\\\/wp-content\\\/uploads\\\/2023\\\/12\\\/logo-pontes-editores-v2.png\",\"contentUrl\":\"https:\\\/\\\/ponteseditores.com.br\\\/loja3\\\/wp-content\\\/uploads\\\/2023\\\/12\\\/logo-pontes-editores-v2.png\",\"width\":258,\"height\":100,\"caption\":\"Pontes Editores\"},\"image\":{\"@id\":\"https:\\\/\\\/ponteseditores.com.br\\\/loja3\\\/#\\\/schema\\\/logo\\\/image\\\/\"}}]}<\/script>\n<!-- \/ Yoast SEO plugin. -->","yoast_head_json":{"title":"Resist\u00eancias democr\u00e1ticas: l\u00edngua e literatura como instrumentos c\u00edvicos - Pontes Editores","robots":{"index":"index","follow":"follow","max-snippet":"max-snippet:-1","max-image-preview":"max-image-preview:large","max-video-preview":"max-video-preview:-1"},"canonical":"https:\/\/ponteseditores.com.br\/loja3\/pontes-editores-home-2__trashed\/linguistica\/resistencias-democraticas-lingua-e-literatura-como-instrumentos-civicos\/","og_locale":"pt_BR","og_type":"article","og_title":"Resist\u00eancias democr\u00e1ticas: l\u00edngua e literatura como instrumentos c\u00edvicos - Pontes Editores","og_description":"Em 2022, discentes do Programa de P\u00f3s-Gradua\u00e7\u00e3o em Letras da UERJ, atentos aos movimentos sociais e pol\u00edticos que fervilhavam no Brasil e no mundo, decidiram organizar um evento unindo pesquisadoras e pesquisadores convidados para discutir a rela\u00e7\u00e3o entre linguagem, democracia e resist\u00eancia. O resultado amadurecido dos debates acabou por constituir este livro RESIST\u00caNCIAS DEMOCR\u00c1TICAS: L\u00cdNGUA [&hellip;]","og_url":"https:\/\/ponteseditores.com.br\/loja3\/pontes-editores-home-2__trashed\/linguistica\/resistencias-democraticas-lingua-e-literatura-como-instrumentos-civicos\/","og_site_name":"Pontes Editores","og_image":[{"width":1728,"height":2443,"url":"https:\/\/ponteseditores.com.br\/loja3\/wp-content\/uploads\/2024\/04\/Capa_Resistencias_Democraticas.jpg","type":"image\/jpeg"}],"twitter_card":"summary_large_image","twitter_misc":{"Est. tempo de leitura":"2 minutos"},"schema":{"@context":"https:\/\/schema.org","@graph":[{"@type":"WebPage","@id":"https:\/\/ponteseditores.com.br\/loja3\/pontes-editores-home-2__trashed\/linguistica\/resistencias-democraticas-lingua-e-literatura-como-instrumentos-civicos\/","url":"https:\/\/ponteseditores.com.br\/loja3\/pontes-editores-home-2__trashed\/linguistica\/resistencias-democraticas-lingua-e-literatura-como-instrumentos-civicos\/","name":"Resist\u00eancias democr\u00e1ticas: l\u00edngua e literatura como instrumentos c\u00edvicos - Pontes Editores","isPartOf":{"@id":"https:\/\/ponteseditores.com.br\/loja3\/#website"},"primaryImageOfPage":{"@id":"https:\/\/ponteseditores.com.br\/loja3\/pontes-editores-home-2__trashed\/linguistica\/resistencias-democraticas-lingua-e-literatura-como-instrumentos-civicos\/#primaryimage"},"image":{"@id":"https:\/\/ponteseditores.com.br\/loja3\/pontes-editores-home-2__trashed\/linguistica\/resistencias-democraticas-lingua-e-literatura-como-instrumentos-civicos\/#primaryimage"},"thumbnailUrl":"https:\/\/ponteseditores.com.br\/loja3\/wp-content\/uploads\/2024\/04\/Capa_Resistencias_Democraticas.jpg","datePublished":"2024-04-09T20:05:58+00:00","breadcrumb":{"@id":"https:\/\/ponteseditores.com.br\/loja3\/pontes-editores-home-2__trashed\/linguistica\/resistencias-democraticas-lingua-e-literatura-como-instrumentos-civicos\/#breadcrumb"},"inLanguage":"pt-BR","potentialAction":[{"@type":"ReadAction","target":["https:\/\/ponteseditores.com.br\/loja3\/pontes-editores-home-2__trashed\/linguistica\/resistencias-democraticas-lingua-e-literatura-como-instrumentos-civicos\/"]}]},{"@type":"ImageObject","inLanguage":"pt-BR","@id":"https:\/\/ponteseditores.com.br\/loja3\/pontes-editores-home-2__trashed\/linguistica\/resistencias-democraticas-lingua-e-literatura-como-instrumentos-civicos\/#primaryimage","url":"https:\/\/ponteseditores.com.br\/loja3\/wp-content\/uploads\/2024\/04\/Capa_Resistencias_Democraticas.jpg","contentUrl":"https:\/\/ponteseditores.com.br\/loja3\/wp-content\/uploads\/2024\/04\/Capa_Resistencias_Democraticas.jpg","width":1728,"height":2443},{"@type":"BreadcrumbList","@id":"https:\/\/ponteseditores.com.br\/loja3\/pontes-editores-home-2__trashed\/linguistica\/resistencias-democraticas-lingua-e-literatura-como-instrumentos-civicos\/#breadcrumb","itemListElement":[{"@type":"ListItem","position":1,"name":"Home","item":"https:\/\/ponteseditores.com.br\/loja3\/"},{"@type":"ListItem","position":2,"name":"loja","item":"https:\/\/ponteseditores.com.br\/loja3\/loja\/"},{"@type":"ListItem","position":3,"name":"Resist\u00eancias democr\u00e1ticas: l\u00edngua e literatura como instrumentos c\u00edvicos"}]},{"@type":"WebSite","@id":"https:\/\/ponteseditores.com.br\/loja3\/#website","url":"https:\/\/ponteseditores.com.br\/loja3\/","name":"Pontes Editores","description":"Pontes Editores","publisher":{"@id":"https:\/\/ponteseditores.com.br\/loja3\/#organization"},"potentialAction":[{"@type":"SearchAction","target":{"@type":"EntryPoint","urlTemplate":"https:\/\/ponteseditores.com.br\/loja3\/?s={search_term_string}"},"query-input":{"@type":"PropertyValueSpecification","valueRequired":true,"valueName":"search_term_string"}}],"inLanguage":"pt-BR"},{"@type":"Organization","@id":"https:\/\/ponteseditores.com.br\/loja3\/#organization","name":"Pontes Editores","url":"https:\/\/ponteseditores.com.br\/loja3\/","logo":{"@type":"ImageObject","inLanguage":"pt-BR","@id":"https:\/\/ponteseditores.com.br\/loja3\/#\/schema\/logo\/image\/","url":"https:\/\/ponteseditores.com.br\/loja3\/wp-content\/uploads\/2023\/12\/logo-pontes-editores-v2.png","contentUrl":"https:\/\/ponteseditores.com.br\/loja3\/wp-content\/uploads\/2023\/12\/logo-pontes-editores-v2.png","width":258,"height":100,"caption":"Pontes Editores"},"image":{"@id":"https:\/\/ponteseditores.com.br\/loja3\/#\/schema\/logo\/image\/"}}]}},"_links":{"self":[{"href":"https:\/\/ponteseditores.com.br\/loja3\/wp-json\/wp\/v2\/product\/11713","targetHints":{"allow":["GET"]}}],"collection":[{"href":"https:\/\/ponteseditores.com.br\/loja3\/wp-json\/wp\/v2\/product"}],"about":[{"href":"https:\/\/ponteseditores.com.br\/loja3\/wp-json\/wp\/v2\/types\/product"}],"replies":[{"embeddable":true,"href":"https:\/\/ponteseditores.com.br\/loja3\/wp-json\/wp\/v2\/comments?post=11713"}],"version-history":[{"count":0,"href":"https:\/\/ponteseditores.com.br\/loja3\/wp-json\/wp\/v2\/product\/11713\/revisions"}],"wp:featuredmedia":[{"embeddable":true,"href":"https:\/\/ponteseditores.com.br\/loja3\/wp-json\/wp\/v2\/media\/11714"}],"wp:attachment":[{"href":"https:\/\/ponteseditores.com.br\/loja3\/wp-json\/wp\/v2\/media?parent=11713"}],"wp:term":[{"taxonomy":"product_brand","embeddable":true,"href":"https:\/\/ponteseditores.com.br\/loja3\/wp-json\/wp\/v2\/product_brand?post=11713"},{"taxonomy":"product_cat","embeddable":true,"href":"https:\/\/ponteseditores.com.br\/loja3\/wp-json\/wp\/v2\/product_cat?post=11713"},{"taxonomy":"product_tag","embeddable":true,"href":"https:\/\/ponteseditores.com.br\/loja3\/wp-json\/wp\/v2\/product_tag?post=11713"}],"curies":[{"name":"wp","href":"https:\/\/api.w.org\/{rel}","templated":true}]}}