{"id":11705,"date":"2024-04-09T16:52:45","date_gmt":"2024-04-09T19:52:45","guid":{"rendered":"https:\/\/ponteseditores.com.br\/loja3\/?post_type=product&#038;p=11705"},"modified":"2024-04-09T16:58:04","modified_gmt":"2024-04-09T19:58:04","slug":"povos-originarios-do-brasil-sentidos-da-crise-humanitaria-dos-yanomami","status":"publish","type":"product","link":"https:\/\/ponteseditores.com.br\/loja3\/pontes-editores-home-2__trashed\/lancamento\/povos-originarios-do-brasil-sentidos-da-crise-humanitaria-dos-yanomami\/","title":{"rendered":"Povos origin\u00e1rios do Brasil: sentidos da crise humanit\u00e1ria dos Yanomami"},"content":{"rendered":"<p>&nbsp;<\/p>\n<p>Povos das florestas.<\/p>\n<p>Origin\u00e1rios deste pa\u00eds rico em biodiversidade.<\/p>\n<p>M\u00faltiplas etnias, culturas e vozes.<\/p>\n<p>Modos de vida e conhecimentos ancestrais.<\/p>\n<p>Do imagin\u00e1rio sobre os ind\u00edgenas \u00e0 realidade contempor\u00e2nea, eles fazem agora parte do cotidiano das cidades, das universidades, da literatura e tamb\u00e9m das mazelas da nossa sociedade. Sentidos que se entrela\u00e7am. Com suas crises identit\u00e1rias e humanit\u00e1rias, os Yanomami chamam a aten\u00e7\u00e3o do mundo e do Brasil sobre a urg\u00eancia da preserva\u00e7\u00e3o de suas culturas, das terras ind\u00edgenas, da luta contra os garimpeiros invasores que destroem e contaminam os rios.<\/p>\n<p>Ensinamentos, aprendizados e desafios m\u00faltiplos. Aqui, um pequeno retrato desta realidade.<\/p>\n","protected":false},"excerpt":{"rendered":"<p>&nbsp; Povos das florestas. Origin\u00e1rios deste pa\u00eds rico em biodiversidade. M\u00faltiplas etnias, culturas e vozes. Modos de vida e conhecimentos ancestrais. Do imagin\u00e1rio sobre os ind\u00edgenas \u00e0 realidade contempor\u00e2nea, eles fazem agora parte do cotidiano das cidades, das universidades, da literatura e tamb\u00e9m das mazelas da nossa sociedade. Sentidos que se entrela\u00e7am. Com suas crises [&hellip;]<\/p>\n","protected":false},"featured_media":11706,"comment_status":"open","ping_status":"closed","template":"","meta":{"_joinchat":[]},"product_brand":[],"product_cat":[167,458],"product_tag":[],"class_list":{"0":"post-11705","1":"product","2":"type-product","3":"status-publish","4":"has-post-thumbnail","6":"product_cat-lancamento","7":"product_cat-saude-publica","9":"first","10":"instock","11":"shipping-taxable","12":"purchasable","13":"product-type-simple"},"yoast_head":"<!-- This site is optimized with the Yoast SEO plugin v27.4 - https:\/\/yoast.com\/product\/yoast-seo-wordpress\/ -->\n<title>Povos origin\u00e1rios do Brasil: sentidos da crise humanit\u00e1ria dos Yanomami - Pontes Editores<\/title>\n<meta name=\"robots\" content=\"index, follow, max-snippet:-1, max-image-preview:large, max-video-preview:-1\" \/>\n<link rel=\"canonical\" href=\"https:\/\/ponteseditores.com.br\/loja3\/pontes-editores-home-2__trashed\/lancamento\/povos-originarios-do-brasil-sentidos-da-crise-humanitaria-dos-yanomami\/\" \/>\n<meta property=\"og:locale\" content=\"pt_BR\" \/>\n<meta property=\"og:type\" content=\"article\" \/>\n<meta property=\"og:title\" content=\"Povos origin\u00e1rios do Brasil: sentidos da crise humanit\u00e1ria dos Yanomami - Pontes Editores\" \/>\n<meta property=\"og:description\" content=\"&nbsp; Povos das florestas. Origin\u00e1rios deste pa\u00eds rico em biodiversidade. M\u00faltiplas etnias, culturas e vozes. Modos de vida e conhecimentos ancestrais. Do imagin\u00e1rio sobre os ind\u00edgenas \u00e0 realidade contempor\u00e2nea, eles fazem agora parte do cotidiano das cidades, das universidades, da literatura e tamb\u00e9m das mazelas da nossa sociedade. Sentidos que se entrela\u00e7am. Com suas crises [&hellip;]\" \/>\n<meta property=\"og:url\" content=\"https:\/\/ponteseditores.com.br\/loja3\/pontes-editores-home-2__trashed\/lancamento\/povos-originarios-do-brasil-sentidos-da-crise-humanitaria-dos-yanomami\/\" \/>\n<meta property=\"og:site_name\" content=\"Pontes Editores\" \/>\n<meta property=\"article:modified_time\" content=\"2024-04-09T19:58:04+00:00\" \/>\n<meta property=\"og:image\" content=\"https:\/\/ponteseditores.com.br\/loja3\/wp-content\/uploads\/2024\/04\/Capa_Povos_Originarios.jpg\" \/>\n\t<meta property=\"og:image:width\" content=\"1728\" \/>\n\t<meta property=\"og:image:height\" content=\"2443\" \/>\n\t<meta property=\"og:image:type\" content=\"image\/jpeg\" \/>\n<meta name=\"twitter:card\" content=\"summary_large_image\" \/>\n<meta name=\"twitter:label1\" content=\"Est. tempo de leitura\" \/>\n\t<meta name=\"twitter:data1\" content=\"1 minuto\" \/>\n<script type=\"application\/ld+json\" class=\"yoast-schema-graph\">{\"@context\":\"https:\\\/\\\/schema.org\",\"@graph\":[{\"@type\":\"WebPage\",\"@id\":\"https:\\\/\\\/ponteseditores.com.br\\\/loja3\\\/pontes-editores-home-2__trashed\\\/lancamento\\\/povos-originarios-do-brasil-sentidos-da-crise-humanitaria-dos-yanomami\\\/\",\"url\":\"https:\\\/\\\/ponteseditores.com.br\\\/loja3\\\/pontes-editores-home-2__trashed\\\/lancamento\\\/povos-originarios-do-brasil-sentidos-da-crise-humanitaria-dos-yanomami\\\/\",\"name\":\"Povos origin\u00e1rios do Brasil: sentidos da crise humanit\u00e1ria dos Yanomami - Pontes Editores\",\"isPartOf\":{\"@id\":\"https:\\\/\\\/ponteseditores.com.br\\\/loja3\\\/#website\"},\"primaryImageOfPage\":{\"@id\":\"https:\\\/\\\/ponteseditores.com.br\\\/loja3\\\/pontes-editores-home-2__trashed\\\/lancamento\\\/povos-originarios-do-brasil-sentidos-da-crise-humanitaria-dos-yanomami\\\/#primaryimage\"},\"image\":{\"@id\":\"https:\\\/\\\/ponteseditores.com.br\\\/loja3\\\/pontes-editores-home-2__trashed\\\/lancamento\\\/povos-originarios-do-brasil-sentidos-da-crise-humanitaria-dos-yanomami\\\/#primaryimage\"},\"thumbnailUrl\":\"https:\\\/\\\/ponteseditores.com.br\\\/loja3\\\/wp-content\\\/uploads\\\/2024\\\/04\\\/Capa_Povos_Originarios.jpg\",\"datePublished\":\"2024-04-09T19:52:45+00:00\",\"dateModified\":\"2024-04-09T19:58:04+00:00\",\"breadcrumb\":{\"@id\":\"https:\\\/\\\/ponteseditores.com.br\\\/loja3\\\/pontes-editores-home-2__trashed\\\/lancamento\\\/povos-originarios-do-brasil-sentidos-da-crise-humanitaria-dos-yanomami\\\/#breadcrumb\"},\"inLanguage\":\"pt-BR\",\"potentialAction\":[{\"@type\":\"ReadAction\",\"target\":[\"https:\\\/\\\/ponteseditores.com.br\\\/loja3\\\/pontes-editores-home-2__trashed\\\/lancamento\\\/povos-originarios-do-brasil-sentidos-da-crise-humanitaria-dos-yanomami\\\/\"]}]},{\"@type\":\"ImageObject\",\"inLanguage\":\"pt-BR\",\"@id\":\"https:\\\/\\\/ponteseditores.com.br\\\/loja3\\\/pontes-editores-home-2__trashed\\\/lancamento\\\/povos-originarios-do-brasil-sentidos-da-crise-humanitaria-dos-yanomami\\\/#primaryimage\",\"url\":\"https:\\\/\\\/ponteseditores.com.br\\\/loja3\\\/wp-content\\\/uploads\\\/2024\\\/04\\\/Capa_Povos_Originarios.jpg\",\"contentUrl\":\"https:\\\/\\\/ponteseditores.com.br\\\/loja3\\\/wp-content\\\/uploads\\\/2024\\\/04\\\/Capa_Povos_Originarios.jpg\",\"width\":1728,\"height\":2443},{\"@type\":\"BreadcrumbList\",\"@id\":\"https:\\\/\\\/ponteseditores.com.br\\\/loja3\\\/pontes-editores-home-2__trashed\\\/lancamento\\\/povos-originarios-do-brasil-sentidos-da-crise-humanitaria-dos-yanomami\\\/#breadcrumb\",\"itemListElement\":[{\"@type\":\"ListItem\",\"position\":1,\"name\":\"Home\",\"item\":\"https:\\\/\\\/ponteseditores.com.br\\\/loja3\\\/\"},{\"@type\":\"ListItem\",\"position\":2,\"name\":\"loja\",\"item\":\"https:\\\/\\\/ponteseditores.com.br\\\/loja3\\\/loja\\\/\"},{\"@type\":\"ListItem\",\"position\":3,\"name\":\"Povos origin\u00e1rios do Brasil: sentidos da crise humanit\u00e1ria dos Yanomami\"}]},{\"@type\":\"WebSite\",\"@id\":\"https:\\\/\\\/ponteseditores.com.br\\\/loja3\\\/#website\",\"url\":\"https:\\\/\\\/ponteseditores.com.br\\\/loja3\\\/\",\"name\":\"Pontes Editores\",\"description\":\"Pontes Editores\",\"publisher\":{\"@id\":\"https:\\\/\\\/ponteseditores.com.br\\\/loja3\\\/#organization\"},\"potentialAction\":[{\"@type\":\"SearchAction\",\"target\":{\"@type\":\"EntryPoint\",\"urlTemplate\":\"https:\\\/\\\/ponteseditores.com.br\\\/loja3\\\/?s={search_term_string}\"},\"query-input\":{\"@type\":\"PropertyValueSpecification\",\"valueRequired\":true,\"valueName\":\"search_term_string\"}}],\"inLanguage\":\"pt-BR\"},{\"@type\":\"Organization\",\"@id\":\"https:\\\/\\\/ponteseditores.com.br\\\/loja3\\\/#organization\",\"name\":\"Pontes Editores\",\"url\":\"https:\\\/\\\/ponteseditores.com.br\\\/loja3\\\/\",\"logo\":{\"@type\":\"ImageObject\",\"inLanguage\":\"pt-BR\",\"@id\":\"https:\\\/\\\/ponteseditores.com.br\\\/loja3\\\/#\\\/schema\\\/logo\\\/image\\\/\",\"url\":\"https:\\\/\\\/ponteseditores.com.br\\\/loja3\\\/wp-content\\\/uploads\\\/2023\\\/12\\\/logo-pontes-editores-v2.png\",\"contentUrl\":\"https:\\\/\\\/ponteseditores.com.br\\\/loja3\\\/wp-content\\\/uploads\\\/2023\\\/12\\\/logo-pontes-editores-v2.png\",\"width\":258,\"height\":100,\"caption\":\"Pontes Editores\"},\"image\":{\"@id\":\"https:\\\/\\\/ponteseditores.com.br\\\/loja3\\\/#\\\/schema\\\/logo\\\/image\\\/\"}}]}<\/script>\n<!-- \/ Yoast SEO plugin. -->","yoast_head_json":{"title":"Povos origin\u00e1rios do Brasil: sentidos da crise humanit\u00e1ria dos Yanomami - Pontes Editores","robots":{"index":"index","follow":"follow","max-snippet":"max-snippet:-1","max-image-preview":"max-image-preview:large","max-video-preview":"max-video-preview:-1"},"canonical":"https:\/\/ponteseditores.com.br\/loja3\/pontes-editores-home-2__trashed\/lancamento\/povos-originarios-do-brasil-sentidos-da-crise-humanitaria-dos-yanomami\/","og_locale":"pt_BR","og_type":"article","og_title":"Povos origin\u00e1rios do Brasil: sentidos da crise humanit\u00e1ria dos Yanomami - Pontes Editores","og_description":"&nbsp; Povos das florestas. Origin\u00e1rios deste pa\u00eds rico em biodiversidade. M\u00faltiplas etnias, culturas e vozes. Modos de vida e conhecimentos ancestrais. Do imagin\u00e1rio sobre os ind\u00edgenas \u00e0 realidade contempor\u00e2nea, eles fazem agora parte do cotidiano das cidades, das universidades, da literatura e tamb\u00e9m das mazelas da nossa sociedade. Sentidos que se entrela\u00e7am. Com suas crises [&hellip;]","og_url":"https:\/\/ponteseditores.com.br\/loja3\/pontes-editores-home-2__trashed\/lancamento\/povos-originarios-do-brasil-sentidos-da-crise-humanitaria-dos-yanomami\/","og_site_name":"Pontes Editores","article_modified_time":"2024-04-09T19:58:04+00:00","og_image":[{"width":1728,"height":2443,"url":"https:\/\/ponteseditores.com.br\/loja3\/wp-content\/uploads\/2024\/04\/Capa_Povos_Originarios.jpg","type":"image\/jpeg"}],"twitter_card":"summary_large_image","twitter_misc":{"Est. tempo de leitura":"1 minuto"},"schema":{"@context":"https:\/\/schema.org","@graph":[{"@type":"WebPage","@id":"https:\/\/ponteseditores.com.br\/loja3\/pontes-editores-home-2__trashed\/lancamento\/povos-originarios-do-brasil-sentidos-da-crise-humanitaria-dos-yanomami\/","url":"https:\/\/ponteseditores.com.br\/loja3\/pontes-editores-home-2__trashed\/lancamento\/povos-originarios-do-brasil-sentidos-da-crise-humanitaria-dos-yanomami\/","name":"Povos origin\u00e1rios do Brasil: sentidos da crise humanit\u00e1ria dos Yanomami - Pontes Editores","isPartOf":{"@id":"https:\/\/ponteseditores.com.br\/loja3\/#website"},"primaryImageOfPage":{"@id":"https:\/\/ponteseditores.com.br\/loja3\/pontes-editores-home-2__trashed\/lancamento\/povos-originarios-do-brasil-sentidos-da-crise-humanitaria-dos-yanomami\/#primaryimage"},"image":{"@id":"https:\/\/ponteseditores.com.br\/loja3\/pontes-editores-home-2__trashed\/lancamento\/povos-originarios-do-brasil-sentidos-da-crise-humanitaria-dos-yanomami\/#primaryimage"},"thumbnailUrl":"https:\/\/ponteseditores.com.br\/loja3\/wp-content\/uploads\/2024\/04\/Capa_Povos_Originarios.jpg","datePublished":"2024-04-09T19:52:45+00:00","dateModified":"2024-04-09T19:58:04+00:00","breadcrumb":{"@id":"https:\/\/ponteseditores.com.br\/loja3\/pontes-editores-home-2__trashed\/lancamento\/povos-originarios-do-brasil-sentidos-da-crise-humanitaria-dos-yanomami\/#breadcrumb"},"inLanguage":"pt-BR","potentialAction":[{"@type":"ReadAction","target":["https:\/\/ponteseditores.com.br\/loja3\/pontes-editores-home-2__trashed\/lancamento\/povos-originarios-do-brasil-sentidos-da-crise-humanitaria-dos-yanomami\/"]}]},{"@type":"ImageObject","inLanguage":"pt-BR","@id":"https:\/\/ponteseditores.com.br\/loja3\/pontes-editores-home-2__trashed\/lancamento\/povos-originarios-do-brasil-sentidos-da-crise-humanitaria-dos-yanomami\/#primaryimage","url":"https:\/\/ponteseditores.com.br\/loja3\/wp-content\/uploads\/2024\/04\/Capa_Povos_Originarios.jpg","contentUrl":"https:\/\/ponteseditores.com.br\/loja3\/wp-content\/uploads\/2024\/04\/Capa_Povos_Originarios.jpg","width":1728,"height":2443},{"@type":"BreadcrumbList","@id":"https:\/\/ponteseditores.com.br\/loja3\/pontes-editores-home-2__trashed\/lancamento\/povos-originarios-do-brasil-sentidos-da-crise-humanitaria-dos-yanomami\/#breadcrumb","itemListElement":[{"@type":"ListItem","position":1,"name":"Home","item":"https:\/\/ponteseditores.com.br\/loja3\/"},{"@type":"ListItem","position":2,"name":"loja","item":"https:\/\/ponteseditores.com.br\/loja3\/loja\/"},{"@type":"ListItem","position":3,"name":"Povos origin\u00e1rios do Brasil: sentidos da crise humanit\u00e1ria dos Yanomami"}]},{"@type":"WebSite","@id":"https:\/\/ponteseditores.com.br\/loja3\/#website","url":"https:\/\/ponteseditores.com.br\/loja3\/","name":"Pontes Editores","description":"Pontes Editores","publisher":{"@id":"https:\/\/ponteseditores.com.br\/loja3\/#organization"},"potentialAction":[{"@type":"SearchAction","target":{"@type":"EntryPoint","urlTemplate":"https:\/\/ponteseditores.com.br\/loja3\/?s={search_term_string}"},"query-input":{"@type":"PropertyValueSpecification","valueRequired":true,"valueName":"search_term_string"}}],"inLanguage":"pt-BR"},{"@type":"Organization","@id":"https:\/\/ponteseditores.com.br\/loja3\/#organization","name":"Pontes Editores","url":"https:\/\/ponteseditores.com.br\/loja3\/","logo":{"@type":"ImageObject","inLanguage":"pt-BR","@id":"https:\/\/ponteseditores.com.br\/loja3\/#\/schema\/logo\/image\/","url":"https:\/\/ponteseditores.com.br\/loja3\/wp-content\/uploads\/2023\/12\/logo-pontes-editores-v2.png","contentUrl":"https:\/\/ponteseditores.com.br\/loja3\/wp-content\/uploads\/2023\/12\/logo-pontes-editores-v2.png","width":258,"height":100,"caption":"Pontes Editores"},"image":{"@id":"https:\/\/ponteseditores.com.br\/loja3\/#\/schema\/logo\/image\/"}}]}},"_links":{"self":[{"href":"https:\/\/ponteseditores.com.br\/loja3\/wp-json\/wp\/v2\/product\/11705","targetHints":{"allow":["GET"]}}],"collection":[{"href":"https:\/\/ponteseditores.com.br\/loja3\/wp-json\/wp\/v2\/product"}],"about":[{"href":"https:\/\/ponteseditores.com.br\/loja3\/wp-json\/wp\/v2\/types\/product"}],"replies":[{"embeddable":true,"href":"https:\/\/ponteseditores.com.br\/loja3\/wp-json\/wp\/v2\/comments?post=11705"}],"version-history":[{"count":1,"href":"https:\/\/ponteseditores.com.br\/loja3\/wp-json\/wp\/v2\/product\/11705\/revisions"}],"predecessor-version":[{"id":11711,"href":"https:\/\/ponteseditores.com.br\/loja3\/wp-json\/wp\/v2\/product\/11705\/revisions\/11711"}],"wp:featuredmedia":[{"embeddable":true,"href":"https:\/\/ponteseditores.com.br\/loja3\/wp-json\/wp\/v2\/media\/11706"}],"wp:attachment":[{"href":"https:\/\/ponteseditores.com.br\/loja3\/wp-json\/wp\/v2\/media?parent=11705"}],"wp:term":[{"taxonomy":"product_brand","embeddable":true,"href":"https:\/\/ponteseditores.com.br\/loja3\/wp-json\/wp\/v2\/product_brand?post=11705"},{"taxonomy":"product_cat","embeddable":true,"href":"https:\/\/ponteseditores.com.br\/loja3\/wp-json\/wp\/v2\/product_cat?post=11705"},{"taxonomy":"product_tag","embeddable":true,"href":"https:\/\/ponteseditores.com.br\/loja3\/wp-json\/wp\/v2\/product_tag?post=11705"}],"curies":[{"name":"wp","href":"https:\/\/api.w.org\/{rel}","templated":true}]}}