{"id":11253,"date":"2024-03-26T11:03:49","date_gmt":"2024-03-26T14:03:49","guid":{"rendered":"https:\/\/ponteseditores.com.br\/loja3\/?post_type=product&#038;p=11253"},"modified":"2024-03-26T11:03:49","modified_gmt":"2024-03-26T14:03:49","slug":"dicionario-sobre-a-funcao-do-direito-na-gestao-sustentavel-dos-recursos-minerais-marinhos-dicionario-bilingue-em-portugues-e-frances","status":"publish","type":"product","link":"https:\/\/ponteseditores.com.br\/loja3\/pontes-editores-home-2__trashed\/ambiental\/dicionario-sobre-a-funcao-do-direito-na-gestao-sustentavel-dos-recursos-minerais-marinhos-dicionario-bilingue-em-portugues-e-frances\/","title":{"rendered":"Dicion\u00e1rio sobre a fun\u00e7\u00e3o do direito na gest\u00e3o sustent\u00e1vel dos recursos  minerais marinhos Dicion\u00e1rio Bil\u00edngue em Portugu\u00eas e Franc\u00eas"},"content":{"rendered":"<table style=\"height: 326px;\" width=\"1189\">\n<tbody>\n<tr>\n<td width=\"594\">O dicion\u00e1rio bil\u00edngue \u00e9 um dos resultados do projeto Capes-Cofecub (Edital \u2013 2014) intitulado \u201cA fun\u00e7\u00e3o do direito na gest\u00e3o sustent\u00e1vel dos recursos minerais marinhos\u201d. O dicion\u00e1rio foi elaborado em uma linguagem clara e simples a fim de ser \u00fatil n\u00e3o apenas para juristas mas tamb\u00e9m para acad\u00eamicos, profissionais e estudantes interessados no tema geral da gest\u00e3o sustent\u00e1vel dos recursos minerais marinhos, notadamente petr\u00f3leo e min\u00e9rios localizados em \u00e1reas sob e al\u00e9m da jurisdi\u00e7\u00e3o nacional.<\/p>\n<p>Destarte, o conte\u00fado do dicion\u00e1rio deve ser utilizado para esclarecer e destacar os princ\u00edpios, as defini\u00e7\u00f5es, as obriga\u00e7\u00f5es previstas nas normas aplic\u00e1veis e as diversas interpreta\u00e7\u00f5es dos tribunais nacionais e internacionais sobre o tema.\u00a0 Trata-se, portanto, de fonte de pesquisa para quem pretende compreender termos centrais na gest\u00e3o sustent\u00e1vel dos recursos minerais marinhos na interface com os recursos vivos no Brasil, na Fran\u00e7a e em \u00e1reas sob jurisdi\u00e7\u00e3o internacional.<\/td>\n<\/tr>\n<\/tbody>\n<\/table>\n","protected":false},"excerpt":{"rendered":"<p>O dicion\u00e1rio bil\u00edngue \u00e9 um dos resultados do projeto Capes-Cofecub (Edital \u2013 2014) intitulado \u201cA fun\u00e7\u00e3o do direito na gest\u00e3o sustent\u00e1vel dos recursos minerais marinhos\u201d. O dicion\u00e1rio foi elaborado em uma linguagem clara e simples a fim de ser \u00fatil n\u00e3o apenas para juristas mas tamb\u00e9m para acad\u00eamicos, profissionais e estudantes interessados no tema geral [&hellip;]<\/p>\n","protected":false},"featured_media":11254,"comment_status":"open","ping_status":"closed","template":"","meta":{"_joinchat":[]},"product_brand":[],"product_cat":[279],"product_tag":[],"class_list":{"0":"post-11253","1":"product","2":"type-product","3":"status-publish","4":"has-post-thumbnail","6":"product_cat-ambiental","8":"first","9":"instock","10":"shipping-taxable","11":"purchasable","12":"product-type-simple"},"yoast_head":"<!-- This site is optimized with the Yoast SEO plugin v27.4 - https:\/\/yoast.com\/product\/yoast-seo-wordpress\/ -->\n<title>Dicion\u00e1rio sobre a fun\u00e7\u00e3o do direito na gest\u00e3o sustent\u00e1vel dos recursos minerais marinhos Dicion\u00e1rio Bil\u00edngue em Portugu\u00eas e Franc\u00eas - Pontes Editores<\/title>\n<meta name=\"robots\" content=\"index, follow, max-snippet:-1, max-image-preview:large, max-video-preview:-1\" \/>\n<link rel=\"canonical\" href=\"https:\/\/ponteseditores.com.br\/loja3\/pontes-editores-home-2__trashed\/ambiental\/dicionario-sobre-a-funcao-do-direito-na-gestao-sustentavel-dos-recursos-minerais-marinhos-dicionario-bilingue-em-portugues-e-frances\/\" \/>\n<meta property=\"og:locale\" content=\"pt_BR\" \/>\n<meta property=\"og:type\" content=\"article\" \/>\n<meta property=\"og:title\" content=\"Dicion\u00e1rio sobre a fun\u00e7\u00e3o do direito na gest\u00e3o sustent\u00e1vel dos recursos minerais marinhos Dicion\u00e1rio Bil\u00edngue em Portugu\u00eas e Franc\u00eas - Pontes Editores\" \/>\n<meta property=\"og:description\" content=\"O dicion\u00e1rio bil\u00edngue \u00e9 um dos resultados do projeto Capes-Cofecub (Edital \u2013 2014) intitulado \u201cA fun\u00e7\u00e3o do direito na gest\u00e3o sustent\u00e1vel dos recursos minerais marinhos\u201d. O dicion\u00e1rio foi elaborado em uma linguagem clara e simples a fim de ser \u00fatil n\u00e3o apenas para juristas mas tamb\u00e9m para acad\u00eamicos, profissionais e estudantes interessados no tema geral [&hellip;]\" \/>\n<meta property=\"og:url\" content=\"https:\/\/ponteseditores.com.br\/loja3\/pontes-editores-home-2__trashed\/ambiental\/dicionario-sobre-a-funcao-do-direito-na-gestao-sustentavel-dos-recursos-minerais-marinhos-dicionario-bilingue-em-portugues-e-frances\/\" \/>\n<meta property=\"og:site_name\" content=\"Pontes Editores\" \/>\n<meta property=\"og:image\" content=\"https:\/\/ponteseditores.com.br\/loja3\/wp-content\/uploads\/2024\/03\/dicionario-sobre-a-funca-do-direito-.-capa.jpg\" \/>\n\t<meta property=\"og:image:width\" content=\"800\" \/>\n\t<meta property=\"og:image:height\" content=\"1212\" \/>\n\t<meta property=\"og:image:type\" content=\"image\/jpeg\" \/>\n<meta name=\"twitter:card\" content=\"summary_large_image\" \/>\n<meta name=\"twitter:label1\" content=\"Est. tempo de leitura\" \/>\n\t<meta name=\"twitter:data1\" content=\"1 minuto\" \/>\n<script type=\"application\/ld+json\" class=\"yoast-schema-graph\">{\"@context\":\"https:\\\/\\\/schema.org\",\"@graph\":[{\"@type\":\"WebPage\",\"@id\":\"https:\\\/\\\/ponteseditores.com.br\\\/loja3\\\/pontes-editores-home-2__trashed\\\/ambiental\\\/dicionario-sobre-a-funcao-do-direito-na-gestao-sustentavel-dos-recursos-minerais-marinhos-dicionario-bilingue-em-portugues-e-frances\\\/\",\"url\":\"https:\\\/\\\/ponteseditores.com.br\\\/loja3\\\/pontes-editores-home-2__trashed\\\/ambiental\\\/dicionario-sobre-a-funcao-do-direito-na-gestao-sustentavel-dos-recursos-minerais-marinhos-dicionario-bilingue-em-portugues-e-frances\\\/\",\"name\":\"Dicion\u00e1rio sobre a fun\u00e7\u00e3o do direito na gest\u00e3o sustent\u00e1vel dos recursos minerais marinhos Dicion\u00e1rio Bil\u00edngue em Portugu\u00eas e Franc\u00eas - Pontes Editores\",\"isPartOf\":{\"@id\":\"https:\\\/\\\/ponteseditores.com.br\\\/loja3\\\/#website\"},\"primaryImageOfPage\":{\"@id\":\"https:\\\/\\\/ponteseditores.com.br\\\/loja3\\\/pontes-editores-home-2__trashed\\\/ambiental\\\/dicionario-sobre-a-funcao-do-direito-na-gestao-sustentavel-dos-recursos-minerais-marinhos-dicionario-bilingue-em-portugues-e-frances\\\/#primaryimage\"},\"image\":{\"@id\":\"https:\\\/\\\/ponteseditores.com.br\\\/loja3\\\/pontes-editores-home-2__trashed\\\/ambiental\\\/dicionario-sobre-a-funcao-do-direito-na-gestao-sustentavel-dos-recursos-minerais-marinhos-dicionario-bilingue-em-portugues-e-frances\\\/#primaryimage\"},\"thumbnailUrl\":\"https:\\\/\\\/ponteseditores.com.br\\\/loja3\\\/wp-content\\\/uploads\\\/2024\\\/03\\\/dicionario-sobre-a-funca-do-direito-.-capa.jpg\",\"datePublished\":\"2024-03-26T14:03:49+00:00\",\"breadcrumb\":{\"@id\":\"https:\\\/\\\/ponteseditores.com.br\\\/loja3\\\/pontes-editores-home-2__trashed\\\/ambiental\\\/dicionario-sobre-a-funcao-do-direito-na-gestao-sustentavel-dos-recursos-minerais-marinhos-dicionario-bilingue-em-portugues-e-frances\\\/#breadcrumb\"},\"inLanguage\":\"pt-BR\",\"potentialAction\":[{\"@type\":\"ReadAction\",\"target\":[\"https:\\\/\\\/ponteseditores.com.br\\\/loja3\\\/pontes-editores-home-2__trashed\\\/ambiental\\\/dicionario-sobre-a-funcao-do-direito-na-gestao-sustentavel-dos-recursos-minerais-marinhos-dicionario-bilingue-em-portugues-e-frances\\\/\"]}]},{\"@type\":\"ImageObject\",\"inLanguage\":\"pt-BR\",\"@id\":\"https:\\\/\\\/ponteseditores.com.br\\\/loja3\\\/pontes-editores-home-2__trashed\\\/ambiental\\\/dicionario-sobre-a-funcao-do-direito-na-gestao-sustentavel-dos-recursos-minerais-marinhos-dicionario-bilingue-em-portugues-e-frances\\\/#primaryimage\",\"url\":\"https:\\\/\\\/ponteseditores.com.br\\\/loja3\\\/wp-content\\\/uploads\\\/2024\\\/03\\\/dicionario-sobre-a-funca-do-direito-.-capa.jpg\",\"contentUrl\":\"https:\\\/\\\/ponteseditores.com.br\\\/loja3\\\/wp-content\\\/uploads\\\/2024\\\/03\\\/dicionario-sobre-a-funca-do-direito-.-capa.jpg\",\"width\":800,\"height\":1212},{\"@type\":\"BreadcrumbList\",\"@id\":\"https:\\\/\\\/ponteseditores.com.br\\\/loja3\\\/pontes-editores-home-2__trashed\\\/ambiental\\\/dicionario-sobre-a-funcao-do-direito-na-gestao-sustentavel-dos-recursos-minerais-marinhos-dicionario-bilingue-em-portugues-e-frances\\\/#breadcrumb\",\"itemListElement\":[{\"@type\":\"ListItem\",\"position\":1,\"name\":\"Home\",\"item\":\"https:\\\/\\\/ponteseditores.com.br\\\/loja3\\\/\"},{\"@type\":\"ListItem\",\"position\":2,\"name\":\"loja\",\"item\":\"https:\\\/\\\/ponteseditores.com.br\\\/loja3\\\/loja\\\/\"},{\"@type\":\"ListItem\",\"position\":3,\"name\":\"Dicion\u00e1rio sobre a fun\u00e7\u00e3o do direito na gest\u00e3o sustent\u00e1vel dos recursos minerais marinhos Dicion\u00e1rio Bil\u00edngue em Portugu\u00eas e Franc\u00eas\"}]},{\"@type\":\"WebSite\",\"@id\":\"https:\\\/\\\/ponteseditores.com.br\\\/loja3\\\/#website\",\"url\":\"https:\\\/\\\/ponteseditores.com.br\\\/loja3\\\/\",\"name\":\"Pontes Editores\",\"description\":\"Pontes Editores\",\"publisher\":{\"@id\":\"https:\\\/\\\/ponteseditores.com.br\\\/loja3\\\/#organization\"},\"potentialAction\":[{\"@type\":\"SearchAction\",\"target\":{\"@type\":\"EntryPoint\",\"urlTemplate\":\"https:\\\/\\\/ponteseditores.com.br\\\/loja3\\\/?s={search_term_string}\"},\"query-input\":{\"@type\":\"PropertyValueSpecification\",\"valueRequired\":true,\"valueName\":\"search_term_string\"}}],\"inLanguage\":\"pt-BR\"},{\"@type\":\"Organization\",\"@id\":\"https:\\\/\\\/ponteseditores.com.br\\\/loja3\\\/#organization\",\"name\":\"Pontes Editores\",\"url\":\"https:\\\/\\\/ponteseditores.com.br\\\/loja3\\\/\",\"logo\":{\"@type\":\"ImageObject\",\"inLanguage\":\"pt-BR\",\"@id\":\"https:\\\/\\\/ponteseditores.com.br\\\/loja3\\\/#\\\/schema\\\/logo\\\/image\\\/\",\"url\":\"https:\\\/\\\/ponteseditores.com.br\\\/loja3\\\/wp-content\\\/uploads\\\/2023\\\/12\\\/logo-pontes-editores-v2.png\",\"contentUrl\":\"https:\\\/\\\/ponteseditores.com.br\\\/loja3\\\/wp-content\\\/uploads\\\/2023\\\/12\\\/logo-pontes-editores-v2.png\",\"width\":258,\"height\":100,\"caption\":\"Pontes Editores\"},\"image\":{\"@id\":\"https:\\\/\\\/ponteseditores.com.br\\\/loja3\\\/#\\\/schema\\\/logo\\\/image\\\/\"}}]}<\/script>\n<!-- \/ Yoast SEO plugin. -->","yoast_head_json":{"title":"Dicion\u00e1rio sobre a fun\u00e7\u00e3o do direito na gest\u00e3o sustent\u00e1vel dos recursos minerais marinhos Dicion\u00e1rio Bil\u00edngue em Portugu\u00eas e Franc\u00eas - Pontes Editores","robots":{"index":"index","follow":"follow","max-snippet":"max-snippet:-1","max-image-preview":"max-image-preview:large","max-video-preview":"max-video-preview:-1"},"canonical":"https:\/\/ponteseditores.com.br\/loja3\/pontes-editores-home-2__trashed\/ambiental\/dicionario-sobre-a-funcao-do-direito-na-gestao-sustentavel-dos-recursos-minerais-marinhos-dicionario-bilingue-em-portugues-e-frances\/","og_locale":"pt_BR","og_type":"article","og_title":"Dicion\u00e1rio sobre a fun\u00e7\u00e3o do direito na gest\u00e3o sustent\u00e1vel dos recursos minerais marinhos Dicion\u00e1rio Bil\u00edngue em Portugu\u00eas e Franc\u00eas - Pontes Editores","og_description":"O dicion\u00e1rio bil\u00edngue \u00e9 um dos resultados do projeto Capes-Cofecub (Edital \u2013 2014) intitulado \u201cA fun\u00e7\u00e3o do direito na gest\u00e3o sustent\u00e1vel dos recursos minerais marinhos\u201d. O dicion\u00e1rio foi elaborado em uma linguagem clara e simples a fim de ser \u00fatil n\u00e3o apenas para juristas mas tamb\u00e9m para acad\u00eamicos, profissionais e estudantes interessados no tema geral [&hellip;]","og_url":"https:\/\/ponteseditores.com.br\/loja3\/pontes-editores-home-2__trashed\/ambiental\/dicionario-sobre-a-funcao-do-direito-na-gestao-sustentavel-dos-recursos-minerais-marinhos-dicionario-bilingue-em-portugues-e-frances\/","og_site_name":"Pontes Editores","og_image":[{"width":800,"height":1212,"url":"https:\/\/ponteseditores.com.br\/loja3\/wp-content\/uploads\/2024\/03\/dicionario-sobre-a-funca-do-direito-.-capa.jpg","type":"image\/jpeg"}],"twitter_card":"summary_large_image","twitter_misc":{"Est. tempo de leitura":"1 minuto"},"schema":{"@context":"https:\/\/schema.org","@graph":[{"@type":"WebPage","@id":"https:\/\/ponteseditores.com.br\/loja3\/pontes-editores-home-2__trashed\/ambiental\/dicionario-sobre-a-funcao-do-direito-na-gestao-sustentavel-dos-recursos-minerais-marinhos-dicionario-bilingue-em-portugues-e-frances\/","url":"https:\/\/ponteseditores.com.br\/loja3\/pontes-editores-home-2__trashed\/ambiental\/dicionario-sobre-a-funcao-do-direito-na-gestao-sustentavel-dos-recursos-minerais-marinhos-dicionario-bilingue-em-portugues-e-frances\/","name":"Dicion\u00e1rio sobre a fun\u00e7\u00e3o do direito na gest\u00e3o sustent\u00e1vel dos recursos minerais marinhos Dicion\u00e1rio Bil\u00edngue em Portugu\u00eas e Franc\u00eas - Pontes Editores","isPartOf":{"@id":"https:\/\/ponteseditores.com.br\/loja3\/#website"},"primaryImageOfPage":{"@id":"https:\/\/ponteseditores.com.br\/loja3\/pontes-editores-home-2__trashed\/ambiental\/dicionario-sobre-a-funcao-do-direito-na-gestao-sustentavel-dos-recursos-minerais-marinhos-dicionario-bilingue-em-portugues-e-frances\/#primaryimage"},"image":{"@id":"https:\/\/ponteseditores.com.br\/loja3\/pontes-editores-home-2__trashed\/ambiental\/dicionario-sobre-a-funcao-do-direito-na-gestao-sustentavel-dos-recursos-minerais-marinhos-dicionario-bilingue-em-portugues-e-frances\/#primaryimage"},"thumbnailUrl":"https:\/\/ponteseditores.com.br\/loja3\/wp-content\/uploads\/2024\/03\/dicionario-sobre-a-funca-do-direito-.-capa.jpg","datePublished":"2024-03-26T14:03:49+00:00","breadcrumb":{"@id":"https:\/\/ponteseditores.com.br\/loja3\/pontes-editores-home-2__trashed\/ambiental\/dicionario-sobre-a-funcao-do-direito-na-gestao-sustentavel-dos-recursos-minerais-marinhos-dicionario-bilingue-em-portugues-e-frances\/#breadcrumb"},"inLanguage":"pt-BR","potentialAction":[{"@type":"ReadAction","target":["https:\/\/ponteseditores.com.br\/loja3\/pontes-editores-home-2__trashed\/ambiental\/dicionario-sobre-a-funcao-do-direito-na-gestao-sustentavel-dos-recursos-minerais-marinhos-dicionario-bilingue-em-portugues-e-frances\/"]}]},{"@type":"ImageObject","inLanguage":"pt-BR","@id":"https:\/\/ponteseditores.com.br\/loja3\/pontes-editores-home-2__trashed\/ambiental\/dicionario-sobre-a-funcao-do-direito-na-gestao-sustentavel-dos-recursos-minerais-marinhos-dicionario-bilingue-em-portugues-e-frances\/#primaryimage","url":"https:\/\/ponteseditores.com.br\/loja3\/wp-content\/uploads\/2024\/03\/dicionario-sobre-a-funca-do-direito-.-capa.jpg","contentUrl":"https:\/\/ponteseditores.com.br\/loja3\/wp-content\/uploads\/2024\/03\/dicionario-sobre-a-funca-do-direito-.-capa.jpg","width":800,"height":1212},{"@type":"BreadcrumbList","@id":"https:\/\/ponteseditores.com.br\/loja3\/pontes-editores-home-2__trashed\/ambiental\/dicionario-sobre-a-funcao-do-direito-na-gestao-sustentavel-dos-recursos-minerais-marinhos-dicionario-bilingue-em-portugues-e-frances\/#breadcrumb","itemListElement":[{"@type":"ListItem","position":1,"name":"Home","item":"https:\/\/ponteseditores.com.br\/loja3\/"},{"@type":"ListItem","position":2,"name":"loja","item":"https:\/\/ponteseditores.com.br\/loja3\/loja\/"},{"@type":"ListItem","position":3,"name":"Dicion\u00e1rio sobre a fun\u00e7\u00e3o do direito na gest\u00e3o sustent\u00e1vel dos recursos minerais marinhos Dicion\u00e1rio Bil\u00edngue em Portugu\u00eas e Franc\u00eas"}]},{"@type":"WebSite","@id":"https:\/\/ponteseditores.com.br\/loja3\/#website","url":"https:\/\/ponteseditores.com.br\/loja3\/","name":"Pontes Editores","description":"Pontes Editores","publisher":{"@id":"https:\/\/ponteseditores.com.br\/loja3\/#organization"},"potentialAction":[{"@type":"SearchAction","target":{"@type":"EntryPoint","urlTemplate":"https:\/\/ponteseditores.com.br\/loja3\/?s={search_term_string}"},"query-input":{"@type":"PropertyValueSpecification","valueRequired":true,"valueName":"search_term_string"}}],"inLanguage":"pt-BR"},{"@type":"Organization","@id":"https:\/\/ponteseditores.com.br\/loja3\/#organization","name":"Pontes Editores","url":"https:\/\/ponteseditores.com.br\/loja3\/","logo":{"@type":"ImageObject","inLanguage":"pt-BR","@id":"https:\/\/ponteseditores.com.br\/loja3\/#\/schema\/logo\/image\/","url":"https:\/\/ponteseditores.com.br\/loja3\/wp-content\/uploads\/2023\/12\/logo-pontes-editores-v2.png","contentUrl":"https:\/\/ponteseditores.com.br\/loja3\/wp-content\/uploads\/2023\/12\/logo-pontes-editores-v2.png","width":258,"height":100,"caption":"Pontes Editores"},"image":{"@id":"https:\/\/ponteseditores.com.br\/loja3\/#\/schema\/logo\/image\/"}}]}},"_links":{"self":[{"href":"https:\/\/ponteseditores.com.br\/loja3\/wp-json\/wp\/v2\/product\/11253","targetHints":{"allow":["GET"]}}],"collection":[{"href":"https:\/\/ponteseditores.com.br\/loja3\/wp-json\/wp\/v2\/product"}],"about":[{"href":"https:\/\/ponteseditores.com.br\/loja3\/wp-json\/wp\/v2\/types\/product"}],"replies":[{"embeddable":true,"href":"https:\/\/ponteseditores.com.br\/loja3\/wp-json\/wp\/v2\/comments?post=11253"}],"version-history":[{"count":0,"href":"https:\/\/ponteseditores.com.br\/loja3\/wp-json\/wp\/v2\/product\/11253\/revisions"}],"wp:featuredmedia":[{"embeddable":true,"href":"https:\/\/ponteseditores.com.br\/loja3\/wp-json\/wp\/v2\/media\/11254"}],"wp:attachment":[{"href":"https:\/\/ponteseditores.com.br\/loja3\/wp-json\/wp\/v2\/media?parent=11253"}],"wp:term":[{"taxonomy":"product_brand","embeddable":true,"href":"https:\/\/ponteseditores.com.br\/loja3\/wp-json\/wp\/v2\/product_brand?post=11253"},{"taxonomy":"product_cat","embeddable":true,"href":"https:\/\/ponteseditores.com.br\/loja3\/wp-json\/wp\/v2\/product_cat?post=11253"},{"taxonomy":"product_tag","embeddable":true,"href":"https:\/\/ponteseditores.com.br\/loja3\/wp-json\/wp\/v2\/product_tag?post=11253"}],"curies":[{"name":"wp","href":"https:\/\/api.w.org\/{rel}","templated":true}]}}