{"id":11100,"date":"2024-03-21T10:57:09","date_gmt":"2024-03-21T13:57:09","guid":{"rendered":"https:\/\/ponteseditores.com.br\/loja3\/?post_type=product&#038;p=11100"},"modified":"2024-03-21T10:57:10","modified_gmt":"2024-03-21T13:57:10","slug":"aprendizagem-linguistica-ativa-da-teoria-a-gramaticoteca","status":"publish","type":"product","link":"https:\/\/ponteseditores.com.br\/loja3\/pontes-editores-home-2__trashed\/linguistica\/aprendizagem-linguistica-ativa-da-teoria-a-gramaticoteca\/","title":{"rendered":"Aprendizagem Lingu\u00edstica Ativa: da teoria \u00e0 gramaticoteca"},"content":{"rendered":"<p><em>Aprendizagem Lingu\u00edstica Ativa: da teoria \u00e0 Gramaticoteca <\/em>d\u00e1 continuidade \u00e0 proposta apresentada em <em>Lingu\u00edstica, gram\u00e1tica e aprendizagem ativa <\/em>(PILATI, 2017). Ambas publica\u00e7\u00f5es buscam promover a articula\u00e7\u00e3o entre as contribui\u00e7\u00f5es da lingu\u00edstica contempor\u00e2nea e das ci\u00eancias da aprendizagem para a constru\u00e7\u00e3o de uma nova \u201cbase conceitual\u201d capaz de estabelecer rela\u00e7\u00f5es entre o conhecimento gramatical, o processo de aprendizagem e atividades de an\u00e1lise lingu\u00edstica, leitura e escrita.<\/p>\n<p>Esta segunda publica\u00e7\u00e3o amplia as discuss\u00f5es iniciadas em 2017, apresenta propostas de an\u00e1lise para novos fen\u00f4menos gramaticais e traz a descri\u00e7\u00e3o de uma s\u00e9rie de materiais manipul\u00e1veis desenvolvidos sob essa nova base conceitual, cujo acervo recebe o nome de <em>Gramaticoteca.<\/em><\/p>\n","protected":false},"excerpt":{"rendered":"<p>Aprendizagem Lingu\u00edstica Ativa: da teoria \u00e0 Gramaticoteca d\u00e1 continuidade \u00e0 proposta apresentada em Lingu\u00edstica, gram\u00e1tica e aprendizagem ativa (PILATI, 2017). Ambas publica\u00e7\u00f5es buscam promover a articula\u00e7\u00e3o entre as contribui\u00e7\u00f5es da lingu\u00edstica contempor\u00e2nea e das ci\u00eancias da aprendizagem para a constru\u00e7\u00e3o de uma nova \u201cbase conceitual\u201d capaz de estabelecer rela\u00e7\u00f5es entre o conhecimento gramatical, o processo [&hellip;]<\/p>\n","protected":false},"featured_media":11101,"comment_status":"open","ping_status":"closed","template":"","meta":{"_joinchat":[]},"product_brand":[],"product_cat":[167,31],"product_tag":[],"class_list":{"0":"post-11100","1":"product","2":"type-product","3":"status-publish","4":"has-post-thumbnail","6":"product_cat-lancamento","7":"product_cat-linguistica","9":"first","10":"instock","11":"shipping-taxable","12":"purchasable","13":"product-type-simple"},"yoast_head":"<!-- This site is optimized with the Yoast SEO plugin v27.4 - https:\/\/yoast.com\/product\/yoast-seo-wordpress\/ -->\n<title>Aprendizagem Lingu\u00edstica Ativa: da teoria \u00e0 gramaticoteca - Pontes Editores<\/title>\n<meta name=\"robots\" content=\"index, follow, max-snippet:-1, max-image-preview:large, max-video-preview:-1\" \/>\n<link rel=\"canonical\" href=\"https:\/\/ponteseditores.com.br\/loja3\/pontes-editores-home-2__trashed\/linguistica\/aprendizagem-linguistica-ativa-da-teoria-a-gramaticoteca\/\" \/>\n<meta property=\"og:locale\" content=\"pt_BR\" \/>\n<meta property=\"og:type\" content=\"article\" \/>\n<meta property=\"og:title\" content=\"Aprendizagem Lingu\u00edstica Ativa: da teoria \u00e0 gramaticoteca - Pontes Editores\" \/>\n<meta property=\"og:description\" content=\"Aprendizagem Lingu\u00edstica Ativa: da teoria \u00e0 Gramaticoteca d\u00e1 continuidade \u00e0 proposta apresentada em Lingu\u00edstica, gram\u00e1tica e aprendizagem ativa (PILATI, 2017). Ambas publica\u00e7\u00f5es buscam promover a articula\u00e7\u00e3o entre as contribui\u00e7\u00f5es da lingu\u00edstica contempor\u00e2nea e das ci\u00eancias da aprendizagem para a constru\u00e7\u00e3o de uma nova \u201cbase conceitual\u201d capaz de estabelecer rela\u00e7\u00f5es entre o conhecimento gramatical, o processo [&hellip;]\" \/>\n<meta property=\"og:url\" content=\"https:\/\/ponteseditores.com.br\/loja3\/pontes-editores-home-2__trashed\/linguistica\/aprendizagem-linguistica-ativa-da-teoria-a-gramaticoteca\/\" \/>\n<meta property=\"og:site_name\" content=\"Pontes Editores\" \/>\n<meta property=\"article:modified_time\" content=\"2024-03-21T13:57:10+00:00\" \/>\n<meta property=\"og:image\" content=\"https:\/\/ponteseditores.com.br\/loja3\/wp-content\/uploads\/2024\/03\/Capa_Aprendizagem.jpg\" \/>\n\t<meta property=\"og:image:width\" content=\"1728\" \/>\n\t<meta property=\"og:image:height\" content=\"2443\" \/>\n\t<meta property=\"og:image:type\" content=\"image\/jpeg\" \/>\n<meta name=\"twitter:card\" content=\"summary_large_image\" \/>\n<meta name=\"twitter:label1\" content=\"Est. tempo de leitura\" \/>\n\t<meta name=\"twitter:data1\" content=\"1 minuto\" \/>\n<script type=\"application\/ld+json\" class=\"yoast-schema-graph\">{\"@context\":\"https:\\\/\\\/schema.org\",\"@graph\":[{\"@type\":\"WebPage\",\"@id\":\"https:\\\/\\\/ponteseditores.com.br\\\/loja3\\\/pontes-editores-home-2__trashed\\\/linguistica\\\/aprendizagem-linguistica-ativa-da-teoria-a-gramaticoteca\\\/\",\"url\":\"https:\\\/\\\/ponteseditores.com.br\\\/loja3\\\/pontes-editores-home-2__trashed\\\/linguistica\\\/aprendizagem-linguistica-ativa-da-teoria-a-gramaticoteca\\\/\",\"name\":\"Aprendizagem Lingu\u00edstica Ativa: da teoria \u00e0 gramaticoteca - Pontes Editores\",\"isPartOf\":{\"@id\":\"https:\\\/\\\/ponteseditores.com.br\\\/loja3\\\/#website\"},\"primaryImageOfPage\":{\"@id\":\"https:\\\/\\\/ponteseditores.com.br\\\/loja3\\\/pontes-editores-home-2__trashed\\\/linguistica\\\/aprendizagem-linguistica-ativa-da-teoria-a-gramaticoteca\\\/#primaryimage\"},\"image\":{\"@id\":\"https:\\\/\\\/ponteseditores.com.br\\\/loja3\\\/pontes-editores-home-2__trashed\\\/linguistica\\\/aprendizagem-linguistica-ativa-da-teoria-a-gramaticoteca\\\/#primaryimage\"},\"thumbnailUrl\":\"https:\\\/\\\/ponteseditores.com.br\\\/loja3\\\/wp-content\\\/uploads\\\/2024\\\/03\\\/Capa_Aprendizagem.jpg\",\"datePublished\":\"2024-03-21T13:57:09+00:00\",\"dateModified\":\"2024-03-21T13:57:10+00:00\",\"breadcrumb\":{\"@id\":\"https:\\\/\\\/ponteseditores.com.br\\\/loja3\\\/pontes-editores-home-2__trashed\\\/linguistica\\\/aprendizagem-linguistica-ativa-da-teoria-a-gramaticoteca\\\/#breadcrumb\"},\"inLanguage\":\"pt-BR\",\"potentialAction\":[{\"@type\":\"ReadAction\",\"target\":[\"https:\\\/\\\/ponteseditores.com.br\\\/loja3\\\/pontes-editores-home-2__trashed\\\/linguistica\\\/aprendizagem-linguistica-ativa-da-teoria-a-gramaticoteca\\\/\"]}]},{\"@type\":\"ImageObject\",\"inLanguage\":\"pt-BR\",\"@id\":\"https:\\\/\\\/ponteseditores.com.br\\\/loja3\\\/pontes-editores-home-2__trashed\\\/linguistica\\\/aprendizagem-linguistica-ativa-da-teoria-a-gramaticoteca\\\/#primaryimage\",\"url\":\"https:\\\/\\\/ponteseditores.com.br\\\/loja3\\\/wp-content\\\/uploads\\\/2024\\\/03\\\/Capa_Aprendizagem.jpg\",\"contentUrl\":\"https:\\\/\\\/ponteseditores.com.br\\\/loja3\\\/wp-content\\\/uploads\\\/2024\\\/03\\\/Capa_Aprendizagem.jpg\",\"width\":1728,\"height\":2443},{\"@type\":\"BreadcrumbList\",\"@id\":\"https:\\\/\\\/ponteseditores.com.br\\\/loja3\\\/pontes-editores-home-2__trashed\\\/linguistica\\\/aprendizagem-linguistica-ativa-da-teoria-a-gramaticoteca\\\/#breadcrumb\",\"itemListElement\":[{\"@type\":\"ListItem\",\"position\":1,\"name\":\"Home\",\"item\":\"https:\\\/\\\/ponteseditores.com.br\\\/loja3\\\/\"},{\"@type\":\"ListItem\",\"position\":2,\"name\":\"loja\",\"item\":\"https:\\\/\\\/ponteseditores.com.br\\\/loja3\\\/loja\\\/\"},{\"@type\":\"ListItem\",\"position\":3,\"name\":\"Aprendizagem Lingu\u00edstica Ativa: da teoria \u00e0 gramaticoteca\"}]},{\"@type\":\"WebSite\",\"@id\":\"https:\\\/\\\/ponteseditores.com.br\\\/loja3\\\/#website\",\"url\":\"https:\\\/\\\/ponteseditores.com.br\\\/loja3\\\/\",\"name\":\"Pontes Editores\",\"description\":\"Pontes Editores\",\"publisher\":{\"@id\":\"https:\\\/\\\/ponteseditores.com.br\\\/loja3\\\/#organization\"},\"potentialAction\":[{\"@type\":\"SearchAction\",\"target\":{\"@type\":\"EntryPoint\",\"urlTemplate\":\"https:\\\/\\\/ponteseditores.com.br\\\/loja3\\\/?s={search_term_string}\"},\"query-input\":{\"@type\":\"PropertyValueSpecification\",\"valueRequired\":true,\"valueName\":\"search_term_string\"}}],\"inLanguage\":\"pt-BR\"},{\"@type\":\"Organization\",\"@id\":\"https:\\\/\\\/ponteseditores.com.br\\\/loja3\\\/#organization\",\"name\":\"Pontes Editores\",\"url\":\"https:\\\/\\\/ponteseditores.com.br\\\/loja3\\\/\",\"logo\":{\"@type\":\"ImageObject\",\"inLanguage\":\"pt-BR\",\"@id\":\"https:\\\/\\\/ponteseditores.com.br\\\/loja3\\\/#\\\/schema\\\/logo\\\/image\\\/\",\"url\":\"https:\\\/\\\/ponteseditores.com.br\\\/loja3\\\/wp-content\\\/uploads\\\/2023\\\/12\\\/logo-pontes-editores-v2.png\",\"contentUrl\":\"https:\\\/\\\/ponteseditores.com.br\\\/loja3\\\/wp-content\\\/uploads\\\/2023\\\/12\\\/logo-pontes-editores-v2.png\",\"width\":258,\"height\":100,\"caption\":\"Pontes Editores\"},\"image\":{\"@id\":\"https:\\\/\\\/ponteseditores.com.br\\\/loja3\\\/#\\\/schema\\\/logo\\\/image\\\/\"}}]}<\/script>\n<!-- \/ Yoast SEO plugin. -->","yoast_head_json":{"title":"Aprendizagem Lingu\u00edstica Ativa: da teoria \u00e0 gramaticoteca - Pontes Editores","robots":{"index":"index","follow":"follow","max-snippet":"max-snippet:-1","max-image-preview":"max-image-preview:large","max-video-preview":"max-video-preview:-1"},"canonical":"https:\/\/ponteseditores.com.br\/loja3\/pontes-editores-home-2__trashed\/linguistica\/aprendizagem-linguistica-ativa-da-teoria-a-gramaticoteca\/","og_locale":"pt_BR","og_type":"article","og_title":"Aprendizagem Lingu\u00edstica Ativa: da teoria \u00e0 gramaticoteca - Pontes Editores","og_description":"Aprendizagem Lingu\u00edstica Ativa: da teoria \u00e0 Gramaticoteca d\u00e1 continuidade \u00e0 proposta apresentada em Lingu\u00edstica, gram\u00e1tica e aprendizagem ativa (PILATI, 2017). Ambas publica\u00e7\u00f5es buscam promover a articula\u00e7\u00e3o entre as contribui\u00e7\u00f5es da lingu\u00edstica contempor\u00e2nea e das ci\u00eancias da aprendizagem para a constru\u00e7\u00e3o de uma nova \u201cbase conceitual\u201d capaz de estabelecer rela\u00e7\u00f5es entre o conhecimento gramatical, o processo [&hellip;]","og_url":"https:\/\/ponteseditores.com.br\/loja3\/pontes-editores-home-2__trashed\/linguistica\/aprendizagem-linguistica-ativa-da-teoria-a-gramaticoteca\/","og_site_name":"Pontes Editores","article_modified_time":"2024-03-21T13:57:10+00:00","og_image":[{"width":1728,"height":2443,"url":"https:\/\/ponteseditores.com.br\/loja3\/wp-content\/uploads\/2024\/03\/Capa_Aprendizagem.jpg","type":"image\/jpeg"}],"twitter_card":"summary_large_image","twitter_misc":{"Est. tempo de leitura":"1 minuto"},"schema":{"@context":"https:\/\/schema.org","@graph":[{"@type":"WebPage","@id":"https:\/\/ponteseditores.com.br\/loja3\/pontes-editores-home-2__trashed\/linguistica\/aprendizagem-linguistica-ativa-da-teoria-a-gramaticoteca\/","url":"https:\/\/ponteseditores.com.br\/loja3\/pontes-editores-home-2__trashed\/linguistica\/aprendizagem-linguistica-ativa-da-teoria-a-gramaticoteca\/","name":"Aprendizagem Lingu\u00edstica Ativa: da teoria \u00e0 gramaticoteca - Pontes Editores","isPartOf":{"@id":"https:\/\/ponteseditores.com.br\/loja3\/#website"},"primaryImageOfPage":{"@id":"https:\/\/ponteseditores.com.br\/loja3\/pontes-editores-home-2__trashed\/linguistica\/aprendizagem-linguistica-ativa-da-teoria-a-gramaticoteca\/#primaryimage"},"image":{"@id":"https:\/\/ponteseditores.com.br\/loja3\/pontes-editores-home-2__trashed\/linguistica\/aprendizagem-linguistica-ativa-da-teoria-a-gramaticoteca\/#primaryimage"},"thumbnailUrl":"https:\/\/ponteseditores.com.br\/loja3\/wp-content\/uploads\/2024\/03\/Capa_Aprendizagem.jpg","datePublished":"2024-03-21T13:57:09+00:00","dateModified":"2024-03-21T13:57:10+00:00","breadcrumb":{"@id":"https:\/\/ponteseditores.com.br\/loja3\/pontes-editores-home-2__trashed\/linguistica\/aprendizagem-linguistica-ativa-da-teoria-a-gramaticoteca\/#breadcrumb"},"inLanguage":"pt-BR","potentialAction":[{"@type":"ReadAction","target":["https:\/\/ponteseditores.com.br\/loja3\/pontes-editores-home-2__trashed\/linguistica\/aprendizagem-linguistica-ativa-da-teoria-a-gramaticoteca\/"]}]},{"@type":"ImageObject","inLanguage":"pt-BR","@id":"https:\/\/ponteseditores.com.br\/loja3\/pontes-editores-home-2__trashed\/linguistica\/aprendizagem-linguistica-ativa-da-teoria-a-gramaticoteca\/#primaryimage","url":"https:\/\/ponteseditores.com.br\/loja3\/wp-content\/uploads\/2024\/03\/Capa_Aprendizagem.jpg","contentUrl":"https:\/\/ponteseditores.com.br\/loja3\/wp-content\/uploads\/2024\/03\/Capa_Aprendizagem.jpg","width":1728,"height":2443},{"@type":"BreadcrumbList","@id":"https:\/\/ponteseditores.com.br\/loja3\/pontes-editores-home-2__trashed\/linguistica\/aprendizagem-linguistica-ativa-da-teoria-a-gramaticoteca\/#breadcrumb","itemListElement":[{"@type":"ListItem","position":1,"name":"Home","item":"https:\/\/ponteseditores.com.br\/loja3\/"},{"@type":"ListItem","position":2,"name":"loja","item":"https:\/\/ponteseditores.com.br\/loja3\/loja\/"},{"@type":"ListItem","position":3,"name":"Aprendizagem Lingu\u00edstica Ativa: da teoria \u00e0 gramaticoteca"}]},{"@type":"WebSite","@id":"https:\/\/ponteseditores.com.br\/loja3\/#website","url":"https:\/\/ponteseditores.com.br\/loja3\/","name":"Pontes Editores","description":"Pontes Editores","publisher":{"@id":"https:\/\/ponteseditores.com.br\/loja3\/#organization"},"potentialAction":[{"@type":"SearchAction","target":{"@type":"EntryPoint","urlTemplate":"https:\/\/ponteseditores.com.br\/loja3\/?s={search_term_string}"},"query-input":{"@type":"PropertyValueSpecification","valueRequired":true,"valueName":"search_term_string"}}],"inLanguage":"pt-BR"},{"@type":"Organization","@id":"https:\/\/ponteseditores.com.br\/loja3\/#organization","name":"Pontes Editores","url":"https:\/\/ponteseditores.com.br\/loja3\/","logo":{"@type":"ImageObject","inLanguage":"pt-BR","@id":"https:\/\/ponteseditores.com.br\/loja3\/#\/schema\/logo\/image\/","url":"https:\/\/ponteseditores.com.br\/loja3\/wp-content\/uploads\/2023\/12\/logo-pontes-editores-v2.png","contentUrl":"https:\/\/ponteseditores.com.br\/loja3\/wp-content\/uploads\/2023\/12\/logo-pontes-editores-v2.png","width":258,"height":100,"caption":"Pontes Editores"},"image":{"@id":"https:\/\/ponteseditores.com.br\/loja3\/#\/schema\/logo\/image\/"}}]}},"_links":{"self":[{"href":"https:\/\/ponteseditores.com.br\/loja3\/wp-json\/wp\/v2\/product\/11100","targetHints":{"allow":["GET"]}}],"collection":[{"href":"https:\/\/ponteseditores.com.br\/loja3\/wp-json\/wp\/v2\/product"}],"about":[{"href":"https:\/\/ponteseditores.com.br\/loja3\/wp-json\/wp\/v2\/types\/product"}],"replies":[{"embeddable":true,"href":"https:\/\/ponteseditores.com.br\/loja3\/wp-json\/wp\/v2\/comments?post=11100"}],"version-history":[{"count":0,"href":"https:\/\/ponteseditores.com.br\/loja3\/wp-json\/wp\/v2\/product\/11100\/revisions"}],"wp:featuredmedia":[{"embeddable":true,"href":"https:\/\/ponteseditores.com.br\/loja3\/wp-json\/wp\/v2\/media\/11101"}],"wp:attachment":[{"href":"https:\/\/ponteseditores.com.br\/loja3\/wp-json\/wp\/v2\/media?parent=11100"}],"wp:term":[{"taxonomy":"product_brand","embeddable":true,"href":"https:\/\/ponteseditores.com.br\/loja3\/wp-json\/wp\/v2\/product_brand?post=11100"},{"taxonomy":"product_cat","embeddable":true,"href":"https:\/\/ponteseditores.com.br\/loja3\/wp-json\/wp\/v2\/product_cat?post=11100"},{"taxonomy":"product_tag","embeddable":true,"href":"https:\/\/ponteseditores.com.br\/loja3\/wp-json\/wp\/v2\/product_tag?post=11100"}],"curies":[{"name":"wp","href":"https:\/\/api.w.org\/{rel}","templated":true}]}}