{"id":10987,"date":"2024-03-15T11:46:20","date_gmt":"2024-03-15T14:46:20","guid":{"rendered":"https:\/\/ponteseditores.com.br\/loja3\/?post_type=product&#038;p=10987"},"modified":"2024-10-08T11:29:08","modified_gmt":"2024-10-08T14:29:08","slug":"humanidades-digitais-na-america-latina-linguagens-metodologias-e-praticas-de-analise","status":"publish","type":"product","link":"https:\/\/ponteseditores.com.br\/loja3\/pontes-editores-home-2__trashed\/ebook\/lancamento-e-book\/humanidades-digitais-na-america-latina-linguagens-metodologias-e-praticas-de-analise\/","title":{"rendered":"Humanidades digitais na Am\u00e9rica Latina: linguagens, metodologias e pr\u00e1ticas de an\u00e1lise"},"content":{"rendered":"<p><strong>Humanidades digitais na Am\u00e9rica Latina: linguagens, metodologias e pr\u00e1ticas de an\u00e1lise<\/strong> \u00e9 uma publica\u00e7\u00e3o em colabora\u00e7\u00e3o entre professores-pesquisadores da Universidade do Estado do Rio de Janeiro (UERJ) e pesquisadores convidados de institui\u00e7\u00f5es nacionais e transnacionais, como a Universidade Federal Fluminense, a Universidade Federal Rural do Rio de Janeiro, a Universidade Federal do Rio de Janeiro, a Funda\u00e7\u00e3o Get\u00falio Vargas, o Col\u00e9gio Pedro II, o Instituto Nacional de Educa\u00e7\u00e3o de Surdos, a Secretaria Estadual de Educa\u00e7\u00e3o, a Secretaria Municipal de Educa\u00e7\u00e3o e Cultura, a Universidade de Coimbra e a University of Rhode Island. Os autores afiliados \u00e0 UERJ integram os projetos de extens\u00e3o LABHUERJ \u2013 <em>Laborat\u00f3rio de Humanidades Digitais da UERJ e <\/em>CEALD<em> \u2013 Colabora\u00e7\u00e3o, estrat\u00e9gias de aprendizagem e letramento digital: o desafio da equidade na forma\u00e7\u00e3o de professores de l\u00ednguas,<\/em> assim como os grupos de pesquisa NELUC \u2013 <em>N\u00facleo de Estudos L\u00edngua(gem) em Uso e Cogni\u00e7\u00e3o<\/em> (UERJ\/CNPq), EAL \u2013 <em>Ensino e aprendizagem de l\u00ednguas: abordagens, metodologias e tecnologias<\/em> (UERJ\/CNPq) e <em>Observat\u00f3rio Digital das Mulheres Latino-americanas<\/em>. Com esta publica\u00e7\u00e3o, discute-se n\u00e3o s\u00f3 sobre as diferentes possibilidades transdisciplinares e transnacionais para a compreens\u00e3o de objetos de estudo que emergem no contexto digital, mas tamb\u00e9m sobre os desafios te\u00f3rico-metodol\u00f3gicos com os quais os pesquisadores das Humanidades Digitais s\u00e3o confrontados.<\/p>\n<p>O livro re\u00fane estudos sobre abordagens te\u00f3rico-metodol\u00f3gicas em Humanidades Digitais, desordem informacional, letramento digital, multimodalidade, pr\u00e1ticas de ensino-aprendizagem mediadas por tecnologia e an\u00e1lise de g\u00eaneros discursivos em circula\u00e7\u00e3o em ambientes digitais. Tendo em vista os m\u00faltiplos objetos e objetivos em foco, considera-se que a publica\u00e7\u00e3o contribui com o campo das Humanidades Digitais e com as pesquisas e pr\u00e1ticas educativas em ambiente digital, sobretudo sob a \u00f3tica da Lingu\u00edstica Aplicada, da Lingu\u00edstica Cognitiva e da An\u00e1lise do Discurso.<\/p>\n<p>&nbsp;<\/p>\n","protected":false},"excerpt":{"rendered":"<p>Humanidades digitais na Am\u00e9rica Latina: linguagens, metodologias e pr\u00e1ticas de an\u00e1lise \u00e9 uma publica\u00e7\u00e3o em colabora\u00e7\u00e3o entre professores-pesquisadores da Universidade do Estado do Rio de Janeiro (UERJ) e pesquisadores convidados de institui\u00e7\u00f5es nacionais e transnacionais, como a Universidade Federal Fluminense, a Universidade Federal Rural do Rio de Janeiro, a Universidade Federal do Rio de Janeiro, [&hellip;]<\/p>\n","protected":false},"featured_media":10989,"comment_status":"open","ping_status":"closed","template":"","meta":{"_joinchat":[]},"product_brand":[],"product_cat":[165,386,290],"product_tag":[],"class_list":{"0":"post-10987","1":"product","2":"type-product","3":"status-publish","4":"has-post-thumbnail","6":"product_cat-ebook","7":"product_cat-lancamento-e-book","8":"product_cat-linguagem-e-linguas","9":"product_shipping_class-download","11":"first","12":"instock","13":"downloadable","14":"virtual","15":"purchasable","16":"product-type-simple"},"yoast_head":"<!-- This site is optimized with the Yoast SEO plugin v27.4 - https:\/\/yoast.com\/product\/yoast-seo-wordpress\/ -->\n<title>Humanidades digitais na Am\u00e9rica Latina: linguagens, metodologias e pr\u00e1ticas de an\u00e1lise - Pontes Editores<\/title>\n<meta name=\"robots\" content=\"index, follow, max-snippet:-1, max-image-preview:large, max-video-preview:-1\" \/>\n<link rel=\"canonical\" href=\"https:\/\/ponteseditores.com.br\/loja3\/pontes-editores-home-2__trashed\/ebook\/lancamento-e-book\/humanidades-digitais-na-america-latina-linguagens-metodologias-e-praticas-de-analise\/\" \/>\n<meta property=\"og:locale\" content=\"pt_BR\" \/>\n<meta property=\"og:type\" content=\"article\" \/>\n<meta property=\"og:title\" content=\"Humanidades digitais na Am\u00e9rica Latina: linguagens, metodologias e pr\u00e1ticas de an\u00e1lise - Pontes Editores\" \/>\n<meta property=\"og:description\" content=\"Humanidades digitais na Am\u00e9rica Latina: linguagens, metodologias e pr\u00e1ticas de an\u00e1lise \u00e9 uma publica\u00e7\u00e3o em colabora\u00e7\u00e3o entre professores-pesquisadores da Universidade do Estado do Rio de Janeiro (UERJ) e pesquisadores convidados de institui\u00e7\u00f5es nacionais e transnacionais, como a Universidade Federal Fluminense, a Universidade Federal Rural do Rio de Janeiro, a Universidade Federal do Rio de Janeiro, [&hellip;]\" \/>\n<meta property=\"og:url\" content=\"https:\/\/ponteseditores.com.br\/loja3\/pontes-editores-home-2__trashed\/ebook\/lancamento-e-book\/humanidades-digitais-na-america-latina-linguagens-metodologias-e-praticas-de-analise\/\" \/>\n<meta property=\"og:site_name\" content=\"Pontes Editores\" \/>\n<meta property=\"article:modified_time\" content=\"2024-10-08T14:29:08+00:00\" \/>\n<meta property=\"og:image\" content=\"https:\/\/ponteseditores.com.br\/loja3\/wp-content\/uploads\/2024\/03\/CAPA-HUMANIDADES-DIGITAIS-EM-BAIXA-P-SITE.jpg\" \/>\n\t<meta property=\"og:image:width\" content=\"951\" \/>\n\t<meta property=\"og:image:height\" content=\"1358\" \/>\n\t<meta property=\"og:image:type\" content=\"image\/jpeg\" \/>\n<meta name=\"twitter:card\" content=\"summary_large_image\" \/>\n<meta name=\"twitter:label1\" content=\"Est. tempo de leitura\" \/>\n\t<meta name=\"twitter:data1\" content=\"2 minutos\" \/>\n<script type=\"application\/ld+json\" class=\"yoast-schema-graph\">{\"@context\":\"https:\\\/\\\/schema.org\",\"@graph\":[{\"@type\":\"WebPage\",\"@id\":\"https:\\\/\\\/ponteseditores.com.br\\\/loja3\\\/pontes-editores-home-2__trashed\\\/ebook\\\/lancamento-e-book\\\/humanidades-digitais-na-america-latina-linguagens-metodologias-e-praticas-de-analise\\\/\",\"url\":\"https:\\\/\\\/ponteseditores.com.br\\\/loja3\\\/pontes-editores-home-2__trashed\\\/ebook\\\/lancamento-e-book\\\/humanidades-digitais-na-america-latina-linguagens-metodologias-e-praticas-de-analise\\\/\",\"name\":\"Humanidades digitais na Am\u00e9rica Latina: linguagens, metodologias e pr\u00e1ticas de an\u00e1lise - Pontes Editores\",\"isPartOf\":{\"@id\":\"https:\\\/\\\/ponteseditores.com.br\\\/loja3\\\/#website\"},\"primaryImageOfPage\":{\"@id\":\"https:\\\/\\\/ponteseditores.com.br\\\/loja3\\\/pontes-editores-home-2__trashed\\\/ebook\\\/lancamento-e-book\\\/humanidades-digitais-na-america-latina-linguagens-metodologias-e-praticas-de-analise\\\/#primaryimage\"},\"image\":{\"@id\":\"https:\\\/\\\/ponteseditores.com.br\\\/loja3\\\/pontes-editores-home-2__trashed\\\/ebook\\\/lancamento-e-book\\\/humanidades-digitais-na-america-latina-linguagens-metodologias-e-praticas-de-analise\\\/#primaryimage\"},\"thumbnailUrl\":\"https:\\\/\\\/ponteseditores.com.br\\\/loja3\\\/wp-content\\\/uploads\\\/2024\\\/03\\\/CAPA-HUMANIDADES-DIGITAIS-EM-BAIXA-P-SITE.jpg\",\"datePublished\":\"2024-03-15T14:46:20+00:00\",\"dateModified\":\"2024-10-08T14:29:08+00:00\",\"breadcrumb\":{\"@id\":\"https:\\\/\\\/ponteseditores.com.br\\\/loja3\\\/pontes-editores-home-2__trashed\\\/ebook\\\/lancamento-e-book\\\/humanidades-digitais-na-america-latina-linguagens-metodologias-e-praticas-de-analise\\\/#breadcrumb\"},\"inLanguage\":\"pt-BR\",\"potentialAction\":[{\"@type\":\"ReadAction\",\"target\":[\"https:\\\/\\\/ponteseditores.com.br\\\/loja3\\\/pontes-editores-home-2__trashed\\\/ebook\\\/lancamento-e-book\\\/humanidades-digitais-na-america-latina-linguagens-metodologias-e-praticas-de-analise\\\/\"]}]},{\"@type\":\"ImageObject\",\"inLanguage\":\"pt-BR\",\"@id\":\"https:\\\/\\\/ponteseditores.com.br\\\/loja3\\\/pontes-editores-home-2__trashed\\\/ebook\\\/lancamento-e-book\\\/humanidades-digitais-na-america-latina-linguagens-metodologias-e-praticas-de-analise\\\/#primaryimage\",\"url\":\"https:\\\/\\\/ponteseditores.com.br\\\/loja3\\\/wp-content\\\/uploads\\\/2024\\\/03\\\/CAPA-HUMANIDADES-DIGITAIS-EM-BAIXA-P-SITE.jpg\",\"contentUrl\":\"https:\\\/\\\/ponteseditores.com.br\\\/loja3\\\/wp-content\\\/uploads\\\/2024\\\/03\\\/CAPA-HUMANIDADES-DIGITAIS-EM-BAIXA-P-SITE.jpg\",\"width\":951,\"height\":1358},{\"@type\":\"BreadcrumbList\",\"@id\":\"https:\\\/\\\/ponteseditores.com.br\\\/loja3\\\/pontes-editores-home-2__trashed\\\/ebook\\\/lancamento-e-book\\\/humanidades-digitais-na-america-latina-linguagens-metodologias-e-praticas-de-analise\\\/#breadcrumb\",\"itemListElement\":[{\"@type\":\"ListItem\",\"position\":1,\"name\":\"Home\",\"item\":\"https:\\\/\\\/ponteseditores.com.br\\\/loja3\\\/\"},{\"@type\":\"ListItem\",\"position\":2,\"name\":\"loja\",\"item\":\"https:\\\/\\\/ponteseditores.com.br\\\/loja3\\\/loja\\\/\"},{\"@type\":\"ListItem\",\"position\":3,\"name\":\"Humanidades digitais na Am\u00e9rica Latina: linguagens, metodologias e pr\u00e1ticas de an\u00e1lise\"}]},{\"@type\":\"WebSite\",\"@id\":\"https:\\\/\\\/ponteseditores.com.br\\\/loja3\\\/#website\",\"url\":\"https:\\\/\\\/ponteseditores.com.br\\\/loja3\\\/\",\"name\":\"Pontes Editores\",\"description\":\"Pontes Editores\",\"publisher\":{\"@id\":\"https:\\\/\\\/ponteseditores.com.br\\\/loja3\\\/#organization\"},\"potentialAction\":[{\"@type\":\"SearchAction\",\"target\":{\"@type\":\"EntryPoint\",\"urlTemplate\":\"https:\\\/\\\/ponteseditores.com.br\\\/loja3\\\/?s={search_term_string}\"},\"query-input\":{\"@type\":\"PropertyValueSpecification\",\"valueRequired\":true,\"valueName\":\"search_term_string\"}}],\"inLanguage\":\"pt-BR\"},{\"@type\":\"Organization\",\"@id\":\"https:\\\/\\\/ponteseditores.com.br\\\/loja3\\\/#organization\",\"name\":\"Pontes Editores\",\"url\":\"https:\\\/\\\/ponteseditores.com.br\\\/loja3\\\/\",\"logo\":{\"@type\":\"ImageObject\",\"inLanguage\":\"pt-BR\",\"@id\":\"https:\\\/\\\/ponteseditores.com.br\\\/loja3\\\/#\\\/schema\\\/logo\\\/image\\\/\",\"url\":\"https:\\\/\\\/ponteseditores.com.br\\\/loja3\\\/wp-content\\\/uploads\\\/2023\\\/12\\\/logo-pontes-editores-v2.png\",\"contentUrl\":\"https:\\\/\\\/ponteseditores.com.br\\\/loja3\\\/wp-content\\\/uploads\\\/2023\\\/12\\\/logo-pontes-editores-v2.png\",\"width\":258,\"height\":100,\"caption\":\"Pontes Editores\"},\"image\":{\"@id\":\"https:\\\/\\\/ponteseditores.com.br\\\/loja3\\\/#\\\/schema\\\/logo\\\/image\\\/\"}}]}<\/script>\n<!-- \/ Yoast SEO plugin. -->","yoast_head_json":{"title":"Humanidades digitais na Am\u00e9rica Latina: linguagens, metodologias e pr\u00e1ticas de an\u00e1lise - Pontes Editores","robots":{"index":"index","follow":"follow","max-snippet":"max-snippet:-1","max-image-preview":"max-image-preview:large","max-video-preview":"max-video-preview:-1"},"canonical":"https:\/\/ponteseditores.com.br\/loja3\/pontes-editores-home-2__trashed\/ebook\/lancamento-e-book\/humanidades-digitais-na-america-latina-linguagens-metodologias-e-praticas-de-analise\/","og_locale":"pt_BR","og_type":"article","og_title":"Humanidades digitais na Am\u00e9rica Latina: linguagens, metodologias e pr\u00e1ticas de an\u00e1lise - Pontes Editores","og_description":"Humanidades digitais na Am\u00e9rica Latina: linguagens, metodologias e pr\u00e1ticas de an\u00e1lise \u00e9 uma publica\u00e7\u00e3o em colabora\u00e7\u00e3o entre professores-pesquisadores da Universidade do Estado do Rio de Janeiro (UERJ) e pesquisadores convidados de institui\u00e7\u00f5es nacionais e transnacionais, como a Universidade Federal Fluminense, a Universidade Federal Rural do Rio de Janeiro, a Universidade Federal do Rio de Janeiro, [&hellip;]","og_url":"https:\/\/ponteseditores.com.br\/loja3\/pontes-editores-home-2__trashed\/ebook\/lancamento-e-book\/humanidades-digitais-na-america-latina-linguagens-metodologias-e-praticas-de-analise\/","og_site_name":"Pontes Editores","article_modified_time":"2024-10-08T14:29:08+00:00","og_image":[{"width":951,"height":1358,"url":"https:\/\/ponteseditores.com.br\/loja3\/wp-content\/uploads\/2024\/03\/CAPA-HUMANIDADES-DIGITAIS-EM-BAIXA-P-SITE.jpg","type":"image\/jpeg"}],"twitter_card":"summary_large_image","twitter_misc":{"Est. tempo de leitura":"2 minutos"},"schema":{"@context":"https:\/\/schema.org","@graph":[{"@type":"WebPage","@id":"https:\/\/ponteseditores.com.br\/loja3\/pontes-editores-home-2__trashed\/ebook\/lancamento-e-book\/humanidades-digitais-na-america-latina-linguagens-metodologias-e-praticas-de-analise\/","url":"https:\/\/ponteseditores.com.br\/loja3\/pontes-editores-home-2__trashed\/ebook\/lancamento-e-book\/humanidades-digitais-na-america-latina-linguagens-metodologias-e-praticas-de-analise\/","name":"Humanidades digitais na Am\u00e9rica Latina: linguagens, metodologias e pr\u00e1ticas de an\u00e1lise - Pontes Editores","isPartOf":{"@id":"https:\/\/ponteseditores.com.br\/loja3\/#website"},"primaryImageOfPage":{"@id":"https:\/\/ponteseditores.com.br\/loja3\/pontes-editores-home-2__trashed\/ebook\/lancamento-e-book\/humanidades-digitais-na-america-latina-linguagens-metodologias-e-praticas-de-analise\/#primaryimage"},"image":{"@id":"https:\/\/ponteseditores.com.br\/loja3\/pontes-editores-home-2__trashed\/ebook\/lancamento-e-book\/humanidades-digitais-na-america-latina-linguagens-metodologias-e-praticas-de-analise\/#primaryimage"},"thumbnailUrl":"https:\/\/ponteseditores.com.br\/loja3\/wp-content\/uploads\/2024\/03\/CAPA-HUMANIDADES-DIGITAIS-EM-BAIXA-P-SITE.jpg","datePublished":"2024-03-15T14:46:20+00:00","dateModified":"2024-10-08T14:29:08+00:00","breadcrumb":{"@id":"https:\/\/ponteseditores.com.br\/loja3\/pontes-editores-home-2__trashed\/ebook\/lancamento-e-book\/humanidades-digitais-na-america-latina-linguagens-metodologias-e-praticas-de-analise\/#breadcrumb"},"inLanguage":"pt-BR","potentialAction":[{"@type":"ReadAction","target":["https:\/\/ponteseditores.com.br\/loja3\/pontes-editores-home-2__trashed\/ebook\/lancamento-e-book\/humanidades-digitais-na-america-latina-linguagens-metodologias-e-praticas-de-analise\/"]}]},{"@type":"ImageObject","inLanguage":"pt-BR","@id":"https:\/\/ponteseditores.com.br\/loja3\/pontes-editores-home-2__trashed\/ebook\/lancamento-e-book\/humanidades-digitais-na-america-latina-linguagens-metodologias-e-praticas-de-analise\/#primaryimage","url":"https:\/\/ponteseditores.com.br\/loja3\/wp-content\/uploads\/2024\/03\/CAPA-HUMANIDADES-DIGITAIS-EM-BAIXA-P-SITE.jpg","contentUrl":"https:\/\/ponteseditores.com.br\/loja3\/wp-content\/uploads\/2024\/03\/CAPA-HUMANIDADES-DIGITAIS-EM-BAIXA-P-SITE.jpg","width":951,"height":1358},{"@type":"BreadcrumbList","@id":"https:\/\/ponteseditores.com.br\/loja3\/pontes-editores-home-2__trashed\/ebook\/lancamento-e-book\/humanidades-digitais-na-america-latina-linguagens-metodologias-e-praticas-de-analise\/#breadcrumb","itemListElement":[{"@type":"ListItem","position":1,"name":"Home","item":"https:\/\/ponteseditores.com.br\/loja3\/"},{"@type":"ListItem","position":2,"name":"loja","item":"https:\/\/ponteseditores.com.br\/loja3\/loja\/"},{"@type":"ListItem","position":3,"name":"Humanidades digitais na Am\u00e9rica Latina: linguagens, metodologias e pr\u00e1ticas de an\u00e1lise"}]},{"@type":"WebSite","@id":"https:\/\/ponteseditores.com.br\/loja3\/#website","url":"https:\/\/ponteseditores.com.br\/loja3\/","name":"Pontes Editores","description":"Pontes Editores","publisher":{"@id":"https:\/\/ponteseditores.com.br\/loja3\/#organization"},"potentialAction":[{"@type":"SearchAction","target":{"@type":"EntryPoint","urlTemplate":"https:\/\/ponteseditores.com.br\/loja3\/?s={search_term_string}"},"query-input":{"@type":"PropertyValueSpecification","valueRequired":true,"valueName":"search_term_string"}}],"inLanguage":"pt-BR"},{"@type":"Organization","@id":"https:\/\/ponteseditores.com.br\/loja3\/#organization","name":"Pontes Editores","url":"https:\/\/ponteseditores.com.br\/loja3\/","logo":{"@type":"ImageObject","inLanguage":"pt-BR","@id":"https:\/\/ponteseditores.com.br\/loja3\/#\/schema\/logo\/image\/","url":"https:\/\/ponteseditores.com.br\/loja3\/wp-content\/uploads\/2023\/12\/logo-pontes-editores-v2.png","contentUrl":"https:\/\/ponteseditores.com.br\/loja3\/wp-content\/uploads\/2023\/12\/logo-pontes-editores-v2.png","width":258,"height":100,"caption":"Pontes Editores"},"image":{"@id":"https:\/\/ponteseditores.com.br\/loja3\/#\/schema\/logo\/image\/"}}]}},"_links":{"self":[{"href":"https:\/\/ponteseditores.com.br\/loja3\/wp-json\/wp\/v2\/product\/10987","targetHints":{"allow":["GET"]}}],"collection":[{"href":"https:\/\/ponteseditores.com.br\/loja3\/wp-json\/wp\/v2\/product"}],"about":[{"href":"https:\/\/ponteseditores.com.br\/loja3\/wp-json\/wp\/v2\/types\/product"}],"replies":[{"embeddable":true,"href":"https:\/\/ponteseditores.com.br\/loja3\/wp-json\/wp\/v2\/comments?post=10987"}],"version-history":[{"count":0,"href":"https:\/\/ponteseditores.com.br\/loja3\/wp-json\/wp\/v2\/product\/10987\/revisions"}],"wp:featuredmedia":[{"embeddable":true,"href":"https:\/\/ponteseditores.com.br\/loja3\/wp-json\/wp\/v2\/media\/10989"}],"wp:attachment":[{"href":"https:\/\/ponteseditores.com.br\/loja3\/wp-json\/wp\/v2\/media?parent=10987"}],"wp:term":[{"taxonomy":"product_brand","embeddable":true,"href":"https:\/\/ponteseditores.com.br\/loja3\/wp-json\/wp\/v2\/product_brand?post=10987"},{"taxonomy":"product_cat","embeddable":true,"href":"https:\/\/ponteseditores.com.br\/loja3\/wp-json\/wp\/v2\/product_cat?post=10987"},{"taxonomy":"product_tag","embeddable":true,"href":"https:\/\/ponteseditores.com.br\/loja3\/wp-json\/wp\/v2\/product_tag?post=10987"}],"curies":[{"name":"wp","href":"https:\/\/api.w.org\/{rel}","templated":true}]}}