{"id":10979,"date":"2024-03-15T11:03:55","date_gmt":"2024-03-15T14:03:55","guid":{"rendered":"https:\/\/ponteseditores.com.br\/loja3\/?post_type=product&#038;p=10979"},"modified":"2024-03-15T11:03:55","modified_gmt":"2024-03-15T14:03:55","slug":"marco-tulio-cicero-topico-os-lugares-do-argumento","status":"publish","type":"product","link":"https:\/\/ponteseditores.com.br\/loja3\/pontes-editores-home-2__trashed\/filosofia\/marco-tulio-cicero-topico-os-lugares-do-argumento\/","title":{"rendered":"Marco T\u00falio C\u00edcero T\u00f3pico Os lugares do argumento"},"content":{"rendered":"<table style=\"height: 535px;\" width=\"1111\">\n<tbody>\n<tr>\n<td width=\"594\">C\u00edcero, ao fazer men\u00e7\u00e3o aos T\u00f3picos de Arist\u00f3teles, informa que a obra aristot\u00e9lica, assim como a sua vers\u00e3o latina hom\u00f4nima, possui como finalidade \u201cespecificar os meios para elabora\u00e7\u00e3o dos argumentos, de maneira que cheg\u00e1ssemos a isso com conhecimento e m\u00e9todo sem qualquer erro\u201d (disciplinam inveniendorum argumentorum, ut sine ullo errore ad ea ratione et via perveniremus). Percebe-se, com esta descri\u00e7\u00e3o, o esfor\u00e7o de se aliar l\u00f3gica e ret\u00f3rica para formular o argumento ou, ainda, para promover a integra\u00e7\u00e3o entre o que chamamos hoje de filosofia e teoria do discurso.<\/p>\n<p>Contudo, ainda que o orador empregue a express\u00e3o ratio disserendi para traduzir o grego \u03bb\u03bf\u03b3\u03b9\u03ba\u03ae (l\u00f3gica), o termo n\u00e3o deve ser compreendido como a l\u00f3gica formal que conhecemos hoje. A palavra \u03bb\u03bf\u03b3\u03b9\u03ba\u03ae denota, de forma ampla, a argumenta\u00e7\u00e3o em geral, equivalendo ao termo \u03b4\u03b9\u03b1\u03bb\u03b5\u03ba\u03c4\u03b9\u03ba\u03ae empregado por Plat\u00e3o (Pl. Resp. 533a) e por Arist\u00f3teles (Ar. Rhet. 1355a). Com base nisso, C\u00edcero estabelece que a l\u00f3gica, entendida como argumenta\u00e7\u00e3o em geral, divide-se em duas partes: a de elabora\u00e7\u00e3o (ret\u00f3rica, de matriz peripat\u00e9tica, para discernir os meios de persuas\u00e3o) e a de validade (dial\u00e9tica, de matriz estoica, para julgar o valor do argumento).<\/p>\n<p>A t\u00e9cnica de emprego dos t\u00f3picos, ou seja, dos lugares do argumento, integra a primeira dessas partes. A l\u00f3gica de que C\u00edcero trata no presente volume combina elementos peripat\u00e9ticos e estoicos sobre a formula\u00e7\u00e3o do argumento.<\/p>\n<p>Assim, os T\u00f3picos, de C\u00edcero, acabam basicamente por ser um tratado de ret\u00f3rica, destinado \u00e0 composi\u00e7\u00e3o do argumento \u00e0 luz de princ\u00edpios filos\u00f3ficos.<\/td>\n<\/tr>\n<\/tbody>\n<\/table>\n","protected":false},"excerpt":{"rendered":"<p>C\u00edcero, ao fazer men\u00e7\u00e3o aos T\u00f3picos de Arist\u00f3teles, informa que a obra aristot\u00e9lica, assim como a sua vers\u00e3o latina hom\u00f4nima, possui como finalidade \u201cespecificar os meios para elabora\u00e7\u00e3o dos argumentos, de maneira que cheg\u00e1ssemos a isso com conhecimento e m\u00e9todo sem qualquer erro\u201d (disciplinam inveniendorum argumentorum, ut sine ullo errore ad ea ratione et via [&hellip;]<\/p>\n","protected":false},"featured_media":10980,"comment_status":"open","ping_status":"closed","template":"","meta":{"_joinchat":[]},"product_brand":[],"product_cat":[272],"product_tag":[],"class_list":{"0":"post-10979","1":"product","2":"type-product","3":"status-publish","4":"has-post-thumbnail","6":"product_cat-filosofia","8":"first","9":"instock","10":"shipping-taxable","11":"purchasable","12":"product-type-simple"},"yoast_head":"<!-- This site is optimized with the Yoast SEO plugin v27.4 - https:\/\/yoast.com\/product\/yoast-seo-wordpress\/ -->\n<title>Marco T\u00falio C\u00edcero T\u00f3pico Os lugares do argumento - Pontes Editores<\/title>\n<meta name=\"robots\" content=\"index, follow, max-snippet:-1, max-image-preview:large, max-video-preview:-1\" \/>\n<link rel=\"canonical\" href=\"https:\/\/ponteseditores.com.br\/loja3\/pontes-editores-home-2__trashed\/filosofia\/marco-tulio-cicero-topico-os-lugares-do-argumento\/\" \/>\n<meta property=\"og:locale\" content=\"pt_BR\" \/>\n<meta property=\"og:type\" content=\"article\" \/>\n<meta property=\"og:title\" content=\"Marco T\u00falio C\u00edcero T\u00f3pico Os lugares do argumento - Pontes Editores\" \/>\n<meta property=\"og:description\" content=\"C\u00edcero, ao fazer men\u00e7\u00e3o aos T\u00f3picos de Arist\u00f3teles, informa que a obra aristot\u00e9lica, assim como a sua vers\u00e3o latina hom\u00f4nima, possui como finalidade \u201cespecificar os meios para elabora\u00e7\u00e3o dos argumentos, de maneira que cheg\u00e1ssemos a isso com conhecimento e m\u00e9todo sem qualquer erro\u201d (disciplinam inveniendorum argumentorum, ut sine ullo errore ad ea ratione et via [&hellip;]\" \/>\n<meta property=\"og:url\" content=\"https:\/\/ponteseditores.com.br\/loja3\/pontes-editores-home-2__trashed\/filosofia\/marco-tulio-cicero-topico-os-lugares-do-argumento\/\" \/>\n<meta property=\"og:site_name\" content=\"Pontes Editores\" \/>\n<meta property=\"og:image\" content=\"https:\/\/ponteseditores.com.br\/loja3\/wp-content\/uploads\/2024\/03\/marco-tulio-cicero-capa.jpg\" \/>\n\t<meta property=\"og:image:width\" content=\"800\" \/>\n\t<meta property=\"og:image:height\" content=\"1121\" \/>\n\t<meta property=\"og:image:type\" content=\"image\/jpeg\" \/>\n<meta name=\"twitter:card\" content=\"summary_large_image\" \/>\n<meta name=\"twitter:label1\" content=\"Est. tempo de leitura\" \/>\n\t<meta name=\"twitter:data1\" content=\"2 minutos\" \/>\n<script type=\"application\/ld+json\" class=\"yoast-schema-graph\">{\"@context\":\"https:\\\/\\\/schema.org\",\"@graph\":[{\"@type\":\"WebPage\",\"@id\":\"https:\\\/\\\/ponteseditores.com.br\\\/loja3\\\/pontes-editores-home-2__trashed\\\/filosofia\\\/marco-tulio-cicero-topico-os-lugares-do-argumento\\\/\",\"url\":\"https:\\\/\\\/ponteseditores.com.br\\\/loja3\\\/pontes-editores-home-2__trashed\\\/filosofia\\\/marco-tulio-cicero-topico-os-lugares-do-argumento\\\/\",\"name\":\"Marco T\u00falio C\u00edcero T\u00f3pico Os lugares do argumento - Pontes Editores\",\"isPartOf\":{\"@id\":\"https:\\\/\\\/ponteseditores.com.br\\\/loja3\\\/#website\"},\"primaryImageOfPage\":{\"@id\":\"https:\\\/\\\/ponteseditores.com.br\\\/loja3\\\/pontes-editores-home-2__trashed\\\/filosofia\\\/marco-tulio-cicero-topico-os-lugares-do-argumento\\\/#primaryimage\"},\"image\":{\"@id\":\"https:\\\/\\\/ponteseditores.com.br\\\/loja3\\\/pontes-editores-home-2__trashed\\\/filosofia\\\/marco-tulio-cicero-topico-os-lugares-do-argumento\\\/#primaryimage\"},\"thumbnailUrl\":\"https:\\\/\\\/ponteseditores.com.br\\\/loja3\\\/wp-content\\\/uploads\\\/2024\\\/03\\\/marco-tulio-cicero-capa.jpg\",\"datePublished\":\"2024-03-15T14:03:55+00:00\",\"breadcrumb\":{\"@id\":\"https:\\\/\\\/ponteseditores.com.br\\\/loja3\\\/pontes-editores-home-2__trashed\\\/filosofia\\\/marco-tulio-cicero-topico-os-lugares-do-argumento\\\/#breadcrumb\"},\"inLanguage\":\"pt-BR\",\"potentialAction\":[{\"@type\":\"ReadAction\",\"target\":[\"https:\\\/\\\/ponteseditores.com.br\\\/loja3\\\/pontes-editores-home-2__trashed\\\/filosofia\\\/marco-tulio-cicero-topico-os-lugares-do-argumento\\\/\"]}]},{\"@type\":\"ImageObject\",\"inLanguage\":\"pt-BR\",\"@id\":\"https:\\\/\\\/ponteseditores.com.br\\\/loja3\\\/pontes-editores-home-2__trashed\\\/filosofia\\\/marco-tulio-cicero-topico-os-lugares-do-argumento\\\/#primaryimage\",\"url\":\"https:\\\/\\\/ponteseditores.com.br\\\/loja3\\\/wp-content\\\/uploads\\\/2024\\\/03\\\/marco-tulio-cicero-capa.jpg\",\"contentUrl\":\"https:\\\/\\\/ponteseditores.com.br\\\/loja3\\\/wp-content\\\/uploads\\\/2024\\\/03\\\/marco-tulio-cicero-capa.jpg\",\"width\":800,\"height\":1121},{\"@type\":\"BreadcrumbList\",\"@id\":\"https:\\\/\\\/ponteseditores.com.br\\\/loja3\\\/pontes-editores-home-2__trashed\\\/filosofia\\\/marco-tulio-cicero-topico-os-lugares-do-argumento\\\/#breadcrumb\",\"itemListElement\":[{\"@type\":\"ListItem\",\"position\":1,\"name\":\"Home\",\"item\":\"https:\\\/\\\/ponteseditores.com.br\\\/loja3\\\/\"},{\"@type\":\"ListItem\",\"position\":2,\"name\":\"loja\",\"item\":\"https:\\\/\\\/ponteseditores.com.br\\\/loja3\\\/loja\\\/\"},{\"@type\":\"ListItem\",\"position\":3,\"name\":\"Marco T\u00falio C\u00edcero T\u00f3pico Os lugares do argumento\"}]},{\"@type\":\"WebSite\",\"@id\":\"https:\\\/\\\/ponteseditores.com.br\\\/loja3\\\/#website\",\"url\":\"https:\\\/\\\/ponteseditores.com.br\\\/loja3\\\/\",\"name\":\"Pontes Editores\",\"description\":\"Pontes Editores\",\"publisher\":{\"@id\":\"https:\\\/\\\/ponteseditores.com.br\\\/loja3\\\/#organization\"},\"potentialAction\":[{\"@type\":\"SearchAction\",\"target\":{\"@type\":\"EntryPoint\",\"urlTemplate\":\"https:\\\/\\\/ponteseditores.com.br\\\/loja3\\\/?s={search_term_string}\"},\"query-input\":{\"@type\":\"PropertyValueSpecification\",\"valueRequired\":true,\"valueName\":\"search_term_string\"}}],\"inLanguage\":\"pt-BR\"},{\"@type\":\"Organization\",\"@id\":\"https:\\\/\\\/ponteseditores.com.br\\\/loja3\\\/#organization\",\"name\":\"Pontes Editores\",\"url\":\"https:\\\/\\\/ponteseditores.com.br\\\/loja3\\\/\",\"logo\":{\"@type\":\"ImageObject\",\"inLanguage\":\"pt-BR\",\"@id\":\"https:\\\/\\\/ponteseditores.com.br\\\/loja3\\\/#\\\/schema\\\/logo\\\/image\\\/\",\"url\":\"https:\\\/\\\/ponteseditores.com.br\\\/loja3\\\/wp-content\\\/uploads\\\/2023\\\/12\\\/logo-pontes-editores-v2.png\",\"contentUrl\":\"https:\\\/\\\/ponteseditores.com.br\\\/loja3\\\/wp-content\\\/uploads\\\/2023\\\/12\\\/logo-pontes-editores-v2.png\",\"width\":258,\"height\":100,\"caption\":\"Pontes Editores\"},\"image\":{\"@id\":\"https:\\\/\\\/ponteseditores.com.br\\\/loja3\\\/#\\\/schema\\\/logo\\\/image\\\/\"}}]}<\/script>\n<!-- \/ Yoast SEO plugin. -->","yoast_head_json":{"title":"Marco T\u00falio C\u00edcero T\u00f3pico Os lugares do argumento - Pontes Editores","robots":{"index":"index","follow":"follow","max-snippet":"max-snippet:-1","max-image-preview":"max-image-preview:large","max-video-preview":"max-video-preview:-1"},"canonical":"https:\/\/ponteseditores.com.br\/loja3\/pontes-editores-home-2__trashed\/filosofia\/marco-tulio-cicero-topico-os-lugares-do-argumento\/","og_locale":"pt_BR","og_type":"article","og_title":"Marco T\u00falio C\u00edcero T\u00f3pico Os lugares do argumento - Pontes Editores","og_description":"C\u00edcero, ao fazer men\u00e7\u00e3o aos T\u00f3picos de Arist\u00f3teles, informa que a obra aristot\u00e9lica, assim como a sua vers\u00e3o latina hom\u00f4nima, possui como finalidade \u201cespecificar os meios para elabora\u00e7\u00e3o dos argumentos, de maneira que cheg\u00e1ssemos a isso com conhecimento e m\u00e9todo sem qualquer erro\u201d (disciplinam inveniendorum argumentorum, ut sine ullo errore ad ea ratione et via [&hellip;]","og_url":"https:\/\/ponteseditores.com.br\/loja3\/pontes-editores-home-2__trashed\/filosofia\/marco-tulio-cicero-topico-os-lugares-do-argumento\/","og_site_name":"Pontes Editores","og_image":[{"width":800,"height":1121,"url":"https:\/\/ponteseditores.com.br\/loja3\/wp-content\/uploads\/2024\/03\/marco-tulio-cicero-capa.jpg","type":"image\/jpeg"}],"twitter_card":"summary_large_image","twitter_misc":{"Est. tempo de leitura":"2 minutos"},"schema":{"@context":"https:\/\/schema.org","@graph":[{"@type":"WebPage","@id":"https:\/\/ponteseditores.com.br\/loja3\/pontes-editores-home-2__trashed\/filosofia\/marco-tulio-cicero-topico-os-lugares-do-argumento\/","url":"https:\/\/ponteseditores.com.br\/loja3\/pontes-editores-home-2__trashed\/filosofia\/marco-tulio-cicero-topico-os-lugares-do-argumento\/","name":"Marco T\u00falio C\u00edcero T\u00f3pico Os lugares do argumento - Pontes Editores","isPartOf":{"@id":"https:\/\/ponteseditores.com.br\/loja3\/#website"},"primaryImageOfPage":{"@id":"https:\/\/ponteseditores.com.br\/loja3\/pontes-editores-home-2__trashed\/filosofia\/marco-tulio-cicero-topico-os-lugares-do-argumento\/#primaryimage"},"image":{"@id":"https:\/\/ponteseditores.com.br\/loja3\/pontes-editores-home-2__trashed\/filosofia\/marco-tulio-cicero-topico-os-lugares-do-argumento\/#primaryimage"},"thumbnailUrl":"https:\/\/ponteseditores.com.br\/loja3\/wp-content\/uploads\/2024\/03\/marco-tulio-cicero-capa.jpg","datePublished":"2024-03-15T14:03:55+00:00","breadcrumb":{"@id":"https:\/\/ponteseditores.com.br\/loja3\/pontes-editores-home-2__trashed\/filosofia\/marco-tulio-cicero-topico-os-lugares-do-argumento\/#breadcrumb"},"inLanguage":"pt-BR","potentialAction":[{"@type":"ReadAction","target":["https:\/\/ponteseditores.com.br\/loja3\/pontes-editores-home-2__trashed\/filosofia\/marco-tulio-cicero-topico-os-lugares-do-argumento\/"]}]},{"@type":"ImageObject","inLanguage":"pt-BR","@id":"https:\/\/ponteseditores.com.br\/loja3\/pontes-editores-home-2__trashed\/filosofia\/marco-tulio-cicero-topico-os-lugares-do-argumento\/#primaryimage","url":"https:\/\/ponteseditores.com.br\/loja3\/wp-content\/uploads\/2024\/03\/marco-tulio-cicero-capa.jpg","contentUrl":"https:\/\/ponteseditores.com.br\/loja3\/wp-content\/uploads\/2024\/03\/marco-tulio-cicero-capa.jpg","width":800,"height":1121},{"@type":"BreadcrumbList","@id":"https:\/\/ponteseditores.com.br\/loja3\/pontes-editores-home-2__trashed\/filosofia\/marco-tulio-cicero-topico-os-lugares-do-argumento\/#breadcrumb","itemListElement":[{"@type":"ListItem","position":1,"name":"Home","item":"https:\/\/ponteseditores.com.br\/loja3\/"},{"@type":"ListItem","position":2,"name":"loja","item":"https:\/\/ponteseditores.com.br\/loja3\/loja\/"},{"@type":"ListItem","position":3,"name":"Marco T\u00falio C\u00edcero T\u00f3pico Os lugares do argumento"}]},{"@type":"WebSite","@id":"https:\/\/ponteseditores.com.br\/loja3\/#website","url":"https:\/\/ponteseditores.com.br\/loja3\/","name":"Pontes Editores","description":"Pontes Editores","publisher":{"@id":"https:\/\/ponteseditores.com.br\/loja3\/#organization"},"potentialAction":[{"@type":"SearchAction","target":{"@type":"EntryPoint","urlTemplate":"https:\/\/ponteseditores.com.br\/loja3\/?s={search_term_string}"},"query-input":{"@type":"PropertyValueSpecification","valueRequired":true,"valueName":"search_term_string"}}],"inLanguage":"pt-BR"},{"@type":"Organization","@id":"https:\/\/ponteseditores.com.br\/loja3\/#organization","name":"Pontes Editores","url":"https:\/\/ponteseditores.com.br\/loja3\/","logo":{"@type":"ImageObject","inLanguage":"pt-BR","@id":"https:\/\/ponteseditores.com.br\/loja3\/#\/schema\/logo\/image\/","url":"https:\/\/ponteseditores.com.br\/loja3\/wp-content\/uploads\/2023\/12\/logo-pontes-editores-v2.png","contentUrl":"https:\/\/ponteseditores.com.br\/loja3\/wp-content\/uploads\/2023\/12\/logo-pontes-editores-v2.png","width":258,"height":100,"caption":"Pontes Editores"},"image":{"@id":"https:\/\/ponteseditores.com.br\/loja3\/#\/schema\/logo\/image\/"}}]}},"_links":{"self":[{"href":"https:\/\/ponteseditores.com.br\/loja3\/wp-json\/wp\/v2\/product\/10979","targetHints":{"allow":["GET"]}}],"collection":[{"href":"https:\/\/ponteseditores.com.br\/loja3\/wp-json\/wp\/v2\/product"}],"about":[{"href":"https:\/\/ponteseditores.com.br\/loja3\/wp-json\/wp\/v2\/types\/product"}],"replies":[{"embeddable":true,"href":"https:\/\/ponteseditores.com.br\/loja3\/wp-json\/wp\/v2\/comments?post=10979"}],"version-history":[{"count":0,"href":"https:\/\/ponteseditores.com.br\/loja3\/wp-json\/wp\/v2\/product\/10979\/revisions"}],"wp:featuredmedia":[{"embeddable":true,"href":"https:\/\/ponteseditores.com.br\/loja3\/wp-json\/wp\/v2\/media\/10980"}],"wp:attachment":[{"href":"https:\/\/ponteseditores.com.br\/loja3\/wp-json\/wp\/v2\/media?parent=10979"}],"wp:term":[{"taxonomy":"product_brand","embeddable":true,"href":"https:\/\/ponteseditores.com.br\/loja3\/wp-json\/wp\/v2\/product_brand?post=10979"},{"taxonomy":"product_cat","embeddable":true,"href":"https:\/\/ponteseditores.com.br\/loja3\/wp-json\/wp\/v2\/product_cat?post=10979"},{"taxonomy":"product_tag","embeddable":true,"href":"https:\/\/ponteseditores.com.br\/loja3\/wp-json\/wp\/v2\/product_tag?post=10979"}],"curies":[{"name":"wp","href":"https:\/\/api.w.org\/{rel}","templated":true}]}}