{"id":10844,"date":"2024-03-08T13:40:54","date_gmt":"2024-03-08T16:40:54","guid":{"rendered":"https:\/\/ponteseditores.com.br\/loja3\/?post_type=product&#038;p=10844"},"modified":"2024-03-08T13:40:54","modified_gmt":"2024-03-08T16:40:54","slug":"corpos-mulheres-gramaticas-e-contragramaticas-nos-fios-do-discurso","status":"publish","type":"product","link":"https:\/\/ponteseditores.com.br\/loja3\/pontes-editores-home-2__trashed\/lancamento\/corpos-mulheres-gramaticas-e-contragramaticas-nos-fios-do-discurso\/","title":{"rendered":"Corpos, mulheres, gram\u00e1ticas e contragram\u00e1ticas nos fios do discurso"},"content":{"rendered":"<p>Nesta obra, uma trama de ensaios te\u00f3rico-anal\u00edticos converge para o ponto nodal da reflex\u00e3o: os corpos, especialmente os corpos-mulheres, corpos-femininos. Nos fios do discurso, os textos exploram os engendramentos desses corpos com gram\u00e1ticas e contragram\u00e1ticas que funcionam como observat\u00f3rios, delineando regras e contrarregras para\/sobre esses corpos, tanto no espa\u00e7o virtual quanto na tessitura da sociedade contempor\u00e2nea. Com uma base te\u00f3rico-anal\u00edtica ancorada na An\u00e1lise de Discurso materialista, cada texto oferece um olhar discursivo sobre os corpos, tomando-os como objeto discursivo, questionando as evid\u00eancias dos sentidos que permeiam nossa forma\u00e7\u00e3o social. Os cap\u00edtulos examinam temas diversos, desde a an\u00e1lise de formula\u00e7\u00f5es acerca da virgindade feminina at\u00e9 os processos de interdi\u00e7\u00e3o e resist\u00eancia dos corpos das agricultoras familiares na Amaz\u00f4nia oriental. Outro texto reflete sobre o discurso em torno do corpo feminino encarcerado, investigando os Arquivos Penitenci\u00e1rios do Brasil e documentos da Penitenci\u00e1ria Central do Estado de S\u00e3o Paulo. A colet\u00e2nea tamb\u00e9m aborda a representa\u00e7\u00e3o da depress\u00e3o no discurso jornal\u00edstico e o funcionamento discursivo da rede <em>Instagram <\/em>no quesito de ensino do portugu\u00eas, na figura de \u201cprofessoras-influenciadoras\u201d. Um dos textos explora a produ\u00e7\u00e3o de sentidos sobre os corpos-mulheres, corpos-femininos na pesquisa, destacando a dualidade entre o apagamento das lutas das mulheres e a resist\u00eancia \u00e0 interpela\u00e7\u00e3o da ideologia dominante.<\/p>\n<p>Al\u00e9m disso, uma produ\u00e7\u00e3o questiona como o corpo-documento e o corpo-mem\u00f3ria movimentam a escrita sobre a mulher e quais regularidades, entendidas como gram\u00e1ticas, convocam e fazem trabalhar diferentes dom\u00ednios do conhecimento. H\u00e1 textos que mergulham no funcionamento do art\u00edstico. Um dos cap\u00edtulos trata da (re)textualiza\u00e7\u00e3o do corpo feminino, proporcionando uma vis\u00e3o cr\u00edtica da decolonialidade do poder, do ser e do saber. Outro examina derivas abertas no embate da <em>des<\/em>-gramatiza\u00e7\u00e3o do corpo-mulher-<em>performer <\/em>\u00e0 irrup\u00e7\u00e3o da resist\u00eancia em pr\u00e1ticas discursivas de assujeitamento do\/no social institucionalizante. Por meio de reflex\u00f5es sobre testemunhos de v\u00edtimas de gordofobia m\u00e9dica nas redes sociais, um dos textos versa sobre o processo de produ\u00e7\u00e3o e circula\u00e7\u00e3o desses testemunhos, buscando compreender como a rela\u00e7\u00e3o entre corpo e subjetividade atravessa essas pr\u00e1ticas discursivas que emergem nas redes sociais.<\/p>\n<p>Ao convidar as leitoras e os leitores a se aventurarem pelos caminhos discursivos desses corpos, este livro proporciona uma leitura envolvente e cr\u00edtica sobre corpos, mulheres, gram\u00e1ticas e contragram\u00e1ticas nos fios do discurso.<\/p>\n","protected":false},"excerpt":{"rendered":"<p>Nesta obra, uma trama de ensaios te\u00f3rico-anal\u00edticos converge para o ponto nodal da reflex\u00e3o: os corpos, especialmente os corpos-mulheres, corpos-femininos. Nos fios do discurso, os textos exploram os engendramentos desses corpos com gram\u00e1ticas e contragram\u00e1ticas que funcionam como observat\u00f3rios, delineando regras e contrarregras para\/sobre esses corpos, tanto no espa\u00e7o virtual quanto na tessitura da sociedade [&hellip;]<\/p>\n","protected":false},"featured_media":10845,"comment_status":"open","ping_status":"closed","template":"","meta":{"_joinchat":[]},"product_brand":[],"product_cat":[301,167],"product_tag":[],"class_list":{"0":"post-10844","1":"product","2":"type-product","3":"status-publish","4":"has-post-thumbnail","6":"product_cat-analise-de-discurso","7":"product_cat-lancamento","9":"first","10":"instock","11":"shipping-taxable","12":"purchasable","13":"product-type-simple"},"yoast_head":"<!-- This site is optimized with the Yoast SEO plugin v27.4 - https:\/\/yoast.com\/product\/yoast-seo-wordpress\/ -->\n<title>Corpos, mulheres, gram\u00e1ticas e contragram\u00e1ticas nos fios do discurso - Pontes Editores<\/title>\n<meta name=\"robots\" content=\"index, follow, max-snippet:-1, max-image-preview:large, max-video-preview:-1\" \/>\n<link rel=\"canonical\" href=\"https:\/\/ponteseditores.com.br\/loja3\/pontes-editores-home-2__trashed\/lancamento\/corpos-mulheres-gramaticas-e-contragramaticas-nos-fios-do-discurso\/\" \/>\n<meta property=\"og:locale\" content=\"pt_BR\" \/>\n<meta property=\"og:type\" content=\"article\" \/>\n<meta property=\"og:title\" content=\"Corpos, mulheres, gram\u00e1ticas e contragram\u00e1ticas nos fios do discurso - Pontes Editores\" \/>\n<meta property=\"og:description\" content=\"Nesta obra, uma trama de ensaios te\u00f3rico-anal\u00edticos converge para o ponto nodal da reflex\u00e3o: os corpos, especialmente os corpos-mulheres, corpos-femininos. Nos fios do discurso, os textos exploram os engendramentos desses corpos com gram\u00e1ticas e contragram\u00e1ticas que funcionam como observat\u00f3rios, delineando regras e contrarregras para\/sobre esses corpos, tanto no espa\u00e7o virtual quanto na tessitura da sociedade [&hellip;]\" \/>\n<meta property=\"og:url\" content=\"https:\/\/ponteseditores.com.br\/loja3\/pontes-editores-home-2__trashed\/lancamento\/corpos-mulheres-gramaticas-e-contragramaticas-nos-fios-do-discurso\/\" \/>\n<meta property=\"og:site_name\" content=\"Pontes Editores\" \/>\n<meta property=\"og:image\" content=\"https:\/\/ponteseditores.com.br\/loja3\/wp-content\/uploads\/2024\/03\/Capa_Corpos_Mulheres.jpg\" \/>\n\t<meta property=\"og:image:width\" content=\"1728\" \/>\n\t<meta property=\"og:image:height\" content=\"2443\" \/>\n\t<meta property=\"og:image:type\" content=\"image\/jpeg\" \/>\n<meta name=\"twitter:card\" content=\"summary_large_image\" \/>\n<meta name=\"twitter:label1\" content=\"Est. tempo de leitura\" \/>\n\t<meta name=\"twitter:data1\" content=\"3 minutos\" \/>\n<script type=\"application\/ld+json\" class=\"yoast-schema-graph\">{\"@context\":\"https:\\\/\\\/schema.org\",\"@graph\":[{\"@type\":\"WebPage\",\"@id\":\"https:\\\/\\\/ponteseditores.com.br\\\/loja3\\\/pontes-editores-home-2__trashed\\\/lancamento\\\/corpos-mulheres-gramaticas-e-contragramaticas-nos-fios-do-discurso\\\/\",\"url\":\"https:\\\/\\\/ponteseditores.com.br\\\/loja3\\\/pontes-editores-home-2__trashed\\\/lancamento\\\/corpos-mulheres-gramaticas-e-contragramaticas-nos-fios-do-discurso\\\/\",\"name\":\"Corpos, mulheres, gram\u00e1ticas e contragram\u00e1ticas nos fios do discurso - Pontes Editores\",\"isPartOf\":{\"@id\":\"https:\\\/\\\/ponteseditores.com.br\\\/loja3\\\/#website\"},\"primaryImageOfPage\":{\"@id\":\"https:\\\/\\\/ponteseditores.com.br\\\/loja3\\\/pontes-editores-home-2__trashed\\\/lancamento\\\/corpos-mulheres-gramaticas-e-contragramaticas-nos-fios-do-discurso\\\/#primaryimage\"},\"image\":{\"@id\":\"https:\\\/\\\/ponteseditores.com.br\\\/loja3\\\/pontes-editores-home-2__trashed\\\/lancamento\\\/corpos-mulheres-gramaticas-e-contragramaticas-nos-fios-do-discurso\\\/#primaryimage\"},\"thumbnailUrl\":\"https:\\\/\\\/ponteseditores.com.br\\\/loja3\\\/wp-content\\\/uploads\\\/2024\\\/03\\\/Capa_Corpos_Mulheres.jpg\",\"datePublished\":\"2024-03-08T16:40:54+00:00\",\"breadcrumb\":{\"@id\":\"https:\\\/\\\/ponteseditores.com.br\\\/loja3\\\/pontes-editores-home-2__trashed\\\/lancamento\\\/corpos-mulheres-gramaticas-e-contragramaticas-nos-fios-do-discurso\\\/#breadcrumb\"},\"inLanguage\":\"pt-BR\",\"potentialAction\":[{\"@type\":\"ReadAction\",\"target\":[\"https:\\\/\\\/ponteseditores.com.br\\\/loja3\\\/pontes-editores-home-2__trashed\\\/lancamento\\\/corpos-mulheres-gramaticas-e-contragramaticas-nos-fios-do-discurso\\\/\"]}]},{\"@type\":\"ImageObject\",\"inLanguage\":\"pt-BR\",\"@id\":\"https:\\\/\\\/ponteseditores.com.br\\\/loja3\\\/pontes-editores-home-2__trashed\\\/lancamento\\\/corpos-mulheres-gramaticas-e-contragramaticas-nos-fios-do-discurso\\\/#primaryimage\",\"url\":\"https:\\\/\\\/ponteseditores.com.br\\\/loja3\\\/wp-content\\\/uploads\\\/2024\\\/03\\\/Capa_Corpos_Mulheres.jpg\",\"contentUrl\":\"https:\\\/\\\/ponteseditores.com.br\\\/loja3\\\/wp-content\\\/uploads\\\/2024\\\/03\\\/Capa_Corpos_Mulheres.jpg\",\"width\":1728,\"height\":2443},{\"@type\":\"BreadcrumbList\",\"@id\":\"https:\\\/\\\/ponteseditores.com.br\\\/loja3\\\/pontes-editores-home-2__trashed\\\/lancamento\\\/corpos-mulheres-gramaticas-e-contragramaticas-nos-fios-do-discurso\\\/#breadcrumb\",\"itemListElement\":[{\"@type\":\"ListItem\",\"position\":1,\"name\":\"Home\",\"item\":\"https:\\\/\\\/ponteseditores.com.br\\\/loja3\\\/\"},{\"@type\":\"ListItem\",\"position\":2,\"name\":\"loja\",\"item\":\"https:\\\/\\\/ponteseditores.com.br\\\/loja3\\\/loja\\\/\"},{\"@type\":\"ListItem\",\"position\":3,\"name\":\"Corpos, mulheres, gram\u00e1ticas e contragram\u00e1ticas nos fios do discurso\"}]},{\"@type\":\"WebSite\",\"@id\":\"https:\\\/\\\/ponteseditores.com.br\\\/loja3\\\/#website\",\"url\":\"https:\\\/\\\/ponteseditores.com.br\\\/loja3\\\/\",\"name\":\"Pontes Editores\",\"description\":\"Pontes Editores\",\"publisher\":{\"@id\":\"https:\\\/\\\/ponteseditores.com.br\\\/loja3\\\/#organization\"},\"potentialAction\":[{\"@type\":\"SearchAction\",\"target\":{\"@type\":\"EntryPoint\",\"urlTemplate\":\"https:\\\/\\\/ponteseditores.com.br\\\/loja3\\\/?s={search_term_string}\"},\"query-input\":{\"@type\":\"PropertyValueSpecification\",\"valueRequired\":true,\"valueName\":\"search_term_string\"}}],\"inLanguage\":\"pt-BR\"},{\"@type\":\"Organization\",\"@id\":\"https:\\\/\\\/ponteseditores.com.br\\\/loja3\\\/#organization\",\"name\":\"Pontes Editores\",\"url\":\"https:\\\/\\\/ponteseditores.com.br\\\/loja3\\\/\",\"logo\":{\"@type\":\"ImageObject\",\"inLanguage\":\"pt-BR\",\"@id\":\"https:\\\/\\\/ponteseditores.com.br\\\/loja3\\\/#\\\/schema\\\/logo\\\/image\\\/\",\"url\":\"https:\\\/\\\/ponteseditores.com.br\\\/loja3\\\/wp-content\\\/uploads\\\/2023\\\/12\\\/logo-pontes-editores-v2.png\",\"contentUrl\":\"https:\\\/\\\/ponteseditores.com.br\\\/loja3\\\/wp-content\\\/uploads\\\/2023\\\/12\\\/logo-pontes-editores-v2.png\",\"width\":258,\"height\":100,\"caption\":\"Pontes Editores\"},\"image\":{\"@id\":\"https:\\\/\\\/ponteseditores.com.br\\\/loja3\\\/#\\\/schema\\\/logo\\\/image\\\/\"}}]}<\/script>\n<!-- \/ Yoast SEO plugin. -->","yoast_head_json":{"title":"Corpos, mulheres, gram\u00e1ticas e contragram\u00e1ticas nos fios do discurso - Pontes Editores","robots":{"index":"index","follow":"follow","max-snippet":"max-snippet:-1","max-image-preview":"max-image-preview:large","max-video-preview":"max-video-preview:-1"},"canonical":"https:\/\/ponteseditores.com.br\/loja3\/pontes-editores-home-2__trashed\/lancamento\/corpos-mulheres-gramaticas-e-contragramaticas-nos-fios-do-discurso\/","og_locale":"pt_BR","og_type":"article","og_title":"Corpos, mulheres, gram\u00e1ticas e contragram\u00e1ticas nos fios do discurso - Pontes Editores","og_description":"Nesta obra, uma trama de ensaios te\u00f3rico-anal\u00edticos converge para o ponto nodal da reflex\u00e3o: os corpos, especialmente os corpos-mulheres, corpos-femininos. Nos fios do discurso, os textos exploram os engendramentos desses corpos com gram\u00e1ticas e contragram\u00e1ticas que funcionam como observat\u00f3rios, delineando regras e contrarregras para\/sobre esses corpos, tanto no espa\u00e7o virtual quanto na tessitura da sociedade [&hellip;]","og_url":"https:\/\/ponteseditores.com.br\/loja3\/pontes-editores-home-2__trashed\/lancamento\/corpos-mulheres-gramaticas-e-contragramaticas-nos-fios-do-discurso\/","og_site_name":"Pontes Editores","og_image":[{"width":1728,"height":2443,"url":"https:\/\/ponteseditores.com.br\/loja3\/wp-content\/uploads\/2024\/03\/Capa_Corpos_Mulheres.jpg","type":"image\/jpeg"}],"twitter_card":"summary_large_image","twitter_misc":{"Est. tempo de leitura":"3 minutos"},"schema":{"@context":"https:\/\/schema.org","@graph":[{"@type":"WebPage","@id":"https:\/\/ponteseditores.com.br\/loja3\/pontes-editores-home-2__trashed\/lancamento\/corpos-mulheres-gramaticas-e-contragramaticas-nos-fios-do-discurso\/","url":"https:\/\/ponteseditores.com.br\/loja3\/pontes-editores-home-2__trashed\/lancamento\/corpos-mulheres-gramaticas-e-contragramaticas-nos-fios-do-discurso\/","name":"Corpos, mulheres, gram\u00e1ticas e contragram\u00e1ticas nos fios do discurso - Pontes Editores","isPartOf":{"@id":"https:\/\/ponteseditores.com.br\/loja3\/#website"},"primaryImageOfPage":{"@id":"https:\/\/ponteseditores.com.br\/loja3\/pontes-editores-home-2__trashed\/lancamento\/corpos-mulheres-gramaticas-e-contragramaticas-nos-fios-do-discurso\/#primaryimage"},"image":{"@id":"https:\/\/ponteseditores.com.br\/loja3\/pontes-editores-home-2__trashed\/lancamento\/corpos-mulheres-gramaticas-e-contragramaticas-nos-fios-do-discurso\/#primaryimage"},"thumbnailUrl":"https:\/\/ponteseditores.com.br\/loja3\/wp-content\/uploads\/2024\/03\/Capa_Corpos_Mulheres.jpg","datePublished":"2024-03-08T16:40:54+00:00","breadcrumb":{"@id":"https:\/\/ponteseditores.com.br\/loja3\/pontes-editores-home-2__trashed\/lancamento\/corpos-mulheres-gramaticas-e-contragramaticas-nos-fios-do-discurso\/#breadcrumb"},"inLanguage":"pt-BR","potentialAction":[{"@type":"ReadAction","target":["https:\/\/ponteseditores.com.br\/loja3\/pontes-editores-home-2__trashed\/lancamento\/corpos-mulheres-gramaticas-e-contragramaticas-nos-fios-do-discurso\/"]}]},{"@type":"ImageObject","inLanguage":"pt-BR","@id":"https:\/\/ponteseditores.com.br\/loja3\/pontes-editores-home-2__trashed\/lancamento\/corpos-mulheres-gramaticas-e-contragramaticas-nos-fios-do-discurso\/#primaryimage","url":"https:\/\/ponteseditores.com.br\/loja3\/wp-content\/uploads\/2024\/03\/Capa_Corpos_Mulheres.jpg","contentUrl":"https:\/\/ponteseditores.com.br\/loja3\/wp-content\/uploads\/2024\/03\/Capa_Corpos_Mulheres.jpg","width":1728,"height":2443},{"@type":"BreadcrumbList","@id":"https:\/\/ponteseditores.com.br\/loja3\/pontes-editores-home-2__trashed\/lancamento\/corpos-mulheres-gramaticas-e-contragramaticas-nos-fios-do-discurso\/#breadcrumb","itemListElement":[{"@type":"ListItem","position":1,"name":"Home","item":"https:\/\/ponteseditores.com.br\/loja3\/"},{"@type":"ListItem","position":2,"name":"loja","item":"https:\/\/ponteseditores.com.br\/loja3\/loja\/"},{"@type":"ListItem","position":3,"name":"Corpos, mulheres, gram\u00e1ticas e contragram\u00e1ticas nos fios do discurso"}]},{"@type":"WebSite","@id":"https:\/\/ponteseditores.com.br\/loja3\/#website","url":"https:\/\/ponteseditores.com.br\/loja3\/","name":"Pontes Editores","description":"Pontes Editores","publisher":{"@id":"https:\/\/ponteseditores.com.br\/loja3\/#organization"},"potentialAction":[{"@type":"SearchAction","target":{"@type":"EntryPoint","urlTemplate":"https:\/\/ponteseditores.com.br\/loja3\/?s={search_term_string}"},"query-input":{"@type":"PropertyValueSpecification","valueRequired":true,"valueName":"search_term_string"}}],"inLanguage":"pt-BR"},{"@type":"Organization","@id":"https:\/\/ponteseditores.com.br\/loja3\/#organization","name":"Pontes Editores","url":"https:\/\/ponteseditores.com.br\/loja3\/","logo":{"@type":"ImageObject","inLanguage":"pt-BR","@id":"https:\/\/ponteseditores.com.br\/loja3\/#\/schema\/logo\/image\/","url":"https:\/\/ponteseditores.com.br\/loja3\/wp-content\/uploads\/2023\/12\/logo-pontes-editores-v2.png","contentUrl":"https:\/\/ponteseditores.com.br\/loja3\/wp-content\/uploads\/2023\/12\/logo-pontes-editores-v2.png","width":258,"height":100,"caption":"Pontes Editores"},"image":{"@id":"https:\/\/ponteseditores.com.br\/loja3\/#\/schema\/logo\/image\/"}}]}},"_links":{"self":[{"href":"https:\/\/ponteseditores.com.br\/loja3\/wp-json\/wp\/v2\/product\/10844","targetHints":{"allow":["GET"]}}],"collection":[{"href":"https:\/\/ponteseditores.com.br\/loja3\/wp-json\/wp\/v2\/product"}],"about":[{"href":"https:\/\/ponteseditores.com.br\/loja3\/wp-json\/wp\/v2\/types\/product"}],"replies":[{"embeddable":true,"href":"https:\/\/ponteseditores.com.br\/loja3\/wp-json\/wp\/v2\/comments?post=10844"}],"version-history":[{"count":1,"href":"https:\/\/ponteseditores.com.br\/loja3\/wp-json\/wp\/v2\/product\/10844\/revisions"}],"predecessor-version":[{"id":10846,"href":"https:\/\/ponteseditores.com.br\/loja3\/wp-json\/wp\/v2\/product\/10844\/revisions\/10846"}],"wp:featuredmedia":[{"embeddable":true,"href":"https:\/\/ponteseditores.com.br\/loja3\/wp-json\/wp\/v2\/media\/10845"}],"wp:attachment":[{"href":"https:\/\/ponteseditores.com.br\/loja3\/wp-json\/wp\/v2\/media?parent=10844"}],"wp:term":[{"taxonomy":"product_brand","embeddable":true,"href":"https:\/\/ponteseditores.com.br\/loja3\/wp-json\/wp\/v2\/product_brand?post=10844"},{"taxonomy":"product_cat","embeddable":true,"href":"https:\/\/ponteseditores.com.br\/loja3\/wp-json\/wp\/v2\/product_cat?post=10844"},{"taxonomy":"product_tag","embeddable":true,"href":"https:\/\/ponteseditores.com.br\/loja3\/wp-json\/wp\/v2\/product_tag?post=10844"}],"curies":[{"name":"wp","href":"https:\/\/api.w.org\/{rel}","templated":true}]}}