{"id":10836,"date":"2024-03-08T11:04:24","date_gmt":"2024-03-08T14:04:24","guid":{"rendered":"https:\/\/ponteseditores.com.br\/loja3\/?post_type=product&#038;p=10836"},"modified":"2024-03-08T11:04:24","modified_gmt":"2024-03-08T14:04:24","slug":"o-espaco-do-fabuloso-representacoes-de-animais-e-monstros-na-ceramica-corintia-vii-vi-seculos-a-c","status":"publish","type":"product","link":"https:\/\/ponteseditores.com.br\/loja3\/pontes-editores-home-2__trashed\/lancamento\/o-espaco-do-fabuloso-representacoes-de-animais-e-monstros-na-ceramica-corintia-vii-vi-seculos-a-c\/","title":{"rendered":"O \u201cespa\u00e7o do fabuloso\u201d: representa\u00e7\u00f5es de animais e monstros na cer\u00e2mica cor\u00edntia (VII-VI s\u00e9culos a.C.)"},"content":{"rendered":"<p>&nbsp;<\/p>\n<p>\u201cO objetivo de compreender as narrativas pict\u00f3ricas, elaboradas pelos pintores de vasos domiciliados no Istmo de Corinto, durante os s\u00e9culos VII e VI a. C., a partir das representa\u00e7\u00f5es de animais e \u201cmonstros\u201d (&#8230;) foi amplamente atingido. O autor buscou comprovar que muitos destes s\u00edmbolos foram \u201cimportados\u201d do Oriente Pr\u00f3ximo, num fen\u00f4meno hist\u00f3rico de adequa\u00e7\u00e3o e sele\u00e7\u00e3o de conte\u00fados pict\u00f3ricos que se pode denominar de \u201corientalizante\u201d.<\/p>\n<p>Os artes\u00e3os demonstravam sua t\u00e9cnica e seu talento por interm\u00e9dio da escolha destes signos, que pareciam agradar muito aos clientes, tanto que se repetiram em v\u00e1rios suportes, muito deles encontrados em ambientes funer\u00e1rios dentro e fora da Pen\u00ednsula Balc\u00e2nica, das C\u00edclades, da \u00c1sia Menor e da chamada Magna Gr\u00e9cia.\u201d<\/p>\n<p>Ana Teresa Marques Gon\u00e7alves (UFG)<\/p>\n","protected":false},"excerpt":{"rendered":"<p>&nbsp; \u201cO objetivo de compreender as narrativas pict\u00f3ricas, elaboradas pelos pintores de vasos domiciliados no Istmo de Corinto, durante os s\u00e9culos VII e VI a. C., a partir das representa\u00e7\u00f5es de animais e \u201cmonstros\u201d (&#8230;) foi amplamente atingido. O autor buscou comprovar que muitos destes s\u00edmbolos foram \u201cimportados\u201d do Oriente Pr\u00f3ximo, num fen\u00f4meno hist\u00f3rico de [&hellip;]<\/p>\n","protected":false},"featured_media":10837,"comment_status":"open","ping_status":"closed","template":"","meta":{"_joinchat":[]},"product_brand":[],"product_cat":[341,273,167],"product_tag":[],"class_list":{"0":"post-10836","1":"product","2":"type-product","3":"status-publish","4":"has-post-thumbnail","6":"product_cat-arte","7":"product_cat-historia","8":"product_cat-lancamento","10":"first","11":"instock","12":"shipping-taxable","13":"purchasable","14":"product-type-simple"},"yoast_head":"<!-- This site is optimized with the Yoast SEO plugin v27.4 - https:\/\/yoast.com\/product\/yoast-seo-wordpress\/ -->\n<title>O \u201cespa\u00e7o do fabuloso\u201d: representa\u00e7\u00f5es de animais e monstros na cer\u00e2mica cor\u00edntia (VII-VI s\u00e9culos a.C.) - Pontes Editores<\/title>\n<meta name=\"robots\" content=\"index, follow, max-snippet:-1, max-image-preview:large, max-video-preview:-1\" \/>\n<link rel=\"canonical\" href=\"https:\/\/ponteseditores.com.br\/loja3\/pontes-editores-home-2__trashed\/lancamento\/o-espaco-do-fabuloso-representacoes-de-animais-e-monstros-na-ceramica-corintia-vii-vi-seculos-a-c\/\" \/>\n<meta property=\"og:locale\" content=\"pt_BR\" \/>\n<meta property=\"og:type\" content=\"article\" \/>\n<meta property=\"og:title\" content=\"O \u201cespa\u00e7o do fabuloso\u201d: representa\u00e7\u00f5es de animais e monstros na cer\u00e2mica cor\u00edntia (VII-VI s\u00e9culos a.C.) - Pontes Editores\" \/>\n<meta property=\"og:description\" content=\"&nbsp; \u201cO objetivo de compreender as narrativas pict\u00f3ricas, elaboradas pelos pintores de vasos domiciliados no Istmo de Corinto, durante os s\u00e9culos VII e VI a. C., a partir das representa\u00e7\u00f5es de animais e \u201cmonstros\u201d (&#8230;) foi amplamente atingido. O autor buscou comprovar que muitos destes s\u00edmbolos foram \u201cimportados\u201d do Oriente Pr\u00f3ximo, num fen\u00f4meno hist\u00f3rico de [&hellip;]\" \/>\n<meta property=\"og:url\" content=\"https:\/\/ponteseditores.com.br\/loja3\/pontes-editores-home-2__trashed\/lancamento\/o-espaco-do-fabuloso-representacoes-de-animais-e-monstros-na-ceramica-corintia-vii-vi-seculos-a-c\/\" \/>\n<meta property=\"og:site_name\" content=\"Pontes Editores\" \/>\n<meta property=\"og:image\" content=\"https:\/\/ponteseditores.com.br\/loja3\/wp-content\/uploads\/2024\/03\/Capa_Espaco_do_Fabuloso.jpg\" \/>\n\t<meta property=\"og:image:width\" content=\"1728\" \/>\n\t<meta property=\"og:image:height\" content=\"2443\" \/>\n\t<meta property=\"og:image:type\" content=\"image\/jpeg\" \/>\n<meta name=\"twitter:card\" content=\"summary_large_image\" \/>\n<meta name=\"twitter:label1\" content=\"Est. tempo de leitura\" \/>\n\t<meta name=\"twitter:data1\" content=\"1 minuto\" \/>\n<script type=\"application\/ld+json\" class=\"yoast-schema-graph\">{\"@context\":\"https:\\\/\\\/schema.org\",\"@graph\":[{\"@type\":\"WebPage\",\"@id\":\"https:\\\/\\\/ponteseditores.com.br\\\/loja3\\\/pontes-editores-home-2__trashed\\\/lancamento\\\/o-espaco-do-fabuloso-representacoes-de-animais-e-monstros-na-ceramica-corintia-vii-vi-seculos-a-c\\\/\",\"url\":\"https:\\\/\\\/ponteseditores.com.br\\\/loja3\\\/pontes-editores-home-2__trashed\\\/lancamento\\\/o-espaco-do-fabuloso-representacoes-de-animais-e-monstros-na-ceramica-corintia-vii-vi-seculos-a-c\\\/\",\"name\":\"O \u201cespa\u00e7o do fabuloso\u201d: representa\u00e7\u00f5es de animais e monstros na cer\u00e2mica cor\u00edntia (VII-VI s\u00e9culos a.C.) - Pontes Editores\",\"isPartOf\":{\"@id\":\"https:\\\/\\\/ponteseditores.com.br\\\/loja3\\\/#website\"},\"primaryImageOfPage\":{\"@id\":\"https:\\\/\\\/ponteseditores.com.br\\\/loja3\\\/pontes-editores-home-2__trashed\\\/lancamento\\\/o-espaco-do-fabuloso-representacoes-de-animais-e-monstros-na-ceramica-corintia-vii-vi-seculos-a-c\\\/#primaryimage\"},\"image\":{\"@id\":\"https:\\\/\\\/ponteseditores.com.br\\\/loja3\\\/pontes-editores-home-2__trashed\\\/lancamento\\\/o-espaco-do-fabuloso-representacoes-de-animais-e-monstros-na-ceramica-corintia-vii-vi-seculos-a-c\\\/#primaryimage\"},\"thumbnailUrl\":\"https:\\\/\\\/ponteseditores.com.br\\\/loja3\\\/wp-content\\\/uploads\\\/2024\\\/03\\\/Capa_Espaco_do_Fabuloso.jpg\",\"datePublished\":\"2024-03-08T14:04:24+00:00\",\"breadcrumb\":{\"@id\":\"https:\\\/\\\/ponteseditores.com.br\\\/loja3\\\/pontes-editores-home-2__trashed\\\/lancamento\\\/o-espaco-do-fabuloso-representacoes-de-animais-e-monstros-na-ceramica-corintia-vii-vi-seculos-a-c\\\/#breadcrumb\"},\"inLanguage\":\"pt-BR\",\"potentialAction\":[{\"@type\":\"ReadAction\",\"target\":[\"https:\\\/\\\/ponteseditores.com.br\\\/loja3\\\/pontes-editores-home-2__trashed\\\/lancamento\\\/o-espaco-do-fabuloso-representacoes-de-animais-e-monstros-na-ceramica-corintia-vii-vi-seculos-a-c\\\/\"]}]},{\"@type\":\"ImageObject\",\"inLanguage\":\"pt-BR\",\"@id\":\"https:\\\/\\\/ponteseditores.com.br\\\/loja3\\\/pontes-editores-home-2__trashed\\\/lancamento\\\/o-espaco-do-fabuloso-representacoes-de-animais-e-monstros-na-ceramica-corintia-vii-vi-seculos-a-c\\\/#primaryimage\",\"url\":\"https:\\\/\\\/ponteseditores.com.br\\\/loja3\\\/wp-content\\\/uploads\\\/2024\\\/03\\\/Capa_Espaco_do_Fabuloso.jpg\",\"contentUrl\":\"https:\\\/\\\/ponteseditores.com.br\\\/loja3\\\/wp-content\\\/uploads\\\/2024\\\/03\\\/Capa_Espaco_do_Fabuloso.jpg\",\"width\":1728,\"height\":2443},{\"@type\":\"BreadcrumbList\",\"@id\":\"https:\\\/\\\/ponteseditores.com.br\\\/loja3\\\/pontes-editores-home-2__trashed\\\/lancamento\\\/o-espaco-do-fabuloso-representacoes-de-animais-e-monstros-na-ceramica-corintia-vii-vi-seculos-a-c\\\/#breadcrumb\",\"itemListElement\":[{\"@type\":\"ListItem\",\"position\":1,\"name\":\"Home\",\"item\":\"https:\\\/\\\/ponteseditores.com.br\\\/loja3\\\/\"},{\"@type\":\"ListItem\",\"position\":2,\"name\":\"loja\",\"item\":\"https:\\\/\\\/ponteseditores.com.br\\\/loja3\\\/loja\\\/\"},{\"@type\":\"ListItem\",\"position\":3,\"name\":\"O \u201cespa\u00e7o do fabuloso\u201d: representa\u00e7\u00f5es de animais e monstros na cer\u00e2mica cor\u00edntia (VII-VI s\u00e9culos a.C.)\"}]},{\"@type\":\"WebSite\",\"@id\":\"https:\\\/\\\/ponteseditores.com.br\\\/loja3\\\/#website\",\"url\":\"https:\\\/\\\/ponteseditores.com.br\\\/loja3\\\/\",\"name\":\"Pontes Editores\",\"description\":\"Pontes Editores\",\"publisher\":{\"@id\":\"https:\\\/\\\/ponteseditores.com.br\\\/loja3\\\/#organization\"},\"potentialAction\":[{\"@type\":\"SearchAction\",\"target\":{\"@type\":\"EntryPoint\",\"urlTemplate\":\"https:\\\/\\\/ponteseditores.com.br\\\/loja3\\\/?s={search_term_string}\"},\"query-input\":{\"@type\":\"PropertyValueSpecification\",\"valueRequired\":true,\"valueName\":\"search_term_string\"}}],\"inLanguage\":\"pt-BR\"},{\"@type\":\"Organization\",\"@id\":\"https:\\\/\\\/ponteseditores.com.br\\\/loja3\\\/#organization\",\"name\":\"Pontes Editores\",\"url\":\"https:\\\/\\\/ponteseditores.com.br\\\/loja3\\\/\",\"logo\":{\"@type\":\"ImageObject\",\"inLanguage\":\"pt-BR\",\"@id\":\"https:\\\/\\\/ponteseditores.com.br\\\/loja3\\\/#\\\/schema\\\/logo\\\/image\\\/\",\"url\":\"https:\\\/\\\/ponteseditores.com.br\\\/loja3\\\/wp-content\\\/uploads\\\/2023\\\/12\\\/logo-pontes-editores-v2.png\",\"contentUrl\":\"https:\\\/\\\/ponteseditores.com.br\\\/loja3\\\/wp-content\\\/uploads\\\/2023\\\/12\\\/logo-pontes-editores-v2.png\",\"width\":258,\"height\":100,\"caption\":\"Pontes Editores\"},\"image\":{\"@id\":\"https:\\\/\\\/ponteseditores.com.br\\\/loja3\\\/#\\\/schema\\\/logo\\\/image\\\/\"}}]}<\/script>\n<!-- \/ Yoast SEO plugin. -->","yoast_head_json":{"title":"O \u201cespa\u00e7o do fabuloso\u201d: representa\u00e7\u00f5es de animais e monstros na cer\u00e2mica cor\u00edntia (VII-VI s\u00e9culos a.C.) - Pontes Editores","robots":{"index":"index","follow":"follow","max-snippet":"max-snippet:-1","max-image-preview":"max-image-preview:large","max-video-preview":"max-video-preview:-1"},"canonical":"https:\/\/ponteseditores.com.br\/loja3\/pontes-editores-home-2__trashed\/lancamento\/o-espaco-do-fabuloso-representacoes-de-animais-e-monstros-na-ceramica-corintia-vii-vi-seculos-a-c\/","og_locale":"pt_BR","og_type":"article","og_title":"O \u201cespa\u00e7o do fabuloso\u201d: representa\u00e7\u00f5es de animais e monstros na cer\u00e2mica cor\u00edntia (VII-VI s\u00e9culos a.C.) - Pontes Editores","og_description":"&nbsp; \u201cO objetivo de compreender as narrativas pict\u00f3ricas, elaboradas pelos pintores de vasos domiciliados no Istmo de Corinto, durante os s\u00e9culos VII e VI a. C., a partir das representa\u00e7\u00f5es de animais e \u201cmonstros\u201d (&#8230;) foi amplamente atingido. O autor buscou comprovar que muitos destes s\u00edmbolos foram \u201cimportados\u201d do Oriente Pr\u00f3ximo, num fen\u00f4meno hist\u00f3rico de [&hellip;]","og_url":"https:\/\/ponteseditores.com.br\/loja3\/pontes-editores-home-2__trashed\/lancamento\/o-espaco-do-fabuloso-representacoes-de-animais-e-monstros-na-ceramica-corintia-vii-vi-seculos-a-c\/","og_site_name":"Pontes Editores","og_image":[{"width":1728,"height":2443,"url":"https:\/\/ponteseditores.com.br\/loja3\/wp-content\/uploads\/2024\/03\/Capa_Espaco_do_Fabuloso.jpg","type":"image\/jpeg"}],"twitter_card":"summary_large_image","twitter_misc":{"Est. tempo de leitura":"1 minuto"},"schema":{"@context":"https:\/\/schema.org","@graph":[{"@type":"WebPage","@id":"https:\/\/ponteseditores.com.br\/loja3\/pontes-editores-home-2__trashed\/lancamento\/o-espaco-do-fabuloso-representacoes-de-animais-e-monstros-na-ceramica-corintia-vii-vi-seculos-a-c\/","url":"https:\/\/ponteseditores.com.br\/loja3\/pontes-editores-home-2__trashed\/lancamento\/o-espaco-do-fabuloso-representacoes-de-animais-e-monstros-na-ceramica-corintia-vii-vi-seculos-a-c\/","name":"O \u201cespa\u00e7o do fabuloso\u201d: representa\u00e7\u00f5es de animais e monstros na cer\u00e2mica cor\u00edntia (VII-VI s\u00e9culos a.C.) - Pontes Editores","isPartOf":{"@id":"https:\/\/ponteseditores.com.br\/loja3\/#website"},"primaryImageOfPage":{"@id":"https:\/\/ponteseditores.com.br\/loja3\/pontes-editores-home-2__trashed\/lancamento\/o-espaco-do-fabuloso-representacoes-de-animais-e-monstros-na-ceramica-corintia-vii-vi-seculos-a-c\/#primaryimage"},"image":{"@id":"https:\/\/ponteseditores.com.br\/loja3\/pontes-editores-home-2__trashed\/lancamento\/o-espaco-do-fabuloso-representacoes-de-animais-e-monstros-na-ceramica-corintia-vii-vi-seculos-a-c\/#primaryimage"},"thumbnailUrl":"https:\/\/ponteseditores.com.br\/loja3\/wp-content\/uploads\/2024\/03\/Capa_Espaco_do_Fabuloso.jpg","datePublished":"2024-03-08T14:04:24+00:00","breadcrumb":{"@id":"https:\/\/ponteseditores.com.br\/loja3\/pontes-editores-home-2__trashed\/lancamento\/o-espaco-do-fabuloso-representacoes-de-animais-e-monstros-na-ceramica-corintia-vii-vi-seculos-a-c\/#breadcrumb"},"inLanguage":"pt-BR","potentialAction":[{"@type":"ReadAction","target":["https:\/\/ponteseditores.com.br\/loja3\/pontes-editores-home-2__trashed\/lancamento\/o-espaco-do-fabuloso-representacoes-de-animais-e-monstros-na-ceramica-corintia-vii-vi-seculos-a-c\/"]}]},{"@type":"ImageObject","inLanguage":"pt-BR","@id":"https:\/\/ponteseditores.com.br\/loja3\/pontes-editores-home-2__trashed\/lancamento\/o-espaco-do-fabuloso-representacoes-de-animais-e-monstros-na-ceramica-corintia-vii-vi-seculos-a-c\/#primaryimage","url":"https:\/\/ponteseditores.com.br\/loja3\/wp-content\/uploads\/2024\/03\/Capa_Espaco_do_Fabuloso.jpg","contentUrl":"https:\/\/ponteseditores.com.br\/loja3\/wp-content\/uploads\/2024\/03\/Capa_Espaco_do_Fabuloso.jpg","width":1728,"height":2443},{"@type":"BreadcrumbList","@id":"https:\/\/ponteseditores.com.br\/loja3\/pontes-editores-home-2__trashed\/lancamento\/o-espaco-do-fabuloso-representacoes-de-animais-e-monstros-na-ceramica-corintia-vii-vi-seculos-a-c\/#breadcrumb","itemListElement":[{"@type":"ListItem","position":1,"name":"Home","item":"https:\/\/ponteseditores.com.br\/loja3\/"},{"@type":"ListItem","position":2,"name":"loja","item":"https:\/\/ponteseditores.com.br\/loja3\/loja\/"},{"@type":"ListItem","position":3,"name":"O \u201cespa\u00e7o do fabuloso\u201d: representa\u00e7\u00f5es de animais e monstros na cer\u00e2mica cor\u00edntia (VII-VI s\u00e9culos a.C.)"}]},{"@type":"WebSite","@id":"https:\/\/ponteseditores.com.br\/loja3\/#website","url":"https:\/\/ponteseditores.com.br\/loja3\/","name":"Pontes Editores","description":"Pontes Editores","publisher":{"@id":"https:\/\/ponteseditores.com.br\/loja3\/#organization"},"potentialAction":[{"@type":"SearchAction","target":{"@type":"EntryPoint","urlTemplate":"https:\/\/ponteseditores.com.br\/loja3\/?s={search_term_string}"},"query-input":{"@type":"PropertyValueSpecification","valueRequired":true,"valueName":"search_term_string"}}],"inLanguage":"pt-BR"},{"@type":"Organization","@id":"https:\/\/ponteseditores.com.br\/loja3\/#organization","name":"Pontes Editores","url":"https:\/\/ponteseditores.com.br\/loja3\/","logo":{"@type":"ImageObject","inLanguage":"pt-BR","@id":"https:\/\/ponteseditores.com.br\/loja3\/#\/schema\/logo\/image\/","url":"https:\/\/ponteseditores.com.br\/loja3\/wp-content\/uploads\/2023\/12\/logo-pontes-editores-v2.png","contentUrl":"https:\/\/ponteseditores.com.br\/loja3\/wp-content\/uploads\/2023\/12\/logo-pontes-editores-v2.png","width":258,"height":100,"caption":"Pontes Editores"},"image":{"@id":"https:\/\/ponteseditores.com.br\/loja3\/#\/schema\/logo\/image\/"}}]}},"_links":{"self":[{"href":"https:\/\/ponteseditores.com.br\/loja3\/wp-json\/wp\/v2\/product\/10836","targetHints":{"allow":["GET"]}}],"collection":[{"href":"https:\/\/ponteseditores.com.br\/loja3\/wp-json\/wp\/v2\/product"}],"about":[{"href":"https:\/\/ponteseditores.com.br\/loja3\/wp-json\/wp\/v2\/types\/product"}],"replies":[{"embeddable":true,"href":"https:\/\/ponteseditores.com.br\/loja3\/wp-json\/wp\/v2\/comments?post=10836"}],"version-history":[{"count":0,"href":"https:\/\/ponteseditores.com.br\/loja3\/wp-json\/wp\/v2\/product\/10836\/revisions"}],"wp:featuredmedia":[{"embeddable":true,"href":"https:\/\/ponteseditores.com.br\/loja3\/wp-json\/wp\/v2\/media\/10837"}],"wp:attachment":[{"href":"https:\/\/ponteseditores.com.br\/loja3\/wp-json\/wp\/v2\/media?parent=10836"}],"wp:term":[{"taxonomy":"product_brand","embeddable":true,"href":"https:\/\/ponteseditores.com.br\/loja3\/wp-json\/wp\/v2\/product_brand?post=10836"},{"taxonomy":"product_cat","embeddable":true,"href":"https:\/\/ponteseditores.com.br\/loja3\/wp-json\/wp\/v2\/product_cat?post=10836"},{"taxonomy":"product_tag","embeddable":true,"href":"https:\/\/ponteseditores.com.br\/loja3\/wp-json\/wp\/v2\/product_tag?post=10836"}],"curies":[{"name":"wp","href":"https:\/\/api.w.org\/{rel}","templated":true}]}}