{"id":105,"date":"2023-12-04T16:10:00","date_gmt":"2023-12-04T16:10:00","guid":{"rendered":"https:\/\/ponteseditores.com.br\/loja3\/?post_type=product&#038;p=105"},"modified":"2023-12-11T01:47:58","modified_gmt":"2023-12-11T04:47:58","slug":"a-arqueologia-de-foucault-e-as-ciencias-do-social","status":"publish","type":"product","link":"https:\/\/ponteseditores.com.br\/loja3\/pontes-editores-home-2__trashed\/ciencia-sociais\/a-arqueologia-de-foucault-e-as-ciencias-do-social\/","title":{"rendered":"A ARQUEOLOGIA DE FOUCAULT E AS CI\u00caNCIAS DO SOCIAL"},"content":{"rendered":"<p>Todo trabalho de pesquisa encaminhado \u00e0 publica\u00e7\u00e3o j\u00e1 \u00e9 um discurso aberto na medida em que atinge sua audi\u00eancia para expandir o conhecimento produzido e enriquecer a semiosfera do nosso planeta, aberta a um espa\u00e7o c\u00f3smico mais amplo. <\/p>\n<p>Ao mesmo tempo, est\u00e1 sempre pronto para voltar ao seu ber\u00e7o quando o momento parecer adequado. As ideias de Michel Foucault est\u00e3o entre aquelas que voltam a ser relidas por novas gera\u00e7\u00f5es de pesquisadores que participam no processo de reexame da hist\u00f3ria das humanidades e das ci\u00eancias sociais para, com isso, modelar novas teorias sobre os comportamentos mentais e comunicativos, assim como reformular as teorias existentes para mant\u00ea-las responsivas \u00e0s experi\u00eancias humanas atuais. Esta monografia escrita por Est\u00eav\u00e3o Freixo explora as ideias introduzidas em duas obras de Foucault: A Arqueologia do Saber (1969), e A Ordem do Discurso (1971), cada uma delas como se ecoasse a outra \u00e0 \u00e9poca de sua produ\u00e7\u00e3o. Como o autor da monografia (Est\u00eav\u00e3o Freixo) aceita com certa surpresa, o pr\u00f3prio processo de escrita sobre Foucault lhe trouxe uma perspectiva bastante diferente (do que ele tinha antes) para a leitura de outros te\u00f3ricos nas \u00e1reas do discurso, da comunica\u00e7\u00e3o e da a\u00e7\u00e3o social, especialmente Bachelard, Marx, Bakhtin e Braudel. <\/p>\n<p>De fato, tal rea\u00e7\u00e3o parece natural, j\u00e1 que a escrita de Foucault inscreve os ambientes intelectual, filos\u00f3fico e epistemol\u00f3gico que s\u00e3o o esp\u00edrito de uma \u00e9poca de intelectuais abertos a uma nova forma de pensamento \u2013 interdisciplinar, dial\u00f3gica e multidimensional. Eu definitivamente recomendo a leitura desta monografia, que representa o autor de uma nova gera\u00e7\u00e3o de pesquisadores, para que, junto dele, possam experimentar esse esp\u00edrito de reformula\u00e7\u00e3o, que \u00e9 tamb\u00e9m o esp\u00edrito de renova\u00e7\u00e3o das experi\u00eancias intelectuais. Irina Oukhvanova, fundadora, coeditora e coautora da s\u00e9rie cient\u00edfica \u201cDiscourse Linguistics and Beyond\u201d<\/p>\n","protected":false},"excerpt":{"rendered":"<p>Todo trabalho de pesquisa encaminhado \u00e0 publica\u00e7\u00e3o j\u00e1 \u00e9 um discurso aberto na medida em que atinge sua audi\u00eancia para expandir o conhecimento produzido e enriquecer a semiosfera do nosso planeta, aberta a um espa\u00e7o c\u00f3smico mais amplo. <\/p>\n","protected":false},"featured_media":106,"comment_status":"open","ping_status":"closed","template":"","meta":{"_joinchat":[]},"product_brand":[],"product_cat":[30,31],"product_tag":[],"class_list":{"0":"post-105","1":"product","2":"type-product","3":"status-publish","4":"has-post-thumbnail","6":"product_cat-ciencia-sociais","7":"product_cat-linguistica","9":"first","10":"instock","11":"shipping-taxable","12":"purchasable","13":"product-type-simple"},"yoast_head":"<!-- This site is optimized with the Yoast SEO plugin v27.4 - https:\/\/yoast.com\/product\/yoast-seo-wordpress\/ -->\n<title>A ARQUEOLOGIA DE FOUCAULT E AS CI\u00caNCIAS DO SOCIAL - Pontes Editores<\/title>\n<meta name=\"description\" content=\"Todo trabalho de pesquisa encaminhado \u00e0 publica\u00e7\u00e3o j\u00e1 \u00e9 um discurso aberto na medida em que atinge sua audi\u00eancia para expandir o conhecimento produzido e enriquecer a semiosfera do nosso planeta, aberta a um espa\u00e7o c\u00f3smico mais amplo.\" \/>\n<meta name=\"robots\" content=\"index, follow, max-snippet:-1, max-image-preview:large, max-video-preview:-1\" \/>\n<link rel=\"canonical\" href=\"https:\/\/ponteseditores.com.br\/loja3\/pontes-editores-home-2__trashed\/ciencia-sociais\/a-arqueologia-de-foucault-e-as-ciencias-do-social\/\" \/>\n<meta property=\"og:locale\" content=\"pt_BR\" \/>\n<meta property=\"og:type\" content=\"article\" \/>\n<meta property=\"og:title\" content=\"A ARQUEOLOGIA DE FOUCAULT E AS CI\u00caNCIAS DO SOCIAL - Pontes Editores\" \/>\n<meta property=\"og:description\" content=\"Todo trabalho de pesquisa encaminhado \u00e0 publica\u00e7\u00e3o j\u00e1 \u00e9 um discurso aberto na medida em que atinge sua audi\u00eancia para expandir o conhecimento produzido e enriquecer a semiosfera do nosso planeta, aberta a um espa\u00e7o c\u00f3smico mais amplo.\" \/>\n<meta property=\"og:url\" content=\"https:\/\/ponteseditores.com.br\/loja3\/pontes-editores-home-2__trashed\/ciencia-sociais\/a-arqueologia-de-foucault-e-as-ciencias-do-social\/\" \/>\n<meta property=\"og:site_name\" content=\"Pontes Editores\" \/>\n<meta property=\"article:modified_time\" content=\"2023-12-11T04:47:58+00:00\" \/>\n<meta property=\"og:image\" content=\"https:\/\/ponteseditores.com.br\/loja3\/wp-content\/uploads\/2023\/12\/a-arqueologia-de-foucault-e-as-ciencias-do-social-capa-.jpg\" \/>\n\t<meta property=\"og:image:width\" content=\"1728\" \/>\n\t<meta property=\"og:image:height\" content=\"2443\" \/>\n\t<meta property=\"og:image:type\" content=\"image\/jpeg\" \/>\n<meta name=\"twitter:card\" content=\"summary_large_image\" \/>\n<meta name=\"twitter:label1\" content=\"Est. tempo de leitura\" \/>\n\t<meta name=\"twitter:data1\" content=\"2 minutos\" \/>\n<script type=\"application\/ld+json\" class=\"yoast-schema-graph\">{\"@context\":\"https:\\\/\\\/schema.org\",\"@graph\":[{\"@type\":\"WebPage\",\"@id\":\"https:\\\/\\\/ponteseditores.com.br\\\/loja3\\\/pontes-editores-home-2__trashed\\\/ciencia-sociais\\\/a-arqueologia-de-foucault-e-as-ciencias-do-social\\\/\",\"url\":\"https:\\\/\\\/ponteseditores.com.br\\\/loja3\\\/pontes-editores-home-2__trashed\\\/ciencia-sociais\\\/a-arqueologia-de-foucault-e-as-ciencias-do-social\\\/\",\"name\":\"A ARQUEOLOGIA DE FOUCAULT E AS CI\u00caNCIAS DO SOCIAL - Pontes Editores\",\"isPartOf\":{\"@id\":\"https:\\\/\\\/ponteseditores.com.br\\\/loja3\\\/#website\"},\"primaryImageOfPage\":{\"@id\":\"https:\\\/\\\/ponteseditores.com.br\\\/loja3\\\/pontes-editores-home-2__trashed\\\/ciencia-sociais\\\/a-arqueologia-de-foucault-e-as-ciencias-do-social\\\/#primaryimage\"},\"image\":{\"@id\":\"https:\\\/\\\/ponteseditores.com.br\\\/loja3\\\/pontes-editores-home-2__trashed\\\/ciencia-sociais\\\/a-arqueologia-de-foucault-e-as-ciencias-do-social\\\/#primaryimage\"},\"thumbnailUrl\":\"https:\\\/\\\/ponteseditores.com.br\\\/loja3\\\/wp-content\\\/uploads\\\/2023\\\/12\\\/a-arqueologia-de-foucault-e-as-ciencias-do-social-capa-.jpg\",\"datePublished\":\"2023-12-04T16:10:00+00:00\",\"dateModified\":\"2023-12-11T04:47:58+00:00\",\"description\":\"Todo trabalho de pesquisa encaminhado \u00e0 publica\u00e7\u00e3o j\u00e1 \u00e9 um discurso aberto na medida em que atinge sua audi\u00eancia para expandir o conhecimento produzido e enriquecer a semiosfera do nosso planeta, aberta a um espa\u00e7o c\u00f3smico mais amplo.\",\"breadcrumb\":{\"@id\":\"https:\\\/\\\/ponteseditores.com.br\\\/loja3\\\/pontes-editores-home-2__trashed\\\/ciencia-sociais\\\/a-arqueologia-de-foucault-e-as-ciencias-do-social\\\/#breadcrumb\"},\"inLanguage\":\"pt-BR\",\"potentialAction\":[{\"@type\":\"ReadAction\",\"target\":[\"https:\\\/\\\/ponteseditores.com.br\\\/loja3\\\/pontes-editores-home-2__trashed\\\/ciencia-sociais\\\/a-arqueologia-de-foucault-e-as-ciencias-do-social\\\/\"]}]},{\"@type\":\"ImageObject\",\"inLanguage\":\"pt-BR\",\"@id\":\"https:\\\/\\\/ponteseditores.com.br\\\/loja3\\\/pontes-editores-home-2__trashed\\\/ciencia-sociais\\\/a-arqueologia-de-foucault-e-as-ciencias-do-social\\\/#primaryimage\",\"url\":\"https:\\\/\\\/ponteseditores.com.br\\\/loja3\\\/wp-content\\\/uploads\\\/2023\\\/12\\\/a-arqueologia-de-foucault-e-as-ciencias-do-social-capa-.jpg\",\"contentUrl\":\"https:\\\/\\\/ponteseditores.com.br\\\/loja3\\\/wp-content\\\/uploads\\\/2023\\\/12\\\/a-arqueologia-de-foucault-e-as-ciencias-do-social-capa-.jpg\",\"width\":1728,\"height\":2443},{\"@type\":\"BreadcrumbList\",\"@id\":\"https:\\\/\\\/ponteseditores.com.br\\\/loja3\\\/pontes-editores-home-2__trashed\\\/ciencia-sociais\\\/a-arqueologia-de-foucault-e-as-ciencias-do-social\\\/#breadcrumb\",\"itemListElement\":[{\"@type\":\"ListItem\",\"position\":1,\"name\":\"Home\",\"item\":\"https:\\\/\\\/ponteseditores.com.br\\\/loja3\\\/\"},{\"@type\":\"ListItem\",\"position\":2,\"name\":\"loja\",\"item\":\"https:\\\/\\\/ponteseditores.com.br\\\/loja3\\\/loja\\\/\"},{\"@type\":\"ListItem\",\"position\":3,\"name\":\"A ARQUEOLOGIA DE FOUCAULT E AS CI\u00caNCIAS DO SOCIAL\"}]},{\"@type\":\"WebSite\",\"@id\":\"https:\\\/\\\/ponteseditores.com.br\\\/loja3\\\/#website\",\"url\":\"https:\\\/\\\/ponteseditores.com.br\\\/loja3\\\/\",\"name\":\"Pontes Editores\",\"description\":\"Pontes Editores\",\"publisher\":{\"@id\":\"https:\\\/\\\/ponteseditores.com.br\\\/loja3\\\/#organization\"},\"potentialAction\":[{\"@type\":\"SearchAction\",\"target\":{\"@type\":\"EntryPoint\",\"urlTemplate\":\"https:\\\/\\\/ponteseditores.com.br\\\/loja3\\\/?s={search_term_string}\"},\"query-input\":{\"@type\":\"PropertyValueSpecification\",\"valueRequired\":true,\"valueName\":\"search_term_string\"}}],\"inLanguage\":\"pt-BR\"},{\"@type\":\"Organization\",\"@id\":\"https:\\\/\\\/ponteseditores.com.br\\\/loja3\\\/#organization\",\"name\":\"Pontes Editores\",\"url\":\"https:\\\/\\\/ponteseditores.com.br\\\/loja3\\\/\",\"logo\":{\"@type\":\"ImageObject\",\"inLanguage\":\"pt-BR\",\"@id\":\"https:\\\/\\\/ponteseditores.com.br\\\/loja3\\\/#\\\/schema\\\/logo\\\/image\\\/\",\"url\":\"https:\\\/\\\/ponteseditores.com.br\\\/loja3\\\/wp-content\\\/uploads\\\/2023\\\/12\\\/logo-pontes-editores-v2.png\",\"contentUrl\":\"https:\\\/\\\/ponteseditores.com.br\\\/loja3\\\/wp-content\\\/uploads\\\/2023\\\/12\\\/logo-pontes-editores-v2.png\",\"width\":258,\"height\":100,\"caption\":\"Pontes Editores\"},\"image\":{\"@id\":\"https:\\\/\\\/ponteseditores.com.br\\\/loja3\\\/#\\\/schema\\\/logo\\\/image\\\/\"}}]}<\/script>\n<!-- \/ Yoast SEO plugin. -->","yoast_head_json":{"title":"A ARQUEOLOGIA DE FOUCAULT E AS CI\u00caNCIAS DO SOCIAL - Pontes Editores","description":"Todo trabalho de pesquisa encaminhado \u00e0 publica\u00e7\u00e3o j\u00e1 \u00e9 um discurso aberto na medida em que atinge sua audi\u00eancia para expandir o conhecimento produzido e enriquecer a semiosfera do nosso planeta, aberta a um espa\u00e7o c\u00f3smico mais amplo.","robots":{"index":"index","follow":"follow","max-snippet":"max-snippet:-1","max-image-preview":"max-image-preview:large","max-video-preview":"max-video-preview:-1"},"canonical":"https:\/\/ponteseditores.com.br\/loja3\/pontes-editores-home-2__trashed\/ciencia-sociais\/a-arqueologia-de-foucault-e-as-ciencias-do-social\/","og_locale":"pt_BR","og_type":"article","og_title":"A ARQUEOLOGIA DE FOUCAULT E AS CI\u00caNCIAS DO SOCIAL - Pontes Editores","og_description":"Todo trabalho de pesquisa encaminhado \u00e0 publica\u00e7\u00e3o j\u00e1 \u00e9 um discurso aberto na medida em que atinge sua audi\u00eancia para expandir o conhecimento produzido e enriquecer a semiosfera do nosso planeta, aberta a um espa\u00e7o c\u00f3smico mais amplo.","og_url":"https:\/\/ponteseditores.com.br\/loja3\/pontes-editores-home-2__trashed\/ciencia-sociais\/a-arqueologia-de-foucault-e-as-ciencias-do-social\/","og_site_name":"Pontes Editores","article_modified_time":"2023-12-11T04:47:58+00:00","og_image":[{"width":1728,"height":2443,"url":"https:\/\/ponteseditores.com.br\/loja3\/wp-content\/uploads\/2023\/12\/a-arqueologia-de-foucault-e-as-ciencias-do-social-capa-.jpg","type":"image\/jpeg"}],"twitter_card":"summary_large_image","twitter_misc":{"Est. tempo de leitura":"2 minutos"},"schema":{"@context":"https:\/\/schema.org","@graph":[{"@type":"WebPage","@id":"https:\/\/ponteseditores.com.br\/loja3\/pontes-editores-home-2__trashed\/ciencia-sociais\/a-arqueologia-de-foucault-e-as-ciencias-do-social\/","url":"https:\/\/ponteseditores.com.br\/loja3\/pontes-editores-home-2__trashed\/ciencia-sociais\/a-arqueologia-de-foucault-e-as-ciencias-do-social\/","name":"A ARQUEOLOGIA DE FOUCAULT E AS CI\u00caNCIAS DO SOCIAL - Pontes Editores","isPartOf":{"@id":"https:\/\/ponteseditores.com.br\/loja3\/#website"},"primaryImageOfPage":{"@id":"https:\/\/ponteseditores.com.br\/loja3\/pontes-editores-home-2__trashed\/ciencia-sociais\/a-arqueologia-de-foucault-e-as-ciencias-do-social\/#primaryimage"},"image":{"@id":"https:\/\/ponteseditores.com.br\/loja3\/pontes-editores-home-2__trashed\/ciencia-sociais\/a-arqueologia-de-foucault-e-as-ciencias-do-social\/#primaryimage"},"thumbnailUrl":"https:\/\/ponteseditores.com.br\/loja3\/wp-content\/uploads\/2023\/12\/a-arqueologia-de-foucault-e-as-ciencias-do-social-capa-.jpg","datePublished":"2023-12-04T16:10:00+00:00","dateModified":"2023-12-11T04:47:58+00:00","description":"Todo trabalho de pesquisa encaminhado \u00e0 publica\u00e7\u00e3o j\u00e1 \u00e9 um discurso aberto na medida em que atinge sua audi\u00eancia para expandir o conhecimento produzido e enriquecer a semiosfera do nosso planeta, aberta a um espa\u00e7o c\u00f3smico mais amplo.","breadcrumb":{"@id":"https:\/\/ponteseditores.com.br\/loja3\/pontes-editores-home-2__trashed\/ciencia-sociais\/a-arqueologia-de-foucault-e-as-ciencias-do-social\/#breadcrumb"},"inLanguage":"pt-BR","potentialAction":[{"@type":"ReadAction","target":["https:\/\/ponteseditores.com.br\/loja3\/pontes-editores-home-2__trashed\/ciencia-sociais\/a-arqueologia-de-foucault-e-as-ciencias-do-social\/"]}]},{"@type":"ImageObject","inLanguage":"pt-BR","@id":"https:\/\/ponteseditores.com.br\/loja3\/pontes-editores-home-2__trashed\/ciencia-sociais\/a-arqueologia-de-foucault-e-as-ciencias-do-social\/#primaryimage","url":"https:\/\/ponteseditores.com.br\/loja3\/wp-content\/uploads\/2023\/12\/a-arqueologia-de-foucault-e-as-ciencias-do-social-capa-.jpg","contentUrl":"https:\/\/ponteseditores.com.br\/loja3\/wp-content\/uploads\/2023\/12\/a-arqueologia-de-foucault-e-as-ciencias-do-social-capa-.jpg","width":1728,"height":2443},{"@type":"BreadcrumbList","@id":"https:\/\/ponteseditores.com.br\/loja3\/pontes-editores-home-2__trashed\/ciencia-sociais\/a-arqueologia-de-foucault-e-as-ciencias-do-social\/#breadcrumb","itemListElement":[{"@type":"ListItem","position":1,"name":"Home","item":"https:\/\/ponteseditores.com.br\/loja3\/"},{"@type":"ListItem","position":2,"name":"loja","item":"https:\/\/ponteseditores.com.br\/loja3\/loja\/"},{"@type":"ListItem","position":3,"name":"A ARQUEOLOGIA DE FOUCAULT E AS CI\u00caNCIAS DO SOCIAL"}]},{"@type":"WebSite","@id":"https:\/\/ponteseditores.com.br\/loja3\/#website","url":"https:\/\/ponteseditores.com.br\/loja3\/","name":"Pontes Editores","description":"Pontes Editores","publisher":{"@id":"https:\/\/ponteseditores.com.br\/loja3\/#organization"},"potentialAction":[{"@type":"SearchAction","target":{"@type":"EntryPoint","urlTemplate":"https:\/\/ponteseditores.com.br\/loja3\/?s={search_term_string}"},"query-input":{"@type":"PropertyValueSpecification","valueRequired":true,"valueName":"search_term_string"}}],"inLanguage":"pt-BR"},{"@type":"Organization","@id":"https:\/\/ponteseditores.com.br\/loja3\/#organization","name":"Pontes Editores","url":"https:\/\/ponteseditores.com.br\/loja3\/","logo":{"@type":"ImageObject","inLanguage":"pt-BR","@id":"https:\/\/ponteseditores.com.br\/loja3\/#\/schema\/logo\/image\/","url":"https:\/\/ponteseditores.com.br\/loja3\/wp-content\/uploads\/2023\/12\/logo-pontes-editores-v2.png","contentUrl":"https:\/\/ponteseditores.com.br\/loja3\/wp-content\/uploads\/2023\/12\/logo-pontes-editores-v2.png","width":258,"height":100,"caption":"Pontes Editores"},"image":{"@id":"https:\/\/ponteseditores.com.br\/loja3\/#\/schema\/logo\/image\/"}}]}},"_links":{"self":[{"href":"https:\/\/ponteseditores.com.br\/loja3\/wp-json\/wp\/v2\/product\/105","targetHints":{"allow":["GET"]}}],"collection":[{"href":"https:\/\/ponteseditores.com.br\/loja3\/wp-json\/wp\/v2\/product"}],"about":[{"href":"https:\/\/ponteseditores.com.br\/loja3\/wp-json\/wp\/v2\/types\/product"}],"replies":[{"embeddable":true,"href":"https:\/\/ponteseditores.com.br\/loja3\/wp-json\/wp\/v2\/comments?post=105"}],"version-history":[{"count":0,"href":"https:\/\/ponteseditores.com.br\/loja3\/wp-json\/wp\/v2\/product\/105\/revisions"}],"wp:featuredmedia":[{"embeddable":true,"href":"https:\/\/ponteseditores.com.br\/loja3\/wp-json\/wp\/v2\/media\/106"}],"wp:attachment":[{"href":"https:\/\/ponteseditores.com.br\/loja3\/wp-json\/wp\/v2\/media?parent=105"}],"wp:term":[{"taxonomy":"product_brand","embeddable":true,"href":"https:\/\/ponteseditores.com.br\/loja3\/wp-json\/wp\/v2\/product_brand?post=105"},{"taxonomy":"product_cat","embeddable":true,"href":"https:\/\/ponteseditores.com.br\/loja3\/wp-json\/wp\/v2\/product_cat?post=105"},{"taxonomy":"product_tag","embeddable":true,"href":"https:\/\/ponteseditores.com.br\/loja3\/wp-json\/wp\/v2\/product_tag?post=105"}],"curies":[{"name":"wp","href":"https:\/\/api.w.org\/{rel}","templated":true}]}}