{"id":10477,"date":"2024-02-19T11:36:42","date_gmt":"2024-02-19T14:36:42","guid":{"rendered":"https:\/\/ponteseditores.com.br\/loja3\/?post_type=product&#038;p=10477"},"modified":"2024-02-19T11:36:43","modified_gmt":"2024-02-19T14:36:43","slug":"adoravel-dora","status":"publish","type":"product","link":"https:\/\/ponteseditores.com.br\/loja3\/pontes-editores-home-2__trashed\/literatura\/literatura-infantojuvenil\/adoravel-dora\/","title":{"rendered":"Ador\u00e1vel Dora"},"content":{"rendered":"<table style=\"height: 504px;\" width=\"1026\">\n<tbody>\n<tr>\n<td width=\"594\">Livro infantil fala de doa\u00e7\u00e3o e celebra a vida ! Tema \u00e9 inserido no universo das crian\u00e7as com leveza, bom humor e belas ilustra\u00e7\u00f5es. Quem pensa que doa\u00e7\u00e3o de \u00f3rg\u00e3os n\u00e3o \u00e9 assunto para crian\u00e7a est\u00e1 muito enganado. O livro escrito pelos transplantados Priscilla Pignolatti e Marcelo Gianesi \u00e9 uma prova disso. Voltado para o p\u00fablico infantil, &#8220;Ador\u00e1vel Dora&#8221;, da Pontes Editores, tem ilustra\u00e7\u00f5es de Andr\u00e9 Ceolin e utiliza situa\u00e7\u00f5es do dia a dia de sua personagem de oito anos para desvendar o tema e estimular a cultura da doa\u00e7\u00e3o de uma forma bem ampla e l\u00fadica. Seu lan\u00e7amento acontecer\u00e1 no dia 15 de setembro, \u00e0s 15hs, na Livraria Martins Fontes em S\u00e3o Paulo.<\/p>\n<p>O livro tem como personagem principal uma menina que vai vivendo situa\u00e7\u00f5es que t\u00eam como fio condutor o universo da doa\u00e7\u00e3o. Da transfus\u00e3o de sangue que o cachorro de seu av\u00f4 precisou, da prima que recebeu o rim do irm\u00e3o ou da boneca que precisou de pilhas novas para fazer o cora\u00e7\u00e3o bater de novo, ela desmistifica o tema com a simplicidade que s\u00f3 uma crian\u00e7a tem. Dora fala de doa\u00e7\u00e3o de sangue, de amor, brinquedos, vida, tempo, de carinho e por a\u00ed afora. &#8220;Ador\u00e1vel Dora&#8221;\u00a0 celebra a vida!<\/p>\n<p>Os autores do livro falam com propriedade sobre o assunto porque\u00a0 passaram pela experi\u00eancia de transplante na vida real. Priscilla recebeu um rim do irm\u00e3o, Marcelo a medula da irm\u00e3 e os dois vivem suas vidas perfeitamente normais. Esse, inclusive, \u00e9 um dos prop\u00f3sitos do projeto &#8211; tirar o r\u00f3tulo de pessoas fr\u00e1geis que, por vezes, persegue os transplantados.<\/td>\n<\/tr>\n<\/tbody>\n<\/table>\n","protected":false},"excerpt":{"rendered":"<p>Livro infantil fala de doa\u00e7\u00e3o e celebra a vida ! Tema \u00e9 inserido no universo das crian\u00e7as com leveza, bom humor e belas ilustra\u00e7\u00f5es. Quem pensa que doa\u00e7\u00e3o de \u00f3rg\u00e3os n\u00e3o \u00e9 assunto para crian\u00e7a est\u00e1 muito enganado. O livro escrito pelos transplantados Priscilla Pignolatti e Marcelo Gianesi \u00e9 uma prova disso. Voltado para o [&hellip;]<\/p>\n","protected":false},"featured_media":10478,"comment_status":"open","ping_status":"closed","template":"","meta":{"_joinchat":[]},"product_brand":[],"product_cat":[287,815],"product_tag":[],"class_list":{"0":"post-10477","1":"product","2":"type-product","3":"status-publish","4":"has-post-thumbnail","6":"product_cat-literatura","7":"product_cat-literatura-infantojuvenil","9":"first","10":"instock","11":"shipping-taxable","12":"purchasable","13":"product-type-simple"},"yoast_head":"<!-- This site is optimized with the Yoast SEO plugin v27.4 - https:\/\/yoast.com\/product\/yoast-seo-wordpress\/ -->\n<title>Ador\u00e1vel Dora - Pontes Editores<\/title>\n<meta name=\"robots\" content=\"index, follow, max-snippet:-1, max-image-preview:large, max-video-preview:-1\" \/>\n<link rel=\"canonical\" href=\"https:\/\/ponteseditores.com.br\/loja3\/pontes-editores-home-2__trashed\/literatura\/literatura-infantojuvenil\/adoravel-dora\/\" \/>\n<meta property=\"og:locale\" content=\"pt_BR\" \/>\n<meta property=\"og:type\" content=\"article\" \/>\n<meta property=\"og:title\" content=\"Ador\u00e1vel Dora - Pontes Editores\" \/>\n<meta property=\"og:description\" content=\"Livro infantil fala de doa\u00e7\u00e3o e celebra a vida ! Tema \u00e9 inserido no universo das crian\u00e7as com leveza, bom humor e belas ilustra\u00e7\u00f5es. Quem pensa que doa\u00e7\u00e3o de \u00f3rg\u00e3os n\u00e3o \u00e9 assunto para crian\u00e7a est\u00e1 muito enganado. O livro escrito pelos transplantados Priscilla Pignolatti e Marcelo Gianesi \u00e9 uma prova disso. Voltado para o [&hellip;]\" \/>\n<meta property=\"og:url\" content=\"https:\/\/ponteseditores.com.br\/loja3\/pontes-editores-home-2__trashed\/literatura\/literatura-infantojuvenil\/adoravel-dora\/\" \/>\n<meta property=\"og:site_name\" content=\"Pontes Editores\" \/>\n<meta property=\"article:modified_time\" content=\"2024-02-19T14:36:43+00:00\" \/>\n<meta property=\"og:image\" content=\"https:\/\/ponteseditores.com.br\/loja3\/wp-content\/uploads\/2024\/02\/adoravel-dora-capa-.jpg\" \/>\n\t<meta property=\"og:image:width\" content=\"578\" \/>\n\t<meta property=\"og:image:height\" content=\"768\" \/>\n\t<meta property=\"og:image:type\" content=\"image\/jpeg\" \/>\n<meta name=\"twitter:card\" content=\"summary_large_image\" \/>\n<meta name=\"twitter:label1\" content=\"Est. tempo de leitura\" \/>\n\t<meta name=\"twitter:data1\" content=\"2 minutos\" \/>\n<script type=\"application\/ld+json\" class=\"yoast-schema-graph\">{\"@context\":\"https:\\\/\\\/schema.org\",\"@graph\":[{\"@type\":\"WebPage\",\"@id\":\"https:\\\/\\\/ponteseditores.com.br\\\/loja3\\\/pontes-editores-home-2__trashed\\\/literatura\\\/literatura-infantojuvenil\\\/adoravel-dora\\\/\",\"url\":\"https:\\\/\\\/ponteseditores.com.br\\\/loja3\\\/pontes-editores-home-2__trashed\\\/literatura\\\/literatura-infantojuvenil\\\/adoravel-dora\\\/\",\"name\":\"Ador\u00e1vel Dora - Pontes Editores\",\"isPartOf\":{\"@id\":\"https:\\\/\\\/ponteseditores.com.br\\\/loja3\\\/#website\"},\"primaryImageOfPage\":{\"@id\":\"https:\\\/\\\/ponteseditores.com.br\\\/loja3\\\/pontes-editores-home-2__trashed\\\/literatura\\\/literatura-infantojuvenil\\\/adoravel-dora\\\/#primaryimage\"},\"image\":{\"@id\":\"https:\\\/\\\/ponteseditores.com.br\\\/loja3\\\/pontes-editores-home-2__trashed\\\/literatura\\\/literatura-infantojuvenil\\\/adoravel-dora\\\/#primaryimage\"},\"thumbnailUrl\":\"https:\\\/\\\/ponteseditores.com.br\\\/loja3\\\/wp-content\\\/uploads\\\/2024\\\/02\\\/adoravel-dora-capa-.jpg\",\"datePublished\":\"2024-02-19T14:36:42+00:00\",\"dateModified\":\"2024-02-19T14:36:43+00:00\",\"breadcrumb\":{\"@id\":\"https:\\\/\\\/ponteseditores.com.br\\\/loja3\\\/pontes-editores-home-2__trashed\\\/literatura\\\/literatura-infantojuvenil\\\/adoravel-dora\\\/#breadcrumb\"},\"inLanguage\":\"pt-BR\",\"potentialAction\":[{\"@type\":\"ReadAction\",\"target\":[\"https:\\\/\\\/ponteseditores.com.br\\\/loja3\\\/pontes-editores-home-2__trashed\\\/literatura\\\/literatura-infantojuvenil\\\/adoravel-dora\\\/\"]}]},{\"@type\":\"ImageObject\",\"inLanguage\":\"pt-BR\",\"@id\":\"https:\\\/\\\/ponteseditores.com.br\\\/loja3\\\/pontes-editores-home-2__trashed\\\/literatura\\\/literatura-infantojuvenil\\\/adoravel-dora\\\/#primaryimage\",\"url\":\"https:\\\/\\\/ponteseditores.com.br\\\/loja3\\\/wp-content\\\/uploads\\\/2024\\\/02\\\/adoravel-dora-capa-.jpg\",\"contentUrl\":\"https:\\\/\\\/ponteseditores.com.br\\\/loja3\\\/wp-content\\\/uploads\\\/2024\\\/02\\\/adoravel-dora-capa-.jpg\",\"width\":578,\"height\":768},{\"@type\":\"BreadcrumbList\",\"@id\":\"https:\\\/\\\/ponteseditores.com.br\\\/loja3\\\/pontes-editores-home-2__trashed\\\/literatura\\\/literatura-infantojuvenil\\\/adoravel-dora\\\/#breadcrumb\",\"itemListElement\":[{\"@type\":\"ListItem\",\"position\":1,\"name\":\"Home\",\"item\":\"https:\\\/\\\/ponteseditores.com.br\\\/loja3\\\/\"},{\"@type\":\"ListItem\",\"position\":2,\"name\":\"loja\",\"item\":\"https:\\\/\\\/ponteseditores.com.br\\\/loja3\\\/loja\\\/\"},{\"@type\":\"ListItem\",\"position\":3,\"name\":\"Ador\u00e1vel Dora\"}]},{\"@type\":\"WebSite\",\"@id\":\"https:\\\/\\\/ponteseditores.com.br\\\/loja3\\\/#website\",\"url\":\"https:\\\/\\\/ponteseditores.com.br\\\/loja3\\\/\",\"name\":\"Pontes Editores\",\"description\":\"Pontes Editores\",\"publisher\":{\"@id\":\"https:\\\/\\\/ponteseditores.com.br\\\/loja3\\\/#organization\"},\"potentialAction\":[{\"@type\":\"SearchAction\",\"target\":{\"@type\":\"EntryPoint\",\"urlTemplate\":\"https:\\\/\\\/ponteseditores.com.br\\\/loja3\\\/?s={search_term_string}\"},\"query-input\":{\"@type\":\"PropertyValueSpecification\",\"valueRequired\":true,\"valueName\":\"search_term_string\"}}],\"inLanguage\":\"pt-BR\"},{\"@type\":\"Organization\",\"@id\":\"https:\\\/\\\/ponteseditores.com.br\\\/loja3\\\/#organization\",\"name\":\"Pontes Editores\",\"url\":\"https:\\\/\\\/ponteseditores.com.br\\\/loja3\\\/\",\"logo\":{\"@type\":\"ImageObject\",\"inLanguage\":\"pt-BR\",\"@id\":\"https:\\\/\\\/ponteseditores.com.br\\\/loja3\\\/#\\\/schema\\\/logo\\\/image\\\/\",\"url\":\"https:\\\/\\\/ponteseditores.com.br\\\/loja3\\\/wp-content\\\/uploads\\\/2023\\\/12\\\/logo-pontes-editores-v2.png\",\"contentUrl\":\"https:\\\/\\\/ponteseditores.com.br\\\/loja3\\\/wp-content\\\/uploads\\\/2023\\\/12\\\/logo-pontes-editores-v2.png\",\"width\":258,\"height\":100,\"caption\":\"Pontes Editores\"},\"image\":{\"@id\":\"https:\\\/\\\/ponteseditores.com.br\\\/loja3\\\/#\\\/schema\\\/logo\\\/image\\\/\"}}]}<\/script>\n<!-- \/ Yoast SEO plugin. -->","yoast_head_json":{"title":"Ador\u00e1vel Dora - Pontes Editores","robots":{"index":"index","follow":"follow","max-snippet":"max-snippet:-1","max-image-preview":"max-image-preview:large","max-video-preview":"max-video-preview:-1"},"canonical":"https:\/\/ponteseditores.com.br\/loja3\/pontes-editores-home-2__trashed\/literatura\/literatura-infantojuvenil\/adoravel-dora\/","og_locale":"pt_BR","og_type":"article","og_title":"Ador\u00e1vel Dora - Pontes Editores","og_description":"Livro infantil fala de doa\u00e7\u00e3o e celebra a vida ! Tema \u00e9 inserido no universo das crian\u00e7as com leveza, bom humor e belas ilustra\u00e7\u00f5es. Quem pensa que doa\u00e7\u00e3o de \u00f3rg\u00e3os n\u00e3o \u00e9 assunto para crian\u00e7a est\u00e1 muito enganado. O livro escrito pelos transplantados Priscilla Pignolatti e Marcelo Gianesi \u00e9 uma prova disso. Voltado para o [&hellip;]","og_url":"https:\/\/ponteseditores.com.br\/loja3\/pontes-editores-home-2__trashed\/literatura\/literatura-infantojuvenil\/adoravel-dora\/","og_site_name":"Pontes Editores","article_modified_time":"2024-02-19T14:36:43+00:00","og_image":[{"width":578,"height":768,"url":"https:\/\/ponteseditores.com.br\/loja3\/wp-content\/uploads\/2024\/02\/adoravel-dora-capa-.jpg","type":"image\/jpeg"}],"twitter_card":"summary_large_image","twitter_misc":{"Est. tempo de leitura":"2 minutos"},"schema":{"@context":"https:\/\/schema.org","@graph":[{"@type":"WebPage","@id":"https:\/\/ponteseditores.com.br\/loja3\/pontes-editores-home-2__trashed\/literatura\/literatura-infantojuvenil\/adoravel-dora\/","url":"https:\/\/ponteseditores.com.br\/loja3\/pontes-editores-home-2__trashed\/literatura\/literatura-infantojuvenil\/adoravel-dora\/","name":"Ador\u00e1vel Dora - Pontes Editores","isPartOf":{"@id":"https:\/\/ponteseditores.com.br\/loja3\/#website"},"primaryImageOfPage":{"@id":"https:\/\/ponteseditores.com.br\/loja3\/pontes-editores-home-2__trashed\/literatura\/literatura-infantojuvenil\/adoravel-dora\/#primaryimage"},"image":{"@id":"https:\/\/ponteseditores.com.br\/loja3\/pontes-editores-home-2__trashed\/literatura\/literatura-infantojuvenil\/adoravel-dora\/#primaryimage"},"thumbnailUrl":"https:\/\/ponteseditores.com.br\/loja3\/wp-content\/uploads\/2024\/02\/adoravel-dora-capa-.jpg","datePublished":"2024-02-19T14:36:42+00:00","dateModified":"2024-02-19T14:36:43+00:00","breadcrumb":{"@id":"https:\/\/ponteseditores.com.br\/loja3\/pontes-editores-home-2__trashed\/literatura\/literatura-infantojuvenil\/adoravel-dora\/#breadcrumb"},"inLanguage":"pt-BR","potentialAction":[{"@type":"ReadAction","target":["https:\/\/ponteseditores.com.br\/loja3\/pontes-editores-home-2__trashed\/literatura\/literatura-infantojuvenil\/adoravel-dora\/"]}]},{"@type":"ImageObject","inLanguage":"pt-BR","@id":"https:\/\/ponteseditores.com.br\/loja3\/pontes-editores-home-2__trashed\/literatura\/literatura-infantojuvenil\/adoravel-dora\/#primaryimage","url":"https:\/\/ponteseditores.com.br\/loja3\/wp-content\/uploads\/2024\/02\/adoravel-dora-capa-.jpg","contentUrl":"https:\/\/ponteseditores.com.br\/loja3\/wp-content\/uploads\/2024\/02\/adoravel-dora-capa-.jpg","width":578,"height":768},{"@type":"BreadcrumbList","@id":"https:\/\/ponteseditores.com.br\/loja3\/pontes-editores-home-2__trashed\/literatura\/literatura-infantojuvenil\/adoravel-dora\/#breadcrumb","itemListElement":[{"@type":"ListItem","position":1,"name":"Home","item":"https:\/\/ponteseditores.com.br\/loja3\/"},{"@type":"ListItem","position":2,"name":"loja","item":"https:\/\/ponteseditores.com.br\/loja3\/loja\/"},{"@type":"ListItem","position":3,"name":"Ador\u00e1vel Dora"}]},{"@type":"WebSite","@id":"https:\/\/ponteseditores.com.br\/loja3\/#website","url":"https:\/\/ponteseditores.com.br\/loja3\/","name":"Pontes Editores","description":"Pontes Editores","publisher":{"@id":"https:\/\/ponteseditores.com.br\/loja3\/#organization"},"potentialAction":[{"@type":"SearchAction","target":{"@type":"EntryPoint","urlTemplate":"https:\/\/ponteseditores.com.br\/loja3\/?s={search_term_string}"},"query-input":{"@type":"PropertyValueSpecification","valueRequired":true,"valueName":"search_term_string"}}],"inLanguage":"pt-BR"},{"@type":"Organization","@id":"https:\/\/ponteseditores.com.br\/loja3\/#organization","name":"Pontes Editores","url":"https:\/\/ponteseditores.com.br\/loja3\/","logo":{"@type":"ImageObject","inLanguage":"pt-BR","@id":"https:\/\/ponteseditores.com.br\/loja3\/#\/schema\/logo\/image\/","url":"https:\/\/ponteseditores.com.br\/loja3\/wp-content\/uploads\/2023\/12\/logo-pontes-editores-v2.png","contentUrl":"https:\/\/ponteseditores.com.br\/loja3\/wp-content\/uploads\/2023\/12\/logo-pontes-editores-v2.png","width":258,"height":100,"caption":"Pontes Editores"},"image":{"@id":"https:\/\/ponteseditores.com.br\/loja3\/#\/schema\/logo\/image\/"}}]}},"_links":{"self":[{"href":"https:\/\/ponteseditores.com.br\/loja3\/wp-json\/wp\/v2\/product\/10477","targetHints":{"allow":["GET"]}}],"collection":[{"href":"https:\/\/ponteseditores.com.br\/loja3\/wp-json\/wp\/v2\/product"}],"about":[{"href":"https:\/\/ponteseditores.com.br\/loja3\/wp-json\/wp\/v2\/types\/product"}],"replies":[{"embeddable":true,"href":"https:\/\/ponteseditores.com.br\/loja3\/wp-json\/wp\/v2\/comments?post=10477"}],"version-history":[{"count":0,"href":"https:\/\/ponteseditores.com.br\/loja3\/wp-json\/wp\/v2\/product\/10477\/revisions"}],"wp:featuredmedia":[{"embeddable":true,"href":"https:\/\/ponteseditores.com.br\/loja3\/wp-json\/wp\/v2\/media\/10478"}],"wp:attachment":[{"href":"https:\/\/ponteseditores.com.br\/loja3\/wp-json\/wp\/v2\/media?parent=10477"}],"wp:term":[{"taxonomy":"product_brand","embeddable":true,"href":"https:\/\/ponteseditores.com.br\/loja3\/wp-json\/wp\/v2\/product_brand?post=10477"},{"taxonomy":"product_cat","embeddable":true,"href":"https:\/\/ponteseditores.com.br\/loja3\/wp-json\/wp\/v2\/product_cat?post=10477"},{"taxonomy":"product_tag","embeddable":true,"href":"https:\/\/ponteseditores.com.br\/loja3\/wp-json\/wp\/v2\/product_tag?post=10477"}],"curies":[{"name":"wp","href":"https:\/\/api.w.org\/{rel}","templated":true}]}}