{"id":10022,"date":"2024-02-02T11:20:45","date_gmt":"2024-02-02T14:20:45","guid":{"rendered":"https:\/\/ponteseditores.com.br\/loja3\/?post_type=product&#038;p=10022"},"modified":"2024-02-02T11:20:45","modified_gmt":"2024-02-02T14:20:45","slug":"educacao-bilingue-no-contexto-brasileiro-perguntas-e-respostas-volume-1-linguas-de-prestigio","status":"publish","type":"product","link":"https:\/\/ponteseditores.com.br\/loja3\/pontes-editores-home-2__trashed\/educacao\/educacao-bilingue-no-contexto-brasileiro-perguntas-e-respostas-volume-1-linguas-de-prestigio\/","title":{"rendered":"Educa\u00e7\u00e3o Bil\u00edngue no Contexto Brasileiro: perguntas e respostas \u2013 Volume 1 \u2013 L\u00ednguas de prest\u00edgio"},"content":{"rendered":"<p>Este livro foi pensado para pesquisadores, estudantes, professores, gestores e toda a comunidade que trabalha com a educa\u00e7\u00e3o. Com linguagem clara, sem muitos rodeios, o livro se prop\u00f5e a responder algumas perguntas e inquieta\u00e7\u00f5es coletadas por mim e compartilhadas por professores e colegas com os quais tive e tenho o prazer de trabalhar. A colet\u00e2nea de textos aqui presentes proporciona uma rica fonte de conhecimento e de reflex\u00e3o para todos os interessados na educa\u00e7\u00e3o bil\u00edngue.<\/p>\n<p>Espero que as diversas perspectivas aqui apresentadas inspirem novas abordagens e pr\u00e1ticas inovadoras, contribuindo para o avan\u00e7o dessa \u00e1rea de estudos e para uma educa\u00e7\u00e3o mais inclusiva e equitativa.<\/p>\n","protected":false},"excerpt":{"rendered":"<p>Este livro foi pensado para pesquisadores, estudantes, professores, gestores e toda a comunidade que trabalha com a educa\u00e7\u00e3o. Com linguagem clara, sem muitos rodeios, o livro se prop\u00f5e a responder algumas perguntas e inquieta\u00e7\u00f5es coletadas por mim e compartilhadas por professores e colegas com os quais tive e tenho o prazer de trabalhar. A colet\u00e2nea [&hellip;]<\/p>\n","protected":false},"featured_media":10023,"comment_status":"open","ping_status":"closed","template":"","meta":{"_joinchat":[]},"product_brand":[],"product_cat":[97,167,290],"product_tag":[],"class_list":{"0":"post-10022","1":"product","2":"type-product","3":"status-publish","4":"has-post-thumbnail","6":"product_cat-educacao","7":"product_cat-lancamento","8":"product_cat-linguagem-e-linguas","10":"first","11":"instock","12":"shipping-taxable","13":"purchasable","14":"product-type-simple"},"yoast_head":"<!-- This site is optimized with the Yoast SEO plugin v27.4 - https:\/\/yoast.com\/product\/yoast-seo-wordpress\/ -->\n<title>Educa\u00e7\u00e3o Bil\u00edngue no Contexto Brasileiro: perguntas e respostas \u2013 Volume 1 \u2013 L\u00ednguas de prest\u00edgio - Pontes Editores<\/title>\n<meta name=\"robots\" content=\"index, follow, max-snippet:-1, max-image-preview:large, max-video-preview:-1\" \/>\n<link rel=\"canonical\" href=\"https:\/\/ponteseditores.com.br\/loja3\/pontes-editores-home-2__trashed\/educacao\/educacao-bilingue-no-contexto-brasileiro-perguntas-e-respostas-volume-1-linguas-de-prestigio\/\" \/>\n<meta property=\"og:locale\" content=\"pt_BR\" \/>\n<meta property=\"og:type\" content=\"article\" \/>\n<meta property=\"og:title\" content=\"Educa\u00e7\u00e3o Bil\u00edngue no Contexto Brasileiro: perguntas e respostas \u2013 Volume 1 \u2013 L\u00ednguas de prest\u00edgio - Pontes Editores\" \/>\n<meta property=\"og:description\" content=\"Este livro foi pensado para pesquisadores, estudantes, professores, gestores e toda a comunidade que trabalha com a educa\u00e7\u00e3o. Com linguagem clara, sem muitos rodeios, o livro se prop\u00f5e a responder algumas perguntas e inquieta\u00e7\u00f5es coletadas por mim e compartilhadas por professores e colegas com os quais tive e tenho o prazer de trabalhar. A colet\u00e2nea [&hellip;]\" \/>\n<meta property=\"og:url\" content=\"https:\/\/ponteseditores.com.br\/loja3\/pontes-editores-home-2__trashed\/educacao\/educacao-bilingue-no-contexto-brasileiro-perguntas-e-respostas-volume-1-linguas-de-prestigio\/\" \/>\n<meta property=\"og:site_name\" content=\"Pontes Editores\" \/>\n<meta property=\"og:image\" content=\"https:\/\/ponteseditores.com.br\/loja3\/wp-content\/uploads\/2024\/02\/Capa_Educacao_Bilingue.jpg\" \/>\n\t<meta property=\"og:image:width\" content=\"1728\" \/>\n\t<meta property=\"og:image:height\" content=\"2443\" \/>\n\t<meta property=\"og:image:type\" content=\"image\/jpeg\" \/>\n<meta name=\"twitter:card\" content=\"summary_large_image\" \/>\n<meta name=\"twitter:label1\" content=\"Est. tempo de leitura\" \/>\n\t<meta name=\"twitter:data1\" content=\"1 minuto\" \/>\n<script type=\"application\/ld+json\" class=\"yoast-schema-graph\">{\"@context\":\"https:\\\/\\\/schema.org\",\"@graph\":[{\"@type\":\"WebPage\",\"@id\":\"https:\\\/\\\/ponteseditores.com.br\\\/loja3\\\/pontes-editores-home-2__trashed\\\/educacao\\\/educacao-bilingue-no-contexto-brasileiro-perguntas-e-respostas-volume-1-linguas-de-prestigio\\\/\",\"url\":\"https:\\\/\\\/ponteseditores.com.br\\\/loja3\\\/pontes-editores-home-2__trashed\\\/educacao\\\/educacao-bilingue-no-contexto-brasileiro-perguntas-e-respostas-volume-1-linguas-de-prestigio\\\/\",\"name\":\"Educa\u00e7\u00e3o Bil\u00edngue no Contexto Brasileiro: perguntas e respostas \u2013 Volume 1 \u2013 L\u00ednguas de prest\u00edgio - Pontes Editores\",\"isPartOf\":{\"@id\":\"https:\\\/\\\/ponteseditores.com.br\\\/loja3\\\/#website\"},\"primaryImageOfPage\":{\"@id\":\"https:\\\/\\\/ponteseditores.com.br\\\/loja3\\\/pontes-editores-home-2__trashed\\\/educacao\\\/educacao-bilingue-no-contexto-brasileiro-perguntas-e-respostas-volume-1-linguas-de-prestigio\\\/#primaryimage\"},\"image\":{\"@id\":\"https:\\\/\\\/ponteseditores.com.br\\\/loja3\\\/pontes-editores-home-2__trashed\\\/educacao\\\/educacao-bilingue-no-contexto-brasileiro-perguntas-e-respostas-volume-1-linguas-de-prestigio\\\/#primaryimage\"},\"thumbnailUrl\":\"https:\\\/\\\/ponteseditores.com.br\\\/loja3\\\/wp-content\\\/uploads\\\/2024\\\/02\\\/Capa_Educacao_Bilingue.jpg\",\"datePublished\":\"2024-02-02T14:20:45+00:00\",\"breadcrumb\":{\"@id\":\"https:\\\/\\\/ponteseditores.com.br\\\/loja3\\\/pontes-editores-home-2__trashed\\\/educacao\\\/educacao-bilingue-no-contexto-brasileiro-perguntas-e-respostas-volume-1-linguas-de-prestigio\\\/#breadcrumb\"},\"inLanguage\":\"pt-BR\",\"potentialAction\":[{\"@type\":\"ReadAction\",\"target\":[\"https:\\\/\\\/ponteseditores.com.br\\\/loja3\\\/pontes-editores-home-2__trashed\\\/educacao\\\/educacao-bilingue-no-contexto-brasileiro-perguntas-e-respostas-volume-1-linguas-de-prestigio\\\/\"]}]},{\"@type\":\"ImageObject\",\"inLanguage\":\"pt-BR\",\"@id\":\"https:\\\/\\\/ponteseditores.com.br\\\/loja3\\\/pontes-editores-home-2__trashed\\\/educacao\\\/educacao-bilingue-no-contexto-brasileiro-perguntas-e-respostas-volume-1-linguas-de-prestigio\\\/#primaryimage\",\"url\":\"https:\\\/\\\/ponteseditores.com.br\\\/loja3\\\/wp-content\\\/uploads\\\/2024\\\/02\\\/Capa_Educacao_Bilingue.jpg\",\"contentUrl\":\"https:\\\/\\\/ponteseditores.com.br\\\/loja3\\\/wp-content\\\/uploads\\\/2024\\\/02\\\/Capa_Educacao_Bilingue.jpg\",\"width\":1728,\"height\":2443},{\"@type\":\"BreadcrumbList\",\"@id\":\"https:\\\/\\\/ponteseditores.com.br\\\/loja3\\\/pontes-editores-home-2__trashed\\\/educacao\\\/educacao-bilingue-no-contexto-brasileiro-perguntas-e-respostas-volume-1-linguas-de-prestigio\\\/#breadcrumb\",\"itemListElement\":[{\"@type\":\"ListItem\",\"position\":1,\"name\":\"Home\",\"item\":\"https:\\\/\\\/ponteseditores.com.br\\\/loja3\\\/\"},{\"@type\":\"ListItem\",\"position\":2,\"name\":\"loja\",\"item\":\"https:\\\/\\\/ponteseditores.com.br\\\/loja3\\\/loja\\\/\"},{\"@type\":\"ListItem\",\"position\":3,\"name\":\"Educa\u00e7\u00e3o Bil\u00edngue no Contexto Brasileiro: perguntas e respostas \u2013 Volume 1 \u2013 L\u00ednguas de prest\u00edgio\"}]},{\"@type\":\"WebSite\",\"@id\":\"https:\\\/\\\/ponteseditores.com.br\\\/loja3\\\/#website\",\"url\":\"https:\\\/\\\/ponteseditores.com.br\\\/loja3\\\/\",\"name\":\"Pontes Editores\",\"description\":\"Pontes Editores\",\"publisher\":{\"@id\":\"https:\\\/\\\/ponteseditores.com.br\\\/loja3\\\/#organization\"},\"potentialAction\":[{\"@type\":\"SearchAction\",\"target\":{\"@type\":\"EntryPoint\",\"urlTemplate\":\"https:\\\/\\\/ponteseditores.com.br\\\/loja3\\\/?s={search_term_string}\"},\"query-input\":{\"@type\":\"PropertyValueSpecification\",\"valueRequired\":true,\"valueName\":\"search_term_string\"}}],\"inLanguage\":\"pt-BR\"},{\"@type\":\"Organization\",\"@id\":\"https:\\\/\\\/ponteseditores.com.br\\\/loja3\\\/#organization\",\"name\":\"Pontes Editores\",\"url\":\"https:\\\/\\\/ponteseditores.com.br\\\/loja3\\\/\",\"logo\":{\"@type\":\"ImageObject\",\"inLanguage\":\"pt-BR\",\"@id\":\"https:\\\/\\\/ponteseditores.com.br\\\/loja3\\\/#\\\/schema\\\/logo\\\/image\\\/\",\"url\":\"https:\\\/\\\/ponteseditores.com.br\\\/loja3\\\/wp-content\\\/uploads\\\/2023\\\/12\\\/logo-pontes-editores-v2.png\",\"contentUrl\":\"https:\\\/\\\/ponteseditores.com.br\\\/loja3\\\/wp-content\\\/uploads\\\/2023\\\/12\\\/logo-pontes-editores-v2.png\",\"width\":258,\"height\":100,\"caption\":\"Pontes Editores\"},\"image\":{\"@id\":\"https:\\\/\\\/ponteseditores.com.br\\\/loja3\\\/#\\\/schema\\\/logo\\\/image\\\/\"}}]}<\/script>\n<!-- \/ Yoast SEO plugin. -->","yoast_head_json":{"title":"Educa\u00e7\u00e3o Bil\u00edngue no Contexto Brasileiro: perguntas e respostas \u2013 Volume 1 \u2013 L\u00ednguas de prest\u00edgio - Pontes Editores","robots":{"index":"index","follow":"follow","max-snippet":"max-snippet:-1","max-image-preview":"max-image-preview:large","max-video-preview":"max-video-preview:-1"},"canonical":"https:\/\/ponteseditores.com.br\/loja3\/pontes-editores-home-2__trashed\/educacao\/educacao-bilingue-no-contexto-brasileiro-perguntas-e-respostas-volume-1-linguas-de-prestigio\/","og_locale":"pt_BR","og_type":"article","og_title":"Educa\u00e7\u00e3o Bil\u00edngue no Contexto Brasileiro: perguntas e respostas \u2013 Volume 1 \u2013 L\u00ednguas de prest\u00edgio - Pontes Editores","og_description":"Este livro foi pensado para pesquisadores, estudantes, professores, gestores e toda a comunidade que trabalha com a educa\u00e7\u00e3o. Com linguagem clara, sem muitos rodeios, o livro se prop\u00f5e a responder algumas perguntas e inquieta\u00e7\u00f5es coletadas por mim e compartilhadas por professores e colegas com os quais tive e tenho o prazer de trabalhar. A colet\u00e2nea [&hellip;]","og_url":"https:\/\/ponteseditores.com.br\/loja3\/pontes-editores-home-2__trashed\/educacao\/educacao-bilingue-no-contexto-brasileiro-perguntas-e-respostas-volume-1-linguas-de-prestigio\/","og_site_name":"Pontes Editores","og_image":[{"width":1728,"height":2443,"url":"https:\/\/ponteseditores.com.br\/loja3\/wp-content\/uploads\/2024\/02\/Capa_Educacao_Bilingue.jpg","type":"image\/jpeg"}],"twitter_card":"summary_large_image","twitter_misc":{"Est. tempo de leitura":"1 minuto"},"schema":{"@context":"https:\/\/schema.org","@graph":[{"@type":"WebPage","@id":"https:\/\/ponteseditores.com.br\/loja3\/pontes-editores-home-2__trashed\/educacao\/educacao-bilingue-no-contexto-brasileiro-perguntas-e-respostas-volume-1-linguas-de-prestigio\/","url":"https:\/\/ponteseditores.com.br\/loja3\/pontes-editores-home-2__trashed\/educacao\/educacao-bilingue-no-contexto-brasileiro-perguntas-e-respostas-volume-1-linguas-de-prestigio\/","name":"Educa\u00e7\u00e3o Bil\u00edngue no Contexto Brasileiro: perguntas e respostas \u2013 Volume 1 \u2013 L\u00ednguas de prest\u00edgio - Pontes Editores","isPartOf":{"@id":"https:\/\/ponteseditores.com.br\/loja3\/#website"},"primaryImageOfPage":{"@id":"https:\/\/ponteseditores.com.br\/loja3\/pontes-editores-home-2__trashed\/educacao\/educacao-bilingue-no-contexto-brasileiro-perguntas-e-respostas-volume-1-linguas-de-prestigio\/#primaryimage"},"image":{"@id":"https:\/\/ponteseditores.com.br\/loja3\/pontes-editores-home-2__trashed\/educacao\/educacao-bilingue-no-contexto-brasileiro-perguntas-e-respostas-volume-1-linguas-de-prestigio\/#primaryimage"},"thumbnailUrl":"https:\/\/ponteseditores.com.br\/loja3\/wp-content\/uploads\/2024\/02\/Capa_Educacao_Bilingue.jpg","datePublished":"2024-02-02T14:20:45+00:00","breadcrumb":{"@id":"https:\/\/ponteseditores.com.br\/loja3\/pontes-editores-home-2__trashed\/educacao\/educacao-bilingue-no-contexto-brasileiro-perguntas-e-respostas-volume-1-linguas-de-prestigio\/#breadcrumb"},"inLanguage":"pt-BR","potentialAction":[{"@type":"ReadAction","target":["https:\/\/ponteseditores.com.br\/loja3\/pontes-editores-home-2__trashed\/educacao\/educacao-bilingue-no-contexto-brasileiro-perguntas-e-respostas-volume-1-linguas-de-prestigio\/"]}]},{"@type":"ImageObject","inLanguage":"pt-BR","@id":"https:\/\/ponteseditores.com.br\/loja3\/pontes-editores-home-2__trashed\/educacao\/educacao-bilingue-no-contexto-brasileiro-perguntas-e-respostas-volume-1-linguas-de-prestigio\/#primaryimage","url":"https:\/\/ponteseditores.com.br\/loja3\/wp-content\/uploads\/2024\/02\/Capa_Educacao_Bilingue.jpg","contentUrl":"https:\/\/ponteseditores.com.br\/loja3\/wp-content\/uploads\/2024\/02\/Capa_Educacao_Bilingue.jpg","width":1728,"height":2443},{"@type":"BreadcrumbList","@id":"https:\/\/ponteseditores.com.br\/loja3\/pontes-editores-home-2__trashed\/educacao\/educacao-bilingue-no-contexto-brasileiro-perguntas-e-respostas-volume-1-linguas-de-prestigio\/#breadcrumb","itemListElement":[{"@type":"ListItem","position":1,"name":"Home","item":"https:\/\/ponteseditores.com.br\/loja3\/"},{"@type":"ListItem","position":2,"name":"loja","item":"https:\/\/ponteseditores.com.br\/loja3\/loja\/"},{"@type":"ListItem","position":3,"name":"Educa\u00e7\u00e3o Bil\u00edngue no Contexto Brasileiro: perguntas e respostas \u2013 Volume 1 \u2013 L\u00ednguas de prest\u00edgio"}]},{"@type":"WebSite","@id":"https:\/\/ponteseditores.com.br\/loja3\/#website","url":"https:\/\/ponteseditores.com.br\/loja3\/","name":"Pontes Editores","description":"Pontes Editores","publisher":{"@id":"https:\/\/ponteseditores.com.br\/loja3\/#organization"},"potentialAction":[{"@type":"SearchAction","target":{"@type":"EntryPoint","urlTemplate":"https:\/\/ponteseditores.com.br\/loja3\/?s={search_term_string}"},"query-input":{"@type":"PropertyValueSpecification","valueRequired":true,"valueName":"search_term_string"}}],"inLanguage":"pt-BR"},{"@type":"Organization","@id":"https:\/\/ponteseditores.com.br\/loja3\/#organization","name":"Pontes Editores","url":"https:\/\/ponteseditores.com.br\/loja3\/","logo":{"@type":"ImageObject","inLanguage":"pt-BR","@id":"https:\/\/ponteseditores.com.br\/loja3\/#\/schema\/logo\/image\/","url":"https:\/\/ponteseditores.com.br\/loja3\/wp-content\/uploads\/2023\/12\/logo-pontes-editores-v2.png","contentUrl":"https:\/\/ponteseditores.com.br\/loja3\/wp-content\/uploads\/2023\/12\/logo-pontes-editores-v2.png","width":258,"height":100,"caption":"Pontes Editores"},"image":{"@id":"https:\/\/ponteseditores.com.br\/loja3\/#\/schema\/logo\/image\/"}}]}},"_links":{"self":[{"href":"https:\/\/ponteseditores.com.br\/loja3\/wp-json\/wp\/v2\/product\/10022","targetHints":{"allow":["GET"]}}],"collection":[{"href":"https:\/\/ponteseditores.com.br\/loja3\/wp-json\/wp\/v2\/product"}],"about":[{"href":"https:\/\/ponteseditores.com.br\/loja3\/wp-json\/wp\/v2\/types\/product"}],"replies":[{"embeddable":true,"href":"https:\/\/ponteseditores.com.br\/loja3\/wp-json\/wp\/v2\/comments?post=10022"}],"version-history":[{"count":1,"href":"https:\/\/ponteseditores.com.br\/loja3\/wp-json\/wp\/v2\/product\/10022\/revisions"}],"predecessor-version":[{"id":10024,"href":"https:\/\/ponteseditores.com.br\/loja3\/wp-json\/wp\/v2\/product\/10022\/revisions\/10024"}],"wp:featuredmedia":[{"embeddable":true,"href":"https:\/\/ponteseditores.com.br\/loja3\/wp-json\/wp\/v2\/media\/10023"}],"wp:attachment":[{"href":"https:\/\/ponteseditores.com.br\/loja3\/wp-json\/wp\/v2\/media?parent=10022"}],"wp:term":[{"taxonomy":"product_brand","embeddable":true,"href":"https:\/\/ponteseditores.com.br\/loja3\/wp-json\/wp\/v2\/product_brand?post=10022"},{"taxonomy":"product_cat","embeddable":true,"href":"https:\/\/ponteseditores.com.br\/loja3\/wp-json\/wp\/v2\/product_cat?post=10022"},{"taxonomy":"product_tag","embeddable":true,"href":"https:\/\/ponteseditores.com.br\/loja3\/wp-json\/wp\/v2\/product_tag?post=10022"}],"curies":[{"name":"wp","href":"https:\/\/api.w.org\/{rel}","templated":true}]}}