{"id":10011,"date":"2024-02-02T10:58:02","date_gmt":"2024-02-02T13:58:02","guid":{"rendered":"https:\/\/ponteseditores.com.br\/loja3\/?post_type=product&#038;p=10011"},"modified":"2024-02-02T10:58:03","modified_gmt":"2024-02-02T13:58:03","slug":"de-professor-para-professor-trocando-experiencias-para-uma-aprendizagem-critica","status":"publish","type":"product","link":"https:\/\/ponteseditores.com.br\/loja3\/pontes-editores-home-2__trashed\/lancamento\/de-professor-para-professor-trocando-experiencias-para-uma-aprendizagem-critica\/","title":{"rendered":"De professor para professor: trocando experi\u00eancias para uma aprendizagem cr\u00edtica"},"content":{"rendered":"<p>\u201cEsta colet\u00e2nea &#8211; De professor para professor: trocando experi\u00eancias para uma aprendizagem cr\u00edtica &#8211; compartilha experi\u00eancias advindas de pr\u00e1ticas pedag\u00f3gicas, cujo intuito est\u00e1 na promo\u00e7\u00e3o de uma educa\u00e7\u00e3o cr\u00edtica, que busca uma transforma\u00e7\u00e3o profunda das formas de ser, fazer e pensar do educando, de modo a criar cidad\u00e3os informados, cr\u00edticos e comprometidos com a transforma\u00e7\u00e3o da sociedade. As narrativas neste livro, que nos inspiram a repensar nossa abordagem educacional e a trabalhar em colabora\u00e7\u00e3o para uma sociedade mais justa e informada, podem proporcionar a transforma\u00e7\u00e3o de muitas experi\u00eancias de professores a partir de outros professores, que v\u00e3o formando e se formando e reformando, criando condi\u00e7\u00f5es para que o mundo possa ir, aos pouquinhos, mas com muita efici\u00eancia se transformando em um mundo mais justo para quanto mais gente poss\u00edvel\u201d<\/p>\n<p>(Liberali, Fuga &amp; Vendramini-Zanella).<\/p>\n","protected":false},"excerpt":{"rendered":"<p>\u201cEsta colet\u00e2nea &#8211; De professor para professor: trocando experi\u00eancias para uma aprendizagem cr\u00edtica &#8211; compartilha experi\u00eancias advindas de pr\u00e1ticas pedag\u00f3gicas, cujo intuito est\u00e1 na promo\u00e7\u00e3o de uma educa\u00e7\u00e3o cr\u00edtica, que busca uma transforma\u00e7\u00e3o profunda das formas de ser, fazer e pensar do educando, de modo a criar cidad\u00e3os informados, cr\u00edticos e comprometidos com a transforma\u00e7\u00e3o [&hellip;]<\/p>\n","protected":false},"featured_media":10012,"comment_status":"open","ping_status":"closed","template":"","meta":{"_joinchat":[]},"product_brand":[],"product_cat":[167,338],"product_tag":[],"class_list":{"0":"post-10011","1":"product","2":"type-product","3":"status-publish","4":"has-post-thumbnail","6":"product_cat-lancamento","7":"product_cat-memorias","9":"first","10":"instock","11":"shipping-taxable","12":"purchasable","13":"product-type-simple"},"yoast_head":"<!-- This site is optimized with the Yoast SEO plugin v27.4 - https:\/\/yoast.com\/product\/yoast-seo-wordpress\/ -->\n<title>De professor para professor: trocando experi\u00eancias para uma aprendizagem cr\u00edtica - Pontes Editores<\/title>\n<meta name=\"robots\" content=\"index, follow, max-snippet:-1, max-image-preview:large, max-video-preview:-1\" \/>\n<link rel=\"canonical\" href=\"https:\/\/ponteseditores.com.br\/loja3\/pontes-editores-home-2__trashed\/lancamento\/de-professor-para-professor-trocando-experiencias-para-uma-aprendizagem-critica\/\" \/>\n<meta property=\"og:locale\" content=\"pt_BR\" \/>\n<meta property=\"og:type\" content=\"article\" \/>\n<meta property=\"og:title\" content=\"De professor para professor: trocando experi\u00eancias para uma aprendizagem cr\u00edtica - Pontes Editores\" \/>\n<meta property=\"og:description\" content=\"\u201cEsta colet\u00e2nea &#8211; De professor para professor: trocando experi\u00eancias para uma aprendizagem cr\u00edtica &#8211; compartilha experi\u00eancias advindas de pr\u00e1ticas pedag\u00f3gicas, cujo intuito est\u00e1 na promo\u00e7\u00e3o de uma educa\u00e7\u00e3o cr\u00edtica, que busca uma transforma\u00e7\u00e3o profunda das formas de ser, fazer e pensar do educando, de modo a criar cidad\u00e3os informados, cr\u00edticos e comprometidos com a transforma\u00e7\u00e3o [&hellip;]\" \/>\n<meta property=\"og:url\" content=\"https:\/\/ponteseditores.com.br\/loja3\/pontes-editores-home-2__trashed\/lancamento\/de-professor-para-professor-trocando-experiencias-para-uma-aprendizagem-critica\/\" \/>\n<meta property=\"og:site_name\" content=\"Pontes Editores\" \/>\n<meta property=\"article:modified_time\" content=\"2024-02-02T13:58:03+00:00\" \/>\n<meta property=\"og:image\" content=\"https:\/\/ponteseditores.com.br\/loja3\/wp-content\/uploads\/2024\/02\/Capa_De_Professor.jpg\" \/>\n\t<meta property=\"og:image:width\" content=\"1728\" \/>\n\t<meta property=\"og:image:height\" content=\"2443\" \/>\n\t<meta property=\"og:image:type\" content=\"image\/jpeg\" \/>\n<meta name=\"twitter:card\" content=\"summary_large_image\" \/>\n<meta name=\"twitter:label1\" content=\"Est. tempo de leitura\" \/>\n\t<meta name=\"twitter:data1\" content=\"1 minuto\" \/>\n<script type=\"application\/ld+json\" class=\"yoast-schema-graph\">{\"@context\":\"https:\\\/\\\/schema.org\",\"@graph\":[{\"@type\":\"WebPage\",\"@id\":\"https:\\\/\\\/ponteseditores.com.br\\\/loja3\\\/pontes-editores-home-2__trashed\\\/lancamento\\\/de-professor-para-professor-trocando-experiencias-para-uma-aprendizagem-critica\\\/\",\"url\":\"https:\\\/\\\/ponteseditores.com.br\\\/loja3\\\/pontes-editores-home-2__trashed\\\/lancamento\\\/de-professor-para-professor-trocando-experiencias-para-uma-aprendizagem-critica\\\/\",\"name\":\"De professor para professor: trocando experi\u00eancias para uma aprendizagem cr\u00edtica - Pontes Editores\",\"isPartOf\":{\"@id\":\"https:\\\/\\\/ponteseditores.com.br\\\/loja3\\\/#website\"},\"primaryImageOfPage\":{\"@id\":\"https:\\\/\\\/ponteseditores.com.br\\\/loja3\\\/pontes-editores-home-2__trashed\\\/lancamento\\\/de-professor-para-professor-trocando-experiencias-para-uma-aprendizagem-critica\\\/#primaryimage\"},\"image\":{\"@id\":\"https:\\\/\\\/ponteseditores.com.br\\\/loja3\\\/pontes-editores-home-2__trashed\\\/lancamento\\\/de-professor-para-professor-trocando-experiencias-para-uma-aprendizagem-critica\\\/#primaryimage\"},\"thumbnailUrl\":\"https:\\\/\\\/ponteseditores.com.br\\\/loja3\\\/wp-content\\\/uploads\\\/2024\\\/02\\\/Capa_De_Professor.jpg\",\"datePublished\":\"2024-02-02T13:58:02+00:00\",\"dateModified\":\"2024-02-02T13:58:03+00:00\",\"breadcrumb\":{\"@id\":\"https:\\\/\\\/ponteseditores.com.br\\\/loja3\\\/pontes-editores-home-2__trashed\\\/lancamento\\\/de-professor-para-professor-trocando-experiencias-para-uma-aprendizagem-critica\\\/#breadcrumb\"},\"inLanguage\":\"pt-BR\",\"potentialAction\":[{\"@type\":\"ReadAction\",\"target\":[\"https:\\\/\\\/ponteseditores.com.br\\\/loja3\\\/pontes-editores-home-2__trashed\\\/lancamento\\\/de-professor-para-professor-trocando-experiencias-para-uma-aprendizagem-critica\\\/\"]}]},{\"@type\":\"ImageObject\",\"inLanguage\":\"pt-BR\",\"@id\":\"https:\\\/\\\/ponteseditores.com.br\\\/loja3\\\/pontes-editores-home-2__trashed\\\/lancamento\\\/de-professor-para-professor-trocando-experiencias-para-uma-aprendizagem-critica\\\/#primaryimage\",\"url\":\"https:\\\/\\\/ponteseditores.com.br\\\/loja3\\\/wp-content\\\/uploads\\\/2024\\\/02\\\/Capa_De_Professor.jpg\",\"contentUrl\":\"https:\\\/\\\/ponteseditores.com.br\\\/loja3\\\/wp-content\\\/uploads\\\/2024\\\/02\\\/Capa_De_Professor.jpg\",\"width\":1728,\"height\":2443},{\"@type\":\"BreadcrumbList\",\"@id\":\"https:\\\/\\\/ponteseditores.com.br\\\/loja3\\\/pontes-editores-home-2__trashed\\\/lancamento\\\/de-professor-para-professor-trocando-experiencias-para-uma-aprendizagem-critica\\\/#breadcrumb\",\"itemListElement\":[{\"@type\":\"ListItem\",\"position\":1,\"name\":\"Home\",\"item\":\"https:\\\/\\\/ponteseditores.com.br\\\/loja3\\\/\"},{\"@type\":\"ListItem\",\"position\":2,\"name\":\"loja\",\"item\":\"https:\\\/\\\/ponteseditores.com.br\\\/loja3\\\/loja\\\/\"},{\"@type\":\"ListItem\",\"position\":3,\"name\":\"De professor para professor: trocando experi\u00eancias para uma aprendizagem cr\u00edtica\"}]},{\"@type\":\"WebSite\",\"@id\":\"https:\\\/\\\/ponteseditores.com.br\\\/loja3\\\/#website\",\"url\":\"https:\\\/\\\/ponteseditores.com.br\\\/loja3\\\/\",\"name\":\"Pontes Editores\",\"description\":\"Pontes Editores\",\"publisher\":{\"@id\":\"https:\\\/\\\/ponteseditores.com.br\\\/loja3\\\/#organization\"},\"potentialAction\":[{\"@type\":\"SearchAction\",\"target\":{\"@type\":\"EntryPoint\",\"urlTemplate\":\"https:\\\/\\\/ponteseditores.com.br\\\/loja3\\\/?s={search_term_string}\"},\"query-input\":{\"@type\":\"PropertyValueSpecification\",\"valueRequired\":true,\"valueName\":\"search_term_string\"}}],\"inLanguage\":\"pt-BR\"},{\"@type\":\"Organization\",\"@id\":\"https:\\\/\\\/ponteseditores.com.br\\\/loja3\\\/#organization\",\"name\":\"Pontes Editores\",\"url\":\"https:\\\/\\\/ponteseditores.com.br\\\/loja3\\\/\",\"logo\":{\"@type\":\"ImageObject\",\"inLanguage\":\"pt-BR\",\"@id\":\"https:\\\/\\\/ponteseditores.com.br\\\/loja3\\\/#\\\/schema\\\/logo\\\/image\\\/\",\"url\":\"https:\\\/\\\/ponteseditores.com.br\\\/loja3\\\/wp-content\\\/uploads\\\/2023\\\/12\\\/logo-pontes-editores-v2.png\",\"contentUrl\":\"https:\\\/\\\/ponteseditores.com.br\\\/loja3\\\/wp-content\\\/uploads\\\/2023\\\/12\\\/logo-pontes-editores-v2.png\",\"width\":258,\"height\":100,\"caption\":\"Pontes Editores\"},\"image\":{\"@id\":\"https:\\\/\\\/ponteseditores.com.br\\\/loja3\\\/#\\\/schema\\\/logo\\\/image\\\/\"}}]}<\/script>\n<!-- \/ Yoast SEO plugin. -->","yoast_head_json":{"title":"De professor para professor: trocando experi\u00eancias para uma aprendizagem cr\u00edtica - Pontes Editores","robots":{"index":"index","follow":"follow","max-snippet":"max-snippet:-1","max-image-preview":"max-image-preview:large","max-video-preview":"max-video-preview:-1"},"canonical":"https:\/\/ponteseditores.com.br\/loja3\/pontes-editores-home-2__trashed\/lancamento\/de-professor-para-professor-trocando-experiencias-para-uma-aprendizagem-critica\/","og_locale":"pt_BR","og_type":"article","og_title":"De professor para professor: trocando experi\u00eancias para uma aprendizagem cr\u00edtica - Pontes Editores","og_description":"\u201cEsta colet\u00e2nea &#8211; De professor para professor: trocando experi\u00eancias para uma aprendizagem cr\u00edtica &#8211; compartilha experi\u00eancias advindas de pr\u00e1ticas pedag\u00f3gicas, cujo intuito est\u00e1 na promo\u00e7\u00e3o de uma educa\u00e7\u00e3o cr\u00edtica, que busca uma transforma\u00e7\u00e3o profunda das formas de ser, fazer e pensar do educando, de modo a criar cidad\u00e3os informados, cr\u00edticos e comprometidos com a transforma\u00e7\u00e3o [&hellip;]","og_url":"https:\/\/ponteseditores.com.br\/loja3\/pontes-editores-home-2__trashed\/lancamento\/de-professor-para-professor-trocando-experiencias-para-uma-aprendizagem-critica\/","og_site_name":"Pontes Editores","article_modified_time":"2024-02-02T13:58:03+00:00","og_image":[{"width":1728,"height":2443,"url":"https:\/\/ponteseditores.com.br\/loja3\/wp-content\/uploads\/2024\/02\/Capa_De_Professor.jpg","type":"image\/jpeg"}],"twitter_card":"summary_large_image","twitter_misc":{"Est. tempo de leitura":"1 minuto"},"schema":{"@context":"https:\/\/schema.org","@graph":[{"@type":"WebPage","@id":"https:\/\/ponteseditores.com.br\/loja3\/pontes-editores-home-2__trashed\/lancamento\/de-professor-para-professor-trocando-experiencias-para-uma-aprendizagem-critica\/","url":"https:\/\/ponteseditores.com.br\/loja3\/pontes-editores-home-2__trashed\/lancamento\/de-professor-para-professor-trocando-experiencias-para-uma-aprendizagem-critica\/","name":"De professor para professor: trocando experi\u00eancias para uma aprendizagem cr\u00edtica - Pontes Editores","isPartOf":{"@id":"https:\/\/ponteseditores.com.br\/loja3\/#website"},"primaryImageOfPage":{"@id":"https:\/\/ponteseditores.com.br\/loja3\/pontes-editores-home-2__trashed\/lancamento\/de-professor-para-professor-trocando-experiencias-para-uma-aprendizagem-critica\/#primaryimage"},"image":{"@id":"https:\/\/ponteseditores.com.br\/loja3\/pontes-editores-home-2__trashed\/lancamento\/de-professor-para-professor-trocando-experiencias-para-uma-aprendizagem-critica\/#primaryimage"},"thumbnailUrl":"https:\/\/ponteseditores.com.br\/loja3\/wp-content\/uploads\/2024\/02\/Capa_De_Professor.jpg","datePublished":"2024-02-02T13:58:02+00:00","dateModified":"2024-02-02T13:58:03+00:00","breadcrumb":{"@id":"https:\/\/ponteseditores.com.br\/loja3\/pontes-editores-home-2__trashed\/lancamento\/de-professor-para-professor-trocando-experiencias-para-uma-aprendizagem-critica\/#breadcrumb"},"inLanguage":"pt-BR","potentialAction":[{"@type":"ReadAction","target":["https:\/\/ponteseditores.com.br\/loja3\/pontes-editores-home-2__trashed\/lancamento\/de-professor-para-professor-trocando-experiencias-para-uma-aprendizagem-critica\/"]}]},{"@type":"ImageObject","inLanguage":"pt-BR","@id":"https:\/\/ponteseditores.com.br\/loja3\/pontes-editores-home-2__trashed\/lancamento\/de-professor-para-professor-trocando-experiencias-para-uma-aprendizagem-critica\/#primaryimage","url":"https:\/\/ponteseditores.com.br\/loja3\/wp-content\/uploads\/2024\/02\/Capa_De_Professor.jpg","contentUrl":"https:\/\/ponteseditores.com.br\/loja3\/wp-content\/uploads\/2024\/02\/Capa_De_Professor.jpg","width":1728,"height":2443},{"@type":"BreadcrumbList","@id":"https:\/\/ponteseditores.com.br\/loja3\/pontes-editores-home-2__trashed\/lancamento\/de-professor-para-professor-trocando-experiencias-para-uma-aprendizagem-critica\/#breadcrumb","itemListElement":[{"@type":"ListItem","position":1,"name":"Home","item":"https:\/\/ponteseditores.com.br\/loja3\/"},{"@type":"ListItem","position":2,"name":"loja","item":"https:\/\/ponteseditores.com.br\/loja3\/loja\/"},{"@type":"ListItem","position":3,"name":"De professor para professor: trocando experi\u00eancias para uma aprendizagem cr\u00edtica"}]},{"@type":"WebSite","@id":"https:\/\/ponteseditores.com.br\/loja3\/#website","url":"https:\/\/ponteseditores.com.br\/loja3\/","name":"Pontes Editores","description":"Pontes Editores","publisher":{"@id":"https:\/\/ponteseditores.com.br\/loja3\/#organization"},"potentialAction":[{"@type":"SearchAction","target":{"@type":"EntryPoint","urlTemplate":"https:\/\/ponteseditores.com.br\/loja3\/?s={search_term_string}"},"query-input":{"@type":"PropertyValueSpecification","valueRequired":true,"valueName":"search_term_string"}}],"inLanguage":"pt-BR"},{"@type":"Organization","@id":"https:\/\/ponteseditores.com.br\/loja3\/#organization","name":"Pontes Editores","url":"https:\/\/ponteseditores.com.br\/loja3\/","logo":{"@type":"ImageObject","inLanguage":"pt-BR","@id":"https:\/\/ponteseditores.com.br\/loja3\/#\/schema\/logo\/image\/","url":"https:\/\/ponteseditores.com.br\/loja3\/wp-content\/uploads\/2023\/12\/logo-pontes-editores-v2.png","contentUrl":"https:\/\/ponteseditores.com.br\/loja3\/wp-content\/uploads\/2023\/12\/logo-pontes-editores-v2.png","width":258,"height":100,"caption":"Pontes Editores"},"image":{"@id":"https:\/\/ponteseditores.com.br\/loja3\/#\/schema\/logo\/image\/"}}]}},"_links":{"self":[{"href":"https:\/\/ponteseditores.com.br\/loja3\/wp-json\/wp\/v2\/product\/10011","targetHints":{"allow":["GET"]}}],"collection":[{"href":"https:\/\/ponteseditores.com.br\/loja3\/wp-json\/wp\/v2\/product"}],"about":[{"href":"https:\/\/ponteseditores.com.br\/loja3\/wp-json\/wp\/v2\/types\/product"}],"replies":[{"embeddable":true,"href":"https:\/\/ponteseditores.com.br\/loja3\/wp-json\/wp\/v2\/comments?post=10011"}],"version-history":[{"count":1,"href":"https:\/\/ponteseditores.com.br\/loja3\/wp-json\/wp\/v2\/product\/10011\/revisions"}],"predecessor-version":[{"id":10013,"href":"https:\/\/ponteseditores.com.br\/loja3\/wp-json\/wp\/v2\/product\/10011\/revisions\/10013"}],"wp:featuredmedia":[{"embeddable":true,"href":"https:\/\/ponteseditores.com.br\/loja3\/wp-json\/wp\/v2\/media\/10012"}],"wp:attachment":[{"href":"https:\/\/ponteseditores.com.br\/loja3\/wp-json\/wp\/v2\/media?parent=10011"}],"wp:term":[{"taxonomy":"product_brand","embeddable":true,"href":"https:\/\/ponteseditores.com.br\/loja3\/wp-json\/wp\/v2\/product_brand?post=10011"},{"taxonomy":"product_cat","embeddable":true,"href":"https:\/\/ponteseditores.com.br\/loja3\/wp-json\/wp\/v2\/product_cat?post=10011"},{"taxonomy":"product_tag","embeddable":true,"href":"https:\/\/ponteseditores.com.br\/loja3\/wp-json\/wp\/v2\/product_tag?post=10011"}],"curies":[{"name":"wp","href":"https:\/\/api.w.org\/{rel}","templated":true}]}}