{"id":294,"date":"2023-12-04T23:09:03","date_gmt":"2023-12-04T23:09:03","guid":{"rendered":"https:\/\/ponteseditores.com.br\/loja3\/?page_id=294"},"modified":"2024-11-28T12:51:48","modified_gmt":"2024-11-28T15:51:48","slug":"home","status":"publish","type":"page","link":"https:\/\/ponteseditores.com.br\/loja3\/home\/","title":{"rendered":"A Editora"},"content":{"rendered":"\t\t<div data-elementor-type=\"wp-page\" data-elementor-id=\"294\" class=\"elementor elementor-294\" data-elementor-post-type=\"page\">\n\t\t\t\t\t\t<section class=\"elementor-section elementor-top-section elementor-element elementor-element-7a4016ba elementor-section-boxed elementor-section-height-default elementor-section-height-default\" data-id=\"7a4016ba\" data-element_type=\"section\" data-e-type=\"section\">\n\t\t\t\t\t\t<div class=\"elementor-container elementor-column-gap-no\">\n\t\t\t\t\t<div class=\"elementor-column elementor-col-100 elementor-top-column elementor-element elementor-element-6c8c92f7 elementor-invisible\" data-id=\"6c8c92f7\" data-element_type=\"column\" data-e-type=\"column\" data-settings=\"{&quot;animation&quot;:&quot;fadeInUp&quot;}\">\n\t\t\t<div class=\"elementor-widget-wrap elementor-element-populated\">\n\t\t\t\t\t\t<div class=\"elementor-element elementor-element-720907c9 elementor-widget elementor-widget-heading\" data-id=\"720907c9\" data-element_type=\"widget\" data-e-type=\"widget\" data-widget_type=\"heading.default\">\n\t\t\t\t<div class=\"elementor-widget-container\">\n\t\t\t\t\t<div class=\"elementor-heading-title elementor-size-default\">Quem Somos<\/div>\t\t\t\t<\/div>\n\t\t\t\t<\/div>\n\t\t\t\t<div class=\"elementor-element elementor-element-20dae973 elementor-invisible elementor-widget elementor-widget-heading\" data-id=\"20dae973\" data-element_type=\"widget\" data-e-type=\"widget\" data-settings=\"{&quot;_animation&quot;:&quot;fadeInUp&quot;}\" data-widget_type=\"heading.default\">\n\t\t\t\t<div class=\"elementor-widget-container\">\n\t\t\t\t\t<h1 class=\"elementor-heading-title elementor-size-default\">Pontes Editores<\/h1>\t\t\t\t<\/div>\n\t\t\t\t<\/div>\n\t\t\t\t<div class=\"elementor-element elementor-element-2c6c0a5f elementor-widget elementor-widget-text-editor\" data-id=\"2c6c0a5f\" data-element_type=\"widget\" data-e-type=\"widget\" data-widget_type=\"text-editor.default\">\n\t\t\t\t<div class=\"elementor-widget-container\">\n\t\t\t\t\t\t\t\t\t<p>A\u00a0<strong>Pontes Editores Ltda<\/strong>, com sede em Campinas\/SP, foi fundada em 1987. Tem hoje 1.800 obras publicadas. Com uma linha editorial voltada para lingu\u00edstica aplicada, estudos da linguagem, ensino de l\u00ednguas, educa\u00e7\u00e3o, literatura, poesia, literatura infantojuvenil, tamb\u00e9m possui em seu cat\u00e1logo livros de diversas \u00e1reas do conhecimento, mas sempre com enfoque dentro das Ci\u00eancias Humanas. Tem em seu cat\u00e1logo importantes obras de autores campineiros, sendo literatura, mem\u00f3rias e biografias, historiografia sobre a cidade de Campinas\/SP e regi\u00e3o. Dentro da lingu\u00edstica, publicou cl\u00e1ssicos e textos de vanguarda que partem da lingu\u00edstica geral, passando pela sem\u00e2ntica e an\u00e1lise do discurso. Na \u00e1rea de ensino de l\u00ednguas e linguagem \u00e9 refer\u00eancia na \u00e1rea de pesquisa, com obras organizadas por autores de v\u00e1rias regi\u00f5es do Brasil, importante fator, pois busca assim a diversidade do ensino em cada regi\u00e3o do pa\u00eds.<\/p><p>Busca promover e divulgar as publica\u00e7\u00f5es em feiras de livros regionais, Bienal do livro S\u00e3o Paulo e Rio.\u00a0 Participa efetivamente da grande maioria dos eventos (congressos, semin\u00e1rios, encontros) da \u00e1rea da educa\u00e7\u00e3o e lingu\u00edstica, parceira na organiza\u00e7\u00e3o dos mesmos contribuindo para o sucesso de cada evento onde busca atender os professores participantes com melhores descontos e pre\u00e7os, consciente da dificuldade para compra de livros em v\u00e1rias regi\u00f5es do pa\u00eds. Al\u00e9m da comercializa\u00e7\u00e3o atrav\u00e9s do site da pr\u00f3pria editora e das melhores livrarias, parceiras no mercado.<\/p><p>Houve crescente resultado na sele\u00e7\u00e3o de obras infantojuvenis e literatura para atender editais de Secretarias de Educa\u00e7\u00e3o e Cultura e PNLD \u2013 Programa Nacional do Livro Did\u00e1tico.<\/p>\t\t\t\t\t\t\t\t<\/div>\n\t\t\t\t<\/div>\n\t\t\t\t\t<\/div>\n\t\t<\/div>\n\t\t\t\t\t<\/div>\n\t\t<\/section>\n\t\t\t\t<\/div>\n\t\t","protected":false},"excerpt":{"rendered":"<p>Quem Somos Pontes Editores A\u00a0Pontes Editores Ltda, com sede em Campinas\/SP, foi fundada em 1987. Tem hoje 1.800 obras publicadas. Com uma linha editorial voltada para lingu\u00edstica aplicada, estudos da linguagem, ensino de l\u00ednguas, educa\u00e7\u00e3o, literatura, poesia, literatura infantojuvenil, tamb\u00e9m possui em seu cat\u00e1logo livros de diversas \u00e1reas do conhecimento, mas sempre com enfoque dentro [&hellip;]<\/p>\n","protected":false},"author":1,"featured_media":0,"parent":0,"menu_order":0,"comment_status":"closed","ping_status":"closed","template":"","meta":{"_joinchat":[],"footnotes":""},"class_list":["post-294","page","type-page","status-publish","hentry"],"yoast_head":"<!-- This site is optimized with the Yoast SEO plugin v27.4 - https:\/\/yoast.com\/product\/yoast-seo-wordpress\/ -->\n<title>A Editora - Pontes Editores<\/title>\n<meta name=\"robots\" content=\"index, follow, max-snippet:-1, max-image-preview:large, max-video-preview:-1\" \/>\n<link rel=\"canonical\" href=\"https:\/\/ponteseditores.com.br\/loja3\/home\/\" \/>\n<meta property=\"og:locale\" content=\"pt_BR\" \/>\n<meta property=\"og:type\" content=\"article\" \/>\n<meta property=\"og:title\" content=\"A Editora - Pontes Editores\" \/>\n<meta property=\"og:description\" content=\"Quem Somos Pontes Editores A\u00a0Pontes Editores Ltda, com sede em Campinas\/SP, foi fundada em 1987. Tem hoje 1.800 obras publicadas. Com uma linha editorial voltada para lingu\u00edstica aplicada, estudos da linguagem, ensino de l\u00ednguas, educa\u00e7\u00e3o, literatura, poesia, literatura infantojuvenil, tamb\u00e9m possui em seu cat\u00e1logo livros de diversas \u00e1reas do conhecimento, mas sempre com enfoque dentro [&hellip;]\" \/>\n<meta property=\"og:url\" content=\"https:\/\/ponteseditores.com.br\/loja3\/home\/\" \/>\n<meta property=\"og:site_name\" content=\"Pontes Editores\" \/>\n<meta property=\"article:modified_time\" content=\"2024-11-28T15:51:48+00:00\" \/>\n<meta name=\"twitter:card\" content=\"summary_large_image\" \/>\n<meta name=\"twitter:label1\" content=\"Est. tempo de leitura\" \/>\n\t<meta name=\"twitter:data1\" content=\"2 minutos\" \/>\n<script type=\"application\/ld+json\" class=\"yoast-schema-graph\">{\"@context\":\"https:\\\/\\\/schema.org\",\"@graph\":[{\"@type\":\"WebPage\",\"@id\":\"https:\\\/\\\/ponteseditores.com.br\\\/loja3\\\/home\\\/\",\"url\":\"https:\\\/\\\/ponteseditores.com.br\\\/loja3\\\/home\\\/\",\"name\":\"A Editora - Pontes Editores\",\"isPartOf\":{\"@id\":\"https:\\\/\\\/ponteseditores.com.br\\\/loja3\\\/#website\"},\"datePublished\":\"2023-12-04T23:09:03+00:00\",\"dateModified\":\"2024-11-28T15:51:48+00:00\",\"breadcrumb\":{\"@id\":\"https:\\\/\\\/ponteseditores.com.br\\\/loja3\\\/home\\\/#breadcrumb\"},\"inLanguage\":\"pt-BR\",\"potentialAction\":[{\"@type\":\"ReadAction\",\"target\":[\"https:\\\/\\\/ponteseditores.com.br\\\/loja3\\\/home\\\/\"]}]},{\"@type\":\"BreadcrumbList\",\"@id\":\"https:\\\/\\\/ponteseditores.com.br\\\/loja3\\\/home\\\/#breadcrumb\",\"itemListElement\":[{\"@type\":\"ListItem\",\"position\":1,\"name\":\"Home\",\"item\":\"https:\\\/\\\/ponteseditores.com.br\\\/loja3\\\/\"},{\"@type\":\"ListItem\",\"position\":2,\"name\":\"A Editora\"}]},{\"@type\":\"WebSite\",\"@id\":\"https:\\\/\\\/ponteseditores.com.br\\\/loja3\\\/#website\",\"url\":\"https:\\\/\\\/ponteseditores.com.br\\\/loja3\\\/\",\"name\":\"Pontes Editores\",\"description\":\"Pontes Editores\",\"publisher\":{\"@id\":\"https:\\\/\\\/ponteseditores.com.br\\\/loja3\\\/#organization\"},\"potentialAction\":[{\"@type\":\"SearchAction\",\"target\":{\"@type\":\"EntryPoint\",\"urlTemplate\":\"https:\\\/\\\/ponteseditores.com.br\\\/loja3\\\/?s={search_term_string}\"},\"query-input\":{\"@type\":\"PropertyValueSpecification\",\"valueRequired\":true,\"valueName\":\"search_term_string\"}}],\"inLanguage\":\"pt-BR\"},{\"@type\":\"Organization\",\"@id\":\"https:\\\/\\\/ponteseditores.com.br\\\/loja3\\\/#organization\",\"name\":\"Pontes Editores\",\"url\":\"https:\\\/\\\/ponteseditores.com.br\\\/loja3\\\/\",\"logo\":{\"@type\":\"ImageObject\",\"inLanguage\":\"pt-BR\",\"@id\":\"https:\\\/\\\/ponteseditores.com.br\\\/loja3\\\/#\\\/schema\\\/logo\\\/image\\\/\",\"url\":\"https:\\\/\\\/ponteseditores.com.br\\\/loja3\\\/wp-content\\\/uploads\\\/2023\\\/12\\\/logo-pontes-editores-v2.png\",\"contentUrl\":\"https:\\\/\\\/ponteseditores.com.br\\\/loja3\\\/wp-content\\\/uploads\\\/2023\\\/12\\\/logo-pontes-editores-v2.png\",\"width\":258,\"height\":100,\"caption\":\"Pontes Editores\"},\"image\":{\"@id\":\"https:\\\/\\\/ponteseditores.com.br\\\/loja3\\\/#\\\/schema\\\/logo\\\/image\\\/\"}}]}<\/script>\n<!-- \/ Yoast SEO plugin. -->","yoast_head_json":{"title":"A Editora - Pontes Editores","robots":{"index":"index","follow":"follow","max-snippet":"max-snippet:-1","max-image-preview":"max-image-preview:large","max-video-preview":"max-video-preview:-1"},"canonical":"https:\/\/ponteseditores.com.br\/loja3\/home\/","og_locale":"pt_BR","og_type":"article","og_title":"A Editora - Pontes Editores","og_description":"Quem Somos Pontes Editores A\u00a0Pontes Editores Ltda, com sede em Campinas\/SP, foi fundada em 1987. Tem hoje 1.800 obras publicadas. Com uma linha editorial voltada para lingu\u00edstica aplicada, estudos da linguagem, ensino de l\u00ednguas, educa\u00e7\u00e3o, literatura, poesia, literatura infantojuvenil, tamb\u00e9m possui em seu cat\u00e1logo livros de diversas \u00e1reas do conhecimento, mas sempre com enfoque dentro [&hellip;]","og_url":"https:\/\/ponteseditores.com.br\/loja3\/home\/","og_site_name":"Pontes Editores","article_modified_time":"2024-11-28T15:51:48+00:00","twitter_card":"summary_large_image","twitter_misc":{"Est. tempo de leitura":"2 minutos"},"schema":{"@context":"https:\/\/schema.org","@graph":[{"@type":"WebPage","@id":"https:\/\/ponteseditores.com.br\/loja3\/home\/","url":"https:\/\/ponteseditores.com.br\/loja3\/home\/","name":"A Editora - Pontes Editores","isPartOf":{"@id":"https:\/\/ponteseditores.com.br\/loja3\/#website"},"datePublished":"2023-12-04T23:09:03+00:00","dateModified":"2024-11-28T15:51:48+00:00","breadcrumb":{"@id":"https:\/\/ponteseditores.com.br\/loja3\/home\/#breadcrumb"},"inLanguage":"pt-BR","potentialAction":[{"@type":"ReadAction","target":["https:\/\/ponteseditores.com.br\/loja3\/home\/"]}]},{"@type":"BreadcrumbList","@id":"https:\/\/ponteseditores.com.br\/loja3\/home\/#breadcrumb","itemListElement":[{"@type":"ListItem","position":1,"name":"Home","item":"https:\/\/ponteseditores.com.br\/loja3\/"},{"@type":"ListItem","position":2,"name":"A Editora"}]},{"@type":"WebSite","@id":"https:\/\/ponteseditores.com.br\/loja3\/#website","url":"https:\/\/ponteseditores.com.br\/loja3\/","name":"Pontes Editores","description":"Pontes Editores","publisher":{"@id":"https:\/\/ponteseditores.com.br\/loja3\/#organization"},"potentialAction":[{"@type":"SearchAction","target":{"@type":"EntryPoint","urlTemplate":"https:\/\/ponteseditores.com.br\/loja3\/?s={search_term_string}"},"query-input":{"@type":"PropertyValueSpecification","valueRequired":true,"valueName":"search_term_string"}}],"inLanguage":"pt-BR"},{"@type":"Organization","@id":"https:\/\/ponteseditores.com.br\/loja3\/#organization","name":"Pontes Editores","url":"https:\/\/ponteseditores.com.br\/loja3\/","logo":{"@type":"ImageObject","inLanguage":"pt-BR","@id":"https:\/\/ponteseditores.com.br\/loja3\/#\/schema\/logo\/image\/","url":"https:\/\/ponteseditores.com.br\/loja3\/wp-content\/uploads\/2023\/12\/logo-pontes-editores-v2.png","contentUrl":"https:\/\/ponteseditores.com.br\/loja3\/wp-content\/uploads\/2023\/12\/logo-pontes-editores-v2.png","width":258,"height":100,"caption":"Pontes Editores"},"image":{"@id":"https:\/\/ponteseditores.com.br\/loja3\/#\/schema\/logo\/image\/"}}]}},"_links":{"self":[{"href":"https:\/\/ponteseditores.com.br\/loja3\/wp-json\/wp\/v2\/pages\/294","targetHints":{"allow":["GET"]}}],"collection":[{"href":"https:\/\/ponteseditores.com.br\/loja3\/wp-json\/wp\/v2\/pages"}],"about":[{"href":"https:\/\/ponteseditores.com.br\/loja3\/wp-json\/wp\/v2\/types\/page"}],"author":[{"embeddable":true,"href":"https:\/\/ponteseditores.com.br\/loja3\/wp-json\/wp\/v2\/users\/1"}],"replies":[{"embeddable":true,"href":"https:\/\/ponteseditores.com.br\/loja3\/wp-json\/wp\/v2\/comments?post=294"}],"version-history":[{"count":5,"href":"https:\/\/ponteseditores.com.br\/loja3\/wp-json\/wp\/v2\/pages\/294\/revisions"}],"predecessor-version":[{"id":18856,"href":"https:\/\/ponteseditores.com.br\/loja3\/wp-json\/wp\/v2\/pages\/294\/revisions\/18856"}],"wp:attachment":[{"href":"https:\/\/ponteseditores.com.br\/loja3\/wp-json\/wp\/v2\/media?parent=294"}],"curies":[{"name":"wp","href":"https:\/\/api.w.org\/{rel}","templated":true}]}}