{"id":1005,"date":"2023-12-06T13:05:38","date_gmt":"2023-12-06T13:05:38","guid":{"rendered":"https:\/\/ponteseditores.com.br\/loja3\/?page_id=1005"},"modified":"2024-11-12T11:49:20","modified_gmt":"2024-11-12T14:49:20","slug":"cesta-de-livros","status":"publish","type":"page","link":"https:\/\/ponteseditores.com.br\/loja3\/cesta-de-livros\/","title":{"rendered":"Cesta de Livros"},"content":{"rendered":"\t\t<div data-elementor-type=\"wp-page\" data-elementor-id=\"1005\" class=\"elementor elementor-1005\" data-elementor-post-type=\"page\">\n\t\t\t\t<div class=\"elementor-element elementor-element-89e30d4 e-flex e-con-boxed e-con e-parent\" data-id=\"89e30d4\" data-element_type=\"container\" data-e-type=\"container\">\n\t\t\t\t\t<div class=\"e-con-inner\">\n\t\t\t\t<div class=\"elementor-element elementor-element-8151aa4 elementor-widget elementor-widget-heading\" data-id=\"8151aa4\" data-element_type=\"widget\" data-e-type=\"widget\" data-widget_type=\"heading.default\">\n\t\t\t\t<div class=\"elementor-widget-container\">\n\t\t\t\t\t<h1 class=\"elementor-heading-title elementor-size-default\">Carrinho<\/h1>\t\t\t\t<\/div>\n\t\t\t\t<\/div>\n\t\t\t\t\t<\/div>\n\t\t\t\t<\/div>\n\t\t<div class=\"elementor-element elementor-element-0c1becb e-flex e-con-boxed e-con e-parent\" data-id=\"0c1becb\" data-element_type=\"container\" data-e-type=\"container\">\n\t\t\t\t\t<div class=\"e-con-inner\">\n\t\t\t\t\t<\/div>\n\t\t\t\t<\/div>\n\t\t\t\t<\/div>\n\t\t","protected":false},"excerpt":{"rendered":"<p>Carrinho Cliente correspondeu \u00e0 \u00e1rea &#8220;Brasil&#8221; Remover item Imagem de miniatura Produto Pre\u00e7o Quantidade Subtotal &times; Ret\u00f3rica: teoria e m\u00e9todo de abordagem textual &#82;&#36;&nbsp;54,00 Ret\u00f3rica: teoria e m\u00e9todo de abordagem textual quantidade &#82;&#36;&nbsp;54,00 &times; Fazer ci\u00eancia pensar saberes &#82;&#36;&nbsp;78,00 Fazer ci\u00eancia pensar saberes quantidade &#82;&#36;&nbsp;78,00 Aplicar Cupom Total Subtotal &#82;&#36;&nbsp;132,00 Desconto -&#082;&#036;&nbsp;26,40 [Remover] Entrega Sedex [&hellip;]<\/p>\n","protected":false},"author":1,"featured_media":0,"parent":0,"menu_order":0,"comment_status":"closed","ping_status":"closed","template":"","meta":{"_joinchat":[],"footnotes":""},"class_list":["post-1005","page","type-page","status-publish","hentry"],"yoast_head":"<!-- This site is optimized with the Yoast SEO plugin v27.4 - https:\/\/yoast.com\/product\/yoast-seo-wordpress\/ -->\n<title>Cesta de Livros - Pontes Editores<\/title>\n<meta name=\"robots\" content=\"index, follow, max-snippet:-1, max-image-preview:large, max-video-preview:-1\" \/>\n<link rel=\"canonical\" href=\"https:\/\/ponteseditores.com.br\/loja3\/cesta-de-livros\/\" \/>\n<meta property=\"og:locale\" content=\"pt_BR\" \/>\n<meta property=\"og:type\" content=\"article\" \/>\n<meta property=\"og:title\" content=\"Cesta de Livros - Pontes Editores\" \/>\n<meta property=\"og:description\" content=\"Carrinho Cliente correspondeu \u00e0 \u00e1rea &#8220;Brasil&#8221; Remover item Imagem de miniatura Produto Pre\u00e7o Quantidade Subtotal &times; Ret\u00f3rica: teoria e m\u00e9todo de abordagem textual &#082;&#036;&nbsp;54,00 Ret\u00f3rica: teoria e m\u00e9todo de abordagem textual quantidade &#082;&#036;&nbsp;54,00 &times; Fazer ci\u00eancia pensar saberes &#082;&#036;&nbsp;78,00 Fazer ci\u00eancia pensar saberes quantidade &#082;&#036;&nbsp;78,00 Aplicar Cupom Total Subtotal &#082;&#036;&nbsp;132,00 Desconto -&#082;&#036;&nbsp;26,40 [Remover] Entrega Sedex [&hellip;]\" \/>\n<meta property=\"og:url\" content=\"https:\/\/ponteseditores.com.br\/loja3\/cesta-de-livros\/\" \/>\n<meta property=\"og:site_name\" content=\"Pontes Editores\" \/>\n<meta property=\"article:modified_time\" content=\"2024-11-12T14:49:20+00:00\" \/>\n<meta property=\"og:image\" content=\"https:\/\/ponteseditores.com.br\/loja3\/wp-content\/uploads\/2024\/10\/Capa_Retorica-300x300.jpg\" \/>\n<meta name=\"twitter:card\" content=\"summary_large_image\" \/>\n<meta name=\"twitter:label1\" content=\"Est. tempo de leitura\" \/>\n\t<meta name=\"twitter:data1\" content=\"1 minuto\" \/>\n<script type=\"application\/ld+json\" class=\"yoast-schema-graph\">{\"@context\":\"https:\\\/\\\/schema.org\",\"@graph\":[{\"@type\":\"WebPage\",\"@id\":\"https:\\\/\\\/ponteseditores.com.br\\\/loja3\\\/cesta-de-livros\\\/\",\"url\":\"https:\\\/\\\/ponteseditores.com.br\\\/loja3\\\/cesta-de-livros\\\/\",\"name\":\"Cesta de Livros - Pontes Editores\",\"isPartOf\":{\"@id\":\"https:\\\/\\\/ponteseditores.com.br\\\/loja3\\\/#website\"},\"primaryImageOfPage\":{\"@id\":\"https:\\\/\\\/ponteseditores.com.br\\\/loja3\\\/cesta-de-livros\\\/#primaryimage\"},\"image\":{\"@id\":\"https:\\\/\\\/ponteseditores.com.br\\\/loja3\\\/cesta-de-livros\\\/#primaryimage\"},\"thumbnailUrl\":\"https:\\\/\\\/ponteseditores.com.br\\\/loja3\\\/wp-content\\\/uploads\\\/2024\\\/10\\\/Capa_Retorica-300x300.jpg\",\"datePublished\":\"2023-12-06T13:05:38+00:00\",\"dateModified\":\"2024-11-12T14:49:20+00:00\",\"breadcrumb\":{\"@id\":\"https:\\\/\\\/ponteseditores.com.br\\\/loja3\\\/cesta-de-livros\\\/#breadcrumb\"},\"inLanguage\":\"pt-BR\",\"potentialAction\":[{\"@type\":\"ReadAction\",\"target\":[\"https:\\\/\\\/ponteseditores.com.br\\\/loja3\\\/cesta-de-livros\\\/\"]}]},{\"@type\":\"ImageObject\",\"inLanguage\":\"pt-BR\",\"@id\":\"https:\\\/\\\/ponteseditores.com.br\\\/loja3\\\/cesta-de-livros\\\/#primaryimage\",\"url\":\"https:\\\/\\\/ponteseditores.com.br\\\/loja3\\\/wp-content\\\/uploads\\\/2024\\\/10\\\/Capa_Retorica.jpg\",\"contentUrl\":\"https:\\\/\\\/ponteseditores.com.br\\\/loja3\\\/wp-content\\\/uploads\\\/2024\\\/10\\\/Capa_Retorica.jpg\",\"width\":1728,\"height\":2443},{\"@type\":\"BreadcrumbList\",\"@id\":\"https:\\\/\\\/ponteseditores.com.br\\\/loja3\\\/cesta-de-livros\\\/#breadcrumb\",\"itemListElement\":[{\"@type\":\"ListItem\",\"position\":1,\"name\":\"Home\",\"item\":\"https:\\\/\\\/ponteseditores.com.br\\\/loja3\\\/\"},{\"@type\":\"ListItem\",\"position\":2,\"name\":\"Cesta de Livros\"}]},{\"@type\":\"WebSite\",\"@id\":\"https:\\\/\\\/ponteseditores.com.br\\\/loja3\\\/#website\",\"url\":\"https:\\\/\\\/ponteseditores.com.br\\\/loja3\\\/\",\"name\":\"Pontes Editores\",\"description\":\"Pontes Editores\",\"publisher\":{\"@id\":\"https:\\\/\\\/ponteseditores.com.br\\\/loja3\\\/#organization\"},\"potentialAction\":[{\"@type\":\"SearchAction\",\"target\":{\"@type\":\"EntryPoint\",\"urlTemplate\":\"https:\\\/\\\/ponteseditores.com.br\\\/loja3\\\/?s={search_term_string}\"},\"query-input\":{\"@type\":\"PropertyValueSpecification\",\"valueRequired\":true,\"valueName\":\"search_term_string\"}}],\"inLanguage\":\"pt-BR\"},{\"@type\":\"Organization\",\"@id\":\"https:\\\/\\\/ponteseditores.com.br\\\/loja3\\\/#organization\",\"name\":\"Pontes Editores\",\"url\":\"https:\\\/\\\/ponteseditores.com.br\\\/loja3\\\/\",\"logo\":{\"@type\":\"ImageObject\",\"inLanguage\":\"pt-BR\",\"@id\":\"https:\\\/\\\/ponteseditores.com.br\\\/loja3\\\/#\\\/schema\\\/logo\\\/image\\\/\",\"url\":\"https:\\\/\\\/ponteseditores.com.br\\\/loja3\\\/wp-content\\\/uploads\\\/2023\\\/12\\\/logo-pontes-editores-v2.png\",\"contentUrl\":\"https:\\\/\\\/ponteseditores.com.br\\\/loja3\\\/wp-content\\\/uploads\\\/2023\\\/12\\\/logo-pontes-editores-v2.png\",\"width\":258,\"height\":100,\"caption\":\"Pontes Editores\"},\"image\":{\"@id\":\"https:\\\/\\\/ponteseditores.com.br\\\/loja3\\\/#\\\/schema\\\/logo\\\/image\\\/\"}}]}<\/script>\n<!-- \/ Yoast SEO plugin. -->","yoast_head_json":{"title":"Cesta de Livros - Pontes Editores","robots":{"index":"index","follow":"follow","max-snippet":"max-snippet:-1","max-image-preview":"max-image-preview:large","max-video-preview":"max-video-preview:-1"},"canonical":"https:\/\/ponteseditores.com.br\/loja3\/cesta-de-livros\/","og_locale":"pt_BR","og_type":"article","og_title":"Cesta de Livros - Pontes Editores","og_description":"Carrinho Cliente correspondeu \u00e0 \u00e1rea &#8220;Brasil&#8221; Remover item Imagem de miniatura Produto Pre\u00e7o Quantidade Subtotal &times; Ret\u00f3rica: teoria e m\u00e9todo de abordagem textual &#82;&#36;&nbsp;54,00 Ret\u00f3rica: teoria e m\u00e9todo de abordagem textual quantidade &#82;&#36;&nbsp;54,00 &times; Fazer ci\u00eancia pensar saberes &#82;&#36;&nbsp;78,00 Fazer ci\u00eancia pensar saberes quantidade &#82;&#36;&nbsp;78,00 Aplicar Cupom Total Subtotal &#82;&#36;&nbsp;132,00 Desconto -&#082;&#036;&nbsp;26,40 [Remover] Entrega Sedex [&hellip;]","og_url":"https:\/\/ponteseditores.com.br\/loja3\/cesta-de-livros\/","og_site_name":"Pontes Editores","article_modified_time":"2024-11-12T14:49:20+00:00","og_image":[{"url":"https:\/\/ponteseditores.com.br\/loja3\/wp-content\/uploads\/2024\/10\/Capa_Retorica-300x300.jpg","type":"","width":"","height":""}],"twitter_card":"summary_large_image","twitter_misc":{"Est. tempo de leitura":"1 minuto"},"schema":{"@context":"https:\/\/schema.org","@graph":[{"@type":"WebPage","@id":"https:\/\/ponteseditores.com.br\/loja3\/cesta-de-livros\/","url":"https:\/\/ponteseditores.com.br\/loja3\/cesta-de-livros\/","name":"Cesta de Livros - Pontes Editores","isPartOf":{"@id":"https:\/\/ponteseditores.com.br\/loja3\/#website"},"primaryImageOfPage":{"@id":"https:\/\/ponteseditores.com.br\/loja3\/cesta-de-livros\/#primaryimage"},"image":{"@id":"https:\/\/ponteseditores.com.br\/loja3\/cesta-de-livros\/#primaryimage"},"thumbnailUrl":"https:\/\/ponteseditores.com.br\/loja3\/wp-content\/uploads\/2024\/10\/Capa_Retorica-300x300.jpg","datePublished":"2023-12-06T13:05:38+00:00","dateModified":"2024-11-12T14:49:20+00:00","breadcrumb":{"@id":"https:\/\/ponteseditores.com.br\/loja3\/cesta-de-livros\/#breadcrumb"},"inLanguage":"pt-BR","potentialAction":[{"@type":"ReadAction","target":["https:\/\/ponteseditores.com.br\/loja3\/cesta-de-livros\/"]}]},{"@type":"ImageObject","inLanguage":"pt-BR","@id":"https:\/\/ponteseditores.com.br\/loja3\/cesta-de-livros\/#primaryimage","url":"https:\/\/ponteseditores.com.br\/loja3\/wp-content\/uploads\/2024\/10\/Capa_Retorica.jpg","contentUrl":"https:\/\/ponteseditores.com.br\/loja3\/wp-content\/uploads\/2024\/10\/Capa_Retorica.jpg","width":1728,"height":2443},{"@type":"BreadcrumbList","@id":"https:\/\/ponteseditores.com.br\/loja3\/cesta-de-livros\/#breadcrumb","itemListElement":[{"@type":"ListItem","position":1,"name":"Home","item":"https:\/\/ponteseditores.com.br\/loja3\/"},{"@type":"ListItem","position":2,"name":"Cesta de Livros"}]},{"@type":"WebSite","@id":"https:\/\/ponteseditores.com.br\/loja3\/#website","url":"https:\/\/ponteseditores.com.br\/loja3\/","name":"Pontes Editores","description":"Pontes Editores","publisher":{"@id":"https:\/\/ponteseditores.com.br\/loja3\/#organization"},"potentialAction":[{"@type":"SearchAction","target":{"@type":"EntryPoint","urlTemplate":"https:\/\/ponteseditores.com.br\/loja3\/?s={search_term_string}"},"query-input":{"@type":"PropertyValueSpecification","valueRequired":true,"valueName":"search_term_string"}}],"inLanguage":"pt-BR"},{"@type":"Organization","@id":"https:\/\/ponteseditores.com.br\/loja3\/#organization","name":"Pontes Editores","url":"https:\/\/ponteseditores.com.br\/loja3\/","logo":{"@type":"ImageObject","inLanguage":"pt-BR","@id":"https:\/\/ponteseditores.com.br\/loja3\/#\/schema\/logo\/image\/","url":"https:\/\/ponteseditores.com.br\/loja3\/wp-content\/uploads\/2023\/12\/logo-pontes-editores-v2.png","contentUrl":"https:\/\/ponteseditores.com.br\/loja3\/wp-content\/uploads\/2023\/12\/logo-pontes-editores-v2.png","width":258,"height":100,"caption":"Pontes Editores"},"image":{"@id":"https:\/\/ponteseditores.com.br\/loja3\/#\/schema\/logo\/image\/"}}]}},"_links":{"self":[{"href":"https:\/\/ponteseditores.com.br\/loja3\/wp-json\/wp\/v2\/pages\/1005","targetHints":{"allow":["GET"]}}],"collection":[{"href":"https:\/\/ponteseditores.com.br\/loja3\/wp-json\/wp\/v2\/pages"}],"about":[{"href":"https:\/\/ponteseditores.com.br\/loja3\/wp-json\/wp\/v2\/types\/page"}],"author":[{"embeddable":true,"href":"https:\/\/ponteseditores.com.br\/loja3\/wp-json\/wp\/v2\/users\/1"}],"replies":[{"embeddable":true,"href":"https:\/\/ponteseditores.com.br\/loja3\/wp-json\/wp\/v2\/comments?post=1005"}],"version-history":[{"count":20,"href":"https:\/\/ponteseditores.com.br\/loja3\/wp-json\/wp\/v2\/pages\/1005\/revisions"}],"predecessor-version":[{"id":18146,"href":"https:\/\/ponteseditores.com.br\/loja3\/wp-json\/wp\/v2\/pages\/1005\/revisions\/18146"}],"wp:attachment":[{"href":"https:\/\/ponteseditores.com.br\/loja3\/wp-json\/wp\/v2\/media?parent=1005"}],"curies":[{"name":"wp","href":"https:\/\/api.w.org\/{rel}","templated":true}]}}